{"id":3877,"date":"2024-12-02T15:04:23","date_gmt":"2024-12-02T13:04:23","guid":{"rendered":"https:\/\/keluvo.com\/fi\/product\/sit-up-bar\/"},"modified":"2025-06-20T10:59:30","modified_gmt":"2025-06-20T08:59:30","slug":"sit-up-bar-1","status":"publish","type":"product","link":"https:\/\/keluvo.com\/fi\/product\/sit-up-bar-1\/","title":{"rendered":"Sit up bar"},"content":{"rendered":"<h2 style=\"text-align: center;\"><strong>Itsest\u00e4\u00e4n imev\u00e4 vakaus<\/strong><\/h2>\n<p style=\"text-align: center;\">Istumapalkissa on tehokas itsest\u00e4\u00e4n imev\u00e4 mekanismi, joka kiinnittyy turvallisesti sileisiin lattioihin ja tarjoaa vahvan tuen harjoittelulle. T\u00e4m\u00e4n muotoilun ansiosta voit keskitty\u00e4 harjoituksiisi huoletta ja voit k\u00e4ytt\u00e4\u00e4 sit\u00e4 ilman k\u00e4si\u00e4 vakaata ja turvallista harjoituskokemusta varten.<\/p>\n<p><img decoding=\"async\" class=\"alignnone size-medium wp-image-3498 aligncenter\" src=\"https:\/\/keluvo.com\/template\/wp-content\/uploads\/sites\/5\/2024\/11\/058755d5-ce60-4d2e-b78a-fef43f75445c.png\" alt=\"\" \/><\/p>\n<h2 style=\"text-align: center;\"><strong>S\u00e4\u00e4dett\u00e4v\u00e4 korkeus mukavuutta varten<\/strong><\/h2>\n<p style=\"text-align: center;\">S\u00e4\u00e4dett\u00e4vien korkeusasetusten ansiosta istuintanko voidaan helposti mukauttaa vastaamaan eri k\u00e4ytt\u00e4jien tarpeita ja harjoitusmieltymyksi\u00e4. Sen paksut vaahtomuovikahvat tarjoavat pehme\u00e4n, mukavan otteen, joka suojaa jalkojasi ep\u00e4mukavuudelta pitk\u00e4aikaisen k\u00e4yt\u00f6n aikana.<\/p>\n<p><img decoding=\"async\" class=\"alignnone size-medium wp-image-3493 aligncenter\" src=\"https:\/\/keluvo.com\/template\/wp-content\/uploads\/sites\/5\/2024\/11\/Sa19bfd03e17f4481af9717a45605f6aea.jpg\" alt=\"\" \/><\/p>\n","protected":false},"excerpt":{"rendered":"<p>Itsest\u00e4\u00e4n imev\u00e4 vakaus Istumapalkissa on tehokas itsest\u00e4\u00e4n imev\u00e4 mekanismi, joka kiinnittyy turvallisesti sileisiin lattioihin ja tarjoaa vahvan tuen harjoittelulle. T\u00e4m\u00e4n [&hellip;]<\/p>\n","protected":false},"featured_media":3873,"comment_status":"open","ping_status":"closed","template":"","meta":{"site-sidebar-layout":"default","site-content-layout":"","ast-site-content-layout":"default","site-content-style":"default","site-sidebar-style":"default","ast-global-header-display":"","ast-banner-title-visibility":"","ast-main-header-display":"","ast-hfb-above-header-display":"","ast-hfb-below-header-display":"","ast-hfb-mobile-header-display":"","site-post-title":"","ast-breadcrumbs-content":"","ast-featured-img":"","footer-sml-layout":"","theme-transparent-header-meta":"default","adv-header-id-meta":"","stick-header-meta":"","header-above-stick-meta":"","header-main-stick-meta":"","header-below-stick-meta":"","astra-migrate-meta-layouts":"set","ast-page-background-enabled":"default","ast-page-background-meta":{"desktop":{"background-color":"var(--ast-global-color-4)","background-image":"","background-repeat":"repeat","background-position":"center center","background-size":"auto","background-attachment":"scroll","background-type":"","background-media":"","overlay-type":"","overlay-color":"","overlay-opacity":"","overlay-gradient":""},"tablet":{"background-color":"","background-image":"","background-repeat":"repeat","background-position":"center center","background-size":"auto","background-attachment":"scroll","background-type":"","background-media":"","overlay-type":"","overlay-color":"","overlay-opacity":"","overlay-gradient":""},"mobile":{"background-color":"","background-image":"","background-repeat":"repeat","background-position":"center center","background-size":"auto","background-attachment":"scroll","background-type":"","background-media":"","overlay-type":"","overlay-color":"","overlay-opacity":"","overlay-gradient":""}},"ast-content-background-meta":{"desktop":{"background-color":"var(--ast-global-color-5)","background-image":"","background-repeat":"repeat","background-position":"center center","background-size":"auto","background-attachment":"scroll","background-type":"","background-media":"","overlay-type":"","overlay-color":"","overlay-opacity":"","overlay-gradient":""},"tablet":{"background-color":"var(--ast-global-color-5)","background-image":"","background-repeat":"repeat","background-position":"center center","background-size":"auto","background-attachment":"scroll","background-type":"","background-media":"","overlay-type":"","overlay-color":"","overlay-opacity":"","overlay-gradient":""},"mobile":{"background-color":"var(--ast-global-color-5)","background-image":"","background-repeat":"repeat","background-position":"center center","background-size":"auto","background-attachment":"scroll","background-type":"","background-media":"","overlay-type":"","overlay-color":"","overlay-opacity":"","overlay-gradient":""}}},"product_brand":[],"product_cat":[991],"product_tag":[],"class_list":{"0":"post-3877","1":"product","2":"type-product","3":"status-publish","4":"has-post-thumbnail","6":"product_cat-health-care-supplies","7":"pa_sz69sp32-musta","8":"pa_sz69sp32-punainen","9":"pa_sz69sp32-sininen","10":"pa_sz69sp32-vaaleanpunainen","11":"pa_sz69sp32-violetti","12":"desktop-align-left","13":"tablet-align-left","14":"mobile-align-left","16":"first","17":"instock","18":"shipping-taxable","19":"purchasable","20":"product-type-variable"},"_links":{"self":[{"href":"https:\/\/keluvo.com\/fi\/wp-json\/wp\/v2\/product\/3877","targetHints":{"allow":["GET"]}}],"collection":[{"href":"https:\/\/keluvo.com\/fi\/wp-json\/wp\/v2\/product"}],"about":[{"href":"https:\/\/keluvo.com\/fi\/wp-json\/wp\/v2\/types\/product"}],"replies":[{"embeddable":true,"href":"https:\/\/keluvo.com\/fi\/wp-json\/wp\/v2\/comments?post=3877"}],"wp:featuredmedia":[{"embeddable":true,"href":"https:\/\/keluvo.com\/fi\/wp-json\/wp\/v2\/media\/3873"}],"wp:attachment":[{"href":"https:\/\/keluvo.com\/fi\/wp-json\/wp\/v2\/media?parent=3877"}],"wp:term":[{"taxonomy":"product_brand","embeddable":true,"href":"https:\/\/keluvo.com\/fi\/wp-json\/wp\/v2\/product_brand?post=3877"},{"taxonomy":"product_cat","embeddable":true,"href":"https:\/\/keluvo.com\/fi\/wp-json\/wp\/v2\/product_cat?post=3877"},{"taxonomy":"product_tag","embeddable":true,"href":"https:\/\/keluvo.com\/fi\/wp-json\/wp\/v2\/product_tag?post=3877"}],"curies":[{"name":"wp","href":"https:\/\/api.w.org\/{rel}","templated":true}]}}