{"id":3817,"date":"2024-12-02T14:47:59","date_gmt":"2024-12-02T12:47:59","guid":{"rendered":"https:\/\/keluvo.com\/fi\/product\/koira-talvi-hattu\/"},"modified":"2024-12-02T14:48:24","modified_gmt":"2024-12-02T12:48:24","slug":"koira-talvi-hattu","status":"publish","type":"product","link":"https:\/\/keluvo.com\/fi\/product\/koira-talvi-hattu\/","title":{"rendered":"Koira talvi hattu"},"content":{"rendered":"<h2 style=\"text-align: center\"><strong>Pehme\u00e4 ja kodikas materiaali<\/strong><\/h2>\n<p style=\"text-align: center\">Koiran talvihattu on valmistettu pehme\u00e4st\u00e4 akryylist\u00e4, joka tarjoaa lempe\u00e4n ja mukavan tuntuman lemmikillesi. T\u00e4m\u00e4 neulos pit\u00e4\u00e4 koirasi l\u00e4mpim\u00e4n\u00e4 erityisesti kolealla s\u00e4\u00e4ll\u00e4. Se on suunniteltu hengitt\u00e4v\u00e4ksi ja jokaiseen vuodenaikaan sopivaksi, joten koirasi voi nauttia viihtyis\u00e4st\u00e4 mukavuudesta ymp\u00e4ri vuoden.<\/p>\n<p><img decoding=\"async\" class=\"alignnone size-medium wp-image-2803 aligncenter\" src=\"https:\/\/keluvo.com\/template\/wp-content\/uploads\/sites\/5\/2024\/11\/996f6475-e246-48ff-8381-c5c91e729e09.webp\" alt=\"\" \/><\/p>\n<h2 style=\"text-align: center\"><strong>S\u00e4\u00e4dett\u00e4v\u00e4 istuvuus kaikkiin kokoihin<\/strong><\/h2>\n<p style=\"text-align: center\">T\u00e4m\u00e4 talvilakki on saatavana koossa S, M ja L, ja se on suunniteltu sopimaan eri rotuisten ja kokoisten koirien koirille. Koiran talvihattu on joustava ja sopii p\u00e4\u00e4n ymp\u00e4rysmittaan 33-61 cm, joten se pysyy napakasti ja turvallisesti. Se sopii t\u00e4ydellisesti kaikille pienist\u00e4 chihuahuoista isompiin rotuihin.<\/p>\n<p><img decoding=\"async\" class=\"alignnone size-medium wp-image-2808 aligncenter\" src=\"https:\/\/keluvo.com\/template\/wp-content\/uploads\/sites\/5\/2024\/11\/S541d79038070441d8c9697fa892c41f9Z.jpg\" alt=\"\" \/><\/p>\n","protected":false},"excerpt":{"rendered":"<p>Pehme\u00e4 ja kodikas materiaali Koiran talvihattu on valmistettu pehme\u00e4st\u00e4 akryylist\u00e4, joka tarjoaa lempe\u00e4n ja mukavan tuntuman lemmikillesi. T\u00e4m\u00e4 neulos pit\u00e4\u00e4 [&hellip;]<\/p>\n","protected":false},"featured_media":3813,"comment_status":"open","ping_status":"closed","template":"","meta":{"site-sidebar-layout":"default","site-content-layout":"","ast-site-content-layout":"default","site-content-style":"default","site-sidebar-style":"default","ast-global-header-display":"","ast-banner-title-visibility":"","ast-main-header-display":"","ast-hfb-above-header-display":"","ast-hfb-below-header-display":"","ast-hfb-mobile-header-display":"","site-post-title":"","ast-breadcrumbs-content":"","ast-featured-img":"","footer-sml-layout":"","theme-transparent-header-meta":"default","adv-header-id-meta":"","stick-header-meta":"","header-above-stick-meta":"","header-main-stick-meta":"","header-below-stick-meta":"","astra-migrate-meta-layouts":"set","ast-page-background-enabled":"default","ast-page-background-meta":{"desktop":{"background-color":"var(--ast-global-color-4)","background-image":"","background-repeat":"repeat","background-position":"center center","background-size":"auto","background-attachment":"scroll","background-type":"","background-media":"","overlay-type":"","overlay-color":"","overlay-opacity":"","overlay-gradient":""},"tablet":{"background-color":"","background-image":"","background-repeat":"repeat","background-position":"center center","background-size":"auto","background-attachment":"scroll","background-type":"","background-media":"","overlay-type":"","overlay-color":"","overlay-opacity":"","overlay-gradient":""},"mobile":{"background-color":"","background-image":"","background-repeat":"repeat","background-position":"center center","background-size":"auto","background-attachment":"scroll","background-type":"","background-media":"","overlay-type":"","overlay-color":"","overlay-opacity":"","overlay-gradient":""}},"ast-content-background-meta":{"desktop":{"background-color":"var(--ast-global-color-5)","background-image":"","background-repeat":"repeat","background-position":"center center","background-size":"auto","background-attachment":"scroll","background-type":"","background-media":"","overlay-type":"","overlay-color":"","overlay-opacity":"","overlay-gradient":""},"tablet":{"background-color":"var(--ast-global-color-5)","background-image":"","background-repeat":"repeat","background-position":"center center","background-size":"auto","background-attachment":"scroll","background-type":"","background-media":"","overlay-type":"","overlay-color":"","overlay-opacity":"","overlay-gradient":""},"mobile":{"background-color":"var(--ast-global-color-5)","background-image":"","background-repeat":"repeat","background-position":"center center","background-size":"auto","background-attachment":"scroll","background-type":"","background-media":"","overlay-type":"","overlay-color":"","overlay-opacity":"","overlay-gradient":""}}},"product_brand":[],"product_cat":[997],"product_tag":[],"class_list":{"0":"post-3817","1":"product","2":"type-product","3":"status-publish","4":"has-post-thumbnail","6":"product_cat-pets-products","7":"pa_hs1khsw0-harmaa","8":"pa_hs1khsw0-vaaleanpunainen","9":"pa_o54vizvy-s","10":"pa_o54vizvy-m","11":"pa_o54vizvy-l","12":"desktop-align-left","13":"tablet-align-left","14":"mobile-align-left","16":"first","17":"instock","18":"shipping-taxable","19":"purchasable","20":"product-type-variable"},"_links":{"self":[{"href":"https:\/\/keluvo.com\/fi\/wp-json\/wp\/v2\/product\/3817","targetHints":{"allow":["GET"]}}],"collection":[{"href":"https:\/\/keluvo.com\/fi\/wp-json\/wp\/v2\/product"}],"about":[{"href":"https:\/\/keluvo.com\/fi\/wp-json\/wp\/v2\/types\/product"}],"replies":[{"embeddable":true,"href":"https:\/\/keluvo.com\/fi\/wp-json\/wp\/v2\/comments?post=3817"}],"wp:featuredmedia":[{"embeddable":true,"href":"https:\/\/keluvo.com\/fi\/wp-json\/wp\/v2\/media\/3813"}],"wp:attachment":[{"href":"https:\/\/keluvo.com\/fi\/wp-json\/wp\/v2\/media?parent=3817"}],"wp:term":[{"taxonomy":"product_brand","embeddable":true,"href":"https:\/\/keluvo.com\/fi\/wp-json\/wp\/v2\/product_brand?post=3817"},{"taxonomy":"product_cat","embeddable":true,"href":"https:\/\/keluvo.com\/fi\/wp-json\/wp\/v2\/product_cat?post=3817"},{"taxonomy":"product_tag","embeddable":true,"href":"https:\/\/keluvo.com\/fi\/wp-json\/wp\/v2\/product_tag?post=3817"}],"curies":[{"name":"wp","href":"https:\/\/api.w.org\/{rel}","templated":true}]}}