{"id":3773,"date":"2024-12-02T14:28:28","date_gmt":"2024-12-02T12:28:28","guid":{"rendered":"https:\/\/keluvo.com\/fi\/product\/lapinakyva-kuivattu-kukka\/"},"modified":"2024-12-02T14:28:29","modified_gmt":"2024-12-02T12:28:29","slug":"lapinakyva-kuivattu-kukka","status":"publish","type":"product","link":"https:\/\/keluvo.com\/fi\/product\/lapinakyva-kuivattu-kukka\/","title":{"rendered":"L\u00e4pin\u00e4kyv\u00e4 kuivattu kukka"},"content":{"rendered":"<h2 style=\"text-align: center\"><strong>Luonnonkauneutta jokaisessa kirjanmerkiss\u00e4<\/strong><\/h2>\n<p style=\"text-align: center\">Jokainen l\u00e4pin\u00e4kyv\u00e4 kuivakukka on valmistettu aidoista kuivakukista, jotka vangitsevat luonnon vieh\u00e4tyksen ainutlaatuisella tavalla. Kirkas muotoilu korostaa jokaisen kukan eloisat yksityiskohdat ja tuo lukukokemukseesi ripauksen eleganssia. N\u00e4m\u00e4 kirjanmerkit saavat jokaisen sivun k\u00e4\u00e4nt\u00e4misen tuntumaan erityiselt\u00e4.<\/p>\n<p><img decoding=\"async\" class=\"alignnone size-medium wp-image-2875 aligncenter\" src=\"https:\/\/keluvo.com\/template\/wp-content\/uploads\/sites\/5\/2024\/11\/12fcb68f-8130-40cc-85e5-ca78016fa97e.webp\" alt=\"\" \/><\/p>\n<h2 style=\"text-align: center\"><strong>Kest\u00e4v\u00e4 ja k\u00e4yt\u00e4nn\u00f6llinen muotoilu<\/strong><\/h2>\n<p style=\"text-align: center\">N\u00e4m\u00e4 l\u00e4pin\u00e4kyv\u00e4t kuivatut kukat toimivat kauniina ja k\u00e4yt\u00e4nn\u00f6llisin\u00e4 kirjanmerkkein\u00e4, jotka on suunniteltu kiinnittym\u00e4\u00e4n tukevasti mihin tahansa sivuun liukumatta. Niiden PET-materiaali on sek\u00e4 kest\u00e4v\u00e4\u00e4 ett\u00e4 joustavaa, mik\u00e4 mahdollistaa pitk\u00e4aikaisen k\u00e4yt\u00f6n. Nauti kauneuden ja toiminnallisuuden tasapainosta jokaisessa kirjanmerkiss\u00e4.<\/p>\n<p><img decoding=\"async\" class=\"alignnone size-medium wp-image-2878 aligncenter\" src=\"https:\/\/keluvo.com\/template\/wp-content\/uploads\/sites\/5\/2024\/11\/0633cdc4-a29e-4944-a996-03fa671c2c87.webp\" alt=\"\" \/><\/p>\n","protected":false},"excerpt":{"rendered":"<p>Luonnonkauneutta jokaisessa kirjanmerkiss\u00e4 Jokainen l\u00e4pin\u00e4kyv\u00e4 kuivakukka on valmistettu aidoista kuivakukista, jotka vangitsevat luonnon vieh\u00e4tyksen ainutlaatuisella tavalla. Kirkas muotoilu korostaa jokaisen [&hellip;]<\/p>\n","protected":false},"featured_media":3769,"comment_status":"open","ping_status":"closed","template":"","meta":{"site-sidebar-layout":"default","site-content-layout":"","ast-site-content-layout":"default","site-content-style":"default","site-sidebar-style":"default","ast-global-header-display":"","ast-banner-title-visibility":"","ast-main-header-display":"","ast-hfb-above-header-display":"","ast-hfb-below-header-display":"","ast-hfb-mobile-header-display":"","site-post-title":"","ast-breadcrumbs-content":"","ast-featured-img":"","footer-sml-layout":"","theme-transparent-header-meta":"default","adv-header-id-meta":"","stick-header-meta":"","header-above-stick-meta":"","header-main-stick-meta":"","header-below-stick-meta":"","astra-migrate-meta-layouts":"set","ast-page-background-enabled":"default","ast-page-background-meta":{"desktop":{"background-color":"var(--ast-global-color-4)","background-image":"","background-repeat":"repeat","background-position":"center center","background-size":"auto","background-attachment":"scroll","background-type":"","background-media":"","overlay-type":"","overlay-color":"","overlay-opacity":"","overlay-gradient":""},"tablet":{"background-color":"","background-image":"","background-repeat":"repeat","background-position":"center center","background-size":"auto","background-attachment":"scroll","background-type":"","background-media":"","overlay-type":"","overlay-color":"","overlay-opacity":"","overlay-gradient":""},"mobile":{"background-color":"","background-image":"","background-repeat":"repeat","background-position":"center center","background-size":"auto","background-attachment":"scroll","background-type":"","background-media":"","overlay-type":"","overlay-color":"","overlay-opacity":"","overlay-gradient":""}},"ast-content-background-meta":{"desktop":{"background-color":"var(--ast-global-color-5)","background-image":"","background-repeat":"repeat","background-position":"center center","background-size":"auto","background-attachment":"scroll","background-type":"","background-media":"","overlay-type":"","overlay-color":"","overlay-opacity":"","overlay-gradient":""},"tablet":{"background-color":"var(--ast-global-color-5)","background-image":"","background-repeat":"repeat","background-position":"center center","background-size":"auto","background-attachment":"scroll","background-type":"","background-media":"","overlay-type":"","overlay-color":"","overlay-opacity":"","overlay-gradient":""},"mobile":{"background-color":"var(--ast-global-color-5)","background-image":"","background-repeat":"repeat","background-position":"center center","background-size":"auto","background-attachment":"scroll","background-type":"","background-media":"","overlay-type":"","overlay-color":"","overlay-opacity":"","overlay-gradient":""}}},"product_brand":[],"product_cat":[15],"product_tag":[],"class_list":{"0":"post-3773","1":"product","2":"type-product","3":"status-publish","4":"has-post-thumbnail","6":"product_cat-uncategorized","7":"desktop-align-left","8":"tablet-align-left","9":"mobile-align-left","11":"first","12":"instock","13":"shipping-taxable","14":"purchasable","15":"product-type-simple"},"_links":{"self":[{"href":"https:\/\/keluvo.com\/fi\/wp-json\/wp\/v2\/product\/3773","targetHints":{"allow":["GET"]}}],"collection":[{"href":"https:\/\/keluvo.com\/fi\/wp-json\/wp\/v2\/product"}],"about":[{"href":"https:\/\/keluvo.com\/fi\/wp-json\/wp\/v2\/types\/product"}],"replies":[{"embeddable":true,"href":"https:\/\/keluvo.com\/fi\/wp-json\/wp\/v2\/comments?post=3773"}],"wp:featuredmedia":[{"embeddable":true,"href":"https:\/\/keluvo.com\/fi\/wp-json\/wp\/v2\/media\/3769"}],"wp:attachment":[{"href":"https:\/\/keluvo.com\/fi\/wp-json\/wp\/v2\/media?parent=3773"}],"wp:term":[{"taxonomy":"product_brand","embeddable":true,"href":"https:\/\/keluvo.com\/fi\/wp-json\/wp\/v2\/product_brand?post=3773"},{"taxonomy":"product_cat","embeddable":true,"href":"https:\/\/keluvo.com\/fi\/wp-json\/wp\/v2\/product_cat?post=3773"},{"taxonomy":"product_tag","embeddable":true,"href":"https:\/\/keluvo.com\/fi\/wp-json\/wp\/v2\/product_tag?post=3773"}],"curies":[{"name":"wp","href":"https:\/\/api.w.org\/{rel}","templated":true}]}}