{"id":3756,"date":"2024-12-02T14:20:21","date_gmt":"2024-12-02T12:20:21","guid":{"rendered":"https:\/\/keluvo.com\/fi\/product\/sahkoinen-viininavaaja\/"},"modified":"2025-06-19T10:22:07","modified_gmt":"2025-06-19T08:22:07","slug":"sahkoinen-viininavaaja","status":"publish","type":"product","link":"https:\/\/keluvo.com\/fi\/product\/sahkoinen-viininavaaja\/","title":{"rendered":"S\u00e4hk\u00f6inen viininavaaja"},"content":{"rendered":"<h2 style=\"text-align: center\"><strong>Vaivaton viinin avaaminen<\/strong><\/h2>\n<p style=\"text-align: center\">S\u00e4hk\u00f6inen viininavaaja tekee pullojen avaamisesta helppoa ja nopeaa vain napin painalluksella. T\u00e4m\u00e4 paristok\u00e4ytt\u00f6inen ty\u00f6kalu irrottaa korkit sujuvasti, mik\u00e4 s\u00e4\u00e4st\u00e4\u00e4 aikaa ja energiaa viinin tarjoilussa. Se sopii t\u00e4ydellisesti kokoontumisiin tai rentouttaviin iltoihin ja tuo mukavuutta ja tyylikkyytt\u00e4 viinin nauttimiseen.<\/p>\n<p><img decoding=\"async\" class=\"alignnone size-medium wp-image-2904 aligncenter\" src=\"https:\/\/keluvo.com\/template\/wp-content\/uploads\/sites\/5\/2024\/11\/c18e6e42-ace6-4597-99cf-0e5bba66c8fa.webp\" alt=\"\" \/><\/p>\n<h2 style=\"text-align: center\"><strong>All-in-One-viinity\u00f6kalusarja<\/strong><\/h2>\n<p style=\"text-align: center\">T\u00e4m\u00e4n s\u00e4hk\u00f6isen viininavaajan mukana tulee t\u00e4rkeit\u00e4 lis\u00e4varusteita, kuten folioleikkuri, viinikaadin ja tyhji\u00f6tulppa, joten se on t\u00e4ydellinen setti viinin yst\u00e4ville. Tyylikk\u00e4\u00e4n s\u00e4ilytysalustan ansiosta jokainen ty\u00f6kalu pysyy j\u00e4rjestyksess\u00e4 ja k\u00e4ytt\u00f6valmiina, mik\u00e4 parantaa viininjuontikokemusta alusta loppuun.<\/p>\n<p><img decoding=\"async\" class=\"alignnone size-medium wp-image-2899 aligncenter\" src=\"https:\/\/keluvo.com\/template\/wp-content\/uploads\/sites\/5\/2024\/11\/8770087d-c25f-444c-9e60-ca995d1e254f.webp\" alt=\"\" \/><\/p>\n","protected":false},"excerpt":{"rendered":"<p>Vaivaton viinin avaaminen S\u00e4hk\u00f6inen viininavaaja tekee pullojen avaamisesta helppoa ja nopeaa vain napin painalluksella. T\u00e4m\u00e4 paristok\u00e4ytt\u00f6inen ty\u00f6kalu irrottaa korkit sujuvasti, [&hellip;]<\/p>\n","protected":false},"featured_media":3752,"comment_status":"open","ping_status":"closed","template":"","meta":{"site-sidebar-layout":"default","site-content-layout":"","ast-site-content-layout":"default","site-content-style":"default","site-sidebar-style":"default","ast-global-header-display":"","ast-banner-title-visibility":"","ast-main-header-display":"","ast-hfb-above-header-display":"","ast-hfb-below-header-display":"","ast-hfb-mobile-header-display":"","site-post-title":"","ast-breadcrumbs-content":"","ast-featured-img":"","footer-sml-layout":"","theme-transparent-header-meta":"default","adv-header-id-meta":"","stick-header-meta":"","header-above-stick-meta":"","header-main-stick-meta":"","header-below-stick-meta":"","astra-migrate-meta-layouts":"set","ast-page-background-enabled":"default","ast-page-background-meta":{"desktop":{"background-color":"var(--ast-global-color-4)","background-image":"","background-repeat":"repeat","background-position":"center center","background-size":"auto","background-attachment":"scroll","background-type":"","background-media":"","overlay-type":"","overlay-color":"","overlay-opacity":"","overlay-gradient":""},"tablet":{"background-color":"","background-image":"","background-repeat":"repeat","background-position":"center center","background-size":"auto","background-attachment":"scroll","background-type":"","background-media":"","overlay-type":"","overlay-color":"","overlay-opacity":"","overlay-gradient":""},"mobile":{"background-color":"","background-image":"","background-repeat":"repeat","background-position":"center center","background-size":"auto","background-attachment":"scroll","background-type":"","background-media":"","overlay-type":"","overlay-color":"","overlay-opacity":"","overlay-gradient":""}},"ast-content-background-meta":{"desktop":{"background-color":"var(--ast-global-color-5)","background-image":"","background-repeat":"repeat","background-position":"center center","background-size":"auto","background-attachment":"scroll","background-type":"","background-media":"","overlay-type":"","overlay-color":"","overlay-opacity":"","overlay-gradient":""},"tablet":{"background-color":"var(--ast-global-color-5)","background-image":"","background-repeat":"repeat","background-position":"center center","background-size":"auto","background-attachment":"scroll","background-type":"","background-media":"","overlay-type":"","overlay-color":"","overlay-opacity":"","overlay-gradient":""},"mobile":{"background-color":"var(--ast-global-color-5)","background-image":"","background-repeat":"repeat","background-position":"center center","background-size":"auto","background-attachment":"scroll","background-type":"","background-media":"","overlay-type":"","overlay-color":"","overlay-opacity":"","overlay-gradient":""}}},"product_brand":[],"product_cat":[996],"product_tag":[],"class_list":{"0":"post-3756","1":"product","2":"type-product","3":"status-publish","4":"has-post-thumbnail","6":"product_cat-tools","7":"desktop-align-left","8":"tablet-align-left","9":"mobile-align-left","11":"first","12":"instock","13":"shipping-taxable","14":"purchasable","15":"product-type-simple"},"_links":{"self":[{"href":"https:\/\/keluvo.com\/fi\/wp-json\/wp\/v2\/product\/3756","targetHints":{"allow":["GET"]}}],"collection":[{"href":"https:\/\/keluvo.com\/fi\/wp-json\/wp\/v2\/product"}],"about":[{"href":"https:\/\/keluvo.com\/fi\/wp-json\/wp\/v2\/types\/product"}],"replies":[{"embeddable":true,"href":"https:\/\/keluvo.com\/fi\/wp-json\/wp\/v2\/comments?post=3756"}],"wp:featuredmedia":[{"embeddable":true,"href":"https:\/\/keluvo.com\/fi\/wp-json\/wp\/v2\/media\/3752"}],"wp:attachment":[{"href":"https:\/\/keluvo.com\/fi\/wp-json\/wp\/v2\/media?parent=3756"}],"wp:term":[{"taxonomy":"product_brand","embeddable":true,"href":"https:\/\/keluvo.com\/fi\/wp-json\/wp\/v2\/product_brand?post=3756"},{"taxonomy":"product_cat","embeddable":true,"href":"https:\/\/keluvo.com\/fi\/wp-json\/wp\/v2\/product_cat?post=3756"},{"taxonomy":"product_tag","embeddable":true,"href":"https:\/\/keluvo.com\/fi\/wp-json\/wp\/v2\/product_tag?post=3756"}],"curies":[{"name":"wp","href":"https:\/\/api.w.org\/{rel}","templated":true}]}}