{"id":3613,"date":"2024-11-12T13:11:19","date_gmt":"2024-11-12T11:11:19","guid":{"rendered":"https:\/\/keluvo.com\/fi\/product\/kissan-raapimismatto\/"},"modified":"2024-11-12T13:11:59","modified_gmt":"2024-11-12T11:11:59","slug":"kissan-raapimismatto","status":"publish","type":"product","link":"https:\/\/keluvo.com\/fi\/product\/kissan-raapimismatto\/","title":{"rendered":"Kissan raapimismatto"},"content":{"rendered":"<h2 style=\"text-align: center\"><strong>Kest\u00e4v\u00e4, korkealaatuinen materiaali<\/strong><\/h2>\n<p style=\"text-align: center\">Langaton kissan raapimismatto on valmistettu kest\u00e4v\u00e4st\u00e4, kulutusta kest\u00e4v\u00e4st\u00e4 materiaalista, joka on suunniteltu kest\u00e4m\u00e4\u00e4n s\u00e4\u00e4nn\u00f6llist\u00e4 raapimista. Sen vahva, repeytymiskest\u00e4v\u00e4 pinta takaa sen kest\u00e4vyyden ja antaa kissallesi oman tilan raapia ilman, ett\u00e4 se vahingoittaa huonekalujasi. T\u00e4m\u00e4 korkealaatuinen materiaali on tehty kest\u00e4v\u00e4ksi ja mukavaksi.<\/p>\n<p><img decoding=\"async\" class=\"alignnone size-medium wp-image-2621 aligncenter\" src=\"https:\/\/keluvo.com\/template\/wp-content\/uploads\/sites\/5\/2024\/11\/b65ea33a-a0fb-4441-b298-51425fe37276.webp\" alt=\"\" \/><\/p>\n<h2 style=\"text-align: center\"><strong>Suojaa huonekalujen pintoja<\/strong><\/h2>\n<p style=\"text-align: center\">T\u00e4m\u00e4 raapimismatto luo suojaavan esteen huonekalujen ja kissan kynsien v\u00e4liin, mik\u00e4 auttaa est\u00e4m\u00e4\u00e4n sohvien, mattojen ja tuolien naarmuja. Matto rohkaisee kissoja raapimaan sen pintaa, jolloin huonekalusi s\u00e4ilyv\u00e4t ja kotisi n\u00e4ytt\u00e4\u00e4 siistilt\u00e4.<\/p>\n<p><img decoding=\"async\" class=\"alignnone size-medium wp-image-2631 aligncenter\" src=\"https:\/\/keluvo.com\/template\/wp-content\/uploads\/sites\/5\/2024\/11\/Wall-Anti-Cat-Scratch-Sofa-Cats-Furniture-Protector-Wall-Mounted-Cat-Scratching-Pad-Non-slip-Self.jpg_.png\" alt=\"\" \/><\/p>\n","protected":false},"excerpt":{"rendered":"<p>Kest\u00e4v\u00e4, korkealaatuinen materiaali Langaton kissan raapimismatto on valmistettu kest\u00e4v\u00e4st\u00e4, kulutusta kest\u00e4v\u00e4st\u00e4 materiaalista, joka on suunniteltu kest\u00e4m\u00e4\u00e4n s\u00e4\u00e4nn\u00f6llist\u00e4 raapimista. Sen vahva, [&hellip;]<\/p>\n","protected":false},"featured_media":3609,"comment_status":"open","ping_status":"closed","template":"","meta":{"site-sidebar-layout":"default","site-content-layout":"","ast-site-content-layout":"default","site-content-style":"default","site-sidebar-style":"default","ast-global-header-display":"","ast-banner-title-visibility":"","ast-main-header-display":"","ast-hfb-above-header-display":"","ast-hfb-below-header-display":"","ast-hfb-mobile-header-display":"","site-post-title":"","ast-breadcrumbs-content":"","ast-featured-img":"","footer-sml-layout":"","theme-transparent-header-meta":"default","adv-header-id-meta":"","stick-header-meta":"","header-above-stick-meta":"","header-main-stick-meta":"","header-below-stick-meta":"","astra-migrate-meta-layouts":"set","ast-page-background-enabled":"default","ast-page-background-meta":{"desktop":{"background-color":"var(--ast-global-color-4)","background-image":"","background-repeat":"repeat","background-position":"center center","background-size":"auto","background-attachment":"scroll","background-type":"","background-media":"","overlay-type":"","overlay-color":"","overlay-opacity":"","overlay-gradient":""},"tablet":{"background-color":"","background-image":"","background-repeat":"repeat","background-position":"center center","background-size":"auto","background-attachment":"scroll","background-type":"","background-media":"","overlay-type":"","overlay-color":"","overlay-opacity":"","overlay-gradient":""},"mobile":{"background-color":"","background-image":"","background-repeat":"repeat","background-position":"center center","background-size":"auto","background-attachment":"scroll","background-type":"","background-media":"","overlay-type":"","overlay-color":"","overlay-opacity":"","overlay-gradient":""}},"ast-content-background-meta":{"desktop":{"background-color":"var(--ast-global-color-5)","background-image":"","background-repeat":"repeat","background-position":"center center","background-size":"auto","background-attachment":"scroll","background-type":"","background-media":"","overlay-type":"","overlay-color":"","overlay-opacity":"","overlay-gradient":""},"tablet":{"background-color":"var(--ast-global-color-5)","background-image":"","background-repeat":"repeat","background-position":"center center","background-size":"auto","background-attachment":"scroll","background-type":"","background-media":"","overlay-type":"","overlay-color":"","overlay-opacity":"","overlay-gradient":""},"mobile":{"background-color":"var(--ast-global-color-5)","background-image":"","background-repeat":"repeat","background-position":"center center","background-size":"auto","background-attachment":"scroll","background-type":"","background-media":"","overlay-type":"","overlay-color":"","overlay-opacity":"","overlay-gradient":""}}},"product_brand":[],"product_cat":[1001,997],"product_tag":[],"class_list":{"0":"post-3613","1":"product","2":"type-product","3":"status-publish","4":"has-post-thumbnail","6":"product_cat-household-goods","7":"product_cat-pets-products","8":"pa_6ka40wj0-khaki","9":"pa_6ka40wj0-musta","10":"pa_6ka40wj0-ruskea","11":"pa_6ka40wj0-sininen","12":"pa_6ka40wj0-tummanharmaa","13":"pa_6ka40wj0-vaaleanharmaa","14":"pa_ovjuahu3-30x100cm","15":"pa_ovjuahu3-40x100cm","16":"desktop-align-left","17":"tablet-align-left","18":"mobile-align-left","20":"first","21":"instock","22":"shipping-taxable","23":"purchasable","24":"product-type-variable"},"_links":{"self":[{"href":"https:\/\/keluvo.com\/fi\/wp-json\/wp\/v2\/product\/3613","targetHints":{"allow":["GET"]}}],"collection":[{"href":"https:\/\/keluvo.com\/fi\/wp-json\/wp\/v2\/product"}],"about":[{"href":"https:\/\/keluvo.com\/fi\/wp-json\/wp\/v2\/types\/product"}],"replies":[{"embeddable":true,"href":"https:\/\/keluvo.com\/fi\/wp-json\/wp\/v2\/comments?post=3613"}],"wp:featuredmedia":[{"embeddable":true,"href":"https:\/\/keluvo.com\/fi\/wp-json\/wp\/v2\/media\/3609"}],"wp:attachment":[{"href":"https:\/\/keluvo.com\/fi\/wp-json\/wp\/v2\/media?parent=3613"}],"wp:term":[{"taxonomy":"product_brand","embeddable":true,"href":"https:\/\/keluvo.com\/fi\/wp-json\/wp\/v2\/product_brand?post=3613"},{"taxonomy":"product_cat","embeddable":true,"href":"https:\/\/keluvo.com\/fi\/wp-json\/wp\/v2\/product_cat?post=3613"},{"taxonomy":"product_tag","embeddable":true,"href":"https:\/\/keluvo.com\/fi\/wp-json\/wp\/v2\/product_tag?post=3613"}],"curies":[{"name":"wp","href":"https:\/\/api.w.org\/{rel}","templated":true}]}}