{"id":3528,"date":"2024-11-12T12:49:45","date_gmt":"2024-11-12T10:49:45","guid":{"rendered":"https:\/\/keluvo.com\/fi\/product\/tuplasydan-nilkkuri\/"},"modified":"2024-11-12T12:49:54","modified_gmt":"2024-11-12T10:49:54","slug":"tuplasydan-nilkkuri","status":"publish","type":"product","link":"https:\/\/keluvo.com\/fi\/product\/tuplasydan-nilkkuri\/","title":{"rendered":"Tuplasyd\u00e4n nilkkuri"},"content":{"rendered":"<h2 style=\"text-align: center\"><strong>Elegantti kaksoissyd\u00e4men muotoilu<\/strong><\/h2>\n<p style=\"text-align: center\">Kaksoissyd\u00e4men nilkkakorussa on herkk\u00e4 muotoilu, jossa on kaksi toisiinsa kietoutunutta syd\u00e4nt\u00e4, jotka symboloivat rakkautta ja yhteytt\u00e4. T\u00e4m\u00e4 ajaton lis\u00e4varuste lis\u00e4\u00e4 ripauksen eleganssia mihin tahansa asuun, joten se sopii t\u00e4ydellisesti sek\u00e4 rentoihin ett\u00e4 erityisiin tilaisuuksiin.<\/p>\n<p><img fetchpriority=\"high\" decoding=\"async\" width=\"480\" height=\"480\" class=\"alignnone size-medium wp-image-2046 aligncenter\" src=\"https:\/\/keluvo.com\/template\/wp-content\/uploads\/sites\/5\/2024\/10\/6758fa58-47b5-4795-9862-06284e81778a.webp\" alt=\"\" srcset=\"https:\/\/keluvo.com\/fi\/wp-content\/uploads\/sites\/11\/2024\/10\/6758fa58-47b5-4795-9862-06284e81778a.webp 480w, https:\/\/keluvo.com\/fi\/wp-content\/uploads\/sites\/11\/2024\/10\/6758fa58-47b5-4795-9862-06284e81778a-300x300.webp 300w, https:\/\/keluvo.com\/fi\/wp-content\/uploads\/sites\/11\/2024\/10\/6758fa58-47b5-4795-9862-06284e81778a-150x150.webp 150w, https:\/\/keluvo.com\/fi\/wp-content\/uploads\/sites\/11\/2024\/10\/6758fa58-47b5-4795-9862-06284e81778a-100x100.webp 100w, https:\/\/keluvo.com\/fi\/wp-content\/uploads\/sites\/11\/2024\/10\/6758fa58-47b5-4795-9862-06284e81778a-50x50.webp 50w\" sizes=\"(max-width: 480px) 100vw, 480px\" \/><\/p>\n<h2 style=\"text-align: center\"><strong>Mukava ja s\u00e4\u00e4dett\u00e4v\u00e4 istuvuus<\/strong><\/h2>\n<p style=\"text-align: center\">Kaksoissyd\u00e4n-nilkkuri on suunniteltu istumaan tukevasti tyylist\u00e4 tinkim\u00e4tt\u00e4. Sen s\u00e4\u00e4dett\u00e4v\u00e4 lukko takaa t\u00e4ydellisen istuvuuden, joten voit k\u00e4ytt\u00e4\u00e4 sit\u00e4 koko p\u00e4iv\u00e4n helposti.<\/p>\n<p><img decoding=\"async\" width=\"800\" height=\"800\" class=\"alignnone size-medium wp-image-2053 aligncenter\" src=\"https:\/\/keluvo.com\/template\/wp-content\/uploads\/sites\/5\/2024\/10\/ddde903e-00ad-44ce-a048-315ddeff9c76.webp\" alt=\"\" srcset=\"https:\/\/keluvo.com\/fi\/wp-content\/uploads\/sites\/11\/2024\/10\/ddde903e-00ad-44ce-a048-315ddeff9c76.webp 800w, https:\/\/keluvo.com\/fi\/wp-content\/uploads\/sites\/11\/2024\/10\/ddde903e-00ad-44ce-a048-315ddeff9c76-300x300.webp 300w, https:\/\/keluvo.com\/fi\/wp-content\/uploads\/sites\/11\/2024\/10\/ddde903e-00ad-44ce-a048-315ddeff9c76-150x150.webp 150w, https:\/\/keluvo.com\/fi\/wp-content\/uploads\/sites\/11\/2024\/10\/ddde903e-00ad-44ce-a048-315ddeff9c76-768x768.webp 768w, https:\/\/keluvo.com\/fi\/wp-content\/uploads\/sites\/11\/2024\/10\/ddde903e-00ad-44ce-a048-315ddeff9c76-600x600.webp 600w, https:\/\/keluvo.com\/fi\/wp-content\/uploads\/sites\/11\/2024\/10\/ddde903e-00ad-44ce-a048-315ddeff9c76-100x100.webp 100w, https:\/\/keluvo.com\/fi\/wp-content\/uploads\/sites\/11\/2024\/10\/ddde903e-00ad-44ce-a048-315ddeff9c76-50x50.webp 50w\" sizes=\"(max-width: 800px) 100vw, 800px\" \/><\/p>\n","protected":false},"excerpt":{"rendered":"<p>Elegantti kaksoissyd\u00e4men muotoilu Kaksoissyd\u00e4men nilkkakorussa on herkk\u00e4 muotoilu, jossa on kaksi toisiinsa kietoutunutta syd\u00e4nt\u00e4, jotka symboloivat rakkautta ja yhteytt\u00e4. T\u00e4m\u00e4 [&hellip;]<\/p>\n","protected":false},"featured_media":3524,"comment_status":"open","ping_status":"closed","template":"","meta":{"site-sidebar-layout":"default","site-content-layout":"","ast-site-content-layout":"default","site-content-style":"default","site-sidebar-style":"default","ast-global-header-display":"","ast-banner-title-visibility":"","ast-main-header-display":"","ast-hfb-above-header-display":"","ast-hfb-below-header-display":"","ast-hfb-mobile-header-display":"","site-post-title":"","ast-breadcrumbs-content":"","ast-featured-img":"","footer-sml-layout":"","theme-transparent-header-meta":"default","adv-header-id-meta":"","stick-header-meta":"","header-above-stick-meta":"","header-main-stick-meta":"","header-below-stick-meta":"","astra-migrate-meta-layouts":"set","ast-page-background-enabled":"default","ast-page-background-meta":{"desktop":{"background-color":"var(--ast-global-color-4)","background-image":"","background-repeat":"repeat","background-position":"center center","background-size":"auto","background-attachment":"scroll","background-type":"","background-media":"","overlay-type":"","overlay-color":"","overlay-opacity":"","overlay-gradient":""},"tablet":{"background-color":"","background-image":"","background-repeat":"repeat","background-position":"center center","background-size":"auto","background-attachment":"scroll","background-type":"","background-media":"","overlay-type":"","overlay-color":"","overlay-opacity":"","overlay-gradient":""},"mobile":{"background-color":"","background-image":"","background-repeat":"repeat","background-position":"center center","background-size":"auto","background-attachment":"scroll","background-type":"","background-media":"","overlay-type":"","overlay-color":"","overlay-opacity":"","overlay-gradient":""}},"ast-content-background-meta":{"desktop":{"background-color":"var(--ast-global-color-5)","background-image":"","background-repeat":"repeat","background-position":"center center","background-size":"auto","background-attachment":"scroll","background-type":"","background-media":"","overlay-type":"","overlay-color":"","overlay-opacity":"","overlay-gradient":""},"tablet":{"background-color":"var(--ast-global-color-5)","background-image":"","background-repeat":"repeat","background-position":"center center","background-size":"auto","background-attachment":"scroll","background-type":"","background-media":"","overlay-type":"","overlay-color":"","overlay-opacity":"","overlay-gradient":""},"mobile":{"background-color":"var(--ast-global-color-5)","background-image":"","background-repeat":"repeat","background-position":"center center","background-size":"auto","background-attachment":"scroll","background-type":"","background-media":"","overlay-type":"","overlay-color":"","overlay-opacity":"","overlay-gradient":""}}},"product_brand":[],"product_cat":[994],"product_tag":[],"class_list":{"0":"post-3528","1":"product","2":"type-product","3":"status-publish","4":"has-post-thumbnail","6":"product_cat-clothing-for-women","7":"pa_0kj2d7p3-hopea","8":"pa_0kj2d7p3-kulta","9":"desktop-align-left","10":"tablet-align-left","11":"mobile-align-left","13":"first","14":"instock","15":"shipping-taxable","16":"purchasable","17":"product-type-variable"},"_links":{"self":[{"href":"https:\/\/keluvo.com\/fi\/wp-json\/wp\/v2\/product\/3528","targetHints":{"allow":["GET"]}}],"collection":[{"href":"https:\/\/keluvo.com\/fi\/wp-json\/wp\/v2\/product"}],"about":[{"href":"https:\/\/keluvo.com\/fi\/wp-json\/wp\/v2\/types\/product"}],"replies":[{"embeddable":true,"href":"https:\/\/keluvo.com\/fi\/wp-json\/wp\/v2\/comments?post=3528"}],"wp:featuredmedia":[{"embeddable":true,"href":"https:\/\/keluvo.com\/fi\/wp-json\/wp\/v2\/media\/3524"}],"wp:attachment":[{"href":"https:\/\/keluvo.com\/fi\/wp-json\/wp\/v2\/media?parent=3528"}],"wp:term":[{"taxonomy":"product_brand","embeddable":true,"href":"https:\/\/keluvo.com\/fi\/wp-json\/wp\/v2\/product_brand?post=3528"},{"taxonomy":"product_cat","embeddable":true,"href":"https:\/\/keluvo.com\/fi\/wp-json\/wp\/v2\/product_cat?post=3528"},{"taxonomy":"product_tag","embeddable":true,"href":"https:\/\/keluvo.com\/fi\/wp-json\/wp\/v2\/product_tag?post=3528"}],"curies":[{"name":"wp","href":"https:\/\/api.w.org\/{rel}","templated":true}]}}