{"id":3468,"date":"2024-11-12T12:02:37","date_gmt":"2024-11-12T10:02:37","guid":{"rendered":"https:\/\/keluvo.com\/fi\/product\/polttopuun-halkaisuporan-karki\/"},"modified":"2024-11-12T12:02:57","modified_gmt":"2024-11-12T10:02:57","slug":"polttopuun-halkaisuporan-karki","status":"publish","type":"product","link":"https:\/\/keluvo.com\/fi\/product\/polttopuun-halkaisuporan-karki\/","title":{"rendered":"Polttopuun halkaisuporan k\u00e4rki"},"content":{"rendered":"<h2 style=\"text-align: center\"><strong>Tehokas puun halkaisu<\/strong><\/h2>\n<p style=\"text-align: center\">Puunhalkaisupora on suunniteltu leikkaamaan ja halkaisemaan puuta nopeasti, mik\u00e4 s\u00e4\u00e4st\u00e4\u00e4 aikaa ja vaivaa. Sen ruuvikartiomuotoilu takaa tehokkaan halkaisun eri puulajeille, joten se on ihanteellinen ty\u00f6kalu polttopuun valmisteluun.<\/p>\n<p style=\"text-align: center\">\u00a0<img fetchpriority=\"high\" decoding=\"async\" width=\"800\" height=\"800\" class=\"alignnone size-medium wp-image-1942\" src=\"https:\/\/keluvo.com\/template\/wp-content\/uploads\/sites\/5\/2024\/10\/fdbf43b0-c474-45e7-80b6-a60a92138688.webp\" alt=\"\" srcset=\"https:\/\/keluvo.com\/fi\/wp-content\/uploads\/sites\/11\/2024\/10\/fdbf43b0-c474-45e7-80b6-a60a92138688.webp 800w, https:\/\/keluvo.com\/fi\/wp-content\/uploads\/sites\/11\/2024\/10\/fdbf43b0-c474-45e7-80b6-a60a92138688-300x300.webp 300w, https:\/\/keluvo.com\/fi\/wp-content\/uploads\/sites\/11\/2024\/10\/fdbf43b0-c474-45e7-80b6-a60a92138688-150x150.webp 150w, https:\/\/keluvo.com\/fi\/wp-content\/uploads\/sites\/11\/2024\/10\/fdbf43b0-c474-45e7-80b6-a60a92138688-768x768.webp 768w, https:\/\/keluvo.com\/fi\/wp-content\/uploads\/sites\/11\/2024\/10\/fdbf43b0-c474-45e7-80b6-a60a92138688-600x600.webp 600w, https:\/\/keluvo.com\/fi\/wp-content\/uploads\/sites\/11\/2024\/10\/fdbf43b0-c474-45e7-80b6-a60a92138688-100x100.webp 100w, https:\/\/keluvo.com\/fi\/wp-content\/uploads\/sites\/11\/2024\/10\/fdbf43b0-c474-45e7-80b6-a60a92138688-50x50.webp 50w\" sizes=\"(max-width: 800px) 100vw, 800px\" \/><\/p>\n<h2 style=\"text-align: center\"><strong>Kest\u00e4v\u00e4 korkealaatuinen materiaali<\/strong><\/h2>\n<p style=\"text-align: center\">Korkeahiiliter\u00e4ksest\u00e4 valmistettu polttopuun halkaisuporan k\u00e4rki on rakennettu pitk\u00e4ik\u00e4iseen k\u00e4ytt\u00f6\u00f6n. T\u00e4m\u00e4 lujitettu materiaali on iskunkest\u00e4v\u00e4\u00e4 ja kulutusta kest\u00e4v\u00e4\u00e4, mik\u00e4 takaa luotettavan suorituskyvyn my\u00f6s kovaa puuta usein k\u00e4ytett\u00e4ess\u00e4.<\/p>\n<p><img decoding=\"async\" width=\"480\" height=\"480\" class=\"alignnone size-medium wp-image-1937 aligncenter\" src=\"https:\/\/keluvo.com\/template\/wp-content\/uploads\/sites\/5\/2024\/10\/095776af-e10d-4c5c-a26f-f50a41c76a5e.webp\" alt=\"\" srcset=\"https:\/\/keluvo.com\/fi\/wp-content\/uploads\/sites\/11\/2024\/10\/095776af-e10d-4c5c-a26f-f50a41c76a5e.webp 480w, https:\/\/keluvo.com\/fi\/wp-content\/uploads\/sites\/11\/2024\/10\/095776af-e10d-4c5c-a26f-f50a41c76a5e-300x300.webp 300w, https:\/\/keluvo.com\/fi\/wp-content\/uploads\/sites\/11\/2024\/10\/095776af-e10d-4c5c-a26f-f50a41c76a5e-150x150.webp 150w, https:\/\/keluvo.com\/fi\/wp-content\/uploads\/sites\/11\/2024\/10\/095776af-e10d-4c5c-a26f-f50a41c76a5e-100x100.webp 100w, https:\/\/keluvo.com\/fi\/wp-content\/uploads\/sites\/11\/2024\/10\/095776af-e10d-4c5c-a26f-f50a41c76a5e-50x50.webp 50w\" sizes=\"(max-width: 480px) 100vw, 480px\" \/><\/p>\n","protected":false},"excerpt":{"rendered":"<p>Tehokas puun halkaisu Puunhalkaisupora on suunniteltu leikkaamaan ja halkaisemaan puuta nopeasti, mik\u00e4 s\u00e4\u00e4st\u00e4\u00e4 aikaa ja vaivaa. Sen ruuvikartiomuotoilu takaa tehokkaan [&hellip;]<\/p>\n","protected":false},"featured_media":3464,"comment_status":"open","ping_status":"closed","template":"","meta":{"site-sidebar-layout":"default","site-content-layout":"","ast-site-content-layout":"default","site-content-style":"default","site-sidebar-style":"default","ast-global-header-display":"","ast-banner-title-visibility":"","ast-main-header-display":"","ast-hfb-above-header-display":"","ast-hfb-below-header-display":"","ast-hfb-mobile-header-display":"","site-post-title":"","ast-breadcrumbs-content":"","ast-featured-img":"","footer-sml-layout":"","theme-transparent-header-meta":"default","adv-header-id-meta":"","stick-header-meta":"","header-above-stick-meta":"","header-main-stick-meta":"","header-below-stick-meta":"","astra-migrate-meta-layouts":"set","ast-page-background-enabled":"default","ast-page-background-meta":{"desktop":{"background-color":"var(--ast-global-color-4)","background-image":"","background-repeat":"repeat","background-position":"center center","background-size":"auto","background-attachment":"scroll","background-type":"","background-media":"","overlay-type":"","overlay-color":"","overlay-opacity":"","overlay-gradient":""},"tablet":{"background-color":"","background-image":"","background-repeat":"repeat","background-position":"center center","background-size":"auto","background-attachment":"scroll","background-type":"","background-media":"","overlay-type":"","overlay-color":"","overlay-opacity":"","overlay-gradient":""},"mobile":{"background-color":"","background-image":"","background-repeat":"repeat","background-position":"center center","background-size":"auto","background-attachment":"scroll","background-type":"","background-media":"","overlay-type":"","overlay-color":"","overlay-opacity":"","overlay-gradient":""}},"ast-content-background-meta":{"desktop":{"background-color":"var(--ast-global-color-5)","background-image":"","background-repeat":"repeat","background-position":"center center","background-size":"auto","background-attachment":"scroll","background-type":"","background-media":"","overlay-type":"","overlay-color":"","overlay-opacity":"","overlay-gradient":""},"tablet":{"background-color":"var(--ast-global-color-5)","background-image":"","background-repeat":"repeat","background-position":"center center","background-size":"auto","background-attachment":"scroll","background-type":"","background-media":"","overlay-type":"","overlay-color":"","overlay-opacity":"","overlay-gradient":""},"mobile":{"background-color":"var(--ast-global-color-5)","background-image":"","background-repeat":"repeat","background-position":"center center","background-size":"auto","background-attachment":"scroll","background-type":"","background-media":"","overlay-type":"","overlay-color":"","overlay-opacity":"","overlay-gradient":""}}},"product_brand":[],"product_cat":[1000],"product_tag":[],"class_list":{"0":"post-3468","1":"product","2":"type-product","3":"status-publish","4":"has-post-thumbnail","6":"product_cat-hiking-camping-and-leisure-goods","7":"pa_itz31ho5-32mm-kuusikulmainen-varsi","8":"pa_itz31ho5-32mm-neliojalkainen-varsi","9":"pa_itz31ho5-32mm-pyorea-varsi","10":"pa_itz31ho5-42mm-kuusikulmainen-varsi","11":"pa_itz31ho5-42mm-nelion-varsi","12":"pa_itz31ho5-42mm-pyorea-varsi","13":"desktop-align-left","14":"tablet-align-left","15":"mobile-align-left","17":"first","18":"instock","19":"shipping-taxable","20":"purchasable","21":"product-type-variable"},"_links":{"self":[{"href":"https:\/\/keluvo.com\/fi\/wp-json\/wp\/v2\/product\/3468","targetHints":{"allow":["GET"]}}],"collection":[{"href":"https:\/\/keluvo.com\/fi\/wp-json\/wp\/v2\/product"}],"about":[{"href":"https:\/\/keluvo.com\/fi\/wp-json\/wp\/v2\/types\/product"}],"replies":[{"embeddable":true,"href":"https:\/\/keluvo.com\/fi\/wp-json\/wp\/v2\/comments?post=3468"}],"wp:featuredmedia":[{"embeddable":true,"href":"https:\/\/keluvo.com\/fi\/wp-json\/wp\/v2\/media\/3464"}],"wp:attachment":[{"href":"https:\/\/keluvo.com\/fi\/wp-json\/wp\/v2\/media?parent=3468"}],"wp:term":[{"taxonomy":"product_brand","embeddable":true,"href":"https:\/\/keluvo.com\/fi\/wp-json\/wp\/v2\/product_brand?post=3468"},{"taxonomy":"product_cat","embeddable":true,"href":"https:\/\/keluvo.com\/fi\/wp-json\/wp\/v2\/product_cat?post=3468"},{"taxonomy":"product_tag","embeddable":true,"href":"https:\/\/keluvo.com\/fi\/wp-json\/wp\/v2\/product_tag?post=3468"}],"curies":[{"name":"wp","href":"https:\/\/api.w.org\/{rel}","templated":true}]}}