{"id":3238,"date":"2024-11-12T11:10:53","date_gmt":"2024-11-12T09:10:53","guid":{"rendered":"https:\/\/keluvo.com\/fi\/product\/varkaudenestolaukku\/"},"modified":"2024-11-12T11:11:30","modified_gmt":"2024-11-12T09:11:30","slug":"varkaudenestolaukku","status":"publish","type":"product","link":"https:\/\/keluvo.com\/fi\/product\/varkaudenestolaukku\/","title":{"rendered":"Varkaudenestolaukku"},"content":{"rendered":"<h2 style=\"text-align: center\"><strong>Rakennettu korkealaatuisista materiaaleista<\/strong><\/h2>\n<p style=\"text-align: center\">T\u00e4m\u00e4 varkaudenestolaukku on valmistettu kest\u00e4v\u00e4st\u00e4 korkealaatuisesta polyesterist\u00e4, mik\u00e4 takaa pitk\u00e4ik\u00e4isen ja kulutusta kest\u00e4v\u00e4n kumppanin kaikille matkoillesi.<\/p>\n<h2 style=\"text-align: center\"><img fetchpriority=\"high\" decoding=\"async\" width=\"540\" height=\"540\" class=\"size-medium wp-image-1211 aligncenter\" src=\"https:\/\/keluvo.com\/template\/wp-content\/uploads\/sites\/5\/2024\/10\/0f8fb97c-24cf-43d4-8ec9-7f6116d38a44.png\" alt=\"\" srcset=\"https:\/\/keluvo.com\/fi\/wp-content\/uploads\/sites\/11\/2024\/10\/0f8fb97c-24cf-43d4-8ec9-7f6116d38a44.png 540w, https:\/\/keluvo.com\/fi\/wp-content\/uploads\/sites\/11\/2024\/10\/0f8fb97c-24cf-43d4-8ec9-7f6116d38a44-300x300.png 300w, https:\/\/keluvo.com\/fi\/wp-content\/uploads\/sites\/11\/2024\/10\/0f8fb97c-24cf-43d4-8ec9-7f6116d38a44-150x150.png 150w, https:\/\/keluvo.com\/fi\/wp-content\/uploads\/sites\/11\/2024\/10\/0f8fb97c-24cf-43d4-8ec9-7f6116d38a44-100x100.png 100w, https:\/\/keluvo.com\/fi\/wp-content\/uploads\/sites\/11\/2024\/10\/0f8fb97c-24cf-43d4-8ec9-7f6116d38a44-50x50.png 50w\" sizes=\"(max-width: 540px) 100vw, 540px\" \/><\/h2>\n<h2><\/h2>\n<h2 style=\"text-align: center\"><strong>Innovatiivinen varkaudenestosuunnittelu<\/strong><\/h2>\n<p style=\"text-align: center\">T\u00e4m\u00e4 laukku on varustettu useilla piilotetuilla lokeroilla ja turvallisilla vetoketjuilla, ja se on suunniteltu pit\u00e4m\u00e4\u00e4n arvotavarasi turvassa varkauksilta, mik\u00e4 tekee siit\u00e4 ihanteellisen kiireiseen kaupunkiel\u00e4m\u00e4\u00e4n tai matkoille.<\/p>\n<p><img decoding=\"async\" width=\"540\" height=\"540\" class=\"size-medium wp-image-1212 aligncenter\" src=\"https:\/\/keluvo.com\/template\/wp-content\/uploads\/sites\/5\/2024\/10\/5679e8ae-43ad-451c-8704-e2909bcb26ab.webp\" alt=\"\" srcset=\"https:\/\/keluvo.com\/fi\/wp-content\/uploads\/sites\/11\/2024\/10\/5679e8ae-43ad-451c-8704-e2909bcb26ab.webp 540w, https:\/\/keluvo.com\/fi\/wp-content\/uploads\/sites\/11\/2024\/10\/5679e8ae-43ad-451c-8704-e2909bcb26ab-300x300.webp 300w, https:\/\/keluvo.com\/fi\/wp-content\/uploads\/sites\/11\/2024\/10\/5679e8ae-43ad-451c-8704-e2909bcb26ab-150x150.webp 150w, https:\/\/keluvo.com\/fi\/wp-content\/uploads\/sites\/11\/2024\/10\/5679e8ae-43ad-451c-8704-e2909bcb26ab-100x100.webp 100w, https:\/\/keluvo.com\/fi\/wp-content\/uploads\/sites\/11\/2024\/10\/5679e8ae-43ad-451c-8704-e2909bcb26ab-50x50.webp 50w\" sizes=\"(max-width: 540px) 100vw, 540px\" \/><\/p>\n<h2><\/h2>\n<h2 style=\"text-align: center\"><strong>Laaja valikoima v\u00e4rivaihtoehtoja<\/strong><\/h2>\n<p style=\"text-align: center\">Valitse useista eri v\u00e4reist\u00e4 vastaamaan henkil\u00f6kohtaista tyyli\u00e4si. T\u00e4m\u00e4 monipuolinen laukku sopii t\u00e4ydellisesti yhteen mink\u00e4 tahansa vaatekaapin kanssa, varmistaen, ett\u00e4 n\u00e4yt\u00e4t hyv\u00e4lt\u00e4 samalla kun pid\u00e4t tavarasi turvassa.<\/p>\n<p><img decoding=\"async\" width=\"950\" height=\"950\" class=\"size-medium wp-image-1213 aligncenter\" src=\"https:\/\/keluvo.com\/template\/wp-content\/uploads\/sites\/5\/2024\/10\/e0198de0-5ca8-4abd-a0f9-a9a3a528de0e.webp\" alt=\"\" srcset=\"https:\/\/keluvo.com\/fi\/wp-content\/uploads\/sites\/11\/2024\/10\/e0198de0-5ca8-4abd-a0f9-a9a3a528de0e.webp 950w, https:\/\/keluvo.com\/fi\/wp-content\/uploads\/sites\/11\/2024\/10\/e0198de0-5ca8-4abd-a0f9-a9a3a528de0e-300x300.webp 300w, https:\/\/keluvo.com\/fi\/wp-content\/uploads\/sites\/11\/2024\/10\/e0198de0-5ca8-4abd-a0f9-a9a3a528de0e-150x150.webp 150w, https:\/\/keluvo.com\/fi\/wp-content\/uploads\/sites\/11\/2024\/10\/e0198de0-5ca8-4abd-a0f9-a9a3a528de0e-768x768.webp 768w, https:\/\/keluvo.com\/fi\/wp-content\/uploads\/sites\/11\/2024\/10\/e0198de0-5ca8-4abd-a0f9-a9a3a528de0e-600x600.webp 600w, https:\/\/keluvo.com\/fi\/wp-content\/uploads\/sites\/11\/2024\/10\/e0198de0-5ca8-4abd-a0f9-a9a3a528de0e-100x100.webp 100w, https:\/\/keluvo.com\/fi\/wp-content\/uploads\/sites\/11\/2024\/10\/e0198de0-5ca8-4abd-a0f9-a9a3a528de0e-50x50.webp 50w\" sizes=\"(max-width: 950px) 100vw, 950px\" \/><\/p>\n","protected":false},"excerpt":{"rendered":"<p>Rakennettu korkealaatuisista materiaaleista T\u00e4m\u00e4 varkaudenestolaukku on valmistettu kest\u00e4v\u00e4st\u00e4 korkealaatuisesta polyesterist\u00e4, mik\u00e4 takaa pitk\u00e4ik\u00e4isen ja kulutusta kest\u00e4v\u00e4n kumppanin kaikille matkoillesi. Innovatiivinen [&hellip;]<\/p>\n","protected":false},"featured_media":3234,"comment_status":"open","ping_status":"closed","template":"","meta":{"site-sidebar-layout":"default","site-content-layout":"","ast-site-content-layout":"default","site-content-style":"default","site-sidebar-style":"default","ast-global-header-display":"","ast-banner-title-visibility":"","ast-main-header-display":"","ast-hfb-above-header-display":"","ast-hfb-below-header-display":"","ast-hfb-mobile-header-display":"","site-post-title":"","ast-breadcrumbs-content":"","ast-featured-img":"","footer-sml-layout":"","theme-transparent-header-meta":"default","adv-header-id-meta":"","stick-header-meta":"","header-above-stick-meta":"","header-main-stick-meta":"","header-below-stick-meta":"","astra-migrate-meta-layouts":"set","ast-page-background-enabled":"default","ast-page-background-meta":{"desktop":{"background-color":"var(--ast-global-color-4)","background-image":"","background-repeat":"repeat","background-position":"center center","background-size":"auto","background-attachment":"scroll","background-type":"","background-media":"","overlay-type":"","overlay-color":"","overlay-opacity":"","overlay-gradient":""},"tablet":{"background-color":"","background-image":"","background-repeat":"repeat","background-position":"center center","background-size":"auto","background-attachment":"scroll","background-type":"","background-media":"","overlay-type":"","overlay-color":"","overlay-opacity":"","overlay-gradient":""},"mobile":{"background-color":"","background-image":"","background-repeat":"repeat","background-position":"center center","background-size":"auto","background-attachment":"scroll","background-type":"","background-media":"","overlay-type":"","overlay-color":"","overlay-opacity":"","overlay-gradient":""}},"ast-content-background-meta":{"desktop":{"background-color":"var(--ast-global-color-5)","background-image":"","background-repeat":"repeat","background-position":"center center","background-size":"auto","background-attachment":"scroll","background-type":"","background-media":"","overlay-type":"","overlay-color":"","overlay-opacity":"","overlay-gradient":""},"tablet":{"background-color":"var(--ast-global-color-5)","background-image":"","background-repeat":"repeat","background-position":"center center","background-size":"auto","background-attachment":"scroll","background-type":"","background-media":"","overlay-type":"","overlay-color":"","overlay-opacity":"","overlay-gradient":""},"mobile":{"background-color":"var(--ast-global-color-5)","background-image":"","background-repeat":"repeat","background-position":"center center","background-size":"auto","background-attachment":"scroll","background-type":"","background-media":"","overlay-type":"","overlay-color":"","overlay-opacity":"","overlay-gradient":""}}},"product_brand":[],"product_cat":[993,994],"product_tag":[],"class_list":{"0":"post-3238","1":"product","2":"type-product","3":"status-publish","4":"has-post-thumbnail","6":"product_cat-footwear-accessories","7":"product_cat-clothing-for-women","8":"pa_7iy245pt-harmaa","9":"pa_7iy245pt-musta","10":"pa_7iy245pt-musta-kuvioilla","11":"pa_7iy245pt-punainen","12":"pa_7iy245pt-punainen-kuvioilla","13":"pa_7iy245pt-tummansininen","14":"pa_7iy245pt-tummanvihrea","15":"pa_7iy245pt-vaaleanpunainen","16":"pa_7iy245pt-vaaleanpunainen-kuvioilla","17":"pa_7iy245pt-vaaleansininen","18":"pa_7iy245pt-vihrea","19":"pa_7iy245pt-violetti","20":"desktop-align-left","21":"tablet-align-left","22":"mobile-align-left","24":"first","25":"instock","26":"shipping-taxable","27":"purchasable","28":"product-type-variable"},"_links":{"self":[{"href":"https:\/\/keluvo.com\/fi\/wp-json\/wp\/v2\/product\/3238","targetHints":{"allow":["GET"]}}],"collection":[{"href":"https:\/\/keluvo.com\/fi\/wp-json\/wp\/v2\/product"}],"about":[{"href":"https:\/\/keluvo.com\/fi\/wp-json\/wp\/v2\/types\/product"}],"replies":[{"embeddable":true,"href":"https:\/\/keluvo.com\/fi\/wp-json\/wp\/v2\/comments?post=3238"}],"wp:featuredmedia":[{"embeddable":true,"href":"https:\/\/keluvo.com\/fi\/wp-json\/wp\/v2\/media\/3234"}],"wp:attachment":[{"href":"https:\/\/keluvo.com\/fi\/wp-json\/wp\/v2\/media?parent=3238"}],"wp:term":[{"taxonomy":"product_brand","embeddable":true,"href":"https:\/\/keluvo.com\/fi\/wp-json\/wp\/v2\/product_brand?post=3238"},{"taxonomy":"product_cat","embeddable":true,"href":"https:\/\/keluvo.com\/fi\/wp-json\/wp\/v2\/product_cat?post=3238"},{"taxonomy":"product_tag","embeddable":true,"href":"https:\/\/keluvo.com\/fi\/wp-json\/wp\/v2\/product_tag?post=3238"}],"curies":[{"name":"wp","href":"https:\/\/api.w.org\/{rel}","templated":true}]}}