{"id":2969,"date":"2024-11-09T18:13:10","date_gmt":"2024-11-09T16:13:10","guid":{"rendered":"https:\/\/keluvo.com\/fi\/product\/enkelin-siivet-kaulakoru\/"},"modified":"2025-09-15T17:29:48","modified_gmt":"2025-09-15T14:29:48","slug":"enkelin-siivet-kaulakoru","status":"publish","type":"product","link":"https:\/\/keluvo.com\/fi\/product\/enkelin-siivet-kaulakoru\/","title":{"rendered":"Enkelin siivet kaulakoru"},"content":{"rendered":"<h2 style=\"text-align: center;\"><strong>Elegantti enkelim\u00e4inen muotoilu<\/strong><\/h2>\n<p style=\"text-align: center;\">Enkelin siivet -riipuskaulakoru tuo ripauksen eleganssia sen herk\u00e4ll\u00e4 siipim\u00e4isell\u00e4 muotoilulla, joka symboloi suojelua ja armoa. T\u00e4m\u00e4 enkelin siipi\u00e4 muistuttava kaulakoru on kaunis muistutus toivosta ja voimasta. Se sopii t\u00e4ydellisesti lis\u00e4\u00e4m\u00e4\u00e4n ainutlaatuista charmia mihin tahansa asuun.<\/p>\n<p style=\"text-align: center;\">\u00a0<img decoding=\"async\" class=\"alignnone size-medium wp-image-2672\" src=\"https:\/\/keluvo.com\/template\/wp-content\/uploads\/sites\/5\/2024\/11\/30267d51-59d4-45ae-95fa-3997c4adff3b.webp\" alt=\"\" \/><\/p>\n<p><img decoding=\"async\" class=\"alignnone size-medium wp-image-2667 aligncenter\" src=\"https:\/\/keluvo.com\/template\/wp-content\/uploads\/sites\/5\/2024\/11\/e1c6da48-d829-4289-82fd-7b31c8273560 .webp\" alt=\"\" \/><\/p>\n<h2 style=\"text-align: center;\"><strong>Korkealaatuinen seosmateriaali<\/strong><\/h2>\n<p style=\"text-align: center;\">Kest\u00e4v\u00e4st\u00e4, korkealaatuisesta metalliseoksesta valmistettu enkelin siivet -riipuskaulakoru on sek\u00e4 kest\u00e4v\u00e4 ett\u00e4 tyylik\u00e4s. Hopeas\u00e4vyinen viimeistely tarjoaa ajattoman ilmeen, joten se sopii jokap\u00e4iv\u00e4iseen k\u00e4ytt\u00f6\u00f6n tai erityistilaisuuksiin. Nauti kest\u00e4v\u00e4st\u00e4 laadusta kaulakorussa, joka on suunniteltu kest\u00e4m\u00e4\u00e4n p\u00e4ivitt\u00e4ist\u00e4 k\u00e4ytt\u00f6\u00e4.<\/p>\n<p style=\"text-align: center;\">\u00a0<img decoding=\"async\" class=\"alignnone size-medium wp-image-2673\" src=\"https:\/\/keluvo.com\/template\/wp-content\/uploads\/sites\/5\/2024\/11\/1a3b9ac5-f743-4742-a114-acabc574599e.webp\" alt=\"\" \/><\/p>\n","protected":false},"excerpt":{"rendered":"<p>Elegantti enkelim\u00e4inen muotoilu Enkelin siivet -riipuskaulakoru tuo ripauksen eleganssia sen herk\u00e4ll\u00e4 siipim\u00e4isell\u00e4 muotoilulla, joka symboloi suojelua ja armoa. T\u00e4m\u00e4 enkelin [&hellip;]<\/p>\n","protected":false},"featured_media":2965,"comment_status":"open","ping_status":"closed","template":"","meta":{"site-sidebar-layout":"default","site-content-layout":"","ast-site-content-layout":"default","site-content-style":"default","site-sidebar-style":"default","ast-global-header-display":"","ast-banner-title-visibility":"","ast-main-header-display":"","ast-hfb-above-header-display":"","ast-hfb-below-header-display":"","ast-hfb-mobile-header-display":"","site-post-title":"","ast-breadcrumbs-content":"","ast-featured-img":"","footer-sml-layout":"","theme-transparent-header-meta":"default","adv-header-id-meta":"","stick-header-meta":"","header-above-stick-meta":"","header-main-stick-meta":"","header-below-stick-meta":"","astra-migrate-meta-layouts":"set","ast-page-background-enabled":"default","ast-page-background-meta":{"desktop":{"background-color":"var(--ast-global-color-4)","background-image":"","background-repeat":"repeat","background-position":"center center","background-size":"auto","background-attachment":"scroll","background-type":"","background-media":"","overlay-type":"","overlay-color":"","overlay-opacity":"","overlay-gradient":""},"tablet":{"background-color":"","background-image":"","background-repeat":"repeat","background-position":"center center","background-size":"auto","background-attachment":"scroll","background-type":"","background-media":"","overlay-type":"","overlay-color":"","overlay-opacity":"","overlay-gradient":""},"mobile":{"background-color":"","background-image":"","background-repeat":"repeat","background-position":"center center","background-size":"auto","background-attachment":"scroll","background-type":"","background-media":"","overlay-type":"","overlay-color":"","overlay-opacity":"","overlay-gradient":""}},"ast-content-background-meta":{"desktop":{"background-color":"var(--ast-global-color-5)","background-image":"","background-repeat":"repeat","background-position":"center center","background-size":"auto","background-attachment":"scroll","background-type":"","background-media":"","overlay-type":"","overlay-color":"","overlay-opacity":"","overlay-gradient":""},"tablet":{"background-color":"var(--ast-global-color-5)","background-image":"","background-repeat":"repeat","background-position":"center center","background-size":"auto","background-attachment":"scroll","background-type":"","background-media":"","overlay-type":"","overlay-color":"","overlay-opacity":"","overlay-gradient":""},"mobile":{"background-color":"var(--ast-global-color-5)","background-image":"","background-repeat":"repeat","background-position":"center center","background-size":"auto","background-attachment":"scroll","background-type":"","background-media":"","overlay-type":"","overlay-color":"","overlay-opacity":"","overlay-gradient":""}}},"product_brand":[],"product_cat":[993,994],"product_tag":[],"class_list":{"0":"post-2969","1":"product","2":"type-product","3":"status-publish","4":"has-post-thumbnail","6":"product_cat-footwear-accessories","7":"product_cat-clothing-for-women","8":"desktop-align-left","9":"tablet-align-left","10":"mobile-align-left","12":"first","13":"instock","14":"shipping-taxable","15":"purchasable","16":"product-type-simple"},"_links":{"self":[{"href":"https:\/\/keluvo.com\/fi\/wp-json\/wp\/v2\/product\/2969","targetHints":{"allow":["GET"]}}],"collection":[{"href":"https:\/\/keluvo.com\/fi\/wp-json\/wp\/v2\/product"}],"about":[{"href":"https:\/\/keluvo.com\/fi\/wp-json\/wp\/v2\/types\/product"}],"replies":[{"embeddable":true,"href":"https:\/\/keluvo.com\/fi\/wp-json\/wp\/v2\/comments?post=2969"}],"wp:featuredmedia":[{"embeddable":true,"href":"https:\/\/keluvo.com\/fi\/wp-json\/wp\/v2\/media\/2965"}],"wp:attachment":[{"href":"https:\/\/keluvo.com\/fi\/wp-json\/wp\/v2\/media?parent=2969"}],"wp:term":[{"taxonomy":"product_brand","embeddable":true,"href":"https:\/\/keluvo.com\/fi\/wp-json\/wp\/v2\/product_brand?post=2969"},{"taxonomy":"product_cat","embeddable":true,"href":"https:\/\/keluvo.com\/fi\/wp-json\/wp\/v2\/product_cat?post=2969"},{"taxonomy":"product_tag","embeddable":true,"href":"https:\/\/keluvo.com\/fi\/wp-json\/wp\/v2\/product_tag?post=2969"}],"curies":[{"name":"wp","href":"https:\/\/api.w.org\/{rel}","templated":true}]}}