{"id":2864,"date":"2024-11-07T10:35:55","date_gmt":"2024-11-07T08:35:55","guid":{"rendered":"https:\/\/keluvo.com\/fi\/product\/laakelaatikko\/"},"modified":"2025-03-13T13:41:11","modified_gmt":"2025-03-13T11:41:11","slug":"laakelaatikko","status":"publish","type":"product","link":"https:\/\/keluvo.com\/fi\/product\/laakelaatikko\/","title":{"rendered":"L\u00e4\u00e4kelaatikko"},"content":{"rendered":"<h2 style=\"text-align: center;\">Helppok\u00e4ytt\u00f6isyys kiertonupilla<\/h2>\n<p style=\"text-align: center;\">L\u00e4\u00e4kelaatikko on helppo avata k\u00e4ytt\u00e4j\u00e4yst\u00e4v\u00e4llisen kiertonupin avulla. Nuppi aukeaa helposti, jotta p\u00e4\u00e4set k\u00e4siksi sis\u00e4lle varastoituihin l\u00e4\u00e4kkeisiin ja tarvikkeisiin. Laatikossa on runsaasti tilaa erilaisten l\u00e4\u00e4kkeiden, sidetarpeiden ja muiden ensiaputarvikkeiden s\u00e4ilytt\u00e4miseen, joten kaikki on j\u00e4rjestyksess\u00e4 ja valmiina tarvittaessa.<\/p>\n<h2 style=\"text-align: center;\"><img decoding=\"async\" class=\"size-medium wp-image-4112 aligncenter\" src=\"https:\/\/keluvo.com\/no\/wp-content\/uploads\/sites\/10\/2024\/10\/0003.webp\" alt=\"\" \/><\/h2>\n<h2 style=\"text-align: center;\">Saatavana kolmessa koossa<\/h2>\n<p style=\"text-align: center;\">L\u00e4\u00e4kelaatikko on saatavana kolmessa koossa, jotta se sopii jokaisen henkil\u00f6n tai perheen tarpeisiin. Valitse pieni, keskikokoinen tai suuri, jotta kaikki tarvitsemasi mahtuu mukaan. Eri kokojen ansiosta se on t\u00e4ydellinen valinta sek\u00e4 yksitt\u00e4isille k\u00e4ytt\u00e4jille ett\u00e4 suurille perheille, jotka tarvitsevat lis\u00e4\u00e4 s\u00e4ilytystilaa. Se on tarpeeksi kompakti mahtuakseen taskuun, joten voit ottaa p\u00e4ivitt\u00e4iset pillerisi mukaasi minne ikin\u00e4 menetkin. T\u00e4m\u00e4 ominaisuus on ihanteellinen niille, jotka tarvitsevat nopean p\u00e4\u00e4syn pillereihins\u00e4 p\u00e4iv\u00e4n aikana.<\/p>\n<p style=\"text-align: center;\"><img decoding=\"async\" class=\"alignnone size-medium wp-image-4111\" src=\"https:\/\/keluvo.com\/no\/wp-content\/uploads\/sites\/10\/2024\/10\/2-combined.webp\" alt=\"\" \/><\/p>\n<h2 style=\"text-align: center;\">Ihanteellinen matkustamiseen<\/h2>\n<p style=\"text-align: center;\">T\u00e4m\u00e4 l\u00e4\u00e4kelaatikko on suunniteltu siten, ett\u00e4 se on helppo ottaa mukaan matkoille kevyen ja kannettavan rakenteensa ansiosta. Se on kompakti ja tilaa s\u00e4\u00e4st\u00e4v\u00e4, joten se on helppo ottaa mukaan minne tahansa. Tukevan kahvan ansiosta voit ottaa sen mukaan lomalle tai lyhyille matkoille, joten olet aina valmistautunut ja sinulla on v\u00e4ltt\u00e4m\u00e4tt\u00f6m\u00e4t tarvikkeet aina k\u00e4sill\u00e4.<\/p>\n<p style=\"text-align: center;\"><img decoding=\"async\" class=\"alignnone size-medium wp-image-4110\" src=\"https:\/\/keluvo.com\/no\/wp-content\/uploads\/sites\/10\/2024\/10\/0002.webp\" alt=\"\" \/><\/p>\n","protected":false},"excerpt":{"rendered":"<p>Helppok\u00e4ytt\u00f6isyys kiertonupilla L\u00e4\u00e4kelaatikko on helppo avata k\u00e4ytt\u00e4j\u00e4yst\u00e4v\u00e4llisen kiertonupin avulla. Nuppi aukeaa helposti, jotta p\u00e4\u00e4set k\u00e4siksi sis\u00e4lle varastoituihin l\u00e4\u00e4kkeisiin ja tarvikkeisiin. [&hellip;]<\/p>\n","protected":false},"featured_media":2860,"comment_status":"open","ping_status":"closed","template":"","meta":{"site-sidebar-layout":"default","site-content-layout":"","ast-site-content-layout":"default","site-content-style":"default","site-sidebar-style":"default","ast-global-header-display":"","ast-banner-title-visibility":"","ast-main-header-display":"","ast-hfb-above-header-display":"","ast-hfb-below-header-display":"","ast-hfb-mobile-header-display":"","site-post-title":"","ast-breadcrumbs-content":"","ast-featured-img":"","footer-sml-layout":"","theme-transparent-header-meta":"default","adv-header-id-meta":"","stick-header-meta":"","header-above-stick-meta":"","header-main-stick-meta":"","header-below-stick-meta":"","astra-migrate-meta-layouts":"set","ast-page-background-enabled":"default","ast-page-background-meta":{"desktop":{"background-color":"var(--ast-global-color-4)","background-image":"","background-repeat":"repeat","background-position":"center center","background-size":"auto","background-attachment":"scroll","background-type":"","background-media":"","overlay-type":"","overlay-color":"","overlay-opacity":"","overlay-gradient":""},"tablet":{"background-color":"","background-image":"","background-repeat":"repeat","background-position":"center center","background-size":"auto","background-attachment":"scroll","background-type":"","background-media":"","overlay-type":"","overlay-color":"","overlay-opacity":"","overlay-gradient":""},"mobile":{"background-color":"","background-image":"","background-repeat":"repeat","background-position":"center center","background-size":"auto","background-attachment":"scroll","background-type":"","background-media":"","overlay-type":"","overlay-color":"","overlay-opacity":"","overlay-gradient":""}},"ast-content-background-meta":{"desktop":{"background-color":"var(--ast-global-color-5)","background-image":"","background-repeat":"repeat","background-position":"center center","background-size":"auto","background-attachment":"scroll","background-type":"","background-media":"","overlay-type":"","overlay-color":"","overlay-opacity":"","overlay-gradient":""},"tablet":{"background-color":"var(--ast-global-color-5)","background-image":"","background-repeat":"repeat","background-position":"center center","background-size":"auto","background-attachment":"scroll","background-type":"","background-media":"","overlay-type":"","overlay-color":"","overlay-opacity":"","overlay-gradient":""},"mobile":{"background-color":"var(--ast-global-color-5)","background-image":"","background-repeat":"repeat","background-position":"center center","background-size":"auto","background-attachment":"scroll","background-type":"","background-media":"","overlay-type":"","overlay-color":"","overlay-opacity":"","overlay-gradient":""}}},"product_brand":[],"product_cat":[991],"product_tag":[],"class_list":{"0":"post-2864","1":"product","2":"type-product","3":"status-publish","4":"has-post-thumbnail","6":"product_cat-health-care-supplies","7":"pa_6ev6t9x2-punainen-vari","8":"pa_6ev6t9x2-valkoinen-vari","9":"pa_6ev6t9x2-vihrea-vari","10":"pa_w74yqm4j-pieni","11":"pa_w74yqm4j-medium","12":"pa_w74yqm4j-myymala","13":"desktop-align-left","14":"tablet-align-left","15":"mobile-align-left","17":"first","18":"instock","19":"shipping-taxable","20":"purchasable","21":"product-type-variable","22":"has-default-attributes"},"_links":{"self":[{"href":"https:\/\/keluvo.com\/fi\/wp-json\/wp\/v2\/product\/2864","targetHints":{"allow":["GET"]}}],"collection":[{"href":"https:\/\/keluvo.com\/fi\/wp-json\/wp\/v2\/product"}],"about":[{"href":"https:\/\/keluvo.com\/fi\/wp-json\/wp\/v2\/types\/product"}],"replies":[{"embeddable":true,"href":"https:\/\/keluvo.com\/fi\/wp-json\/wp\/v2\/comments?post=2864"}],"wp:featuredmedia":[{"embeddable":true,"href":"https:\/\/keluvo.com\/fi\/wp-json\/wp\/v2\/media\/2860"}],"wp:attachment":[{"href":"https:\/\/keluvo.com\/fi\/wp-json\/wp\/v2\/media?parent=2864"}],"wp:term":[{"taxonomy":"product_brand","embeddable":true,"href":"https:\/\/keluvo.com\/fi\/wp-json\/wp\/v2\/product_brand?post=2864"},{"taxonomy":"product_cat","embeddable":true,"href":"https:\/\/keluvo.com\/fi\/wp-json\/wp\/v2\/product_cat?post=2864"},{"taxonomy":"product_tag","embeddable":true,"href":"https:\/\/keluvo.com\/fi\/wp-json\/wp\/v2\/product_tag?post=2864"}],"curies":[{"name":"wp","href":"https:\/\/api.w.org\/{rel}","templated":true}]}}