{"id":2712,"date":"2024-11-06T15:29:53","date_gmt":"2024-11-06T13:29:53","guid":{"rendered":"https:\/\/keluvo.com\/fi\/product\/anti-slip-car-mat-puhelinpidike\/"},"modified":"2025-09-13T13:26:44","modified_gmt":"2025-09-13T10:26:44","slug":"anti-slip-matto-puhelinpidike","status":"publish","type":"product","link":"https:\/\/keluvo.com\/fi\/product\/anti-slip-matto-puhelinpidike\/","title":{"rendered":"Anti-Slip auton matto puhelinpidike"},"content":{"rendered":"<h2 style=\"text-align: center;\"><strong>Turvallinen, liukumaton pinta<\/strong><\/h2>\n<p style=\"text-align: center;\">Anti-Slip Car Mat tarjoaa vakaan, liukumattoman pinnan kojelaudalla oleville esineille ja est\u00e4\u00e4 puhelimia ja pieni\u00e4 esineit\u00e4 liukumasta. T\u00e4m\u00e4 matto ei vaadi magneetteja tai imukuppeja, joten se voidaan asettaa suoraan kojelaudalle ja se on k\u00e4ytt\u00f6valmis.<\/p>\n<p><img fetchpriority=\"high\" decoding=\"async\" width=\"1124\" height=\"800\" class=\"alignnone size-medium wp-image-2058 aligncenter\" src=\"https:\/\/keluvo.com\/template\/wp-content\/uploads\/sites\/5\/2024\/10\/Car-Anti-Slip-Mat-Auto-Phone-Holder-Non-Slip-Anti-Slide-Mat-Dashboard-Phone-Mount-Silicone.jpg_-1.png\" alt=\"\" srcset=\"https:\/\/keluvo.com\/fi\/wp-content\/uploads\/sites\/11\/2024\/10\/Car-Anti-Slip-Mat-Auto-Phone-Holder-Non-Slip-Anti-Slide-Mat-Dashboard-Phone-Mount-Silicone.jpg_-1.png 1124w, https:\/\/keluvo.com\/fi\/wp-content\/uploads\/sites\/11\/2024\/10\/Car-Anti-Slip-Mat-Auto-Phone-Holder-Non-Slip-Anti-Slide-Mat-Dashboard-Phone-Mount-Silicone.jpg_-1-300x214.png 300w, https:\/\/keluvo.com\/fi\/wp-content\/uploads\/sites\/11\/2024\/10\/Car-Anti-Slip-Mat-Auto-Phone-Holder-Non-Slip-Anti-Slide-Mat-Dashboard-Phone-Mount-Silicone.jpg_-1-1024x729.png 1024w, https:\/\/keluvo.com\/fi\/wp-content\/uploads\/sites\/11\/2024\/10\/Car-Anti-Slip-Mat-Auto-Phone-Holder-Non-Slip-Anti-Slide-Mat-Dashboard-Phone-Mount-Silicone.jpg_-1-768x547.png 768w, https:\/\/keluvo.com\/fi\/wp-content\/uploads\/sites\/11\/2024\/10\/Car-Anti-Slip-Mat-Auto-Phone-Holder-Non-Slip-Anti-Slide-Mat-Dashboard-Phone-Mount-Silicone.jpg_-1-600x427.png 600w\" sizes=\"(max-width: 1124px) 100vw, 1124px\" \/><\/p>\n<h2 style=\"text-align: center;\"><strong>360\u00b0 py\u00f6riv\u00e4 puhelimen pidike<\/strong><\/h2>\n<p style=\"text-align: center;\">T\u00e4ss\u00e4 liukastumista est\u00e4v\u00e4ss\u00e4 autonmatossa on 360 astetta k\u00e4\u00e4ntyv\u00e4 puhelimen pidike, jonka avulla voit s\u00e4\u00e4t\u00e4\u00e4 puhelimesi mihin tahansa katselukulmaan. Se tarjoaa helpon p\u00e4\u00e4syn n\u00e4yt\u00f6lle, olipa kyseess\u00e4 vaaka- tai pystysuora katselu, ja pit\u00e4\u00e4 puhelimen turvassa ajon aikana.<\/p>\n<p><img decoding=\"async\" width=\"1000\" height=\"1000\" class=\"alignnone size-medium wp-image-2063 aligncenter\" src=\"https:\/\/keluvo.com\/template\/wp-content\/uploads\/sites\/5\/2024\/10\/For-Wear-Vehicles-Mat-Pad-Phone-Holder-Mobile-Anti-slip-Multifunctional-NON-SLIP-For-Automotive-Led.jpg_-2.png\" alt=\"\" srcset=\"https:\/\/keluvo.com\/fi\/wp-content\/uploads\/sites\/11\/2024\/10\/For-Wear-Vehicles-Mat-Pad-Phone-Holder-Mobile-Anti-slip-Multifunctional-NON-SLIP-For-Automotive-Led.jpg_-2.png 1000w, https:\/\/keluvo.com\/fi\/wp-content\/uploads\/sites\/11\/2024\/10\/For-Wear-Vehicles-Mat-Pad-Phone-Holder-Mobile-Anti-slip-Multifunctional-NON-SLIP-For-Automotive-Led.jpg_-2-300x300.png 300w, https:\/\/keluvo.com\/fi\/wp-content\/uploads\/sites\/11\/2024\/10\/For-Wear-Vehicles-Mat-Pad-Phone-Holder-Mobile-Anti-slip-Multifunctional-NON-SLIP-For-Automotive-Led.jpg_-2-150x150.png 150w, https:\/\/keluvo.com\/fi\/wp-content\/uploads\/sites\/11\/2024\/10\/For-Wear-Vehicles-Mat-Pad-Phone-Holder-Mobile-Anti-slip-Multifunctional-NON-SLIP-For-Automotive-Led.jpg_-2-768x768.png 768w, https:\/\/keluvo.com\/fi\/wp-content\/uploads\/sites\/11\/2024\/10\/For-Wear-Vehicles-Mat-Pad-Phone-Holder-Mobile-Anti-slip-Multifunctional-NON-SLIP-For-Automotive-Led.jpg_-2-600x600.png 600w, https:\/\/keluvo.com\/fi\/wp-content\/uploads\/sites\/11\/2024\/10\/For-Wear-Vehicles-Mat-Pad-Phone-Holder-Mobile-Anti-slip-Multifunctional-NON-SLIP-For-Automotive-Led.jpg_-2-100x100.png 100w, https:\/\/keluvo.com\/fi\/wp-content\/uploads\/sites\/11\/2024\/10\/For-Wear-Vehicles-Mat-Pad-Phone-Holder-Mobile-Anti-slip-Multifunctional-NON-SLIP-For-Automotive-Led.jpg_-2-50x50.png 50w\" sizes=\"(max-width: 1000px) 100vw, 1000px\" \/><\/p>\n","protected":false},"excerpt":{"rendered":"<p>Turvallinen, liukumaton pinta Anti-Slip Car Mat tarjoaa vakaan, liukumattoman pinnan kojelaudalla oleville esineille ja est\u00e4\u00e4 puhelimia ja pieni\u00e4 esineit\u00e4 liukumasta. [&hellip;]<\/p>\n","protected":false},"featured_media":2708,"comment_status":"open","ping_status":"closed","template":"","meta":{"site-sidebar-layout":"default","site-content-layout":"","ast-site-content-layout":"default","site-content-style":"default","site-sidebar-style":"default","ast-global-header-display":"","ast-banner-title-visibility":"","ast-main-header-display":"","ast-hfb-above-header-display":"","ast-hfb-below-header-display":"","ast-hfb-mobile-header-display":"","site-post-title":"","ast-breadcrumbs-content":"","ast-featured-img":"","footer-sml-layout":"","theme-transparent-header-meta":"default","adv-header-id-meta":"","stick-header-meta":"","header-above-stick-meta":"","header-main-stick-meta":"","header-below-stick-meta":"","astra-migrate-meta-layouts":"set","ast-page-background-enabled":"default","ast-page-background-meta":{"desktop":{"background-color":"var(--ast-global-color-4)","background-image":"","background-repeat":"repeat","background-position":"center center","background-size":"auto","background-attachment":"scroll","background-type":"","background-media":"","overlay-type":"","overlay-color":"","overlay-opacity":"","overlay-gradient":""},"tablet":{"background-color":"","background-image":"","background-repeat":"repeat","background-position":"center center","background-size":"auto","background-attachment":"scroll","background-type":"","background-media":"","overlay-type":"","overlay-color":"","overlay-opacity":"","overlay-gradient":""},"mobile":{"background-color":"","background-image":"","background-repeat":"repeat","background-position":"center center","background-size":"auto","background-attachment":"scroll","background-type":"","background-media":"","overlay-type":"","overlay-color":"","overlay-opacity":"","overlay-gradient":""}},"ast-content-background-meta":{"desktop":{"background-color":"var(--ast-global-color-5)","background-image":"","background-repeat":"repeat","background-position":"center center","background-size":"auto","background-attachment":"scroll","background-type":"","background-media":"","overlay-type":"","overlay-color":"","overlay-opacity":"","overlay-gradient":""},"tablet":{"background-color":"var(--ast-global-color-5)","background-image":"","background-repeat":"repeat","background-position":"center center","background-size":"auto","background-attachment":"scroll","background-type":"","background-media":"","overlay-type":"","overlay-color":"","overlay-opacity":"","overlay-gradient":""},"mobile":{"background-color":"var(--ast-global-color-5)","background-image":"","background-repeat":"repeat","background-position":"center center","background-size":"auto","background-attachment":"scroll","background-type":"","background-media":"","overlay-type":"","overlay-color":"","overlay-opacity":"","overlay-gradient":""}}},"product_brand":[],"product_cat":[993],"product_tag":[],"class_list":{"0":"post-2712","1":"product","2":"type-product","3":"status-publish","4":"has-post-thumbnail","6":"product_cat-footwear-accessories","7":"pa_xhsoe5wz-punainen","8":"pa_xhsoe5wz-sininen","9":"pa_xhsoe5wz-valkoinen","10":"desktop-align-left","11":"tablet-align-left","12":"mobile-align-left","14":"first","15":"instock","16":"shipping-taxable","17":"purchasable","18":"product-type-variable"},"_links":{"self":[{"href":"https:\/\/keluvo.com\/fi\/wp-json\/wp\/v2\/product\/2712","targetHints":{"allow":["GET"]}}],"collection":[{"href":"https:\/\/keluvo.com\/fi\/wp-json\/wp\/v2\/product"}],"about":[{"href":"https:\/\/keluvo.com\/fi\/wp-json\/wp\/v2\/types\/product"}],"replies":[{"embeddable":true,"href":"https:\/\/keluvo.com\/fi\/wp-json\/wp\/v2\/comments?post=2712"}],"wp:featuredmedia":[{"embeddable":true,"href":"https:\/\/keluvo.com\/fi\/wp-json\/wp\/v2\/media\/2708"}],"wp:attachment":[{"href":"https:\/\/keluvo.com\/fi\/wp-json\/wp\/v2\/media?parent=2712"}],"wp:term":[{"taxonomy":"product_brand","embeddable":true,"href":"https:\/\/keluvo.com\/fi\/wp-json\/wp\/v2\/product_brand?post=2712"},{"taxonomy":"product_cat","embeddable":true,"href":"https:\/\/keluvo.com\/fi\/wp-json\/wp\/v2\/product_cat?post=2712"},{"taxonomy":"product_tag","embeddable":true,"href":"https:\/\/keluvo.com\/fi\/wp-json\/wp\/v2\/product_tag?post=2712"}],"curies":[{"name":"wp","href":"https:\/\/api.w.org\/{rel}","templated":true}]}}