{"id":2671,"date":"2024-11-06T14:47:24","date_gmt":"2024-11-06T12:47:24","guid":{"rendered":"https:\/\/keluvo.com\/fi\/product\/lattiamopin-puhdistus\/"},"modified":"2024-11-06T17:13:34","modified_gmt":"2024-11-06T15:13:34","slug":"lattiamopin-puhdistus","status":"publish","type":"product","link":"https:\/\/keluvo.com\/fi\/product\/lattiamopin-puhdistus\/","title":{"rendered":"Lattiamopin puhdistus"},"content":{"rendered":"<h2 style=\"text-align: center;\"><strong> 360\u00b0 joustava puhdistus<\/strong><\/h2>\n<p style=\"text-align: center;\">Lattiamopin puhdistus on suunniteltu 360\u00b0 k\u00e4\u00e4ntyv\u00e4ll\u00e4 p\u00e4\u00e4h\u00e4n, joten sill\u00e4 on helppo p\u00e4\u00e4st\u00e4 huonekalujen alle ja ahtaisiin tiloihin. T\u00e4m\u00e4 joustava muotoilu takaa t\u00e4ydellisen puhdistuksen tavoittamalla alueet, joihin p\u00f6lyll\u00e4 on taipumus ker\u00e4\u00e4nty\u00e4, ja antaa kodillesi tahrattoman lopputuloksen ilman, ett\u00e4 kulmat j\u00e4\u00e4v\u00e4t huomaamatta.<\/p>\n<p><img fetchpriority=\"high\" decoding=\"async\" width=\"800\" height=\"800\" class=\"alignnone size-medium wp-image-1998 aligncenter\" src=\"https:\/\/keluvo.com\/template\/wp-content\/uploads\/sites\/5\/2024\/10\/2378570c-b83f-4333-aa1c-ab0e4a8a8463.webp\" alt=\"\" srcset=\"https:\/\/keluvo.com\/fi\/wp-content\/uploads\/sites\/11\/2024\/10\/2378570c-b83f-4333-aa1c-ab0e4a8a8463.webp 800w, https:\/\/keluvo.com\/fi\/wp-content\/uploads\/sites\/11\/2024\/10\/2378570c-b83f-4333-aa1c-ab0e4a8a8463-300x300.webp 300w, https:\/\/keluvo.com\/fi\/wp-content\/uploads\/sites\/11\/2024\/10\/2378570c-b83f-4333-aa1c-ab0e4a8a8463-150x150.webp 150w, https:\/\/keluvo.com\/fi\/wp-content\/uploads\/sites\/11\/2024\/10\/2378570c-b83f-4333-aa1c-ab0e4a8a8463-768x768.webp 768w, https:\/\/keluvo.com\/fi\/wp-content\/uploads\/sites\/11\/2024\/10\/2378570c-b83f-4333-aa1c-ab0e4a8a8463-600x600.webp 600w, https:\/\/keluvo.com\/fi\/wp-content\/uploads\/sites\/11\/2024\/10\/2378570c-b83f-4333-aa1c-ab0e4a8a8463-100x100.webp 100w, https:\/\/keluvo.com\/fi\/wp-content\/uploads\/sites\/11\/2024\/10\/2378570c-b83f-4333-aa1c-ab0e4a8a8463-50x50.webp 50w\" sizes=\"(max-width: 800px) 100vw, 800px\" \/><\/p>\n<h2 style=\"text-align: center;\"><strong> Helppok\u00e4ytt\u00f6inen pitk\u00e4 napa<\/strong><\/h2>\n<p style=\"text-align: center;\">Varustettu pitk\u00e4ll\u00e4, tukeva varsi, t\u00e4m\u00e4 moppi v\u00e4hent\u00e4\u00e4 tarvetta kumartua ja kyykisty\u00e4, mik\u00e4 tekee siivoamisesta mukavampaa. Kahva on vahva ja kest\u00e4v\u00e4, joten voit luottaa siihen, ett\u00e4 se ei katkea k\u00e4yt\u00f6n aikana, ja mahdollistaa pitk\u00e4nkin siivouksen ilman rasitusta.<\/p>\n<p><img decoding=\"async\" width=\"800\" height=\"800\" class=\"alignnone size-medium wp-image-1997 aligncenter\" src=\"https:\/\/keluvo.com\/template\/wp-content\/uploads\/sites\/5\/2024\/10\/50705257-3598-4a38-8347-6e42f00f26ec.webp\" alt=\"\" srcset=\"https:\/\/keluvo.com\/fi\/wp-content\/uploads\/sites\/11\/2024\/10\/50705257-3598-4a38-8347-6e42f00f26ec.webp 800w, https:\/\/keluvo.com\/fi\/wp-content\/uploads\/sites\/11\/2024\/10\/50705257-3598-4a38-8347-6e42f00f26ec-300x300.webp 300w, https:\/\/keluvo.com\/fi\/wp-content\/uploads\/sites\/11\/2024\/10\/50705257-3598-4a38-8347-6e42f00f26ec-150x150.webp 150w, https:\/\/keluvo.com\/fi\/wp-content\/uploads\/sites\/11\/2024\/10\/50705257-3598-4a38-8347-6e42f00f26ec-768x768.webp 768w, https:\/\/keluvo.com\/fi\/wp-content\/uploads\/sites\/11\/2024\/10\/50705257-3598-4a38-8347-6e42f00f26ec-600x600.webp 600w, https:\/\/keluvo.com\/fi\/wp-content\/uploads\/sites\/11\/2024\/10\/50705257-3598-4a38-8347-6e42f00f26ec-100x100.webp 100w, https:\/\/keluvo.com\/fi\/wp-content\/uploads\/sites\/11\/2024\/10\/50705257-3598-4a38-8347-6e42f00f26ec-50x50.webp 50w\" sizes=\"(max-width: 800px) 100vw, 800px\" \/><\/p>\n","protected":false},"excerpt":{"rendered":"<p>360\u00b0 joustava puhdistus Lattiamopin puhdistus on suunniteltu 360\u00b0 k\u00e4\u00e4ntyv\u00e4ll\u00e4 p\u00e4\u00e4h\u00e4n, joten sill\u00e4 on helppo p\u00e4\u00e4st\u00e4 huonekalujen alle ja ahtaisiin tiloihin. [&hellip;]<\/p>\n","protected":false},"featured_media":2667,"comment_status":"open","ping_status":"closed","template":"","meta":{"site-sidebar-layout":"default","site-content-layout":"","ast-site-content-layout":"default","site-content-style":"default","site-sidebar-style":"default","ast-global-header-display":"","ast-banner-title-visibility":"","ast-main-header-display":"","ast-hfb-above-header-display":"","ast-hfb-below-header-display":"","ast-hfb-mobile-header-display":"","site-post-title":"","ast-breadcrumbs-content":"","ast-featured-img":"","footer-sml-layout":"","theme-transparent-header-meta":"default","adv-header-id-meta":"","stick-header-meta":"","header-above-stick-meta":"","header-main-stick-meta":"","header-below-stick-meta":"","astra-migrate-meta-layouts":"set","ast-page-background-enabled":"default","ast-page-background-meta":{"desktop":{"background-color":"var(--ast-global-color-4)","background-image":"","background-repeat":"repeat","background-position":"center center","background-size":"auto","background-attachment":"scroll","background-type":"","background-media":"","overlay-type":"","overlay-color":"","overlay-opacity":"","overlay-gradient":""},"tablet":{"background-color":"","background-image":"","background-repeat":"repeat","background-position":"center center","background-size":"auto","background-attachment":"scroll","background-type":"","background-media":"","overlay-type":"","overlay-color":"","overlay-opacity":"","overlay-gradient":""},"mobile":{"background-color":"","background-image":"","background-repeat":"repeat","background-position":"center center","background-size":"auto","background-attachment":"scroll","background-type":"","background-media":"","overlay-type":"","overlay-color":"","overlay-opacity":"","overlay-gradient":""}},"ast-content-background-meta":{"desktop":{"background-color":"var(--ast-global-color-5)","background-image":"","background-repeat":"repeat","background-position":"center center","background-size":"auto","background-attachment":"scroll","background-type":"","background-media":"","overlay-type":"","overlay-color":"","overlay-opacity":"","overlay-gradient":""},"tablet":{"background-color":"var(--ast-global-color-5)","background-image":"","background-repeat":"repeat","background-position":"center center","background-size":"auto","background-attachment":"scroll","background-type":"","background-media":"","overlay-type":"","overlay-color":"","overlay-opacity":"","overlay-gradient":""},"mobile":{"background-color":"var(--ast-global-color-5)","background-image":"","background-repeat":"repeat","background-position":"center center","background-size":"auto","background-attachment":"scroll","background-type":"","background-media":"","overlay-type":"","overlay-color":"","overlay-opacity":"","overlay-gradient":""}}},"product_brand":[],"product_cat":[1001],"product_tag":[],"class_list":{"0":"post-2671","1":"product","2":"type-product","3":"status-publish","4":"has-post-thumbnail","6":"product_cat-household-goods","7":"pa_az6pr5pw-sininen","8":"pa_az6pr5pw-valkoinen","9":"pa_h0mxhfh5-6-ratti","10":"desktop-align-left","11":"tablet-align-left","12":"mobile-align-left","14":"first","15":"instock","16":"shipping-taxable","17":"purchasable","18":"product-type-variable","19":"has-default-attributes"},"_links":{"self":[{"href":"https:\/\/keluvo.com\/fi\/wp-json\/wp\/v2\/product\/2671","targetHints":{"allow":["GET"]}}],"collection":[{"href":"https:\/\/keluvo.com\/fi\/wp-json\/wp\/v2\/product"}],"about":[{"href":"https:\/\/keluvo.com\/fi\/wp-json\/wp\/v2\/types\/product"}],"replies":[{"embeddable":true,"href":"https:\/\/keluvo.com\/fi\/wp-json\/wp\/v2\/comments?post=2671"}],"wp:featuredmedia":[{"embeddable":true,"href":"https:\/\/keluvo.com\/fi\/wp-json\/wp\/v2\/media\/2667"}],"wp:attachment":[{"href":"https:\/\/keluvo.com\/fi\/wp-json\/wp\/v2\/media?parent=2671"}],"wp:term":[{"taxonomy":"product_brand","embeddable":true,"href":"https:\/\/keluvo.com\/fi\/wp-json\/wp\/v2\/product_brand?post=2671"},{"taxonomy":"product_cat","embeddable":true,"href":"https:\/\/keluvo.com\/fi\/wp-json\/wp\/v2\/product_cat?post=2671"},{"taxonomy":"product_tag","embeddable":true,"href":"https:\/\/keluvo.com\/fi\/wp-json\/wp\/v2\/product_tag?post=2671"}],"curies":[{"name":"wp","href":"https:\/\/api.w.org\/{rel}","templated":true}]}}