{"id":2654,"date":"2024-11-06T14:46:12","date_gmt":"2024-11-06T12:46:12","guid":{"rendered":"https:\/\/keluvo.com\/fi\/product\/kannettava-langaton-hiustenkuivaaja\/"},"modified":"2024-11-06T17:10:09","modified_gmt":"2024-11-06T15:10:09","slug":"langaton-hiustenkuivaaja","status":"publish","type":"product","link":"https:\/\/keluvo.com\/fi\/product\/langaton-hiustenkuivaaja\/","title":{"rendered":"Kannettava langaton hiustenkuivaaja"},"content":{"rendered":"<h2 style=\"text-align: center;\"><strong>Turvallinen ja helppok\u00e4ytt\u00f6inen<\/strong><\/h2>\n<p style=\"text-align: center;\">T\u00e4ss\u00e4 hiustenkuivaajassa on kuumuutta kest\u00e4v\u00e4 ulkokerros ja kelluva l\u00e4mmityslevy, joka mukautuu hiusten paksuuden mukaan tasaisen l\u00e4mm\u00f6njakautumisen varmistamiseksi. USB-latausyhteensopivuuden ansiosta se on helppo ladata virtal\u00e4hteist\u00e4 tai kannettavista tietokoneista, joten tyylisi on aina ulottuvillasi.<\/p>\n<p><img fetchpriority=\"high\" decoding=\"async\" width=\"800\" height=\"800\" class=\"alignnone size-medium wp-image-2113 aligncenter\" src=\"https:\/\/keluvo.com\/template\/wp-content\/uploads\/sites\/5\/2024\/10\/S890b43bfdd9b43078fd02da9f4ea60b42.png\" alt=\"\" srcset=\"https:\/\/keluvo.com\/fi\/wp-content\/uploads\/sites\/11\/2024\/10\/S890b43bfdd9b43078fd02da9f4ea60b42.png 800w, https:\/\/keluvo.com\/fi\/wp-content\/uploads\/sites\/11\/2024\/10\/S890b43bfdd9b43078fd02da9f4ea60b42-300x300.png 300w, https:\/\/keluvo.com\/fi\/wp-content\/uploads\/sites\/11\/2024\/10\/S890b43bfdd9b43078fd02da9f4ea60b42-150x150.png 150w, https:\/\/keluvo.com\/fi\/wp-content\/uploads\/sites\/11\/2024\/10\/S890b43bfdd9b43078fd02da9f4ea60b42-768x768.png 768w, https:\/\/keluvo.com\/fi\/wp-content\/uploads\/sites\/11\/2024\/10\/S890b43bfdd9b43078fd02da9f4ea60b42-600x600.png 600w, https:\/\/keluvo.com\/fi\/wp-content\/uploads\/sites\/11\/2024\/10\/S890b43bfdd9b43078fd02da9f4ea60b42-100x100.png 100w, https:\/\/keluvo.com\/fi\/wp-content\/uploads\/sites\/11\/2024\/10\/S890b43bfdd9b43078fd02da9f4ea60b42-50x50.png 50w\" sizes=\"(max-width: 800px) 100vw, 800px\" \/><\/p>\n<h2 style=\"text-align: center;\"><strong>USB Ladattava<\/strong><\/h2>\n<p style=\"text-align: center;\">Lataa kannettava langaton hiustenkuivaaja mill\u00e4 tahansa USB-virtal\u00e4hteell\u00e4, kannettavista tietokoneista kannettaviin latureihin. Se on tehokas ja helppok\u00e4ytt\u00f6inen, sill\u00e4 se tarjoaa langattoman kokemuksen, joka poistaa johtojen aiheuttaman vaivan ja tekee muotoilusta suoraviivaista ja nopeaa.<\/p>\n<p><img decoding=\"async\" width=\"800\" height=\"800\" class=\"alignnone size-medium wp-image-2114 aligncenter\" src=\"https:\/\/keluvo.com\/template\/wp-content\/uploads\/sites\/5\/2024\/10\/S1e6b797bfb18495d8559a5439658b1b9X.png\" alt=\"\" srcset=\"https:\/\/keluvo.com\/fi\/wp-content\/uploads\/sites\/11\/2024\/10\/S1e6b797bfb18495d8559a5439658b1b9X.png 800w, https:\/\/keluvo.com\/fi\/wp-content\/uploads\/sites\/11\/2024\/10\/S1e6b797bfb18495d8559a5439658b1b9X-300x300.png 300w, https:\/\/keluvo.com\/fi\/wp-content\/uploads\/sites\/11\/2024\/10\/S1e6b797bfb18495d8559a5439658b1b9X-150x150.png 150w, https:\/\/keluvo.com\/fi\/wp-content\/uploads\/sites\/11\/2024\/10\/S1e6b797bfb18495d8559a5439658b1b9X-768x768.png 768w, https:\/\/keluvo.com\/fi\/wp-content\/uploads\/sites\/11\/2024\/10\/S1e6b797bfb18495d8559a5439658b1b9X-600x600.png 600w, https:\/\/keluvo.com\/fi\/wp-content\/uploads\/sites\/11\/2024\/10\/S1e6b797bfb18495d8559a5439658b1b9X-100x100.png 100w, https:\/\/keluvo.com\/fi\/wp-content\/uploads\/sites\/11\/2024\/10\/S1e6b797bfb18495d8559a5439658b1b9X-50x50.png 50w\" sizes=\"(max-width: 800px) 100vw, 800px\" \/><\/p>\n","protected":false},"excerpt":{"rendered":"<p>Turvallinen ja helppok\u00e4ytt\u00f6inen T\u00e4ss\u00e4 hiustenkuivaajassa on kuumuutta kest\u00e4v\u00e4 ulkokerros ja kelluva l\u00e4mmityslevy, joka mukautuu hiusten paksuuden mukaan tasaisen l\u00e4mm\u00f6njakautumisen varmistamiseksi. [&hellip;]<\/p>\n","protected":false},"featured_media":2650,"comment_status":"open","ping_status":"closed","template":"","meta":{"site-sidebar-layout":"default","site-content-layout":"","ast-site-content-layout":"default","site-content-style":"default","site-sidebar-style":"default","ast-global-header-display":"","ast-banner-title-visibility":"","ast-main-header-display":"","ast-hfb-above-header-display":"","ast-hfb-below-header-display":"","ast-hfb-mobile-header-display":"","site-post-title":"","ast-breadcrumbs-content":"","ast-featured-img":"","footer-sml-layout":"","theme-transparent-header-meta":"default","adv-header-id-meta":"","stick-header-meta":"","header-above-stick-meta":"","header-main-stick-meta":"","header-below-stick-meta":"","astra-migrate-meta-layouts":"set","ast-page-background-enabled":"default","ast-page-background-meta":{"desktop":{"background-color":"var(--ast-global-color-4)","background-image":"","background-repeat":"repeat","background-position":"center center","background-size":"auto","background-attachment":"scroll","background-type":"","background-media":"","overlay-type":"","overlay-color":"","overlay-opacity":"","overlay-gradient":""},"tablet":{"background-color":"","background-image":"","background-repeat":"repeat","background-position":"center center","background-size":"auto","background-attachment":"scroll","background-type":"","background-media":"","overlay-type":"","overlay-color":"","overlay-opacity":"","overlay-gradient":""},"mobile":{"background-color":"","background-image":"","background-repeat":"repeat","background-position":"center center","background-size":"auto","background-attachment":"scroll","background-type":"","background-media":"","overlay-type":"","overlay-color":"","overlay-opacity":"","overlay-gradient":""}},"ast-content-background-meta":{"desktop":{"background-color":"var(--ast-global-color-5)","background-image":"","background-repeat":"repeat","background-position":"center center","background-size":"auto","background-attachment":"scroll","background-type":"","background-media":"","overlay-type":"","overlay-color":"","overlay-opacity":"","overlay-gradient":""},"tablet":{"background-color":"var(--ast-global-color-5)","background-image":"","background-repeat":"repeat","background-position":"center center","background-size":"auto","background-attachment":"scroll","background-type":"","background-media":"","overlay-type":"","overlay-color":"","overlay-opacity":"","overlay-gradient":""},"mobile":{"background-color":"var(--ast-global-color-5)","background-image":"","background-repeat":"repeat","background-position":"center center","background-size":"auto","background-attachment":"scroll","background-type":"","background-media":"","overlay-type":"","overlay-color":"","overlay-opacity":"","overlay-gradient":""}}},"product_brand":[],"product_cat":[992],"product_tag":[],"class_list":{"0":"post-2654","1":"product","2":"type-product","3":"status-publish","4":"has-post-thumbnail","6":"product_cat-beauty-and-hygiene-products","7":"pa_cy5d4m8c-sininen","8":"pa_cy5d4m8c-vaaleanpunainen","9":"pa_cy5d4m8c-valkoinen","10":"pa_cy5d4m8c-vihrea","11":"desktop-align-left","12":"tablet-align-left","13":"mobile-align-left","15":"first","16":"instock","17":"shipping-taxable","18":"purchasable","19":"product-type-variable"},"_links":{"self":[{"href":"https:\/\/keluvo.com\/fi\/wp-json\/wp\/v2\/product\/2654","targetHints":{"allow":["GET"]}}],"collection":[{"href":"https:\/\/keluvo.com\/fi\/wp-json\/wp\/v2\/product"}],"about":[{"href":"https:\/\/keluvo.com\/fi\/wp-json\/wp\/v2\/types\/product"}],"replies":[{"embeddable":true,"href":"https:\/\/keluvo.com\/fi\/wp-json\/wp\/v2\/comments?post=2654"}],"wp:featuredmedia":[{"embeddable":true,"href":"https:\/\/keluvo.com\/fi\/wp-json\/wp\/v2\/media\/2650"}],"wp:attachment":[{"href":"https:\/\/keluvo.com\/fi\/wp-json\/wp\/v2\/media?parent=2654"}],"wp:term":[{"taxonomy":"product_brand","embeddable":true,"href":"https:\/\/keluvo.com\/fi\/wp-json\/wp\/v2\/product_brand?post=2654"},{"taxonomy":"product_cat","embeddable":true,"href":"https:\/\/keluvo.com\/fi\/wp-json\/wp\/v2\/product_cat?post=2654"},{"taxonomy":"product_tag","embeddable":true,"href":"https:\/\/keluvo.com\/fi\/wp-json\/wp\/v2\/product_tag?post=2654"}],"curies":[{"name":"wp","href":"https:\/\/api.w.org\/{rel}","templated":true}]}}