{"id":2594,"date":"2024-11-04T16:41:43","date_gmt":"2024-11-04T14:41:43","guid":{"rendered":"https:\/\/keluvo.com\/fi\/product\/kissan-lelu\/"},"modified":"2025-06-18T11:24:13","modified_gmt":"2025-06-18T09:24:13","slug":"kissan-lelu","status":"publish","type":"product","link":"https:\/\/keluvo.com\/fi\/product\/kissan-lelu\/","title":{"rendered":"Kissan lelu"},"content":{"rendered":"<h2 style=\"text-align: center;\"><strong> Realistinen muotoilu sitouttaa kissat<\/strong><\/h2>\n<p style=\"text-align: center;\">Kissalelu on muotoiltu realistiseen linnun muotoon ja siin\u00e4 on eloisat v\u00e4rit, jotka vangitsevat helposti kissasi huomion. Sen el\u00e4v\u00e4inen ulkon\u00e4k\u00f6 stimuloi luonnollisia mets\u00e4stysvaistoja, mik\u00e4 kannustaa lemmikkisi leikkis\u00e4\u00e4n vuorovaikutukseen ja fyysiseen liikuntaan.<\/p>\n<p><img fetchpriority=\"high\" decoding=\"async\" width=\"300\" height=\"300\" class=\"alignnone size-full wp-image-2413 aligncenter\" src=\"https:\/\/keluvo.com\/template\/wp-content\/uploads\/sites\/5\/2024\/11\/42fe2fed-f1bf-438e-9e8f-f1e24e0e8a56.webp\" alt=\"\" srcset=\"https:\/\/keluvo.com\/fi\/wp-content\/uploads\/sites\/11\/2024\/11\/42fe2fed-f1bf-438e-9e8f-f1e24e0e8a56.webp 300w, https:\/\/keluvo.com\/fi\/wp-content\/uploads\/sites\/11\/2024\/11\/42fe2fed-f1bf-438e-9e8f-f1e24e0e8a56-150x150.webp 150w, https:\/\/keluvo.com\/fi\/wp-content\/uploads\/sites\/11\/2024\/11\/42fe2fed-f1bf-438e-9e8f-f1e24e0e8a56-100x100.webp 100w, https:\/\/keluvo.com\/fi\/wp-content\/uploads\/sites\/11\/2024\/11\/42fe2fed-f1bf-438e-9e8f-f1e24e0e8a56-50x50.webp 50w\" sizes=\"(max-width: 300px) 100vw, 300px\" \/><\/p>\n<h2 style=\"text-align: center;\"><img decoding=\"async\" class=\"alignnone size-full wp-image-2424 aligncenter\" src=\"https:\/\/keluvo.com\/template\/wp-content\/uploads\/sites\/5\/2024\/11\/1990635c-734d-4599-a629.webp\" alt=\"\" \/> <strong> Pehme\u00e4t ja turvalliset materiaalit<\/strong><\/h2>\n<p style=\"text-align: center;\">Valmistettu korkealaatuisestalaadusta, muhkeasta materiaalista valmistettu kissalelu on pehme\u00e4 ja hell\u00e4varainen, mik\u00e4 takaa, ett\u00e4 kissasi voi leikki\u00e4 sill\u00e4 turvallisesti. T\u00e4m\u00e4n mukavan rakenteen ansiosta kissat voivat halailla tai pureskella ilman \u00e4rsytyst\u00e4, mik\u00e4 tekee siit\u00e4 viihtyis\u00e4n ja miellytt\u00e4v\u00e4n lelun p\u00e4ivitt\u00e4iseen k\u00e4ytt\u00f6\u00f6n.<\/p>\n<p><img decoding=\"async\" width=\"300\" height=\"300\" class=\"alignnone size-full wp-image-2402 aligncenter\" src=\"https:\/\/keluvo.com\/template\/wp-content\/uploads\/sites\/5\/2024\/11\/d95c46d2-426a-45ec-9642-4d55cc9afa97.webp\" alt=\"\" srcset=\"https:\/\/keluvo.com\/fi\/wp-content\/uploads\/sites\/11\/2024\/11\/d95c46d2-426a-45ec-9642-4d55cc9afa97.webp 300w, https:\/\/keluvo.com\/fi\/wp-content\/uploads\/sites\/11\/2024\/11\/d95c46d2-426a-45ec-9642-4d55cc9afa97-150x150.webp 150w, https:\/\/keluvo.com\/fi\/wp-content\/uploads\/sites\/11\/2024\/11\/d95c46d2-426a-45ec-9642-4d55cc9afa97-100x100.webp 100w, https:\/\/keluvo.com\/fi\/wp-content\/uploads\/sites\/11\/2024\/11\/d95c46d2-426a-45ec-9642-4d55cc9afa97-50x50.webp 50w\" sizes=\"(max-width: 300px) 100vw, 300px\" \/><\/p>\n<h2 style=\"text-align: center;\"><strong> Realistinen lintu\u00e4\u00e4ni<\/strong><\/h2>\n<p style=\"text-align: center;\">Sis\u00e4\u00e4nrakennetulla \u00e4\u00e4nielementill\u00e4, t\u00e4m\u00e4 kissalelu p\u00e4\u00e4st\u00e4\u00e4 el\u00e4v\u00e4n n\u00e4k\u00f6ist\u00e4 linnun sirkutusta aina, kun sit\u00e4 kosketetaan tai purraan. Realistinen \u00e4\u00e4ni her\u00e4tt\u00e4\u00e4 kissasi mielenkiinnon ja pit\u00e4\u00e4 sen viihdytettyn\u00e4 ja aktiivisesti mukana uudessa suosikkilelussaan.<\/p>\n<p><img decoding=\"async\" width=\"300\" height=\"300\" class=\"alignnone size-full wp-image-2419 aligncenter\" src=\"https:\/\/keluvo.com\/template\/wp-content\/uploads\/sites\/5\/2024\/11\/517e157c-7506-4a62-8c94-92686c330b43.webp\" alt=\"\" srcset=\"https:\/\/keluvo.com\/fi\/wp-content\/uploads\/sites\/11\/2024\/11\/517e157c-7506-4a62-8c94-92686c330b43.webp 300w, https:\/\/keluvo.com\/fi\/wp-content\/uploads\/sites\/11\/2024\/11\/517e157c-7506-4a62-8c94-92686c330b43-150x150.webp 150w, https:\/\/keluvo.com\/fi\/wp-content\/uploads\/sites\/11\/2024\/11\/517e157c-7506-4a62-8c94-92686c330b43-100x100.webp 100w, https:\/\/keluvo.com\/fi\/wp-content\/uploads\/sites\/11\/2024\/11\/517e157c-7506-4a62-8c94-92686c330b43-50x50.webp 50w\" sizes=\"(max-width: 300px) 100vw, 300px\" \/><\/p>\n","protected":false},"excerpt":{"rendered":"<p>Realistinen muotoilu sitouttaa kissat Kissalelu on muotoiltu realistiseen linnun muotoon ja siin\u00e4 on eloisat v\u00e4rit, jotka vangitsevat helposti kissasi huomion. [&hellip;]<\/p>\n","protected":false},"featured_media":2409,"comment_status":"open","ping_status":"closed","template":"","meta":{"site-sidebar-layout":"default","site-content-layout":"","ast-site-content-layout":"default","site-content-style":"default","site-sidebar-style":"default","ast-global-header-display":"","ast-banner-title-visibility":"","ast-main-header-display":"","ast-hfb-above-header-display":"","ast-hfb-below-header-display":"","ast-hfb-mobile-header-display":"","site-post-title":"","ast-breadcrumbs-content":"","ast-featured-img":"","footer-sml-layout":"","theme-transparent-header-meta":"default","adv-header-id-meta":"","stick-header-meta":"","header-above-stick-meta":"","header-main-stick-meta":"","header-below-stick-meta":"","astra-migrate-meta-layouts":"set","ast-page-background-enabled":"default","ast-page-background-meta":{"desktop":{"background-color":"var(--ast-global-color-4)","background-image":"","background-repeat":"repeat","background-position":"center center","background-size":"auto","background-attachment":"scroll","background-type":"","background-media":"","overlay-type":"","overlay-color":"","overlay-opacity":"","overlay-gradient":""},"tablet":{"background-color":"","background-image":"","background-repeat":"repeat","background-position":"center center","background-size":"auto","background-attachment":"scroll","background-type":"","background-media":"","overlay-type":"","overlay-color":"","overlay-opacity":"","overlay-gradient":""},"mobile":{"background-color":"","background-image":"","background-repeat":"repeat","background-position":"center center","background-size":"auto","background-attachment":"scroll","background-type":"","background-media":"","overlay-type":"","overlay-color":"","overlay-opacity":"","overlay-gradient":""}},"ast-content-background-meta":{"desktop":{"background-color":"var(--ast-global-color-5)","background-image":"","background-repeat":"repeat","background-position":"center center","background-size":"auto","background-attachment":"scroll","background-type":"","background-media":"","overlay-type":"","overlay-color":"","overlay-opacity":"","overlay-gradient":""},"tablet":{"background-color":"var(--ast-global-color-5)","background-image":"","background-repeat":"repeat","background-position":"center center","background-size":"auto","background-attachment":"scroll","background-type":"","background-media":"","overlay-type":"","overlay-color":"","overlay-opacity":"","overlay-gradient":""},"mobile":{"background-color":"var(--ast-global-color-5)","background-image":"","background-repeat":"repeat","background-position":"center center","background-size":"auto","background-attachment":"scroll","background-type":"","background-media":"","overlay-type":"","overlay-color":"","overlay-opacity":"","overlay-gradient":""}}},"product_brand":[],"product_cat":[997],"product_tag":[],"class_list":{"0":"post-2594","1":"product","2":"type-product","3":"status-publish","4":"has-post-thumbnail","6":"product_cat-pets-products","7":"pa_1738n7p0-lintu","8":"pa_1738n7p0-hiiri","9":"pa_1738n7p0-kuoriainen","10":"pa_1738n7p0-longbill","11":"pa_1738n7p0-mehilainen","12":"pa_1738n7p0-punainen-papukaija","13":"pa_1738n7p0-siili","14":"pa_1738n7p0-sininen-papukaija","15":"pa_1738n7p0-sirkat","16":"desktop-align-left","17":"tablet-align-left","18":"mobile-align-left","20":"first","21":"instock","22":"shipping-taxable","23":"purchasable","24":"product-type-variable"},"_links":{"self":[{"href":"https:\/\/keluvo.com\/fi\/wp-json\/wp\/v2\/product\/2594","targetHints":{"allow":["GET"]}}],"collection":[{"href":"https:\/\/keluvo.com\/fi\/wp-json\/wp\/v2\/product"}],"about":[{"href":"https:\/\/keluvo.com\/fi\/wp-json\/wp\/v2\/types\/product"}],"replies":[{"embeddable":true,"href":"https:\/\/keluvo.com\/fi\/wp-json\/wp\/v2\/comments?post=2594"}],"wp:featuredmedia":[{"embeddable":true,"href":"https:\/\/keluvo.com\/fi\/wp-json\/wp\/v2\/media\/2409"}],"wp:attachment":[{"href":"https:\/\/keluvo.com\/fi\/wp-json\/wp\/v2\/media?parent=2594"}],"wp:term":[{"taxonomy":"product_brand","embeddable":true,"href":"https:\/\/keluvo.com\/fi\/wp-json\/wp\/v2\/product_brand?post=2594"},{"taxonomy":"product_cat","embeddable":true,"href":"https:\/\/keluvo.com\/fi\/wp-json\/wp\/v2\/product_cat?post=2594"},{"taxonomy":"product_tag","embeddable":true,"href":"https:\/\/keluvo.com\/fi\/wp-json\/wp\/v2\/product_tag?post=2594"}],"curies":[{"name":"wp","href":"https:\/\/api.w.org\/{rel}","templated":true}]}}