{"id":2558,"date":"2024-11-04T16:34:11","date_gmt":"2024-11-04T14:34:11","guid":{"rendered":"https:\/\/keluvo.com\/fi\/product\/kylpyhuoneen-hylly\/"},"modified":"2024-11-04T17:14:30","modified_gmt":"2024-11-04T15:14:30","slug":"kylpyhuoneen-hylly","status":"publish","type":"product","link":"https:\/\/keluvo.com\/fi\/product\/kylpyhuoneen-hylly\/","title":{"rendered":"Kylpyhuoneen hylly"},"content":{"rendered":"<h4><img decoding=\"async\" class=\"aligncenter\" src=\"https:\/\/m.media-amazon.com\/images\/I\/711qCR6yYyL._AC_SL1500_.jpg\" \/><\/h4>\n<h2 style=\"text-align: center;\"><strong> Korkealaatuinen materiaali<\/strong><\/h2>\n<p style=\"text-align: center;\">T\u00e4m\u00e4 imukuppien s\u00e4ilytyslaatikko on valmistettu korkealaatuisesta materiaalista, joka ei rikkoudu helposti ja on kulutusta kest\u00e4v\u00e4, kest\u00e4v\u00e4 ja pitk\u00e4ik\u00e4inen.<\/p>\n<p style=\"text-align: center;\"><img decoding=\"async\" src=\"https:\/\/m.media-amazon.com\/images\/I\/71cGD3g8VtL._AC_SL1500_.jpg\" \/><\/p>\n<h2 style=\"text-align: center;\"><strong> Helppo asentaa ja puhdistaa<\/strong><\/h2>\n<p style=\"text-align: center;\">Kylpyhuoneen s\u00e4ilytyskori on no-porausta imukuppiasennusta. Asennus vie vain muutaman minuutin ja se on irrotettavissa. Voit my\u00f6s ottaa sen pois puhdistusta varten.<\/p>\n<p style=\"text-align: center;\"><img decoding=\"async\" src=\"https:\/\/m.media-amazon.com\/images\/I\/81bERjLgUaL._AC_SL1500_.jpg\" \/><\/p>\n<h2 style=\"text-align: center;\"><strong> Suuri Kapasiteetti<\/strong><\/h2>\n<p style=\"text-align: center;\">T\u00e4ss\u00e4 varastohyllyss\u00e4 on suuri kapasiteetti ja alhaalta valuva rakenne. Siin\u00e4 voi s\u00e4ilytt\u00e4\u00e4 p\u00e4ivitt\u00e4isi\u00e4 tarvikkeita, kylpytarvikkeita, keitti\u00f6n mausteita ja muita huoneessa olevia esineit\u00e4.<\/p>\n<p style=\"text-align: center;\"><img decoding=\"async\" src=\"https:\/\/m.media-amazon.com\/images\/I\/711qCR6yYyL._AC_SL1500_.jpg\" \/><\/p>\n<h2 style=\"text-align: center;\"><strong> Tilaa s\u00e4\u00e4st\u00e4v\u00e4<\/strong><\/h2>\n<p style=\"text-align: center;\">T\u00e4m\u00e4 s\u00e4ilytysteline on erinomainen tapa maksimoida k\u00e4ytt\u00e4m\u00e4t\u00f6n sein\u00e4tila aina tarvittaessa ja tarjoaa k\u00e4tev\u00e4n sijoitusalueen.<\/p>\n<p style=\"text-align: center;\"><img decoding=\"async\" src=\"https:\/\/m.media-amazon.com\/images\/I\/71tJEKumWOL._AC_SL1500_.jpg\" \/><\/p>\n<h2 style=\"text-align: center;\" data-spm-anchor-id=\"a2g0o.detail.1000023.i0.61f74dzI4dzIDu\"><strong> Laaja k\u00e4ytt\u00f6alue<\/strong><\/h2>\n<p style=\"text-align: center;\" data-spm-anchor-id=\"a2g0o.detail.1000023.i0.61f74dzI4dzIDu\">S\u00e4ilytysteline sopii kotiin, makuuhuoneeseen, kylpyhuoneeseen, keitti\u00f6\u00f6n, toimistoon\/k\u00e4sity\u00f6huoneeseen\/autotalliin jne., jotta esineet olisivat paremmin j\u00e4rjestyksess\u00e4.<\/p>\n","protected":false},"excerpt":{"rendered":"<p>Korkealaatuinen materiaali T\u00e4m\u00e4 imukuppien s\u00e4ilytyslaatikko on valmistettu korkealaatuisesta materiaalista, joka ei rikkoudu helposti ja on kulutusta kest\u00e4v\u00e4, kest\u00e4v\u00e4 ja pitk\u00e4ik\u00e4inen. [&hellip;]<\/p>\n","protected":false},"featured_media":2553,"comment_status":"open","ping_status":"closed","template":"","meta":{"site-sidebar-layout":"default","site-content-layout":"","ast-site-content-layout":"default","site-content-style":"default","site-sidebar-style":"default","ast-global-header-display":"","ast-banner-title-visibility":"","ast-main-header-display":"","ast-hfb-above-header-display":"","ast-hfb-below-header-display":"","ast-hfb-mobile-header-display":"","site-post-title":"","ast-breadcrumbs-content":"","ast-featured-img":"","footer-sml-layout":"","theme-transparent-header-meta":"default","adv-header-id-meta":"","stick-header-meta":"","header-above-stick-meta":"","header-main-stick-meta":"","header-below-stick-meta":"","astra-migrate-meta-layouts":"set","ast-page-background-enabled":"default","ast-page-background-meta":{"desktop":{"background-color":"var(--ast-global-color-4)","background-image":"","background-repeat":"repeat","background-position":"center center","background-size":"auto","background-attachment":"scroll","background-type":"","background-media":"","overlay-type":"","overlay-color":"","overlay-opacity":"","overlay-gradient":""},"tablet":{"background-color":"","background-image":"","background-repeat":"repeat","background-position":"center center","background-size":"auto","background-attachment":"scroll","background-type":"","background-media":"","overlay-type":"","overlay-color":"","overlay-opacity":"","overlay-gradient":""},"mobile":{"background-color":"","background-image":"","background-repeat":"repeat","background-position":"center center","background-size":"auto","background-attachment":"scroll","background-type":"","background-media":"","overlay-type":"","overlay-color":"","overlay-opacity":"","overlay-gradient":""}},"ast-content-background-meta":{"desktop":{"background-color":"var(--ast-global-color-5)","background-image":"","background-repeat":"repeat","background-position":"center center","background-size":"auto","background-attachment":"scroll","background-type":"","background-media":"","overlay-type":"","overlay-color":"","overlay-opacity":"","overlay-gradient":""},"tablet":{"background-color":"var(--ast-global-color-5)","background-image":"","background-repeat":"repeat","background-position":"center center","background-size":"auto","background-attachment":"scroll","background-type":"","background-media":"","overlay-type":"","overlay-color":"","overlay-opacity":"","overlay-gradient":""},"mobile":{"background-color":"var(--ast-global-color-5)","background-image":"","background-repeat":"repeat","background-position":"center center","background-size":"auto","background-attachment":"scroll","background-type":"","background-media":"","overlay-type":"","overlay-color":"","overlay-opacity":"","overlay-gradient":""}}},"product_brand":[],"product_cat":[992,1001],"product_tag":[],"class_list":{"0":"post-2558","1":"product","2":"type-product","3":"status-publish","4":"has-post-thumbnail","6":"product_cat-beauty-and-hygiene-products","7":"product_cat-household-goods","8":"pa_7yrytnva-big","9":"pa_7yrytnva-molemmat","10":"pa_7yrytnva-pieni","11":"desktop-align-left","12":"tablet-align-left","13":"mobile-align-left","15":"first","16":"instock","17":"shipping-taxable","18":"purchasable","19":"product-type-variable"},"_links":{"self":[{"href":"https:\/\/keluvo.com\/fi\/wp-json\/wp\/v2\/product\/2558","targetHints":{"allow":["GET"]}}],"collection":[{"href":"https:\/\/keluvo.com\/fi\/wp-json\/wp\/v2\/product"}],"about":[{"href":"https:\/\/keluvo.com\/fi\/wp-json\/wp\/v2\/types\/product"}],"replies":[{"embeddable":true,"href":"https:\/\/keluvo.com\/fi\/wp-json\/wp\/v2\/comments?post=2558"}],"wp:featuredmedia":[{"embeddable":true,"href":"https:\/\/keluvo.com\/fi\/wp-json\/wp\/v2\/media\/2553"}],"wp:attachment":[{"href":"https:\/\/keluvo.com\/fi\/wp-json\/wp\/v2\/media?parent=2558"}],"wp:term":[{"taxonomy":"product_brand","embeddable":true,"href":"https:\/\/keluvo.com\/fi\/wp-json\/wp\/v2\/product_brand?post=2558"},{"taxonomy":"product_cat","embeddable":true,"href":"https:\/\/keluvo.com\/fi\/wp-json\/wp\/v2\/product_cat?post=2558"},{"taxonomy":"product_tag","embeddable":true,"href":"https:\/\/keluvo.com\/fi\/wp-json\/wp\/v2\/product_tag?post=2558"}],"curies":[{"name":"wp","href":"https:\/\/api.w.org\/{rel}","templated":true}]}}