{"id":14996,"date":"2025-12-22T11:54:41","date_gmt":"2025-12-22T09:54:41","guid":{"rendered":"https:\/\/keluvo.com\/fi\/product\/samppanja-ja-viinitulppa-3-kpl\/"},"modified":"2025-12-22T18:39:06","modified_gmt":"2025-12-22T16:39:06","slug":"samppanja-ja-viinitulppa-3-kpl","status":"publish","type":"product","link":"https:\/\/keluvo.com\/fi\/product\/samppanja-ja-viinitulppa-3-kpl\/","title":{"rendered":"Samppanja- ja viinitulppa (3 kpl)"},"content":{"rendered":"<p style=\"text-align: center;\" data-start=\"0\" data-end=\"70\"><strong data-start=\"0\" data-end=\"70\">S\u00e4ilyt\u00e4 Samppanjasi Ja Viinisi Tuoreena P\u00e4ivien Ajan Yhdell\u00e4 Yksinkertaisella V\u00e4\u00e4nt\u00e4misell\u00e4. \ud83c\udf7e<\/strong><\/p>\n<p style=\"text-align: center;\" data-start=\"72\" data-end=\"318\">N\u00e4m\u00e4 samppanja- ja viinitulpat luovat ilmatiiviin tiivisteen, joka s\u00e4ilytt\u00e4\u00e4 kuplat, maun ja tuoreuden pitk\u00e4\u00e4n pullon avaamisen j\u00e4lkeen. Ei en\u00e4\u00e4 kamppailua korkkien kanssa tai puolit\u00e4ysien pullojen tuhlaamista &#8211; kierr\u00e4, lukitse ja nauti viinist\u00e4si milloin tahansa.<\/p>\n<p data-start=\"72\" data-end=\"318\"><img fetchpriority=\"high\" decoding=\"async\" class=\" wp-image-41961 aligncenter\" src=\"https:\/\/keluvo.com\/template\/wp-content\/uploads\/sites\/5\/2025\/11\/6811dd48cdac8ab321ae7202bd76765ada5085e0ecbcafecb211c55ad415d7f4.webp\" alt=\"\" width=\"500\" height=\"500\" \/><\/p>\n<h2 style=\"text-align: center;\" data-start=\"325\" data-end=\"347\">\ud83c\udf1f T\u00e4rkeimm\u00e4t Edut<\/h2>\n<p data-start=\"350\" data-end=\"449\">\ud83c\udf7e Pit\u00e4\u00e4 viinin ja samppanjan raikkaana &#8211; sulkee tiiviisti ja lukitsee hiilihapot ja maun p\u00e4iv\u00e4kausiksi.<\/p>\n<p data-start=\"452\" data-end=\"540\">\ud83d\udd12 Turvallinen k\u00e4\u00e4ntyv\u00e4 lukitusmalli &#8211; kierr\u00e4 avataksesi, kierr\u00e4 sinet\u00f6id\u00e4ksesi, nopeasti ja vaivattomasti.<\/p>\n<p data-start=\"543\" data-end=\"637\">\ud83e\udde2 Kompakti &#8221;turvahattu&#8221;-muoto &#8211; sopii kuohuviinipulloihin t\u00e4ydellisesti ja on helppo s\u00e4ilytt\u00e4\u00e4.<\/p>\n<p data-start=\"640\" data-end=\"736\">\ud83e\uddfc Elintarvikelaatuiset materiaalit &#8211; silikoninen sis\u00e4tiiviste + kest\u00e4v\u00e4 ABS-kuori turvalliseen, pitk\u00e4aikaiseen k\u00e4ytt\u00f6\u00f6n.<\/p>\n<p data-start=\"739\" data-end=\"831\">\ud83d\ude4c Ei taistelua korkkien kanssa &#8211; korvaa perinteiset korkit helpommalla ja puhtaammalla ratkaisulla.<\/p>\n<p data-start=\"739\" data-end=\"831\"><img decoding=\"async\" class=\" wp-image-41960 aligncenter\" src=\"https:\/\/keluvo.com\/template\/wp-content\/uploads\/sites\/5\/2025\/11\/05cbe4339c5798bebea57579a3ab2ccda957bd05c6a9b6c2dad4a36ac76b0771-800.webp\" alt=\"\" width=\"500\" height=\"500\" \/><\/p>\n<h2 style=\"text-align: center;\" data-start=\"838\" data-end=\"857\">\ud83e\udd42 K\u00e4ytt\u00f6ohjeet<\/h2>\n<ol data-start=\"858\" data-end=\"1081\">\n<li data-start=\"858\" data-end=\"903\">\n<p data-start=\"861\" data-end=\"903\">Kierr\u00e4 korkin yl\u00e4osaa avataksesi lukituksen.<\/p>\n<\/li>\n<li data-start=\"904\" data-end=\"959\">\n<p data-start=\"907\" data-end=\"959\">Ty\u00f6nn\u00e4 korkki tukevasti pullon aukkoon.<\/p>\n<\/li>\n<li data-start=\"960\" data-end=\"1026\">\n<p data-start=\"963\" data-end=\"1026\">Kierr\u00e4 yl\u00e4osa takaisin lukittuun asentoon sulkeaksesi pullon.<\/p>\n<\/li>\n<li data-start=\"1027\" data-end=\"1081\">\n<p data-start=\"1030\" data-end=\"1081\">Avataksesi pullon uudelleen yksinkertaisesti kierr\u00e4 uudelleen avataksesi lukituksen ja poistaaksesi pullon.<\/p>\n<\/li>\n<\/ol>\n<h2 style=\"text-align: center;\" data-start=\"1088\" data-end=\"1112\">\ud83d\udccf Tuotteen Yksityiskohdat<\/h2>\n<ul data-start=\"1113\" data-end=\"1327\">\n<li data-start=\"1113\" data-end=\"1152\">\n<p data-start=\"1115\" data-end=\"1152\">Materiaali: ABS + elintarvikek\u00e4ytt\u00f6\u00f6n soveltuva silikoni<\/p>\n<\/li>\n<li data-start=\"1153\" data-end=\"1169\">\n<p data-start=\"1155\" data-end=\"1169\">V\u00e4ri: Musta<\/p>\n<\/li>\n<li data-start=\"1170\" data-end=\"1250\">\n<p data-start=\"1172\" data-end=\"1180\">Koot: <span style=\"font-size: 16px;\">3.9 x 3.2 cm, <\/span><span style=\"font-size: 16px;\">3.9 x 4 cm\u00a0<\/span><\/p>\n<\/li>\n<li data-start=\"1251\" data-end=\"1327\">\n<p data-start=\"1253\" data-end=\"1327\">Yhteensopiva samppanjan, kuohuviinin ja useimpien tavallisten viinipullojen kanssa.<\/p>\n<\/li>\n<\/ul>\n<h2 style=\"text-align: center;\" data-start=\"1334\" data-end=\"1359\">\ud83d\udce6 Pakkaus sis\u00e4lt\u00e4\u00e4<\/h2>\n<ul data-start=\"1360\" data-end=\"1392\" data-is-last-node=\"\" data-is-only-node=\"\">\n<li data-start=\"1360\" data-end=\"1392\" data-is-last-node=\"\">\n<p data-start=\"1362\" data-end=\"1392\" data-is-last-node=\"\">3x shampanjatulppa tai<\/p>\n<\/li>\n<li data-start=\"1360\" data-end=\"1392\" data-is-last-node=\"\">3x viinitulppa.<\/li>\n<\/ul>\n","protected":false},"excerpt":{"rendered":"<p>S\u00e4ilyt\u00e4 Samppanjasi Ja Viinisi Tuoreena P\u00e4ivien Ajan Yhdell\u00e4 Yksinkertaisella V\u00e4\u00e4nt\u00e4misell\u00e4. \ud83c\udf7e N\u00e4m\u00e4 samppanja- ja viinitulpat luovat ilmatiiviin tiivisteen, joka s\u00e4ilytt\u00e4\u00e4 [&hellip;]<\/p>\n","protected":false},"featured_media":14992,"comment_status":"open","ping_status":"closed","template":"","meta":{"site-sidebar-layout":"default","site-content-layout":"","ast-site-content-layout":"default","site-content-style":"default","site-sidebar-style":"default","ast-global-header-display":"","ast-banner-title-visibility":"","ast-main-header-display":"","ast-hfb-above-header-display":"","ast-hfb-below-header-display":"","ast-hfb-mobile-header-display":"","site-post-title":"","ast-breadcrumbs-content":"","ast-featured-img":"","footer-sml-layout":"","theme-transparent-header-meta":"default","adv-header-id-meta":"","stick-header-meta":"","header-above-stick-meta":"","header-main-stick-meta":"","header-below-stick-meta":"","astra-migrate-meta-layouts":"set","ast-page-background-enabled":"default","ast-page-background-meta":{"desktop":{"background-color":"var(--ast-global-color-4)","background-image":"","background-repeat":"repeat","background-position":"center center","background-size":"auto","background-attachment":"scroll","background-type":"","background-media":"","overlay-type":"","overlay-color":"","overlay-opacity":"","overlay-gradient":""},"tablet":{"background-color":"","background-image":"","background-repeat":"repeat","background-position":"center center","background-size":"auto","background-attachment":"scroll","background-type":"","background-media":"","overlay-type":"","overlay-color":"","overlay-opacity":"","overlay-gradient":""},"mobile":{"background-color":"","background-image":"","background-repeat":"repeat","background-position":"center center","background-size":"auto","background-attachment":"scroll","background-type":"","background-media":"","overlay-type":"","overlay-color":"","overlay-opacity":"","overlay-gradient":""}},"ast-content-background-meta":{"desktop":{"background-color":"var(--ast-global-color-5)","background-image":"","background-repeat":"repeat","background-position":"center center","background-size":"auto","background-attachment":"scroll","background-type":"","background-media":"","overlay-type":"","overlay-color":"","overlay-opacity":"","overlay-gradient":""},"tablet":{"background-color":"var(--ast-global-color-5)","background-image":"","background-repeat":"repeat","background-position":"center center","background-size":"auto","background-attachment":"scroll","background-type":"","background-media":"","overlay-type":"","overlay-color":"","overlay-opacity":"","overlay-gradient":""},"mobile":{"background-color":"var(--ast-global-color-5)","background-image":"","background-repeat":"repeat","background-position":"center center","background-size":"auto","background-attachment":"scroll","background-type":"","background-media":"","overlay-type":"","overlay-color":"","overlay-opacity":"","overlay-gradient":""}}},"product_brand":[],"product_cat":[1001],"product_tag":[],"class_list":{"0":"post-14996","1":"product","2":"type-product","3":"status-publish","4":"has-post-thumbnail","6":"product_cat-household-goods","7":"pa_52455_t3gx4zd4-samppanja","8":"pa_52455_t3gx4zd4-viini","9":"desktop-align-left","10":"tablet-align-left","11":"mobile-align-left","13":"first","14":"instock","15":"shipping-taxable","16":"purchasable","17":"product-type-variable"},"_links":{"self":[{"href":"https:\/\/keluvo.com\/fi\/wp-json\/wp\/v2\/product\/14996","targetHints":{"allow":["GET"]}}],"collection":[{"href":"https:\/\/keluvo.com\/fi\/wp-json\/wp\/v2\/product"}],"about":[{"href":"https:\/\/keluvo.com\/fi\/wp-json\/wp\/v2\/types\/product"}],"replies":[{"embeddable":true,"href":"https:\/\/keluvo.com\/fi\/wp-json\/wp\/v2\/comments?post=14996"}],"wp:featuredmedia":[{"embeddable":true,"href":"https:\/\/keluvo.com\/fi\/wp-json\/wp\/v2\/media\/14992"}],"wp:attachment":[{"href":"https:\/\/keluvo.com\/fi\/wp-json\/wp\/v2\/media?parent=14996"}],"wp:term":[{"taxonomy":"product_brand","embeddable":true,"href":"https:\/\/keluvo.com\/fi\/wp-json\/wp\/v2\/product_brand?post=14996"},{"taxonomy":"product_cat","embeddable":true,"href":"https:\/\/keluvo.com\/fi\/wp-json\/wp\/v2\/product_cat?post=14996"},{"taxonomy":"product_tag","embeddable":true,"href":"https:\/\/keluvo.com\/fi\/wp-json\/wp\/v2\/product_tag?post=14996"}],"curies":[{"name":"wp","href":"https:\/\/api.w.org\/{rel}","templated":true}]}}