{"id":14898,"date":"2025-12-22T11:50:04","date_gmt":"2025-12-22T09:50:04","guid":{"rendered":"https:\/\/keluvo.com\/fi\/product\/vesipullo-ja-pilleri-jarjestaja\/"},"modified":"2025-12-22T18:25:04","modified_gmt":"2025-12-22T16:25:04","slug":"vesipullo-ja-pilleri-jarjestaja","status":"publish","type":"product","link":"https:\/\/keluvo.com\/fi\/product\/vesipullo-ja-pilleri-jarjestaja\/","title":{"rendered":"Vesipullo ja pilleri j\u00e4rjest\u00e4j\u00e4"},"content":{"rendered":"<p style=\"text-align: center;\" data-start=\"0\" data-end=\"62\"><strong>Pid\u00e4 Vesi Ja P\u00e4ivitt\u00e4iset Pillerit Aina Yhdess\u00e4 Helppok\u00e4ytt\u00f6isess\u00e4 Paikassa. \ud83d\udca7\ud83d\udc8a<\/strong><\/p>\n<p style=\"text-align: center;\" data-start=\"64\" data-end=\"316\">T\u00e4m\u00e4 vesipullo- ja pillerij\u00e4rjest\u00e4j\u00e4 on yksinkertainen ja k\u00e4tev\u00e4 tapa pysy\u00e4 nesteytettyn\u00e4 ja olla unohtamatta p\u00e4ivitt\u00e4isi\u00e4 tabletteja. Sis\u00e4\u00e4nrakennetun 7 p\u00e4iv\u00e4n pillerilokeron ja kest\u00e4v\u00e4n 600 ml:n vesipullon ansiosta se sopii t\u00e4ydellisesti matkoille, kuntosalille, vaellukselle tai jokap\u00e4iv\u00e4iseen k\u00e4ytt\u00f6\u00f6n.<\/p>\n<p data-start=\"64\" data-end=\"316\"><img decoding=\"async\" class=\"size-full wp-image-43279 aligncenter\" src=\"https:\/\/keluvo.com\/template\/wp-content\/uploads\/sites\/5\/2025\/11\/03b753b5-db00-4f6f-ba44-45c0d48c7117.gif\" alt=\"\" \/><\/p>\n<h2 style=\"text-align: center;\" data-start=\"323\" data-end=\"343\">\u2b50 T\u00e4rkeimm\u00e4t Edut<\/h2>\n<p data-start=\"344\" data-end=\"879\">\ud83d\udca7 Vesi + pillerit samassa pullossa &#8211; Kuljeta tabletit ja vesi yhdess\u00e4 nopeaan ja stressitt\u00f6m\u00e4\u00e4n p\u00e4ivitt\u00e4iseen k\u00e4ytt\u00f6\u00f6n.<\/p>\n<p data-start=\"344\" data-end=\"879\">\ud83d\udc8a 7 p\u00e4iv\u00e4n pillerij\u00e4rjestelij\u00e4 &#8211; Sis\u00e4lt\u00e4\u00e4 pulloon kiinnitetyt seitsem\u00e4n pillerilaatikkoa, jotta viikoittaiset annoksesi pysyv\u00e4t j\u00e4rjestelm\u00e4llisesti j\u00e4rjestettyin\u00e4.<\/p>\n<p data-start=\"344\" data-end=\"879\">\ud83d\udd10 Turvallista napsautettavaa kantta &#8211; Pit\u00e4\u00e4 pillerit turvallisesti lukittuna laukussasi ilman, ett\u00e4 ne roiskuvat.<\/p>\n<p data-start=\"344\" data-end=\"879\">\ud83c\udfc3 T\u00e4ydellinen liikkeell\u00e4 oloon &#8211; Kevyt muotoilu, jossa on kiinnityslenkki, tekee siit\u00e4 loistavan urheiluun, matkoille ja ulkoilma-aktiviteetteihin.<\/p>\n<p data-start=\"344\" data-end=\"879\">\ud83c\udf31 Turvallinen &amp; ymp\u00e4rist\u00f6yst\u00e4v\u00e4llinen &#8211; Valmistettu BPA-vapaista PP + PC-materiaaleista turvallisen p\u00e4ivitt\u00e4isen nesteytyksen takaamiseksi.<\/p>\n<p data-start=\"344\" data-end=\"879\"><img fetchpriority=\"high\" decoding=\"async\" class=\"size-full wp-image-43274 aligncenter\" src=\"https:\/\/keluvo.com\/template\/wp-content\/uploads\/sites\/5\/2025\/11\/97c326a534914977ce099056115e3d5df6885be0.jpg\" alt=\"\" width=\"1080\" height=\"668\" \/><\/p>\n<h2 style=\"text-align: center;\" data-start=\"886\" data-end=\"904\">\ud83d\udd27 K\u00e4ytt\u00f6ohjeet<\/h2>\n<ol data-start=\"905\" data-end=\"1244\">\n<li data-start=\"905\" data-end=\"974\">\n<p data-start=\"908\" data-end=\"974\">Luovuta pillerij\u00e4rjest\u00e4j\u00e4 ulos sis\u00e4\u00e4nrakennetun sormiaukon avulla.<\/p>\n<\/li>\n<li data-start=\"975\" data-end=\"1042\">\n<p data-start=\"978\" data-end=\"1042\">T\u00e4yt\u00e4 kukin lokero p\u00e4ivitt\u00e4isill\u00e4 tableteillasi tai vitamiineillasi.<\/p>\n<\/li>\n<li data-start=\"1043\" data-end=\"1117\">\n<p data-start=\"1046\" data-end=\"1117\">Liu&#8217;uta j\u00e4rjest\u00e4j\u00e4 takaisin pulloon, kunnes se lukittuu paikalleen.<\/p>\n<\/li>\n<li data-start=\"1118\" data-end=\"1173\">\n<p data-start=\"1121\" data-end=\"1173\">T\u00e4yt\u00e4 pullo vedell\u00e4 tai mehulla (enint\u00e4\u00e4n 600ml).<\/p>\n<\/li>\n<li data-start=\"1174\" data-end=\"1244\">\n<p data-start=\"1177\" data-end=\"1244\">K\u00e4yt\u00e4 kaulanauhaa sen kantamiseen ja ota pillerit milloin tahansa.<\/p>\n<\/li>\n<\/ol>\n<h2 style=\"text-align: center;\" data-start=\"1251\" data-end=\"1274\">\ud83d\udccf Tuotetiedot<\/h2>\n<ul data-start=\"1275\" data-end=\"1526\">\n<li data-start=\"1325\" data-end=\"1361\">\n<p data-start=\"1327\" data-end=\"1361\">Materiaali: PP + PC (BPA-vapaa)<\/p>\n<\/li>\n<li data-start=\"1362\" data-end=\"1385\">\n<p data-start=\"1364\" data-end=\"1385\">Tilavuus: 600ml<\/p>\n<\/li>\n<li data-start=\"1386\" data-end=\"1406\">\n<p data-start=\"1388\" data-end=\"1406\">Paino: 150g<\/p>\n<\/li>\n<li data-start=\"1407\" data-end=\"1433\">\n<p data-start=\"1409\" data-end=\"1433\">Koko: 8 x 23,5 cm<\/p>\n<\/li>\n<li data-start=\"1434\" data-end=\"1526\">\n<p data-start=\"1436\" data-end=\"1526\">Erikoispiirteet: 7 p\u00e4iv\u00e4n pilleri-annostelija, turvallinen napsautuskansi, irrotettava pilleri-kotelo, kaulanauhan kiinnike<\/p>\n<\/li>\n<\/ul>\n<h2 style=\"text-align: center;\" data-start=\"1533\" data-end=\"1557\">\ud83d\udce6 Pakkaus Sis\u00e4lt\u00e4\u00e4<\/h2>\n<ul data-start=\"1558\" data-end=\"1607\">\n<li data-start=\"1558\" data-end=\"1607\">\n<p data-start=\"1560\" data-end=\"1607\">1x juomapullo, jossa on sis\u00e4\u00e4nrakennettu pillerij\u00e4rjest\u00e4j\u00e4.<\/p>\n<\/li>\n<\/ul>\n","protected":false},"excerpt":{"rendered":"<p>Pid\u00e4 Vesi Ja P\u00e4ivitt\u00e4iset Pillerit Aina Yhdess\u00e4 Helppok\u00e4ytt\u00f6isess\u00e4 Paikassa. \ud83d\udca7\ud83d\udc8a T\u00e4m\u00e4 vesipullo- ja pillerij\u00e4rjest\u00e4j\u00e4 on yksinkertainen ja k\u00e4tev\u00e4 tapa pysy\u00e4 [&hellip;]<\/p>\n","protected":false},"featured_media":14894,"comment_status":"open","ping_status":"closed","template":"","meta":{"site-sidebar-layout":"default","site-content-layout":"","ast-site-content-layout":"default","site-content-style":"default","site-sidebar-style":"default","ast-global-header-display":"","ast-banner-title-visibility":"","ast-main-header-display":"","ast-hfb-above-header-display":"","ast-hfb-below-header-display":"","ast-hfb-mobile-header-display":"","site-post-title":"","ast-breadcrumbs-content":"","ast-featured-img":"","footer-sml-layout":"","theme-transparent-header-meta":"default","adv-header-id-meta":"","stick-header-meta":"","header-above-stick-meta":"","header-main-stick-meta":"","header-below-stick-meta":"","astra-migrate-meta-layouts":"set","ast-page-background-enabled":"default","ast-page-background-meta":{"desktop":{"background-color":"var(--ast-global-color-4)","background-image":"","background-repeat":"repeat","background-position":"center center","background-size":"auto","background-attachment":"scroll","background-type":"","background-media":"","overlay-type":"","overlay-color":"","overlay-opacity":"","overlay-gradient":""},"tablet":{"background-color":"","background-image":"","background-repeat":"repeat","background-position":"center center","background-size":"auto","background-attachment":"scroll","background-type":"","background-media":"","overlay-type":"","overlay-color":"","overlay-opacity":"","overlay-gradient":""},"mobile":{"background-color":"","background-image":"","background-repeat":"repeat","background-position":"center center","background-size":"auto","background-attachment":"scroll","background-type":"","background-media":"","overlay-type":"","overlay-color":"","overlay-opacity":"","overlay-gradient":""}},"ast-content-background-meta":{"desktop":{"background-color":"var(--ast-global-color-5)","background-image":"","background-repeat":"repeat","background-position":"center center","background-size":"auto","background-attachment":"scroll","background-type":"","background-media":"","overlay-type":"","overlay-color":"","overlay-opacity":"","overlay-gradient":""},"tablet":{"background-color":"var(--ast-global-color-5)","background-image":"","background-repeat":"repeat","background-position":"center center","background-size":"auto","background-attachment":"scroll","background-type":"","background-media":"","overlay-type":"","overlay-color":"","overlay-opacity":"","overlay-gradient":""},"mobile":{"background-color":"var(--ast-global-color-5)","background-image":"","background-repeat":"repeat","background-position":"center center","background-size":"auto","background-attachment":"scroll","background-type":"","background-media":"","overlay-type":"","overlay-color":"","overlay-opacity":"","overlay-gradient":""}}},"product_brand":[],"product_cat":[991],"product_tag":[],"class_list":{"0":"post-14898","1":"product","2":"type-product","3":"status-publish","4":"has-post-thumbnail","6":"product_cat-health-care-supplies","7":"pa_54126_rwg7zo61-keltainen","8":"pa_54126_rwg7zo61-musta","9":"pa_54126_rwg7zo61-punainen","10":"pa_54126_rwg7zo61-ruusunpunainen","11":"pa_54126_rwg7zo61-sininen","12":"desktop-align-left","13":"tablet-align-left","14":"mobile-align-left","16":"first","17":"instock","18":"shipping-taxable","19":"purchasable","20":"product-type-variable"},"_links":{"self":[{"href":"https:\/\/keluvo.com\/fi\/wp-json\/wp\/v2\/product\/14898","targetHints":{"allow":["GET"]}}],"collection":[{"href":"https:\/\/keluvo.com\/fi\/wp-json\/wp\/v2\/product"}],"about":[{"href":"https:\/\/keluvo.com\/fi\/wp-json\/wp\/v2\/types\/product"}],"replies":[{"embeddable":true,"href":"https:\/\/keluvo.com\/fi\/wp-json\/wp\/v2\/comments?post=14898"}],"wp:featuredmedia":[{"embeddable":true,"href":"https:\/\/keluvo.com\/fi\/wp-json\/wp\/v2\/media\/14894"}],"wp:attachment":[{"href":"https:\/\/keluvo.com\/fi\/wp-json\/wp\/v2\/media?parent=14898"}],"wp:term":[{"taxonomy":"product_brand","embeddable":true,"href":"https:\/\/keluvo.com\/fi\/wp-json\/wp\/v2\/product_brand?post=14898"},{"taxonomy":"product_cat","embeddable":true,"href":"https:\/\/keluvo.com\/fi\/wp-json\/wp\/v2\/product_cat?post=14898"},{"taxonomy":"product_tag","embeddable":true,"href":"https:\/\/keluvo.com\/fi\/wp-json\/wp\/v2\/product_tag?post=14898"}],"curies":[{"name":"wp","href":"https:\/\/api.w.org\/{rel}","templated":true}]}}