{"id":14874,"date":"2025-12-22T11:48:53","date_gmt":"2025-12-22T09:48:53","guid":{"rendered":"https:\/\/keluvo.com\/fi\/product\/monitoiminen-poranteroitin\/"},"modified":"2025-12-22T18:21:24","modified_gmt":"2025-12-22T16:21:24","slug":"monitoiminen-poranteroitin","status":"publish","type":"product","link":"https:\/\/keluvo.com\/fi\/product\/monitoiminen-poranteroitin\/","title":{"rendered":"Monitoiminen poranteroitin"},"content":{"rendered":"<p style=\"text-align: center;\" data-start=\"0\" data-end=\"80\"><strong>Korjaa Tyls\u00e4t Poranter\u00e4t Sekunneissa Ja Poraa Ter\u00e4v\u00e4mmin Ja Tasaisemmin. \ud83d\udd0d\ud83d\udee0\ufe0f<\/strong><\/p>\n<p style=\"text-align: center;\" data-start=\"82\" data-end=\"344\">T\u00e4m\u00e4 monitoimiporan teroitin kiinnittyy kulmahiomakoneeseen ja her\u00e4tt\u00e4\u00e4 vanhat poranter\u00e4t henkiin. Tarkkojen hionta-aukkojen, yhden painikkeen k\u00e4yt\u00f6n ja kest\u00e4vien materiaalien ansiosta se auttaa sinua s\u00e4\u00e4st\u00e4m\u00e4\u00e4n aikaa, v\u00e4hent\u00e4m\u00e4\u00e4n kustannuksia ja pit\u00e4m\u00e4\u00e4n jokaisen poranter\u00e4n uudenveroisena.<\/p>\n<p data-start=\"82\" data-end=\"344\"><img fetchpriority=\"high\" decoding=\"async\" class=\" wp-image-43874 aligncenter\" src=\"https:\/\/keluvo.com\/template\/wp-content\/uploads\/sites\/5\/2025\/12\/741b18b9051e46b2ba222c1d229ac07574336789.webp\" alt=\"\" width=\"500\" height=\"500\" \/><\/p>\n<h2 style=\"text-align: center;\" data-start=\"351\" data-end=\"371\">\u2b50 T\u00e4rkeimm\u00e4t Edut<\/h2>\n<p data-start=\"374\" data-end=\"453\">\ud83d\udd0d Tarkka teroitus &#8211; Palauttaa 3-12 mm:n poranter\u00e4t takaisin t\u00e4sm\u00e4llisill\u00e4 kulmilla.<\/p>\n<p data-start=\"456\" data-end=\"541\">\u26a1 Nopeampi poraaminen &#8211; Ter\u00e4v\u00e4mm\u00e4t ter\u00e4t parantavat poraustehokkuutta ja v\u00e4hent\u00e4v\u00e4t vaivaa.<\/p>\n<p data-start=\"544\" data-end=\"635\">\ud83d\udee0\ufe0f Helppo yhden painikkeen k\u00e4ytt\u00f6 &#8211; Ei vaadi taitoja; aloittelijat voivat k\u00e4ytt\u00e4\u00e4 sit\u00e4 luottavaisesti.<\/p>\n<p data-start=\"638\" data-end=\"721\">\ud83d\udcaa Kest\u00e4v\u00e4 ABS-runko &#8211; Kulutusta kest\u00e4v\u00e4, eristetty ja rakennettu pitk\u00e4aikaiseen k\u00e4ytt\u00f6\u00f6n.<\/p>\n<p data-start=\"724\" data-end=\"809\">\ud83c\udf92 Kannettava muotoilu &#8211; Kevyt ja kompakti paikan p\u00e4\u00e4ll\u00e4 tai ulkona tapahtuvaan teroitukseen.<\/p>\n<p data-start=\"812\" data-end=\"903\">\ud83d\udd27 Laaja yhteensopivuus &#8211; Toimii HSS- ja kovametalliterien sek\u00e4 useiden urakokojen kanssa.<\/p>\n<p data-start=\"906\" data-end=\"985\">\ud83c\udf00 Sopii 100-tyyppisiin kulmahiomakoneisiin &#8211; Pikakiinnitys k\u00e4tev\u00e4\u00e4n hiontaan.<\/p>\n<p data-start=\"906\" data-end=\"985\"><img decoding=\"async\" class=\"size-full wp-image-43873 aligncenter\" src=\"https:\/\/keluvo.com\/template\/wp-content\/uploads\/sites\/5\/2025\/12\/1e7cab87785c1ea988cb9b79e77bb710d07149c6.avif\" alt=\"\" \/><\/p>\n<h2 style=\"text-align: center;\" data-start=\"992\" data-end=\"1010\">\ud83e\uddfe K\u00e4ytt\u00f6ohjeet<\/h2>\n<ol data-start=\"1011\" data-end=\"1389\">\n<li data-start=\"1011\" data-end=\"1078\">\n<p data-start=\"1014\" data-end=\"1078\">Kiinnit\u00e4 poranteroitin 100-tyyppiseen kulmahiomakoneeseesi.<\/p>\n<\/li>\n<li data-start=\"1079\" data-end=\"1144\">\n<p data-start=\"1082\" data-end=\"1144\">Valitse oikea urakoko poranter\u00e4\u00e4si (3-12 mm).<\/p>\n<\/li>\n<li data-start=\"1145\" data-end=\"1192\">\n<p data-start=\"1148\" data-end=\"1192\">Aseta ter\u00e4 uraan ja kiinnit\u00e4 se.<\/p>\n<\/li>\n<li data-start=\"1193\" data-end=\"1270\">\n<p data-start=\"1196\" data-end=\"1270\">K\u00e4ynnist\u00e4 hiomakone ja paina ter\u00e4 varovasti hiomalaikkaa vasten.<\/p>\n<\/li>\n<li data-start=\"1271\" data-end=\"1329\">\n<p data-start=\"1274\" data-end=\"1329\">S\u00e4\u00e4d\u00e4 kulmaa tarpeen mukaan, jotta saat siistin ja ter\u00e4v\u00e4n lopputuloksen.<\/p>\n<\/li>\n<li data-start=\"1330\" data-end=\"1389\">\n<p data-start=\"1333\" data-end=\"1389\">Poista ter\u00e4 ja teroitettu ty\u00f6kalu on k\u00e4ytt\u00f6valmis.<\/p>\n<\/li>\n<\/ol>\n<h2 style=\"text-align: center;\" data-start=\"1396\" data-end=\"1419\">\ud83d\udccc Tuotetiedot<\/h2>\n<ul data-start=\"1420\" data-end=\"1733\">\n<li data-start=\"1469\" data-end=\"1486\">\n<p data-start=\"1471\" data-end=\"1486\">Materiaali: ABS<\/p>\n<\/li>\n<li data-start=\"1522\" data-end=\"1568\">\n<p data-start=\"1524\" data-end=\"1568\">Yhteensopiva kone: Kone: 100-tyyppinen kulmahiomakone<\/p>\n<\/li>\n<li data-start=\"1569\" data-end=\"1597\">\n<p data-start=\"1571\" data-end=\"1597\">Poranter\u00e4n koot: Ominaisuudet: Tarkka hionta, s\u00e4\u00e4dett\u00e4v\u00e4t kulmat, kannettava, energians\u00e4\u00e4st\u00f6<\/p>\n<\/li>\n<li data-start=\"1598\" data-end=\"1672\">\n<p data-start=\"1600\" data-end=\"1672\">Yhteensopiva seuraavien kanssa: HSS, karbidi, ja erilaisia poranter\u00e4tyyppej\u00e4<\/p>\n<\/li>\n<li data-start=\"1673\" data-end=\"1733\">\n<p data-start=\"1675\" data-end=\"1733\">Yhteensopiva: HSS, karbidi, ja erilaisia poranter\u00e4tyyppej\u00e4<\/p>\n<\/li>\n<\/ul>\n<h2 style=\"text-align: center;\" data-start=\"1740\" data-end=\"1764\">\ud83c\udf81 Pakkaus Sis\u00e4lt\u00e4\u00e4<\/h2>\n<ul data-start=\"1765\" data-end=\"1820\" data-is-last-node=\"\" data-is-only-node=\"\">\n<li data-start=\"1765\" data-end=\"1820\" data-is-last-node=\"\">\n<p data-start=\"1767\" data-end=\"1820\" data-is-last-node=\"\">1, 2x monitoimiporan teroitin\/-t.<\/p>\n<\/li>\n<\/ul>\n","protected":false},"excerpt":{"rendered":"<p>Korjaa Tyls\u00e4t Poranter\u00e4t Sekunneissa Ja Poraa Ter\u00e4v\u00e4mmin Ja Tasaisemmin. \ud83d\udd0d\ud83d\udee0\ufe0f T\u00e4m\u00e4 monitoimiporan teroitin kiinnittyy kulmahiomakoneeseen ja her\u00e4tt\u00e4\u00e4 vanhat poranter\u00e4t henkiin. [&hellip;]<\/p>\n","protected":false},"featured_media":14870,"comment_status":"open","ping_status":"closed","template":"","meta":{"site-sidebar-layout":"default","site-content-layout":"","ast-site-content-layout":"default","site-content-style":"default","site-sidebar-style":"default","ast-global-header-display":"","ast-banner-title-visibility":"","ast-main-header-display":"","ast-hfb-above-header-display":"","ast-hfb-below-header-display":"","ast-hfb-mobile-header-display":"","site-post-title":"","ast-breadcrumbs-content":"","ast-featured-img":"","footer-sml-layout":"","theme-transparent-header-meta":"default","adv-header-id-meta":"","stick-header-meta":"","header-above-stick-meta":"","header-main-stick-meta":"","header-below-stick-meta":"","astra-migrate-meta-layouts":"set","ast-page-background-enabled":"default","ast-page-background-meta":{"desktop":{"background-color":"var(--ast-global-color-4)","background-image":"","background-repeat":"repeat","background-position":"center center","background-size":"auto","background-attachment":"scroll","background-type":"","background-media":"","overlay-type":"","overlay-color":"","overlay-opacity":"","overlay-gradient":""},"tablet":{"background-color":"","background-image":"","background-repeat":"repeat","background-position":"center center","background-size":"auto","background-attachment":"scroll","background-type":"","background-media":"","overlay-type":"","overlay-color":"","overlay-opacity":"","overlay-gradient":""},"mobile":{"background-color":"","background-image":"","background-repeat":"repeat","background-position":"center center","background-size":"auto","background-attachment":"scroll","background-type":"","background-media":"","overlay-type":"","overlay-color":"","overlay-opacity":"","overlay-gradient":""}},"ast-content-background-meta":{"desktop":{"background-color":"var(--ast-global-color-5)","background-image":"","background-repeat":"repeat","background-position":"center center","background-size":"auto","background-attachment":"scroll","background-type":"","background-media":"","overlay-type":"","overlay-color":"","overlay-opacity":"","overlay-gradient":""},"tablet":{"background-color":"var(--ast-global-color-5)","background-image":"","background-repeat":"repeat","background-position":"center center","background-size":"auto","background-attachment":"scroll","background-type":"","background-media":"","overlay-type":"","overlay-color":"","overlay-opacity":"","overlay-gradient":""},"mobile":{"background-color":"var(--ast-global-color-5)","background-image":"","background-repeat":"repeat","background-position":"center center","background-size":"auto","background-attachment":"scroll","background-type":"","background-media":"","overlay-type":"","overlay-color":"","overlay-opacity":"","overlay-gradient":""}}},"product_brand":[],"product_cat":[996],"product_tag":[],"class_list":{"0":"post-14874","1":"product","2":"type-product","3":"status-publish","4":"has-post-thumbnail","6":"product_cat-tools","7":"pa_55282_m4k7tyxq-1-kpl","8":"pa_55282_m4k7tyxq-2-kpl","9":"pa_55282_xczhgdr1-keltainen","10":"pa_55282_xczhgdr1-musta","11":"pa_55282_xczhgdr1-vihrea","12":"desktop-align-left","13":"tablet-align-left","14":"mobile-align-left","16":"first","17":"instock","18":"shipping-taxable","19":"purchasable","20":"product-type-variable","21":"has-default-attributes"},"_links":{"self":[{"href":"https:\/\/keluvo.com\/fi\/wp-json\/wp\/v2\/product\/14874","targetHints":{"allow":["GET"]}}],"collection":[{"href":"https:\/\/keluvo.com\/fi\/wp-json\/wp\/v2\/product"}],"about":[{"href":"https:\/\/keluvo.com\/fi\/wp-json\/wp\/v2\/types\/product"}],"replies":[{"embeddable":true,"href":"https:\/\/keluvo.com\/fi\/wp-json\/wp\/v2\/comments?post=14874"}],"wp:featuredmedia":[{"embeddable":true,"href":"https:\/\/keluvo.com\/fi\/wp-json\/wp\/v2\/media\/14870"}],"wp:attachment":[{"href":"https:\/\/keluvo.com\/fi\/wp-json\/wp\/v2\/media?parent=14874"}],"wp:term":[{"taxonomy":"product_brand","embeddable":true,"href":"https:\/\/keluvo.com\/fi\/wp-json\/wp\/v2\/product_brand?post=14874"},{"taxonomy":"product_cat","embeddable":true,"href":"https:\/\/keluvo.com\/fi\/wp-json\/wp\/v2\/product_cat?post=14874"},{"taxonomy":"product_tag","embeddable":true,"href":"https:\/\/keluvo.com\/fi\/wp-json\/wp\/v2\/product_tag?post=14874"}],"curies":[{"name":"wp","href":"https:\/\/api.w.org\/{rel}","templated":true}]}}