{"id":14644,"date":"2025-12-10T15:47:19","date_gmt":"2025-12-10T13:47:19","guid":{"rendered":"https:\/\/keluvo.com\/fi\/product\/oven-saranan-saatotyokalu\/"},"modified":"2025-12-15T18:11:48","modified_gmt":"2025-12-15T16:11:48","slug":"oven-saranan-saatotyokalu","status":"publish","type":"product","link":"https:\/\/keluvo.com\/fi\/product\/oven-saranan-saatotyokalu\/","title":{"rendered":"Oven saranan s\u00e4\u00e4t\u00f6ty\u00f6kalu"},"content":{"rendered":"<p style=\"text-align: center;\" data-start=\"0\" data-end=\"68\">Suuri halkaisija: 18mm &#8211; 24.5mm<\/p>\n<p style=\"text-align: center;\" data-start=\"0\" data-end=\"68\">Pieni halkaisija: 9mm &#8211; 17.5mm<\/p>\n<p style=\"text-align: center;\" data-start=\"0\" data-end=\"68\"><strong>Korjaa roikkuvat tai vinossa olevat ovet sekunneissa yhdell\u00e4 yksinkertaisella ty\u00f6kalulla. \ud83d\udd27<\/strong><\/p>\n<p style=\"text-align: center;\" data-start=\"70\" data-end=\"320\">T\u00e4m\u00e4n ovisaranoiden s\u00e4\u00e4t\u00f6ty\u00f6kalun avulla voit helposti ja tarkasti korjata jumittavat, hankaavat tai ep\u00e4tasaiset ovet &#8211; ilman saranan irrottamista tai korjaajan kutsumista. K\u00e4\u00e4nn\u00e4 vain jakoavainta s\u00e4\u00e4t\u00e4\u00e4ksesi saranav\u00e4li\u00e4 ja parantaaksesi oven liikett\u00e4 v\u00e4litt\u00f6m\u00e4sti.<\/p>\n<p data-start=\"70\" data-end=\"320\"><img decoding=\"async\" class=\"size-full wp-image-41988 aligncenter\" src=\"https:\/\/keluvo.com\/template\/wp-content\/uploads\/sites\/5\/2025\/11\/10227-ezgif.com-video-to-webp-converter-5.webp\" alt=\"\" \/><\/p>\n<h2 style=\"text-align: center;\" data-start=\"327\" data-end=\"349\">\ud83c\udf1f T\u00e4rkeimm\u00e4t edut<\/h2>\n<p data-start=\"352\" data-end=\"446\">\ud83d\udd27 Tarkat saranoiden s\u00e4\u00e4d\u00f6t &#8211; levent\u00e4\u00e4 v\u00e4lej\u00e4 k\u00e4\u00e4nt\u00e4m\u00e4ll\u00e4 vasemmalle ja kaventaa niit\u00e4 k\u00e4\u00e4nt\u00e4m\u00e4ll\u00e4 oikealle.<\/p>\n<p data-start=\"352\" data-end=\"446\">\ud83d\udeaa Korjaa tavalliset oviongelmat &#8211; ratkaisee roikkuvat, jumittuvat tai vinossa olevat ovet nopeasti.<\/p>\n<p data-start=\"352\" data-end=\"446\">\ud83d\udcaa Raskas ter\u00e4srakenne &#8211; valmistettu 45- ter\u00e4ksest\u00e4, joka takaa pitk\u00e4kestoisen lujuuden ja kest\u00e4vyyden.<\/p>\n<p data-start=\"352\" data-end=\"446\">\ud83d\udee1\ufe0f Valmistettu erityisille ovityypeille &#8211; ihanteellinen palo-oville, puhdastilojen oville ja nivelsaranoilla varustetuille turvaoville.<\/p>\n<p data-start=\"352\" data-end=\"446\">\ud83e\udd32 Yksinkertainen ja ergonominen &#8211; helppo k\u00e4ytt\u00e4\u00e4 ahtaissakin tiloissa tai hankalissa asennuksissa.<\/p>\n<p data-start=\"755\" data-end=\"842\"><img fetchpriority=\"high\" decoding=\"async\" class=\"size-full wp-image-41989 aligncenter\" src=\"https:\/\/keluvo.com\/template\/wp-content\/uploads\/sites\/5\/2025\/11\/18f1445ea8cdb6cc9f74552749ea70a8541c401c-900.jpg\" alt=\"\" width=\"1039\" height=\"1080\" \/><\/p>\n<h2 style=\"text-align: center;\" data-start=\"849\" data-end=\"869\">\ud83d\udee0\ufe0f K\u00e4ytt\u00f6ohjeet<\/h2>\n<ol data-start=\"870\" data-end=\"1080\">\n<li data-start=\"870\" data-end=\"928\">Aseta jakoavain sen saranan ymp\u00e4rille, jota haluat s\u00e4\u00e4t\u00e4\u00e4.<\/li>\n<li data-start=\"870\" data-end=\"928\">K\u00e4\u00e4nn\u00e4 vasempaan levent\u00e4\u00e4ksesi saranav\u00e4li\u00e4.<\/li>\n<li data-start=\"870\" data-end=\"928\">K\u00e4\u00e4nn\u00e4 oikealle pienent\u00e4\u00e4ksesi saranav\u00e4li\u00e4.<\/li>\n<li data-start=\"870\" data-end=\"928\">Testaa oven liikett\u00e4 ja toista tarvittaessa, kunnes se avautuu sujuvasti.<\/li>\n<\/ol>\n<h2 style=\"text-align: center;\" data-start=\"1087\" data-end=\"1111\">\ud83d\udccf Tuotteen tiedot<\/h2>\n<ul data-start=\"1112\" data-end=\"1352\">\n<li data-start=\"1158\" data-end=\"1180\">Materiaali: 45-ter\u00e4s<\/li>\n<li data-start=\"1158\" data-end=\"1180\">V\u00e4ri: Hopea<\/li>\n<li data-start=\"1158\" data-end=\"1180\">Saatavilla olevat koot: Pieni (20.3 cm), Suuri (22.5 cm)<\/li>\n<li data-start=\"1158\" data-end=\"1180\">Suunniteltu: Palo-ovet, puhdastilojen ovet, turvaovet nivelsaranoilla<\/li>\n<\/ul>\n<h2 style=\"text-align: center;\" data-start=\"1359\" data-end=\"1384\">\ud83d\udce6 Pakkaus sis\u00e4lt\u00e4\u00e4<\/h2>\n<ul data-start=\"1385\" data-end=\"1417\" data-is-last-node=\"\" data-is-only-node=\"\">\n<li data-start=\"1385\" data-end=\"1417\" data-is-last-node=\"\">\n<p data-start=\"1387\" data-end=\"1417\" data-is-last-node=\"\">1, 2x ovisaranoiden s\u00e4\u00e4t\u00f6ty\u00f6kalu.<\/p>\n<\/li>\n<\/ul>\n","protected":false},"excerpt":{"rendered":"<p>Suuri halkaisija: 18mm &#8211; 24.5mm Pieni halkaisija: 9mm &#8211; 17.5mm Korjaa roikkuvat tai vinossa olevat ovet sekunneissa yhdell\u00e4 yksinkertaisella ty\u00f6kalulla. [&hellip;]<\/p>\n","protected":false},"featured_media":14640,"comment_status":"open","ping_status":"closed","template":"","meta":{"site-sidebar-layout":"default","site-content-layout":"","ast-site-content-layout":"default","site-content-style":"default","site-sidebar-style":"default","ast-global-header-display":"","ast-banner-title-visibility":"","ast-main-header-display":"","ast-hfb-above-header-display":"","ast-hfb-below-header-display":"","ast-hfb-mobile-header-display":"","site-post-title":"","ast-breadcrumbs-content":"","ast-featured-img":"","footer-sml-layout":"","theme-transparent-header-meta":"default","adv-header-id-meta":"","stick-header-meta":"","header-above-stick-meta":"","header-main-stick-meta":"","header-below-stick-meta":"","astra-migrate-meta-layouts":"set","ast-page-background-enabled":"default","ast-page-background-meta":{"desktop":{"background-color":"var(--ast-global-color-4)","background-image":"","background-repeat":"repeat","background-position":"center center","background-size":"auto","background-attachment":"scroll","background-type":"","background-media":"","overlay-type":"","overlay-color":"","overlay-opacity":"","overlay-gradient":""},"tablet":{"background-color":"","background-image":"","background-repeat":"repeat","background-position":"center center","background-size":"auto","background-attachment":"scroll","background-type":"","background-media":"","overlay-type":"","overlay-color":"","overlay-opacity":"","overlay-gradient":""},"mobile":{"background-color":"","background-image":"","background-repeat":"repeat","background-position":"center center","background-size":"auto","background-attachment":"scroll","background-type":"","background-media":"","overlay-type":"","overlay-color":"","overlay-opacity":"","overlay-gradient":""}},"ast-content-background-meta":{"desktop":{"background-color":"var(--ast-global-color-5)","background-image":"","background-repeat":"repeat","background-position":"center center","background-size":"auto","background-attachment":"scroll","background-type":"","background-media":"","overlay-type":"","overlay-color":"","overlay-opacity":"","overlay-gradient":""},"tablet":{"background-color":"var(--ast-global-color-5)","background-image":"","background-repeat":"repeat","background-position":"center center","background-size":"auto","background-attachment":"scroll","background-type":"","background-media":"","overlay-type":"","overlay-color":"","overlay-opacity":"","overlay-gradient":""},"mobile":{"background-color":"var(--ast-global-color-5)","background-image":"","background-repeat":"repeat","background-position":"center center","background-size":"auto","background-attachment":"scroll","background-type":"","background-media":"","overlay-type":"","overlay-color":"","overlay-opacity":"","overlay-gradient":""}}},"product_brand":[],"product_cat":[996],"product_tag":[],"class_list":{"0":"post-14644","1":"product","2":"type-product","3":"status-publish","4":"has-post-thumbnail","6":"product_cat-tools","7":"pa_52519_1boy0uh0-pieni","8":"pa_52519_1boy0uh0-suuri","9":"pa_52519_1boy0uh0-sarja-2-kpl","10":"desktop-align-left","11":"tablet-align-left","12":"mobile-align-left","14":"first","15":"instock","16":"shipping-taxable","17":"purchasable","18":"product-type-variable"},"_links":{"self":[{"href":"https:\/\/keluvo.com\/fi\/wp-json\/wp\/v2\/product\/14644","targetHints":{"allow":["GET"]}}],"collection":[{"href":"https:\/\/keluvo.com\/fi\/wp-json\/wp\/v2\/product"}],"about":[{"href":"https:\/\/keluvo.com\/fi\/wp-json\/wp\/v2\/types\/product"}],"replies":[{"embeddable":true,"href":"https:\/\/keluvo.com\/fi\/wp-json\/wp\/v2\/comments?post=14644"}],"wp:featuredmedia":[{"embeddable":true,"href":"https:\/\/keluvo.com\/fi\/wp-json\/wp\/v2\/media\/14640"}],"wp:attachment":[{"href":"https:\/\/keluvo.com\/fi\/wp-json\/wp\/v2\/media?parent=14644"}],"wp:term":[{"taxonomy":"product_brand","embeddable":true,"href":"https:\/\/keluvo.com\/fi\/wp-json\/wp\/v2\/product_brand?post=14644"},{"taxonomy":"product_cat","embeddable":true,"href":"https:\/\/keluvo.com\/fi\/wp-json\/wp\/v2\/product_cat?post=14644"},{"taxonomy":"product_tag","embeddable":true,"href":"https:\/\/keluvo.com\/fi\/wp-json\/wp\/v2\/product_tag?post=14644"}],"curies":[{"name":"wp","href":"https:\/\/api.w.org\/{rel}","templated":true}]}}