{"id":14609,"date":"2025-12-10T15:45:49","date_gmt":"2025-12-10T13:45:49","guid":{"rendered":"https:\/\/keluvo.com\/fi\/product\/lumikourat\/"},"modified":"2025-12-12T15:00:58","modified_gmt":"2025-12-12T13:00:58","slug":"liukuesteet","status":"publish","type":"product","link":"https:\/\/keluvo.com\/fi\/product\/liukuesteet\/","title":{"rendered":"Liukuesteet"},"content":{"rendered":"<p style=\"text-align: center;\" data-start=\"0\" data-end=\"52\"><strong>K\u00e4vele turvallisesti ja luottavaisesti lumella ja j\u00e4\u00e4ll\u00e4 \u2744\ufe0f<\/strong><\/p>\n<p style=\"text-align: center;\" data-start=\"54\" data-end=\"283\">N\u00e4m\u00e4 liukuesteet antavat sinulle lis\u00e4\u00e4 pitoa ja vakautta talvik\u00e4velyill\u00e4 ja -lenkeill\u00e4. Ne on suunniteltu sopimaan useimpiin kenk\u00e4tyyppeihin, ja ne est\u00e4v\u00e4t liukastumisen ja kaatumisen j\u00e4isill\u00e4 pinnoilla, auttaen sinua pysym\u00e4\u00e4n turvallisesti ja luottavaisesti ulkona koko vuodenajan.<\/p>\n<p data-start=\"54\" data-end=\"283\"><img decoding=\"async\" class=\"size-full wp-image-40290 aligncenter\" src=\"https:\/\/keluvo.com\/template\/wp-content\/uploads\/sites\/5\/2025\/11\/10227-ezgif.com-video-to-webp-converter-1.webp\" alt=\"\" \/><\/p>\n<h2 style=\"text-align: center;\" data-start=\"290\" data-end=\"312\">\ud83c\udf1f T\u00e4rkeimm\u00e4t edut<\/h2>\n<p data-start=\"315\" data-end=\"394\">\ud83e\uddca Liukueste &#8211; Vahvat nastat tarttuvat j\u00e4\u00e4h\u00e4n ja lumeen est\u00e4\u00e4kseen kaatumiset.<\/p>\n<p data-start=\"315\" data-end=\"394\">\ud83d\udc5f Yleisk\u00e4ytt\u00f6inen istuvuus &#8211; Venyv\u00e4 kumi sopii useimpiin keng\u00e4nmuotoihin ja -kokoihin.<\/p>\n<p data-start=\"315\" data-end=\"394\">\u26a1 Helppok\u00e4ytt\u00f6inen &#8211; Ved\u00e4 p\u00e4\u00e4lle tai riisu muutamassa sekunnissa &#8211; ty\u00f6kaluja ei tarvita.<\/p>\n<p data-start=\"315\" data-end=\"394\">\ud83e\uddf3 Pienikokoinen &amp; kannettava &#8211; Kevyet ja helppo kuljettaa mukana laukussasi tai taskussa.<\/p>\n<p data-start=\"315\" data-end=\"394\">\ud83d\udcaa Kest\u00e4v\u00e4 muotoilu &#8211; Valmistettu joustavasta kumista ja sitke\u00e4st\u00e4 alumiiniseoksesta valmistetuista nastoista pitk\u00e4ik\u00e4iseen k\u00e4ytt\u00f6\u00f6n.<\/p>\n<p data-start=\"315\" data-end=\"394\">\ud83c\udfc3 Mukavuus kaikissa s\u00e4\u00e4olosuhteissa &#8211; Sopii erinomaisesti k\u00e4velyyn, juoksuun, vaellukseen tai p\u00e4ivitt\u00e4isiin ulkoilma-aktiviteetteihin.<\/p>\n<p data-start=\"742\" data-end=\"836\"><img decoding=\"async\" class=\"size-full wp-image-40289 aligncenter\" src=\"https:\/\/keluvo.com\/template\/wp-content\/uploads\/sites\/5\/2025\/11\/aa29a172-1e40-492e-9bef-94b9ba06e9d4.jpg\" alt=\"\" \/><\/p>\n<h2 style=\"text-align: center;\" data-start=\"843\" data-end=\"862\">\u2699\ufe0f K\u00e4ytt\u00f6ohjeet<\/h2>\n<ol data-start=\"863\" data-end=\"1090\">\n<li data-start=\"863\" data-end=\"916\">Ved\u00e4 liukuesteet kenkien tai saappaiden p\u00e4\u00e4lle.<\/li>\n<li data-start=\"863\" data-end=\"916\">S\u00e4\u00e4d\u00e4, kunnes nastat ovat tasaisesti kenk\u00e4si alla.<\/li>\n<li data-start=\"863\" data-end=\"916\">Varmista, ett\u00e4 esteet istuvat hyvin ennen k\u00e4vely\u00e4.<\/li>\n<li data-start=\"863\" data-end=\"916\">K\u00e4yt\u00f6n j\u00e4lkeen irrota ja taita yhteen &#8211; helppo varastoida ja k\u00e4ytt\u00e4\u00e4 uudestaan.<\/li>\n<\/ol>\n<h2 style=\"text-align: center;\" data-start=\"1097\" data-end=\"1121\">\ud83d\udccf Tuotteen yksityiskohdat<\/h2>\n<ul data-start=\"1122\" data-end=\"1362\">\n<li data-start=\"1122\" data-end=\"1166\">Materiaali: Kumi + alumiiniseoksesta tehdyt nastat<\/li>\n<li data-start=\"1122\" data-end=\"1166\">Koot: S (EU 24\u201334), M (EU 35\u201341)<\/li>\n<li data-start=\"1122\" data-end=\"1166\">V\u00e4ri: Musta, sininen, punainen<\/li>\n<li data-start=\"1122\" data-end=\"1166\">Sitke\u00e4 ja kest\u00e4v\u00e4 muotoilu<\/li>\n<li data-start=\"1122\" data-end=\"1166\">Soveltuu: k\u00e4velyyn, juoksuun, vaellukseen tai ulkot\u00f6ihin lumessa ja j\u00e4\u00e4ss\u00e4<\/li>\n<\/ul>\n<h2 style=\"text-align: center;\" data-start=\"1369\" data-end=\"1394\">\ud83d\udce6 Pakkaus sis\u00e4lt\u00e4\u00e4<\/h2>\n<ul data-start=\"1395\" data-end=\"1421\">\n<li data-start=\"1395\" data-end=\"1421\">\n<p data-start=\"1397\" data-end=\"1421\">1, 2x paria liukueste.<\/p>\n<\/li>\n<\/ul>\n","protected":false},"excerpt":{"rendered":"<p>K\u00e4vele turvallisesti ja luottavaisesti lumella ja j\u00e4\u00e4ll\u00e4 \u2744\ufe0f N\u00e4m\u00e4 liukuesteet antavat sinulle lis\u00e4\u00e4 pitoa ja vakautta talvik\u00e4velyill\u00e4 ja -lenkeill\u00e4. Ne [&hellip;]<\/p>\n","protected":false},"featured_media":14605,"comment_status":"open","ping_status":"closed","template":"","meta":{"site-sidebar-layout":"default","site-content-layout":"","ast-site-content-layout":"default","site-content-style":"default","site-sidebar-style":"default","ast-global-header-display":"","ast-banner-title-visibility":"","ast-main-header-display":"","ast-hfb-above-header-display":"","ast-hfb-below-header-display":"","ast-hfb-mobile-header-display":"","site-post-title":"","ast-breadcrumbs-content":"","ast-featured-img":"","footer-sml-layout":"","theme-transparent-header-meta":"default","adv-header-id-meta":"","stick-header-meta":"","header-above-stick-meta":"","header-main-stick-meta":"","header-below-stick-meta":"","astra-migrate-meta-layouts":"set","ast-page-background-enabled":"default","ast-page-background-meta":{"desktop":{"background-color":"var(--ast-global-color-4)","background-image":"","background-repeat":"repeat","background-position":"center center","background-size":"auto","background-attachment":"scroll","background-type":"","background-media":"","overlay-type":"","overlay-color":"","overlay-opacity":"","overlay-gradient":""},"tablet":{"background-color":"","background-image":"","background-repeat":"repeat","background-position":"center center","background-size":"auto","background-attachment":"scroll","background-type":"","background-media":"","overlay-type":"","overlay-color":"","overlay-opacity":"","overlay-gradient":""},"mobile":{"background-color":"","background-image":"","background-repeat":"repeat","background-position":"center center","background-size":"auto","background-attachment":"scroll","background-type":"","background-media":"","overlay-type":"","overlay-color":"","overlay-opacity":"","overlay-gradient":""}},"ast-content-background-meta":{"desktop":{"background-color":"var(--ast-global-color-5)","background-image":"","background-repeat":"repeat","background-position":"center center","background-size":"auto","background-attachment":"scroll","background-type":"","background-media":"","overlay-type":"","overlay-color":"","overlay-opacity":"","overlay-gradient":""},"tablet":{"background-color":"var(--ast-global-color-5)","background-image":"","background-repeat":"repeat","background-position":"center center","background-size":"auto","background-attachment":"scroll","background-type":"","background-media":"","overlay-type":"","overlay-color":"","overlay-opacity":"","overlay-gradient":""},"mobile":{"background-color":"var(--ast-global-color-5)","background-image":"","background-repeat":"repeat","background-position":"center center","background-size":"auto","background-attachment":"scroll","background-type":"","background-media":"","overlay-type":"","overlay-color":"","overlay-opacity":"","overlay-gradient":""}}},"product_brand":[],"product_cat":[993,1000],"product_tag":[],"class_list":{"0":"post-14609","1":"product","2":"type-product","3":"status-publish","4":"has-post-thumbnail","6":"product_cat-footwear-accessories","7":"product_cat-hiking-camping-and-leisure-goods","8":"pa_18454_flgn8azd-musta","9":"pa_18454_flgn8azd-punainen","10":"pa_18454_flgn8azd-sininen","11":"pa_18454_fnez4rl7-s-eu-24-34","12":"pa_18454_fnez4rl7-m-eu-35-41","13":"pa_18454_pdi11c65-1-pari","14":"pa_18454_pdi11c65-2-paria","15":"desktop-align-left","16":"tablet-align-left","17":"mobile-align-left","19":"first","20":"instock","21":"shipping-taxable","22":"purchasable","23":"product-type-variable","24":"has-default-attributes"},"_links":{"self":[{"href":"https:\/\/keluvo.com\/fi\/wp-json\/wp\/v2\/product\/14609","targetHints":{"allow":["GET"]}}],"collection":[{"href":"https:\/\/keluvo.com\/fi\/wp-json\/wp\/v2\/product"}],"about":[{"href":"https:\/\/keluvo.com\/fi\/wp-json\/wp\/v2\/types\/product"}],"replies":[{"embeddable":true,"href":"https:\/\/keluvo.com\/fi\/wp-json\/wp\/v2\/comments?post=14609"}],"wp:featuredmedia":[{"embeddable":true,"href":"https:\/\/keluvo.com\/fi\/wp-json\/wp\/v2\/media\/14605"}],"wp:attachment":[{"href":"https:\/\/keluvo.com\/fi\/wp-json\/wp\/v2\/media?parent=14609"}],"wp:term":[{"taxonomy":"product_brand","embeddable":true,"href":"https:\/\/keluvo.com\/fi\/wp-json\/wp\/v2\/product_brand?post=14609"},{"taxonomy":"product_cat","embeddable":true,"href":"https:\/\/keluvo.com\/fi\/wp-json\/wp\/v2\/product_cat?post=14609"},{"taxonomy":"product_tag","embeddable":true,"href":"https:\/\/keluvo.com\/fi\/wp-json\/wp\/v2\/product_tag?post=14609"}],"curies":[{"name":"wp","href":"https:\/\/api.w.org\/{rel}","templated":true}]}}