{"id":14453,"date":"2025-12-05T09:17:12","date_gmt":"2025-12-05T07:17:12","guid":{"rendered":"https:\/\/keluvo.com\/fi\/product\/karhuperhe-henkilokohtainen-lahja\/"},"modified":"2025-12-05T09:17:27","modified_gmt":"2025-12-05T07:17:27","slug":"karhuperhe-henkilokohtainen-lahja","status":"publish","type":"product","link":"https:\/\/keluvo.com\/fi\/product\/karhuperhe-henkilokohtainen-lahja\/","title":{"rendered":"Karhuperhe &#8211; henkil\u00f6kohtainen lahja"},"content":{"rendered":"<h2 style=\"text-align: center\"><strong>Enemm\u00e4n Kuin Pelkk\u00e4 Lahja<\/strong><\/h2>\n<p style=\"text-align: center\"><span dir=\"auto\">Ajattele kaikkia niit\u00e4 kertoja, jolloin olet k\u00e4ytt\u00e4nyt <\/span><span dir=\"auto\">kolminkertaisen summan<\/span><span dir=\"auto\"> lahjaan, joka on vain p\u00e4\u00e4tynyt kaappiin unohdettuna ja k\u00e4ytt\u00e4m\u00e4tt\u00f6m\u00e4n\u00e4.<\/span><\/p>\n<p style=\"text-align: center\"><span dir=\"auto\">Rakkauskarhujemme kanssa on <\/span><span dir=\"auto\">toisin.<\/span><\/p>\n<p style=\"text-align: center\"><span dir=\"auto\">Ne seisovat <\/span><span dir=\"auto\">ylpein\u00e4<\/span><span dir=\"auto\"> kodissa &#8211; ikkunalaudalla, olohuoneessa tai kenties keitti\u00f6ss\u00e4 &#8211; ja muistuttavat teit\u00e4 kaikkia siit\u00e4, mik\u00e4 on <\/span><span dir=\"auto\">t\u00e4rkeint\u00e4.<\/span><\/p>\n<p style=\"text-align: center\"><img fetchpriority=\"high\" decoding=\"async\" class=\"alignnone wp-image-44202\" src=\"https:\/\/keluvo.com\/template\/wp-content\/uploads\/sites\/5\/2025\/12\/bjrnkramargif-ezgif.com-optimize.webp\" alt=\"\" width=\"488\" height=\"488\" \/><\/p>\n<h2 style=\"text-align: center\"><strong>Muisto, Joka Kest\u00e4\u00e4<\/strong><\/h2>\n<p style=\"text-align: center\">Monet sisustuksen yksityiskohdat ovat kauniita, mutta karhuperheemme tuo niihin jotain aivan erityist\u00e4. Jokainen yksityiskohta, hienoista linjoista m\u00e4ntypuun huolelliseen tarkkuuteen, auttaa tekem\u00e4\u00e4n sinun tai jonkun muun kodista t\u00e4ydellisen. Karhut luovat iloa koko talouteen ja tarjoavat yhteenkuuluvuuden tunteen, joka menee suoraan syd\u00e4meen.<\/p>\n<p style=\"text-align: center\"><img decoding=\"async\" class=\"alignnone wp-image-44203\" src=\"https:\/\/keluvo.com\/template\/wp-content\/uploads\/sites\/5\/2025\/12\/1003_1_Redigerad.webp\" alt=\"\" width=\"487\" height=\"487\" \/><\/p>\n<h2 style=\"text-align: center\"><strong>Vahvan Perhesiteen Symboli<\/strong><\/h2>\n<p style=\"text-align: center\">Rakkauskarhuissa ei ole kyse vain kaiverretuista nimist\u00e4 &#8211; ne vangitsevat yhteenkuuluvuuden tunteen. Joskus joku perheess\u00e4 voi tuntea itsens\u00e4 hieman ulkopuoliseksi, ehk\u00e4p\u00e4 \u00e4iti, joka asuu kaukana, tai iso\u00e4iti, joka n\u00e4kee lapsenlapsiaan harvoin.<\/p>\n<p><img decoding=\"async\" class=\"alignnone wp-image-44204 aligncenter\" src=\"https:\/\/keluvo.com\/template\/wp-content\/uploads\/sites\/5\/2025\/12\/il_794xN.6228956507_7dy4_1.webp\" alt=\"\" width=\"485\" height=\"485\" \/><\/p>\n","protected":false},"excerpt":{"rendered":"<p>Enemm\u00e4n Kuin Pelkk\u00e4 Lahja Ajattele kaikkia niit\u00e4 kertoja, jolloin olet k\u00e4ytt\u00e4nyt kolminkertaisen summan lahjaan, joka on vain p\u00e4\u00e4tynyt kaappiin unohdettuna [&hellip;]<\/p>\n","protected":false},"featured_media":14449,"comment_status":"open","ping_status":"closed","template":"","meta":{"site-sidebar-layout":"default","site-content-layout":"","ast-site-content-layout":"default","site-content-style":"default","site-sidebar-style":"default","ast-global-header-display":"","ast-banner-title-visibility":"","ast-main-header-display":"","ast-hfb-above-header-display":"","ast-hfb-below-header-display":"","ast-hfb-mobile-header-display":"","site-post-title":"","ast-breadcrumbs-content":"","ast-featured-img":"","footer-sml-layout":"","theme-transparent-header-meta":"default","adv-header-id-meta":"","stick-header-meta":"","header-above-stick-meta":"","header-main-stick-meta":"","header-below-stick-meta":"","astra-migrate-meta-layouts":"set","ast-page-background-enabled":"default","ast-page-background-meta":{"desktop":{"background-color":"var(--ast-global-color-4)","background-image":"","background-repeat":"repeat","background-position":"center center","background-size":"auto","background-attachment":"scroll","background-type":"","background-media":"","overlay-type":"","overlay-color":"","overlay-opacity":"","overlay-gradient":""},"tablet":{"background-color":"","background-image":"","background-repeat":"repeat","background-position":"center center","background-size":"auto","background-attachment":"scroll","background-type":"","background-media":"","overlay-type":"","overlay-color":"","overlay-opacity":"","overlay-gradient":""},"mobile":{"background-color":"","background-image":"","background-repeat":"repeat","background-position":"center center","background-size":"auto","background-attachment":"scroll","background-type":"","background-media":"","overlay-type":"","overlay-color":"","overlay-opacity":"","overlay-gradient":""}},"ast-content-background-meta":{"desktop":{"background-color":"var(--ast-global-color-5)","background-image":"","background-repeat":"repeat","background-position":"center center","background-size":"auto","background-attachment":"scroll","background-type":"","background-media":"","overlay-type":"","overlay-color":"","overlay-opacity":"","overlay-gradient":""},"tablet":{"background-color":"var(--ast-global-color-5)","background-image":"","background-repeat":"repeat","background-position":"center center","background-size":"auto","background-attachment":"scroll","background-type":"","background-media":"","overlay-type":"","overlay-color":"","overlay-opacity":"","overlay-gradient":""},"mobile":{"background-color":"var(--ast-global-color-5)","background-image":"","background-repeat":"repeat","background-position":"center center","background-size":"auto","background-attachment":"scroll","background-type":"","background-media":"","overlay-type":"","overlay-color":"","overlay-opacity":"","overlay-gradient":""}}},"product_brand":[],"product_cat":[15],"product_tag":[],"class_list":{"0":"post-14453","1":"product","2":"type-product","3":"status-publish","4":"has-post-thumbnail","6":"product_cat-uncategorized","7":"pa_58231_7f5rkygu-ei-lapsia","8":"pa_58231_7f5rkygu-1-lapsi","9":"pa_58231_7f5rkygu-2-lasta","10":"pa_58231_7f5rkygu-3-lasta","11":"pa_58231_7f5rkygu-4-lasta","12":"pa_58231_7f5rkygu-5-lasta","13":"pa_58231_7f5rkygu-6-lasta","14":"pa_58231_7f5rkygu-7-lasta","15":"desktop-align-left","16":"tablet-align-left","17":"mobile-align-left","19":"first","20":"instock","21":"shipping-taxable","22":"purchasable","23":"product-type-variable"},"_links":{"self":[{"href":"https:\/\/keluvo.com\/fi\/wp-json\/wp\/v2\/product\/14453","targetHints":{"allow":["GET"]}}],"collection":[{"href":"https:\/\/keluvo.com\/fi\/wp-json\/wp\/v2\/product"}],"about":[{"href":"https:\/\/keluvo.com\/fi\/wp-json\/wp\/v2\/types\/product"}],"replies":[{"embeddable":true,"href":"https:\/\/keluvo.com\/fi\/wp-json\/wp\/v2\/comments?post=14453"}],"wp:featuredmedia":[{"embeddable":true,"href":"https:\/\/keluvo.com\/fi\/wp-json\/wp\/v2\/media\/14449"}],"wp:attachment":[{"href":"https:\/\/keluvo.com\/fi\/wp-json\/wp\/v2\/media?parent=14453"}],"wp:term":[{"taxonomy":"product_brand","embeddable":true,"href":"https:\/\/keluvo.com\/fi\/wp-json\/wp\/v2\/product_brand?post=14453"},{"taxonomy":"product_cat","embeddable":true,"href":"https:\/\/keluvo.com\/fi\/wp-json\/wp\/v2\/product_cat?post=14453"},{"taxonomy":"product_tag","embeddable":true,"href":"https:\/\/keluvo.com\/fi\/wp-json\/wp\/v2\/product_tag?post=14453"}],"curies":[{"name":"wp","href":"https:\/\/api.w.org\/{rel}","templated":true}]}}