{"id":14378,"date":"2025-12-03T17:22:56","date_gmt":"2025-12-03T15:22:56","guid":{"rendered":"https:\/\/keluvo.com\/fi\/product\/puinen-muki\/"},"modified":"2025-12-08T12:09:12","modified_gmt":"2025-12-08T10:09:12","slug":"puinen-muki","status":"publish","type":"product","link":"https:\/\/keluvo.com\/fi\/product\/puinen-muki\/","title":{"rendered":"Puinen muki"},"content":{"rendered":"<h2 class=\"\" style=\"text-align: center\" data-start=\"97\" data-end=\"122\">T\u00e4ydellinen Ulkoiluun<\/h2>\n<p class=\"\" style=\"text-align: center\" data-start=\"123\" data-end=\"382\">Puinen muki sopii erinomaisesti retkeilyyn, vaellukselle ja p\u00e4ivitt\u00e4iseen k\u00e4ytt\u00f6\u00f6n. Sit\u00e4 on helppo kuljettaa, ja sen mukana tulee nahkak\u00f6ysi ja kaksi reik\u00e4\u00e4, jotta voit ripustaa sen reppuusi tai vy\u00f6si. Juotpa sitten kahvia nuotion \u00e4\u00e4rell\u00e4 tai teet\u00e4 kotona, t\u00e4m\u00e4 muki sopii jokaiseen hetkeen.<\/p>\n<p data-start=\"123\" data-end=\"382\"><img decoding=\"async\" class=\"alignnone size-medium wp-image-13507 aligncenter\" src=\"https:\/\/keluvo.com\/template\/wp-content\/uploads\/sites\/5\/2025\/04\/S67c2274dbd6b4fa092f87cb013c250b4f.jpg_960x960q75.jpg_.jpeg\" alt=\"\" \/><\/p>\n<h2 class=\"\" style=\"text-align: center\" data-start=\"384\" data-end=\"408\">Valmistettu Aidosta Puusta<\/h2>\n<p class=\"\" style=\"text-align: center\" data-start=\"409\" data-end=\"612\">Jokainen puumuki on k\u00e4sintehty vahvasta luonnonpuusta. Jokaisella mukilla on oma erityinen puunjuuri, mik\u00e4 tekee jokaisesta yksil\u00f6llisen. Se on turvallinen k\u00e4ytt\u00e4\u00e4, ei sis\u00e4ll\u00e4 BPA:ta ja tuo raikkaan, luonnollisen tunteen juodessasi.<\/p>\n<p data-start=\"409\" data-end=\"612\"><img decoding=\"async\" class=\"alignnone size-medium wp-image-13504 aligncenter\" src=\"https:\/\/keluvo.com\/template\/wp-content\/uploads\/sites\/5\/2025\/04\/S3efcd89a44fa4625b1a236c083ca0fd96.jpeg\" alt=\"\" \/><\/p>\n<h2 style=\"text-align: center\" data-start=\"409\" data-end=\"612\">Yksityiskohdat:<\/h2>\n<p>Materiaali: korkealaatuinen puumateriaali<\/p>\n<p>Korkeus: 6 cm<\/p>\n<p>Mukin halkaisija on 9,5 cm<\/p>\n<p>Kokonaispituus on 15,5 cm<\/p>\n<h2 style=\"text-align: center\">Pakkaus Sis\u00e4lt\u00e4\u00e4:<\/h2>\n<p>1 k\u00e4sinveistetty puumuki<\/p>\n","protected":false},"excerpt":{"rendered":"<p>T\u00e4ydellinen Ulkoiluun Puinen muki sopii erinomaisesti retkeilyyn, vaellukselle ja p\u00e4ivitt\u00e4iseen k\u00e4ytt\u00f6\u00f6n. Sit\u00e4 on helppo kuljettaa, ja sen mukana tulee nahkak\u00f6ysi [&hellip;]<\/p>\n","protected":false},"featured_media":14374,"comment_status":"open","ping_status":"closed","template":"","meta":{"site-sidebar-layout":"default","site-content-layout":"","ast-site-content-layout":"default","site-content-style":"default","site-sidebar-style":"default","ast-global-header-display":"","ast-banner-title-visibility":"","ast-main-header-display":"","ast-hfb-above-header-display":"","ast-hfb-below-header-display":"","ast-hfb-mobile-header-display":"","site-post-title":"","ast-breadcrumbs-content":"","ast-featured-img":"","footer-sml-layout":"","theme-transparent-header-meta":"default","adv-header-id-meta":"","stick-header-meta":"","header-above-stick-meta":"","header-main-stick-meta":"","header-below-stick-meta":"","astra-migrate-meta-layouts":"set","ast-page-background-enabled":"default","ast-page-background-meta":{"desktop":{"background-color":"var(--ast-global-color-4)","background-image":"","background-repeat":"repeat","background-position":"center center","background-size":"auto","background-attachment":"scroll","background-type":"","background-media":"","overlay-type":"","overlay-color":"","overlay-opacity":"","overlay-gradient":""},"tablet":{"background-color":"","background-image":"","background-repeat":"repeat","background-position":"center center","background-size":"auto","background-attachment":"scroll","background-type":"","background-media":"","overlay-type":"","overlay-color":"","overlay-opacity":"","overlay-gradient":""},"mobile":{"background-color":"","background-image":"","background-repeat":"repeat","background-position":"center center","background-size":"auto","background-attachment":"scroll","background-type":"","background-media":"","overlay-type":"","overlay-color":"","overlay-opacity":"","overlay-gradient":""}},"ast-content-background-meta":{"desktop":{"background-color":"var(--ast-global-color-5)","background-image":"","background-repeat":"repeat","background-position":"center center","background-size":"auto","background-attachment":"scroll","background-type":"","background-media":"","overlay-type":"","overlay-color":"","overlay-opacity":"","overlay-gradient":""},"tablet":{"background-color":"var(--ast-global-color-5)","background-image":"","background-repeat":"repeat","background-position":"center center","background-size":"auto","background-attachment":"scroll","background-type":"","background-media":"","overlay-type":"","overlay-color":"","overlay-opacity":"","overlay-gradient":""},"mobile":{"background-color":"var(--ast-global-color-5)","background-image":"","background-repeat":"repeat","background-position":"center center","background-size":"auto","background-attachment":"scroll","background-type":"","background-media":"","overlay-type":"","overlay-color":"","overlay-opacity":"","overlay-gradient":""}}},"product_brand":[],"product_cat":[1001],"product_tag":[],"class_list":{"0":"post-14378","1":"product","2":"type-product","3":"status-publish","4":"has-post-thumbnail","6":"product_cat-household-goods","7":"pa_29172_zw0lstif-fawn","8":"pa_29172_zw0lstif-hirvi","9":"pa_29172_zw0lstif-kala","10":"pa_29172_zw0lstif-karhu","11":"pa_29172_zw0lstif-kettu","12":"pa_29172_zw0lstif-villisika","13":"pa_29172_zw0lstif-wolf","14":"desktop-align-left","15":"tablet-align-left","16":"mobile-align-left","18":"first","19":"instock","20":"shipping-taxable","21":"purchasable","22":"product-type-variable"},"_links":{"self":[{"href":"https:\/\/keluvo.com\/fi\/wp-json\/wp\/v2\/product\/14378","targetHints":{"allow":["GET"]}}],"collection":[{"href":"https:\/\/keluvo.com\/fi\/wp-json\/wp\/v2\/product"}],"about":[{"href":"https:\/\/keluvo.com\/fi\/wp-json\/wp\/v2\/types\/product"}],"replies":[{"embeddable":true,"href":"https:\/\/keluvo.com\/fi\/wp-json\/wp\/v2\/comments?post=14378"}],"wp:featuredmedia":[{"embeddable":true,"href":"https:\/\/keluvo.com\/fi\/wp-json\/wp\/v2\/media\/14374"}],"wp:attachment":[{"href":"https:\/\/keluvo.com\/fi\/wp-json\/wp\/v2\/media?parent=14378"}],"wp:term":[{"taxonomy":"product_brand","embeddable":true,"href":"https:\/\/keluvo.com\/fi\/wp-json\/wp\/v2\/product_brand?post=14378"},{"taxonomy":"product_cat","embeddable":true,"href":"https:\/\/keluvo.com\/fi\/wp-json\/wp\/v2\/product_cat?post=14378"},{"taxonomy":"product_tag","embeddable":true,"href":"https:\/\/keluvo.com\/fi\/wp-json\/wp\/v2\/product_tag?post=14378"}],"curies":[{"name":"wp","href":"https:\/\/api.w.org\/{rel}","templated":true}]}}