{"id":14308,"date":"2025-12-02T17:12:39","date_gmt":"2025-12-02T15:12:39","guid":{"rendered":"https:\/\/keluvo.com\/fi\/product\/elastinen-vyotaro-corduroy-hame\/"},"modified":"2025-12-08T12:09:29","modified_gmt":"2025-12-08T10:09:29","slug":"elastinen-vyotaro-corduroy-hame","status":"publish","type":"product","link":"https:\/\/keluvo.com\/fi\/product\/elastinen-vyotaro-corduroy-hame\/","title":{"rendered":"Elastinen vy\u00f6t\u00e4r\u00f6 corduroy hame"},"content":{"rendered":"<h3 style=\"text-align: center\">Kokotaulukko (cm)<\/h3>\n<div class=\"size-box-info addrightborder addleftborder\">\n<div id=\"sdtab0\" class=\"sd_tabscontainer sd_activetabcontent\">\n<table class=\"sd_sizetablefront sdtab0\">\n<tbody>\n<tr>\n<th class=\"size-box-cell;text-align: right;\">Koko<\/th>\n<th class=\"size-box-cell;text-align: right;\">Pituus<\/th>\n<th class=\"size-box-cell;text-align: right;\">Lantio<\/th>\n<th class=\"size-box-cell;text-align: right;\">Kantamus<\/th>\n<\/tr>\n<tr>\n<td class=\"size-box-cell\">M<\/td>\n<td class=\"size-box-cell\">82<\/td>\n<td class=\"size-box-cell\">68 &#8211; 108<\/td>\n<td class=\"size-box-cell\">147<\/td>\n<\/tr>\n<tr>\n<td class=\"size-box-cell\">L<\/td>\n<td class=\"size-box-cell\">83.5<\/td>\n<td class=\"size-box-cell\">74 &#8211; 116<\/td>\n<td class=\"size-box-cell\">155<\/td>\n<\/tr>\n<tr>\n<td class=\"size-box-cell\">XL<\/td>\n<td class=\"size-box-cell\">85<\/td>\n<td class=\"size-box-cell\">82 &#8211; 126<\/td>\n<td class=\"size-box-cell\">165<\/td>\n<\/tr>\n<tr>\n<td class=\"size-box-cell\">2XL<\/td>\n<td class=\"size-box-cell\">86.5<\/td>\n<td class=\"size-box-cell\">90 &#8211; 136<\/td>\n<td class=\"size-box-cell\">175<\/td>\n<\/tr>\n<\/tbody>\n<\/table>\n<\/div>\n<\/div>\n<h4 style=\"text-align: center\">Tietoja:<\/h4>\n<ul>\n<li style=\"text-align: left\">100% puuvilla<\/li>\n<li style=\"text-align: left\">Pesuohjeet: k\u00e4sipesu kylm\u00e4; pehme\u00e4<\/li>\n<li style=\"text-align: left\">Konepesu; kuivausrumpu; \u00e4l\u00e4 liota;<\/li>\n<li style=\"text-align: left\">Pesuluokitus: silitys silitysrauta matalalla l\u00e4mp\u00f6tilalla tarvittaessa<\/li>\n<\/ul>\n","protected":false},"excerpt":{"rendered":"<p>Kokotaulukko (cm) Koko Pituus Lantio Kantamus M 82 68 &#8211; 108 147 L 83.5 74 &#8211; 116 155 XL 85 [&hellip;]<\/p>\n","protected":false},"featured_media":14304,"comment_status":"open","ping_status":"closed","template":"","meta":{"site-sidebar-layout":"default","site-content-layout":"","ast-site-content-layout":"default","site-content-style":"default","site-sidebar-style":"default","ast-global-header-display":"","ast-banner-title-visibility":"","ast-main-header-display":"","ast-hfb-above-header-display":"","ast-hfb-below-header-display":"","ast-hfb-mobile-header-display":"","site-post-title":"","ast-breadcrumbs-content":"","ast-featured-img":"","footer-sml-layout":"","theme-transparent-header-meta":"default","adv-header-id-meta":"","stick-header-meta":"","header-above-stick-meta":"","header-main-stick-meta":"","header-below-stick-meta":"","astra-migrate-meta-layouts":"set","ast-page-background-enabled":"default","ast-page-background-meta":{"desktop":{"background-color":"var(--ast-global-color-4)","background-image":"","background-repeat":"repeat","background-position":"center center","background-size":"auto","background-attachment":"scroll","background-type":"","background-media":"","overlay-type":"","overlay-color":"","overlay-opacity":"","overlay-gradient":""},"tablet":{"background-color":"","background-image":"","background-repeat":"repeat","background-position":"center center","background-size":"auto","background-attachment":"scroll","background-type":"","background-media":"","overlay-type":"","overlay-color":"","overlay-opacity":"","overlay-gradient":""},"mobile":{"background-color":"","background-image":"","background-repeat":"repeat","background-position":"center center","background-size":"auto","background-attachment":"scroll","background-type":"","background-media":"","overlay-type":"","overlay-color":"","overlay-opacity":"","overlay-gradient":""}},"ast-content-background-meta":{"desktop":{"background-color":"var(--ast-global-color-5)","background-image":"","background-repeat":"repeat","background-position":"center center","background-size":"auto","background-attachment":"scroll","background-type":"","background-media":"","overlay-type":"","overlay-color":"","overlay-opacity":"","overlay-gradient":""},"tablet":{"background-color":"var(--ast-global-color-5)","background-image":"","background-repeat":"repeat","background-position":"center center","background-size":"auto","background-attachment":"scroll","background-type":"","background-media":"","overlay-type":"","overlay-color":"","overlay-opacity":"","overlay-gradient":""},"mobile":{"background-color":"var(--ast-global-color-5)","background-image":"","background-repeat":"repeat","background-position":"center center","background-size":"auto","background-attachment":"scroll","background-type":"","background-media":"","overlay-type":"","overlay-color":"","overlay-opacity":"","overlay-gradient":""}}},"product_brand":[],"product_cat":[15],"product_tag":[],"class_list":{"0":"post-14308","1":"product","2":"type-product","3":"status-publish","4":"has-post-thumbnail","6":"product_cat-uncategorized","7":"pa_57596_2k7ic50d-kahvi","8":"pa_57596_2k7ic50d-musta","9":"pa_57596_2k7ic50d-punainen","10":"pa_57596_2k7ic50d-sininen","11":"pa_57596_iilr3o0y-m","12":"pa_57596_iilr3o0y-l","13":"pa_57596_iilr3o0y-xl","14":"pa_57596_iilr3o0y-2xl","15":"pa_57596_iilr3o0y-3xl","16":"desktop-align-left","17":"tablet-align-left","18":"mobile-align-left","20":"first","21":"instock","22":"shipping-taxable","23":"purchasable","24":"product-type-variable","25":"has-default-attributes"},"_links":{"self":[{"href":"https:\/\/keluvo.com\/fi\/wp-json\/wp\/v2\/product\/14308","targetHints":{"allow":["GET"]}}],"collection":[{"href":"https:\/\/keluvo.com\/fi\/wp-json\/wp\/v2\/product"}],"about":[{"href":"https:\/\/keluvo.com\/fi\/wp-json\/wp\/v2\/types\/product"}],"replies":[{"embeddable":true,"href":"https:\/\/keluvo.com\/fi\/wp-json\/wp\/v2\/comments?post=14308"}],"wp:featuredmedia":[{"embeddable":true,"href":"https:\/\/keluvo.com\/fi\/wp-json\/wp\/v2\/media\/14304"}],"wp:attachment":[{"href":"https:\/\/keluvo.com\/fi\/wp-json\/wp\/v2\/media?parent=14308"}],"wp:term":[{"taxonomy":"product_brand","embeddable":true,"href":"https:\/\/keluvo.com\/fi\/wp-json\/wp\/v2\/product_brand?post=14308"},{"taxonomy":"product_cat","embeddable":true,"href":"https:\/\/keluvo.com\/fi\/wp-json\/wp\/v2\/product_cat?post=14308"},{"taxonomy":"product_tag","embeddable":true,"href":"https:\/\/keluvo.com\/fi\/wp-json\/wp\/v2\/product_tag?post=14308"}],"curies":[{"name":"wp","href":"https:\/\/api.w.org\/{rel}","templated":true}]}}