{"id":12953,"date":"2025-10-03T15:30:11","date_gmt":"2025-10-03T12:30:11","guid":{"rendered":"https:\/\/keluvo.com\/fi\/product\/3d-kuvat\/"},"modified":"2025-10-07T15:32:27","modified_gmt":"2025-10-07T12:32:27","slug":"3d-kuvat","status":"publish","type":"product","link":"https:\/\/keluvo.com\/fi\/product\/3d-kuvat\/","title":{"rendered":"3D-kuvat"},"content":{"rendered":"<p style=\"text-align: center\"><strong>\ud83e\udde9 Rakenna, Leiki Ja Opi \u2013 Luovaa Hauskanpitoa 3D-Sarjakuvakuvien Kanssa!<\/strong><\/p>\n<p style=\"text-align: center\"><span style=\"font-weight: 400\">Anna lapsesi mielikuvituksen her\u00e4t\u00e4 henkiin t\u00e4m\u00e4n v\u00e4rikk\u00e4iden 3D-kuvien sarjan avulla! N\u00e4iss\u00e4 palapeleiss\u00e4 on v\u00e4rikk\u00e4it\u00e4 kuvioita, kuten lentokoneita, dinosauruksia ja el\u00e4imi\u00e4, ja ne ovat hauskoja koota ja t\u00e4ynn\u00e4 opettavaisia etuja. Tukevasta pahvista valmistetut palapelit sopivat erinomaisesti pienille k\u00e4sille. Ne auttavat lapsia parantamaan silm\u00e4-k\u00e4si-koordinaatiota, loogista ajattelua ja k\u00e4rsiv\u00e4llisyytt\u00e4 &#8211; ja samalla luovat omia hauskoja 3D-mallejaan.<\/span><\/p>\n<p><img decoding=\"async\" class=\"alignnone size-full wp-image-19395 aligncenter\" src=\"https:\/\/keluvo.com\/template\/wp-content\/uploads\/sites\/5\/2025\/05\/fd37b832-41c3-4827-87fd-c7f902c13f70.gif-ezgif.com-gif-to-webp-converter.webp\" alt=\"\" \/><\/p>\n<h2 style=\"text-align: center\">\ud83c\udf1f T\u00e4rkeimm\u00e4t Hy\u00f6dyt<\/h2>\n<p><span style=\"font-weight: 400\">\ud83e\udde0 <\/span><b>Tehostaa aivojen toimintaa<\/b><span style=\"font-weight: 400\"> \u2013 Kehitt\u00e4\u00e4 logiikkaa, ongelmanratkaisua ja koordinaatiota<\/span><\/p>\n<p><span style=\"font-weight: 400\">\u270b <\/span><b>K\u00e4dentaitoista oppimista<\/b><span style=\"font-weight: 400\"> \u2013 Kannustaa luovuuteen, k\u00e4rsiv\u00e4llisyyteen ja pitk\u00e4j\u00e4nteisyyteen<\/span><\/p>\n<p><span style=\"font-weight: 400\">\ud83e\udd96 <\/span><b>Hauskat 3D-mallit<\/b><span style=\"font-weight: 400\"> \u2013 Sis\u00e4lt\u00e4\u00e4 leikkimielisi\u00e4 kohtauksia, kuten dinosauruksia, otuksia, ja lentokoneita<\/span><span style=\"font-weight: 400\"><br \/>\n<\/span><\/p>\n<p><span style=\"font-weight: 400\">\ud83d\udce6 <\/span><b>Kest\u00e4v\u00e4 pahvimateriaali<\/b><span style=\"font-weight: 400\"> \u2013 Helppo k\u00e4sitell\u00e4, turvallinen lapsille ja murtumaton<\/span><\/p>\n<p><span style=\"font-weight: 400\">\ud83c\udf81 <b style=\"font-style: inherit\">Loistava lahjaidea<\/b><span style=\"font-weight: 400\"> \u2013 T\u00e4ydellinen syntym\u00e4p\u00e4iville, juhlapyhiin ja opettavaisiin playtime<\/span><\/span><\/p>\n<p><img decoding=\"async\" class=\"alignnone size-full wp-image-19388 aligncenter\" src=\"https:\/\/keluvo.com\/template\/wp-content\/uploads\/sites\/5\/2025\/05\/S49d271f812d44a37bd3ee8605f0769e64.jpg_960x960q75.jpg_.jpeg\" alt=\"\" \/><\/p>\n<h2 style=\"text-align: center\">\ud83d\udee0\ufe0f K\u00e4ytt\u00f6ohjeet<\/h2>\n<ol>\n<li style=\"font-weight: 400\"><span style=\"font-weight: 400\">Avaa palapelin palat ulos malleistaan.<\/span><span style=\"font-weight: 400\"><br \/>\n<\/span><\/li>\n<li style=\"font-weight: 400\"><span style=\"font-weight: 400\">Yhdist\u00e4 numeroidut v\u00e4lilehdet ja aukot toisiinsa rakentaaksesi jokaisen 3D-hahmon.<\/span><span style=\"font-weight: 400\"><br \/>\n<\/span><\/li>\n<li style=\"font-weight: 400\"><span style=\"font-weight: 400\">Kokoa yhdess\u00e4 lapsesi kanssa tai anna h\u00e4nen nauttia siit\u00e4 itsen\u00e4isesti.<\/span><span style=\"font-weight: 400\"><br \/>\n<\/span><\/li>\n<li style=\"font-weight: 400\"><span style=\"font-weight: 400\">K\u00e4yt\u00e4 valmiita palapelej\u00e4 leluina tai koristeina!<\/span><\/li>\n<\/ol>\n<h2 style=\"text-align: center\">\ud83d\udccf Tuotetiedot<\/h2>\n<ul>\n<li style=\"font-weight: 400\"><span style=\"font-weight: 400\">Materiaali: Ensiluokkainen pahvi<\/span><span style=\"font-weight: 400\"><br \/>\n<\/span><\/li>\n<li style=\"font-weight: 400\"><span style=\"font-weight: 400\">Teemat: Lentokoneet, dinosaurukset, el\u00e4imet ja paljon muuta<\/span><span style=\"font-weight: 400\"><br \/>\n<\/span><\/li>\n<li style=\"font-weight: 400\"><span style=\"font-weight: 400\">Taitoja kehitet\u00e4\u00e4n: Hienomotoriikka, logiikka, mielikuvitus, keskittyminen<\/span><span style=\"font-weight: 400\"><br \/>\n<\/span><\/li>\n<li style=\"font-weight: 400\"><span style=\"font-weight: 400\">Suositeltu ik\u00e4: Sopii lapsille 3-vuotiaista yl\u00f6sp\u00e4in<\/span><\/li>\n<\/ul>\n<h2 style=\"text-align: center\">\ud83d\udce6 Pakkaus Sis\u00e4lt\u00e4\u00e4<\/h2>\n<ul>\n<li><span style=\"font-weight: 400\">25 \u00d7 3D-sarjakuvakuvia.<\/span><\/li>\n<\/ul>\n","protected":false},"excerpt":{"rendered":"<p>\ud83e\udde9 Rakenna, Leiki Ja Opi \u2013 Luovaa Hauskanpitoa 3D-Sarjakuvakuvien Kanssa! Anna lapsesi mielikuvituksen her\u00e4t\u00e4 henkiin t\u00e4m\u00e4n v\u00e4rikk\u00e4iden 3D-kuvien sarjan avulla! [&hellip;]<\/p>\n","protected":false},"featured_media":12949,"comment_status":"open","ping_status":"closed","template":"","meta":{"site-sidebar-layout":"default","site-content-layout":"","ast-site-content-layout":"default","site-content-style":"default","site-sidebar-style":"default","ast-global-header-display":"","ast-banner-title-visibility":"","ast-main-header-display":"","ast-hfb-above-header-display":"","ast-hfb-below-header-display":"","ast-hfb-mobile-header-display":"","site-post-title":"","ast-breadcrumbs-content":"","ast-featured-img":"","footer-sml-layout":"","theme-transparent-header-meta":"default","adv-header-id-meta":"","stick-header-meta":"","header-above-stick-meta":"","header-main-stick-meta":"","header-below-stick-meta":"","astra-migrate-meta-layouts":"set","ast-page-background-enabled":"default","ast-page-background-meta":{"desktop":{"background-color":"var(--ast-global-color-4)","background-image":"","background-repeat":"repeat","background-position":"center center","background-size":"auto","background-attachment":"scroll","background-type":"","background-media":"","overlay-type":"","overlay-color":"","overlay-opacity":"","overlay-gradient":""},"tablet":{"background-color":"","background-image":"","background-repeat":"repeat","background-position":"center center","background-size":"auto","background-attachment":"scroll","background-type":"","background-media":"","overlay-type":"","overlay-color":"","overlay-opacity":"","overlay-gradient":""},"mobile":{"background-color":"","background-image":"","background-repeat":"repeat","background-position":"center center","background-size":"auto","background-attachment":"scroll","background-type":"","background-media":"","overlay-type":"","overlay-color":"","overlay-opacity":"","overlay-gradient":""}},"ast-content-background-meta":{"desktop":{"background-color":"var(--ast-global-color-5)","background-image":"","background-repeat":"repeat","background-position":"center center","background-size":"auto","background-attachment":"scroll","background-type":"","background-media":"","overlay-type":"","overlay-color":"","overlay-opacity":"","overlay-gradient":""},"tablet":{"background-color":"var(--ast-global-color-5)","background-image":"","background-repeat":"repeat","background-position":"center center","background-size":"auto","background-attachment":"scroll","background-type":"","background-media":"","overlay-type":"","overlay-color":"","overlay-opacity":"","overlay-gradient":""},"mobile":{"background-color":"var(--ast-global-color-5)","background-image":"","background-repeat":"repeat","background-position":"center center","background-size":"auto","background-attachment":"scroll","background-type":"","background-media":"","overlay-type":"","overlay-color":"","overlay-opacity":"","overlay-gradient":""}}},"product_brand":[],"product_cat":[990],"product_tag":[],"class_list":{"0":"post-12953","1":"product","2":"type-product","3":"status-publish","4":"has-post-thumbnail","6":"product_cat-toys-childrens-and-baby-products","7":"pa_21923_us3cjnd4-dinosaurukset","8":"pa_21923_us3cjnd4-elaimet","9":"pa_21923_us3cjnd4-hyonteiset","10":"pa_21923_us3cjnd4-lentokoneet","11":"desktop-align-left","12":"tablet-align-left","13":"mobile-align-left","15":"first","16":"instock","17":"shipping-taxable","18":"purchasable","19":"product-type-variable"},"_links":{"self":[{"href":"https:\/\/keluvo.com\/fi\/wp-json\/wp\/v2\/product\/12953","targetHints":{"allow":["GET"]}}],"collection":[{"href":"https:\/\/keluvo.com\/fi\/wp-json\/wp\/v2\/product"}],"about":[{"href":"https:\/\/keluvo.com\/fi\/wp-json\/wp\/v2\/types\/product"}],"replies":[{"embeddable":true,"href":"https:\/\/keluvo.com\/fi\/wp-json\/wp\/v2\/comments?post=12953"}],"wp:featuredmedia":[{"embeddable":true,"href":"https:\/\/keluvo.com\/fi\/wp-json\/wp\/v2\/media\/12949"}],"wp:attachment":[{"href":"https:\/\/keluvo.com\/fi\/wp-json\/wp\/v2\/media?parent=12953"}],"wp:term":[{"taxonomy":"product_brand","embeddable":true,"href":"https:\/\/keluvo.com\/fi\/wp-json\/wp\/v2\/product_brand?post=12953"},{"taxonomy":"product_cat","embeddable":true,"href":"https:\/\/keluvo.com\/fi\/wp-json\/wp\/v2\/product_cat?post=12953"},{"taxonomy":"product_tag","embeddable":true,"href":"https:\/\/keluvo.com\/fi\/wp-json\/wp\/v2\/product_tag?post=12953"}],"curies":[{"name":"wp","href":"https:\/\/api.w.org\/{rel}","templated":true}]}}