{"id":12930,"date":"2025-10-03T15:28:27","date_gmt":"2025-10-03T12:28:27","guid":{"rendered":"https:\/\/keluvo.com\/fi\/product\/hanan-jatke\/"},"modified":"2025-10-07T15:32:06","modified_gmt":"2025-10-07T12:32:06","slug":"hanan-jatke","status":"publish","type":"product","link":"https:\/\/keluvo.com\/fi\/product\/hanan-jatke\/","title":{"rendered":"Hanan jatke"},"content":{"rendered":"<p style=\"text-align: center\"><strong>\ud83d\udebf T\u00e4ydellinen Tiskialtaan Hallinta &#8211; Joustavaa, Tehokasta Ja T\u00e4ydellist\u00e4 Jokaiseen Pesuun!<\/strong><\/p>\n<p style=\"text-align: center\"><span style=\"font-weight: 400\">P\u00e4ivit\u00e4 keitti\u00f6rutiinisi t\u00e4ll\u00e4 360\u00b0 hanan jatkeella, jossa on useita suihkutustiloja ja pidennetty ulottuvuus nopeampaa, helpompaa ja tehokkaampaa puhdistusta varten. T\u00e4m\u00e4 jokap\u00e4iv\u00e4iseen k\u00e4ytt\u00f6\u00f6n suunniteltu hanan lis\u00e4osa tarjoaa sek\u00e4 hell\u00e4varaisen sadevirtauksen ett\u00e4 voimakkaan suihkun kaikkiin teht\u00e4viin. Huuhtelitpa sitten vihanneksia tai jynss\u00e4sit kattiloita, t\u00e4m\u00e4 jatke antaa sinulle t\u00e4yden hallinnan ja joustavuuden samalla kun pid\u00e4t pesualtaasi siistin\u00e4 ja roiskeettomana.<\/span><\/p>\n<p style=\"text-align: center\"><img decoding=\"async\" class=\"alignnone size-full wp-image-19038\" src=\"https:\/\/keluvo.com\/template\/wp-content\/uploads\/sites\/5\/2025\/05\/Faucetextender-ezgif.com-video-to-webp-converter.webp\" alt=\"\" \/><\/p>\n<h2 style=\"text-align: center\">\ud83c\udf1f T\u00e4rkeimm\u00e4t Edut<\/h2>\n<p><span style=\"font-weight: 400\">\ud83d\udd01 <\/span><b>360\u00b0 k\u00e4\u00e4ntyv\u00e4 muotoilu<\/b><span style=\"font-weight: 400\"> \u2013 Tavoittaa pesualtaasi jokaisen nurkan vaivattomasti.<\/span><span style=\"font-weight: 400\"><br \/>\n<\/span><\/p>\n<p><span style=\"font-weight: 400\">\ud83c\udf27\ufe0f <\/span><b>Sadesadetila<\/b><span style=\"font-weight: 400\"> \u2013 Hell\u00e4varainen vesivirtaus, joka on ihanteellinen hienovaraiselle pesulle.<\/span><span style=\"font-weight: 400\"><br \/>\n<\/span><\/p>\n<p><span style=\"font-weight: 400\">\ud83d\udca6 <\/span><b>Voimakas suihkutuslaite<\/b><span style=\"font-weight: 400\"> \u2013 Korkeapainesuihku raskaaseen pesuun.<\/span><span style=\"font-weight: 400\"><br \/>\n<\/span><\/p>\n<p><span style=\"font-weight: 400\">\ud83e\uddfc <\/span><b>Pidennetty ulottuvuus<\/b><span style=\"font-weight: 400\"> \u2013 Kattaa enemm\u00e4n pesualtaan tilaa lis\u00e4mukavuuden vuoksi.<\/span><span style=\"font-weight: 400\"><br \/>\n<\/span><\/p>\n<p><span style=\"font-weight: 400\">\ud83e\udeb6 <\/span><b>Kevyt &amp; kest\u00e4v\u00e4<\/b><span style=\"font-weight: 400\"> \u2013 Helppok\u00e4ytt\u00f6inen ja pitk\u00e4ik\u00e4inen.<\/span><\/p>\n<p><span style=\"font-weight: 400\">\ud83e\uddd1\u200d\ud83c\udf73 <b style=\"font-style: inherit\">Moderni ulkon\u00e4k\u00f6<\/b><span style=\"font-weight: 400\"> \u2013 Tyylik\u00e4s muotoilu, joka sopii mihin tahansa keitti\u00f6tyyliin.<\/span><\/span><\/p>\n<p style=\"text-align: center\"><img decoding=\"async\" class=\"alignnone size-full wp-image-19030\" src=\"https:\/\/keluvo.com\/template\/wp-content\/uploads\/sites\/5\/2025\/05\/1da45c92-2cf3-4588-9543-ea789556ab91.webp.webp\" alt=\"\" \/><\/p>\n<h2 style=\"text-align: center\">\ud83d\udee0\ufe0f K\u00e4ytt\u00f6ohjeet<\/h2>\n<ol>\n<li style=\"font-weight: 400\"><span style=\"font-weight: 400\">Aseta hanan jatke olemassa olevaan hanaasi (sopii useimpiin vakiohanoihin).<\/span><span style=\"font-weight: 400\"><br \/>\n<\/span><\/li>\n<li style=\"font-weight: 400\"><span style=\"font-weight: 400\">K\u00e4\u00e4nn\u00e4 p\u00e4\u00e4t\u00e4 360\u00b0, jotta voit ohjata vett\u00e4 sinne, miss\u00e4 sit\u00e4 tarvitaan.<\/span><span style=\"font-weight: 400\"><br \/>\n<\/span><\/li>\n<li style=\"font-weight: 400\"><span style=\"font-weight: 400\">Vaihda sade- ja suihkutilojen v\u00e4lill\u00e4 teht\u00e4v\u00e4n mukaan.<\/span><span style=\"font-weight: 400\"><br \/>\n<\/span><\/li>\n<li style=\"font-weight: 400\"><span style=\"font-weight: 400\">Puhdista ja huuhtele tarpeen mukaan nauttien paremmasta hallinnasta ja tehokkuudesta.<\/span><\/li>\n<\/ol>\n<h2 style=\"text-align: center\">\ud83d\udccf Tuotetiedot<\/h2>\n<ul>\n<li style=\"font-weight: 400\"><span style=\"font-weight: 400\">K\u00e4\u00e4ntyv\u00e4: 360 asteen t\u00e4yskierto<\/span><span style=\"font-weight: 400\"><br \/>\n<\/span><\/li>\n<li style=\"font-weight: 400\"><span style=\"font-weight: 400\">Suihkutilat: Sade- ja korkeapaineruiskutus<\/span><span style=\"font-weight: 400\"><br \/>\n<\/span><\/li>\n<li style=\"font-weight: 400\"><span style=\"font-weight: 400\">Materiaali: Kevyt, kest\u00e4v\u00e4 muotoilu<\/span><span style=\"font-weight: 400\"><br \/>\n<\/span><\/li>\n<li style=\"font-weight: 400\"><span style=\"font-weight: 400\">K\u00e4ytt\u00f6: Ihanteellinen keitti\u00f6ihin &#8211; hedelm\u00e4t, vihannekset, astiat, tiskialtaan puhdistus<\/span><\/li>\n<\/ul>\n<h2 style=\"text-align: center\">\ud83d\udce6 Pakkaus Sis\u00e4lt\u00e4\u00e4<\/h2>\n<ul>\n<li><span style=\"font-weight: 400\">1 \u00d7 360\u00b0 hanan jatke.<\/span><\/li>\n<\/ul>\n","protected":false},"excerpt":{"rendered":"<p>\ud83d\udebf T\u00e4ydellinen Tiskialtaan Hallinta &#8211; Joustavaa, Tehokasta Ja T\u00e4ydellist\u00e4 Jokaiseen Pesuun! P\u00e4ivit\u00e4 keitti\u00f6rutiinisi t\u00e4ll\u00e4 360\u00b0 hanan jatkeella, jossa on useita [&hellip;]<\/p>\n","protected":false},"featured_media":12926,"comment_status":"open","ping_status":"closed","template":"","meta":{"site-sidebar-layout":"default","site-content-layout":"","ast-site-content-layout":"default","site-content-style":"default","site-sidebar-style":"default","ast-global-header-display":"","ast-banner-title-visibility":"","ast-main-header-display":"","ast-hfb-above-header-display":"","ast-hfb-below-header-display":"","ast-hfb-mobile-header-display":"","site-post-title":"","ast-breadcrumbs-content":"","ast-featured-img":"","footer-sml-layout":"","theme-transparent-header-meta":"default","adv-header-id-meta":"","stick-header-meta":"","header-above-stick-meta":"","header-main-stick-meta":"","header-below-stick-meta":"","astra-migrate-meta-layouts":"set","ast-page-background-enabled":"default","ast-page-background-meta":{"desktop":{"background-color":"var(--ast-global-color-4)","background-image":"","background-repeat":"repeat","background-position":"center center","background-size":"auto","background-attachment":"scroll","background-type":"","background-media":"","overlay-type":"","overlay-color":"","overlay-opacity":"","overlay-gradient":""},"tablet":{"background-color":"","background-image":"","background-repeat":"repeat","background-position":"center center","background-size":"auto","background-attachment":"scroll","background-type":"","background-media":"","overlay-type":"","overlay-color":"","overlay-opacity":"","overlay-gradient":""},"mobile":{"background-color":"","background-image":"","background-repeat":"repeat","background-position":"center center","background-size":"auto","background-attachment":"scroll","background-type":"","background-media":"","overlay-type":"","overlay-color":"","overlay-opacity":"","overlay-gradient":""}},"ast-content-background-meta":{"desktop":{"background-color":"var(--ast-global-color-5)","background-image":"","background-repeat":"repeat","background-position":"center center","background-size":"auto","background-attachment":"scroll","background-type":"","background-media":"","overlay-type":"","overlay-color":"","overlay-opacity":"","overlay-gradient":""},"tablet":{"background-color":"var(--ast-global-color-5)","background-image":"","background-repeat":"repeat","background-position":"center center","background-size":"auto","background-attachment":"scroll","background-type":"","background-media":"","overlay-type":"","overlay-color":"","overlay-opacity":"","overlay-gradient":""},"mobile":{"background-color":"var(--ast-global-color-5)","background-image":"","background-repeat":"repeat","background-position":"center center","background-size":"auto","background-attachment":"scroll","background-type":"","background-media":"","overlay-type":"","overlay-color":"","overlay-opacity":"","overlay-gradient":""}}},"product_brand":[],"product_cat":[1001],"product_tag":[],"class_list":{"0":"post-12930","1":"product","2":"type-product","3":"status-publish","4":"has-post-thumbnail","6":"product_cat-household-goods","7":"desktop-align-left","8":"tablet-align-left","9":"mobile-align-left","11":"first","12":"instock","13":"shipping-taxable","14":"purchasable","15":"product-type-simple"},"_links":{"self":[{"href":"https:\/\/keluvo.com\/fi\/wp-json\/wp\/v2\/product\/12930","targetHints":{"allow":["GET"]}}],"collection":[{"href":"https:\/\/keluvo.com\/fi\/wp-json\/wp\/v2\/product"}],"about":[{"href":"https:\/\/keluvo.com\/fi\/wp-json\/wp\/v2\/types\/product"}],"replies":[{"embeddable":true,"href":"https:\/\/keluvo.com\/fi\/wp-json\/wp\/v2\/comments?post=12930"}],"wp:featuredmedia":[{"embeddable":true,"href":"https:\/\/keluvo.com\/fi\/wp-json\/wp\/v2\/media\/12926"}],"wp:attachment":[{"href":"https:\/\/keluvo.com\/fi\/wp-json\/wp\/v2\/media?parent=12930"}],"wp:term":[{"taxonomy":"product_brand","embeddable":true,"href":"https:\/\/keluvo.com\/fi\/wp-json\/wp\/v2\/product_brand?post=12930"},{"taxonomy":"product_cat","embeddable":true,"href":"https:\/\/keluvo.com\/fi\/wp-json\/wp\/v2\/product_cat?post=12930"},{"taxonomy":"product_tag","embeddable":true,"href":"https:\/\/keluvo.com\/fi\/wp-json\/wp\/v2\/product_tag?post=12930"}],"curies":[{"name":"wp","href":"https:\/\/api.w.org\/{rel}","templated":true}]}}