{"id":12896,"date":"2025-10-03T15:26:57","date_gmt":"2025-10-03T12:26:57","guid":{"rendered":"https:\/\/keluvo.com\/fi\/product\/rapujen-kuorintatyokalu\/"},"modified":"2025-10-07T15:32:23","modified_gmt":"2025-10-07T12:32:23","slug":"rapujen-kuorintatyokalu","status":"publish","type":"product","link":"https:\/\/keluvo.com\/fi\/product\/rapujen-kuorintatyokalu\/","title":{"rendered":"Rapujen kuorintaty\u00f6kalu"},"content":{"rendered":"<h2 style=\"text-align: center\">Nopea &amp; Helppo Kuorinta<\/h2>\n<p class=\"\" style=\"text-align: center\" data-start=\"281\" data-end=\"464\">Hyv\u00e4sti sotkuiset sormet! Katkarapujen ja rapujen kuorinta poistaa kuoret sekunneissa, mik\u00e4 tekee \u00e4yri\u00e4isruokailustasi puhtaamman, nopeamman ja paljon miellytt\u00e4v\u00e4mm\u00e4n.<\/p>\n<p data-start=\"281\" data-end=\"464\"><img decoding=\"async\" class=\"size-full wp-image-14216 aligncenter\" src=\"https:\/\/keluvo.com\/template\/wp-content\/uploads\/sites\/5\/2025\/04\/d2806551-8caa-463a-ac29-2b5aa330d2e5-ezgif.com-optiwebp.webp\" alt=\"\" \/><\/p>\n<h2 style=\"text-align: center\" data-start=\"281\" data-end=\"464\">Ergonominen &amp; Helppo K\u00e4ytt\u00e4\u00e4<\/h2>\n<p class=\"\" style=\"text-align: center\" data-start=\"471\" data-end=\"657\">Mukavan otteen ja yksinkertaisen muotoilun ansiosta jopa aloittelijat voivat kuoria \u00e4yri\u00e4isi\u00e4 kuin ammattilainen. Sujuva toiminta tarkoittaa v\u00e4hemm\u00e4n vaivaa ja enemm\u00e4n aikaa ruoan nauttimiseen.<\/p>\n<p data-start=\"471\" data-end=\"657\"><img decoding=\"async\" class=\"size-medium wp-image-14221 aligncenter\" src=\"https:\/\/keluvo.com\/template\/wp-content\/uploads\/sites\/5\/2025\/04\/58713037-2286-40c5-8381-8e1d9508a38c.webp\" alt=\"\" \/><\/p>\n","protected":false},"excerpt":{"rendered":"<p>Nopea &amp; Helppo Kuorinta Hyv\u00e4sti sotkuiset sormet! Katkarapujen ja rapujen kuorinta poistaa kuoret sekunneissa, mik\u00e4 tekee \u00e4yri\u00e4isruokailustasi puhtaamman, nopeamman ja [&hellip;]<\/p>\n","protected":false},"featured_media":12892,"comment_status":"open","ping_status":"closed","template":"","meta":{"site-sidebar-layout":"default","site-content-layout":"","ast-site-content-layout":"default","site-content-style":"default","site-sidebar-style":"default","ast-global-header-display":"","ast-banner-title-visibility":"","ast-main-header-display":"","ast-hfb-above-header-display":"","ast-hfb-below-header-display":"","ast-hfb-mobile-header-display":"","site-post-title":"","ast-breadcrumbs-content":"","ast-featured-img":"","footer-sml-layout":"","theme-transparent-header-meta":"default","adv-header-id-meta":"","stick-header-meta":"","header-above-stick-meta":"","header-main-stick-meta":"","header-below-stick-meta":"","astra-migrate-meta-layouts":"set","ast-page-background-enabled":"default","ast-page-background-meta":{"desktop":{"background-color":"var(--ast-global-color-4)","background-image":"","background-repeat":"repeat","background-position":"center center","background-size":"auto","background-attachment":"scroll","background-type":"","background-media":"","overlay-type":"","overlay-color":"","overlay-opacity":"","overlay-gradient":""},"tablet":{"background-color":"","background-image":"","background-repeat":"repeat","background-position":"center center","background-size":"auto","background-attachment":"scroll","background-type":"","background-media":"","overlay-type":"","overlay-color":"","overlay-opacity":"","overlay-gradient":""},"mobile":{"background-color":"","background-image":"","background-repeat":"repeat","background-position":"center center","background-size":"auto","background-attachment":"scroll","background-type":"","background-media":"","overlay-type":"","overlay-color":"","overlay-opacity":"","overlay-gradient":""}},"ast-content-background-meta":{"desktop":{"background-color":"var(--ast-global-color-5)","background-image":"","background-repeat":"repeat","background-position":"center center","background-size":"auto","background-attachment":"scroll","background-type":"","background-media":"","overlay-type":"","overlay-color":"","overlay-opacity":"","overlay-gradient":""},"tablet":{"background-color":"var(--ast-global-color-5)","background-image":"","background-repeat":"repeat","background-position":"center center","background-size":"auto","background-attachment":"scroll","background-type":"","background-media":"","overlay-type":"","overlay-color":"","overlay-opacity":"","overlay-gradient":""},"mobile":{"background-color":"var(--ast-global-color-5)","background-image":"","background-repeat":"repeat","background-position":"center center","background-size":"auto","background-attachment":"scroll","background-type":"","background-media":"","overlay-type":"","overlay-color":"","overlay-opacity":"","overlay-gradient":""}}},"product_brand":[],"product_cat":[15],"product_tag":[],"class_list":{"0":"post-12896","1":"product","2":"type-product","3":"status-publish","4":"has-post-thumbnail","6":"product_cat-uncategorized","7":"pa_18307_e0k9uid0-punainen","8":"pa_18307_e0k9uid0-sininen","9":"pa_18307_tjig3npo-1-kpl","10":"pa_18307_tjig3npo-2-kpl","11":"pa_18307_tjig3npo-4-kpl","12":"desktop-align-left","13":"tablet-align-left","14":"mobile-align-left","16":"first","17":"instock","18":"shipping-taxable","19":"purchasable","20":"product-type-variable","21":"has-default-attributes"},"_links":{"self":[{"href":"https:\/\/keluvo.com\/fi\/wp-json\/wp\/v2\/product\/12896","targetHints":{"allow":["GET"]}}],"collection":[{"href":"https:\/\/keluvo.com\/fi\/wp-json\/wp\/v2\/product"}],"about":[{"href":"https:\/\/keluvo.com\/fi\/wp-json\/wp\/v2\/types\/product"}],"replies":[{"embeddable":true,"href":"https:\/\/keluvo.com\/fi\/wp-json\/wp\/v2\/comments?post=12896"}],"wp:featuredmedia":[{"embeddable":true,"href":"https:\/\/keluvo.com\/fi\/wp-json\/wp\/v2\/media\/12892"}],"wp:attachment":[{"href":"https:\/\/keluvo.com\/fi\/wp-json\/wp\/v2\/media?parent=12896"}],"wp:term":[{"taxonomy":"product_brand","embeddable":true,"href":"https:\/\/keluvo.com\/fi\/wp-json\/wp\/v2\/product_brand?post=12896"},{"taxonomy":"product_cat","embeddable":true,"href":"https:\/\/keluvo.com\/fi\/wp-json\/wp\/v2\/product_cat?post=12896"},{"taxonomy":"product_tag","embeddable":true,"href":"https:\/\/keluvo.com\/fi\/wp-json\/wp\/v2\/product_tag?post=12896"}],"curies":[{"name":"wp","href":"https:\/\/api.w.org\/{rel}","templated":true}]}}