{"id":12866,"date":"2025-10-03T15:25:40","date_gmt":"2025-10-03T12:25:40","guid":{"rendered":"https:\/\/keluvo.com\/fi\/product\/oven-saranan-korjaus\/"},"modified":"2025-10-13T11:21:47","modified_gmt":"2025-10-13T08:21:47","slug":"oven-saranan-korjaus","status":"publish","type":"product","link":"https:\/\/keluvo.com\/fi\/product\/oven-saranan-korjaus\/","title":{"rendered":"Oven saranan korjaus"},"content":{"rendered":"<h2 style=\"text-align: center;\" data-start=\"0\" data-end=\"33\">Vahva Ja Kest\u00e4v\u00e4 Materiaali<\/h2>\n<p class=\"\" style=\"text-align: center;\" data-start=\"34\" data-end=\"219\">T\u00e4m\u00e4 ovisaranoiden korjauslevy on valmistettu korkealaatuisesta ruostumattomasta ter\u00e4ksest\u00e4, joten se on vahva ja pitk\u00e4ik\u00e4inen. Se kest\u00e4\u00e4 ruostumista ja kulumista, mik\u00e4 takaa luotettavan tuen saranoillesi ajan my\u00f6t\u00e4.<\/p>\n<p data-start=\"34\" data-end=\"219\"><img decoding=\"async\" class=\"alignnone size-medium wp-image-13201 aligncenter\" src=\"https:\/\/keluvo.com\/template\/wp-content\/uploads\/sites\/5\/2025\/04\/S2c27e83e84c6439da370ccf5c2c247fbh.jpg_960x960q75.jpg_.jpeg\" alt=\"\" \/><\/p>\n<h2 style=\"text-align: center;\" data-start=\"221\" data-end=\"242\">Helppo Asentaa<\/h2>\n<p class=\"\" style=\"text-align: center;\" data-start=\"243\" data-end=\"436\">Korjauslevy on suunniteltu yksinkertaista asennusta varten, joten voit korjata vaurioituneet saranat nopeasti. Se peitt\u00e4\u00e4 alkuper\u00e4isen kiinnitysalueen ja tarjoaa turvallisen ja vakaan kiinnityksen ilman ylim\u00e4\u00e4r\u00e4ist\u00e4 vaivaa.<\/p>\n<p data-start=\"243\" data-end=\"436\"><img decoding=\"async\" class=\"alignnone size-medium wp-image-13198 aligncenter\" src=\"https:\/\/keluvo.com\/template\/wp-content\/uploads\/sites\/5\/2025\/04\/30091203-6103-4603-8774-ef53ff238aca-e1743572972863.webp\" alt=\"\" \/><\/p>\n","protected":false},"excerpt":{"rendered":"<p>Vahva Ja Kest\u00e4v\u00e4 Materiaali T\u00e4m\u00e4 ovisaranoiden korjauslevy on valmistettu korkealaatuisesta ruostumattomasta ter\u00e4ksest\u00e4, joten se on vahva ja pitk\u00e4ik\u00e4inen. Se kest\u00e4\u00e4 [&hellip;]<\/p>\n","protected":false},"featured_media":12862,"comment_status":"open","ping_status":"closed","template":"","meta":{"site-sidebar-layout":"default","site-content-layout":"","ast-site-content-layout":"default","site-content-style":"default","site-sidebar-style":"default","ast-global-header-display":"","ast-banner-title-visibility":"","ast-main-header-display":"","ast-hfb-above-header-display":"","ast-hfb-below-header-display":"","ast-hfb-mobile-header-display":"","site-post-title":"","ast-breadcrumbs-content":"","ast-featured-img":"","footer-sml-layout":"","theme-transparent-header-meta":"default","adv-header-id-meta":"","stick-header-meta":"","header-above-stick-meta":"","header-main-stick-meta":"","header-below-stick-meta":"","astra-migrate-meta-layouts":"set","ast-page-background-enabled":"default","ast-page-background-meta":{"desktop":{"background-color":"var(--ast-global-color-4)","background-image":"","background-repeat":"repeat","background-position":"center center","background-size":"auto","background-attachment":"scroll","background-type":"","background-media":"","overlay-type":"","overlay-color":"","overlay-opacity":"","overlay-gradient":""},"tablet":{"background-color":"","background-image":"","background-repeat":"repeat","background-position":"center center","background-size":"auto","background-attachment":"scroll","background-type":"","background-media":"","overlay-type":"","overlay-color":"","overlay-opacity":"","overlay-gradient":""},"mobile":{"background-color":"","background-image":"","background-repeat":"repeat","background-position":"center center","background-size":"auto","background-attachment":"scroll","background-type":"","background-media":"","overlay-type":"","overlay-color":"","overlay-opacity":"","overlay-gradient":""}},"ast-content-background-meta":{"desktop":{"background-color":"var(--ast-global-color-5)","background-image":"","background-repeat":"repeat","background-position":"center center","background-size":"auto","background-attachment":"scroll","background-type":"","background-media":"","overlay-type":"","overlay-color":"","overlay-opacity":"","overlay-gradient":""},"tablet":{"background-color":"var(--ast-global-color-5)","background-image":"","background-repeat":"repeat","background-position":"center center","background-size":"auto","background-attachment":"scroll","background-type":"","background-media":"","overlay-type":"","overlay-color":"","overlay-opacity":"","overlay-gradient":""},"mobile":{"background-color":"var(--ast-global-color-5)","background-image":"","background-repeat":"repeat","background-position":"center center","background-size":"auto","background-attachment":"scroll","background-type":"","background-media":"","overlay-type":"","overlay-color":"","overlay-opacity":"","overlay-gradient":""}}},"product_brand":[],"product_cat":[996],"product_tag":[],"class_list":{"0":"post-12866","1":"product","2":"type-product","3":"status-publish","4":"has-post-thumbnail","6":"product_cat-tools","7":"pa_23499_1ixs3ldj-2kpl","8":"pa_23499_1ixs3ldj-4kpl","9":"pa_23499_1ixs3ldj-6kpl","10":"pa_23499_1ixs3ldj-10kpl","11":"desktop-align-left","12":"tablet-align-left","13":"mobile-align-left","15":"first","16":"instock","17":"shipping-taxable","18":"purchasable","19":"product-type-variable"},"_links":{"self":[{"href":"https:\/\/keluvo.com\/fi\/wp-json\/wp\/v2\/product\/12866","targetHints":{"allow":["GET"]}}],"collection":[{"href":"https:\/\/keluvo.com\/fi\/wp-json\/wp\/v2\/product"}],"about":[{"href":"https:\/\/keluvo.com\/fi\/wp-json\/wp\/v2\/types\/product"}],"replies":[{"embeddable":true,"href":"https:\/\/keluvo.com\/fi\/wp-json\/wp\/v2\/comments?post=12866"}],"wp:featuredmedia":[{"embeddable":true,"href":"https:\/\/keluvo.com\/fi\/wp-json\/wp\/v2\/media\/12862"}],"wp:attachment":[{"href":"https:\/\/keluvo.com\/fi\/wp-json\/wp\/v2\/media?parent=12866"}],"wp:term":[{"taxonomy":"product_brand","embeddable":true,"href":"https:\/\/keluvo.com\/fi\/wp-json\/wp\/v2\/product_brand?post=12866"},{"taxonomy":"product_cat","embeddable":true,"href":"https:\/\/keluvo.com\/fi\/wp-json\/wp\/v2\/product_cat?post=12866"},{"taxonomy":"product_tag","embeddable":true,"href":"https:\/\/keluvo.com\/fi\/wp-json\/wp\/v2\/product_tag?post=12866"}],"curies":[{"name":"wp","href":"https:\/\/api.w.org\/{rel}","templated":true}]}}