{"id":12838,"date":"2025-10-03T15:24:16","date_gmt":"2025-10-03T12:24:16","guid":{"rendered":"https:\/\/keluvo.com\/fi\/product\/hiirenloukku\/"},"modified":"2025-11-11T11:26:44","modified_gmt":"2025-11-11T09:26:44","slug":"hiirenloukku","status":"publish","type":"product","link":"https:\/\/keluvo.com\/fi\/product\/hiirenloukku\/","title":{"rendered":"Hiirenloukku"},"content":{"rendered":"<p style=\"text-align: center;\" data-start=\"85\" data-end=\"132\"><strong>\ud83d\udc2d P\u00e4\u00e4set Eroon Hiirist\u00e4 Ja Rotista Nopeasti Ja Turvallisesti!<\/strong><\/p>\n<p style=\"text-align: center;\" data-start=\"134\" data-end=\"359\">T\u00e4m\u00e4 \u00e4lyk\u00e4s hiirenloukku tekee jyrsij\u00f6iden torjunnasta helppoa. Aseta se vain \u00e4mp\u00e4riin, ja kun hiiri astuu ansan p\u00e4\u00e4lle, se kaatuu ja pudottaa ne sis\u00e4\u00e4n. Ei myrkky\u00e4, ei sotkua &#8211; vain turvallinen, uudelleenk\u00e4ytett\u00e4v\u00e4 ratkaisu kotiin tai varastotiloihin.<\/p>\n<p data-start=\"134\" data-end=\"359\"><img decoding=\"async\" class=\"size-full wp-image-24633 aligncenter\" src=\"https:\/\/keluvo.com\/template\/wp-content\/uploads\/sites\/5\/2025\/06\/06237-ezgif.com-video-to-webp-converter.webp\" alt=\"\" \/><\/p>\n<h2 style=\"text-align: center;\" data-start=\"361\" data-end=\"382\">\ud83c\udf1f T\u00e4rkeimm\u00e4t Edut<\/h2>\n<p data-start=\"385\" data-end=\"425\">\u2705 Vaaraton ja turvallinen &#8211; ei myrkkyj\u00e4 eik\u00e4 liimaa<\/p>\n<p data-start=\"428\" data-end=\"482\">\ud83d\udd01 Uudelleenk\u00e4ytett\u00e4v\u00e4 ja hygieenisempi kuin perinteiset ansat<\/p>\n<p data-start=\"485\" data-end=\"539\">\ud83e\udde0 Fiksu kallistusmuotoilu pudottaa jyrsij\u00e4t \u00e4mp\u00e4riin<\/p>\n<p data-start=\"542\" data-end=\"570\">\ud83e\udea4 Helppo tyhjent\u00e4\u00e4 ja nollata<\/p>\n<p data-start=\"573\" data-end=\"623\">\ud83c\udfe1 Ihanteellinen koteihin, autotalleihin, ruokakomeroihin ja vajoihin<\/p>\n<p data-start=\"573\" data-end=\"623\"><img decoding=\"async\" class=\"size-full wp-image-24638 aligncenter\" src=\"https:\/\/keluvo.com\/template\/wp-content\/uploads\/sites\/5\/2025\/06\/3-8-1.jpg\" alt=\"\" \/><\/p>\n<h2 style=\"text-align: center;\" data-start=\"625\" data-end=\"642\">\u2705 K\u00e4ytt\u00f6<\/h2>\n<ol data-start=\"643\" data-end=\"860\">\n<li data-start=\"643\" data-end=\"698\">\n<p data-start=\"646\" data-end=\"698\">Aseta ansa mink\u00e4 tahansa tavallisen \u00e4mp\u00e4rin yl\u00e4osaan.<\/p>\n<\/li>\n<li data-start=\"699\" data-end=\"753\">\n<p data-start=\"702\" data-end=\"753\">Aseta sy\u00f6tti l\u00e4pp\u00e4\u00e4n ja aseta tikkaat l\u00e4helle.<\/p>\n<\/li>\n<li data-start=\"754\" data-end=\"830\">\n<p data-start=\"757\" data-end=\"830\">Kun jyrsij\u00e4 kiipe\u00e4\u00e4 ja astuu ansan p\u00e4\u00e4lle, se putoaa \u00e4mp\u00e4riin.<\/p>\n<\/li>\n<li data-start=\"831\" data-end=\"860\">\n<p data-start=\"834\" data-end=\"860\">Tyhjenn\u00e4 ja k\u00e4yt\u00e4 uudelleen tarpeen mukaan!<\/p>\n<\/li>\n<\/ol>\n<h2 style=\"text-align: center;\" data-start=\"862\" data-end=\"885\">\ud83d\udce6 Tuotetiedot<\/h2>\n<ul data-start=\"886\" data-end=\"972\">\n<li data-start=\"929\" data-end=\"946\">\n<p data-start=\"931\" data-end=\"946\">Materiaali: PVC<\/p>\n<\/li>\n<li data-start=\"947\" data-end=\"972\">\n<p data-start=\"949\" data-end=\"972\"><em data-start=\"949\" data-end=\"970\">\u00c4mp\u00e4ri ei sis\u00e4lly<\/em><\/p>\n<\/li>\n<\/ul>\n<h2 style=\"text-align: center;\" data-start=\"974\" data-end=\"998\">\ud83d\udcec Pakkaus Sis\u00e4lt\u00e4\u00e4<\/h2>\n<ul data-start=\"999\" data-end=\"1068\">\n<li data-start=\"999\" data-end=\"1014\">\n<p data-start=\"1001\" data-end=\"1014\">1x ansan kansi<\/p>\n<\/li>\n<li data-start=\"1015\" data-end=\"1035\">\n<p data-start=\"1017\" data-end=\"1035\">1x painotettu l\u00e4pp\u00e4<\/p>\n<\/li>\n<li data-start=\"1036\" data-end=\"1051\">\n<p data-start=\"1038\" data-end=\"1051\">2-osainen luiska.<\/p>\n<\/li>\n<\/ul>\n","protected":false},"excerpt":{"rendered":"<p>\ud83d\udc2d P\u00e4\u00e4set Eroon Hiirist\u00e4 Ja Rotista Nopeasti Ja Turvallisesti! T\u00e4m\u00e4 \u00e4lyk\u00e4s hiirenloukku tekee jyrsij\u00f6iden torjunnasta helppoa. Aseta se vain \u00e4mp\u00e4riin, [&hellip;]<\/p>\n","protected":false},"featured_media":12834,"comment_status":"open","ping_status":"closed","template":"","meta":{"site-sidebar-layout":"default","site-content-layout":"","ast-site-content-layout":"default","site-content-style":"default","site-sidebar-style":"default","ast-global-header-display":"","ast-banner-title-visibility":"","ast-main-header-display":"","ast-hfb-above-header-display":"","ast-hfb-below-header-display":"","ast-hfb-mobile-header-display":"","site-post-title":"","ast-breadcrumbs-content":"","ast-featured-img":"","footer-sml-layout":"","theme-transparent-header-meta":"default","adv-header-id-meta":"","stick-header-meta":"","header-above-stick-meta":"","header-main-stick-meta":"","header-below-stick-meta":"","astra-migrate-meta-layouts":"set","ast-page-background-enabled":"default","ast-page-background-meta":{"desktop":{"background-color":"var(--ast-global-color-4)","background-image":"","background-repeat":"repeat","background-position":"center center","background-size":"auto","background-attachment":"scroll","background-type":"","background-media":"","overlay-type":"","overlay-color":"","overlay-opacity":"","overlay-gradient":""},"tablet":{"background-color":"","background-image":"","background-repeat":"repeat","background-position":"center center","background-size":"auto","background-attachment":"scroll","background-type":"","background-media":"","overlay-type":"","overlay-color":"","overlay-opacity":"","overlay-gradient":""},"mobile":{"background-color":"","background-image":"","background-repeat":"repeat","background-position":"center center","background-size":"auto","background-attachment":"scroll","background-type":"","background-media":"","overlay-type":"","overlay-color":"","overlay-opacity":"","overlay-gradient":""}},"ast-content-background-meta":{"desktop":{"background-color":"var(--ast-global-color-5)","background-image":"","background-repeat":"repeat","background-position":"center center","background-size":"auto","background-attachment":"scroll","background-type":"","background-media":"","overlay-type":"","overlay-color":"","overlay-opacity":"","overlay-gradient":""},"tablet":{"background-color":"var(--ast-global-color-5)","background-image":"","background-repeat":"repeat","background-position":"center center","background-size":"auto","background-attachment":"scroll","background-type":"","background-media":"","overlay-type":"","overlay-color":"","overlay-opacity":"","overlay-gradient":""},"mobile":{"background-color":"var(--ast-global-color-5)","background-image":"","background-repeat":"repeat","background-position":"center center","background-size":"auto","background-attachment":"scroll","background-type":"","background-media":"","overlay-type":"","overlay-color":"","overlay-opacity":"","overlay-gradient":""}}},"product_brand":[],"product_cat":[1001],"product_tag":[],"class_list":{"0":"post-12838","1":"product","2":"type-product","3":"status-publish","4":"has-post-thumbnail","6":"product_cat-household-goods","7":"desktop-align-left","8":"tablet-align-left","9":"mobile-align-left","11":"first","12":"instock","13":"shipping-taxable","14":"purchasable","15":"product-type-simple"},"_links":{"self":[{"href":"https:\/\/keluvo.com\/fi\/wp-json\/wp\/v2\/product\/12838","targetHints":{"allow":["GET"]}}],"collection":[{"href":"https:\/\/keluvo.com\/fi\/wp-json\/wp\/v2\/product"}],"about":[{"href":"https:\/\/keluvo.com\/fi\/wp-json\/wp\/v2\/types\/product"}],"replies":[{"embeddable":true,"href":"https:\/\/keluvo.com\/fi\/wp-json\/wp\/v2\/comments?post=12838"}],"wp:featuredmedia":[{"embeddable":true,"href":"https:\/\/keluvo.com\/fi\/wp-json\/wp\/v2\/media\/12834"}],"wp:attachment":[{"href":"https:\/\/keluvo.com\/fi\/wp-json\/wp\/v2\/media?parent=12838"}],"wp:term":[{"taxonomy":"product_brand","embeddable":true,"href":"https:\/\/keluvo.com\/fi\/wp-json\/wp\/v2\/product_brand?post=12838"},{"taxonomy":"product_cat","embeddable":true,"href":"https:\/\/keluvo.com\/fi\/wp-json\/wp\/v2\/product_cat?post=12838"},{"taxonomy":"product_tag","embeddable":true,"href":"https:\/\/keluvo.com\/fi\/wp-json\/wp\/v2\/product_tag?post=12838"}],"curies":[{"name":"wp","href":"https:\/\/api.w.org\/{rel}","templated":true}]}}