{"id":12821,"date":"2025-10-03T15:23:26","date_gmt":"2025-10-03T12:23:26","guid":{"rendered":"https:\/\/keluvo.com\/fi\/product\/led-anturivalo\/"},"modified":"2025-10-20T16:09:54","modified_gmt":"2025-10-20T13:09:54","slug":"led-anturivalo","status":"publish","type":"product","link":"https:\/\/keluvo.com\/fi\/product\/led-anturivalo\/","title":{"rendered":"LED-anturivalo"},"content":{"rendered":"<p style=\"text-align: center;\" data-start=\"179\" data-end=\"224\"><strong>Kirkasta Tilasi \u00c4lykk\u00e4\u00e4sti \ud83d\udca1\ud83d\udeb6<\/strong><\/p>\n<p style=\"text-align: center;\" data-start=\"226\" data-end=\"440\">T\u00e4m\u00e4 liikkeell\u00e4 aktivoituva LED-tunnistinvalo syttyy heti, kun tarvitset sit\u00e4 &#8211; ei kytkimi\u00e4, ei vaivaa. Se sopii t\u00e4ydellisesti kaappien, kaappien, k\u00e4yt\u00e4vien tai portaikkojen alle ja lis\u00e4\u00e4 tyylik\u00e4st\u00e4, langatonta valaistusta juuri sinne, minne haluat.<\/p>\n<p data-start=\"226\" data-end=\"440\"><img decoding=\"async\" class=\"size-full wp-image-32963 aligncenter\" src=\"https:\/\/keluvo.com\/template\/wp-content\/uploads\/sites\/5\/2025\/08\/07215-ezgif.com-video-to-webp-converter-3.webp\" alt=\"\" \/><\/p>\n<h2 style=\"text-align: center;\" data-start=\"447\" data-end=\"466\">T\u00e4rkeimm\u00e4t Edut \u2705<\/h2>\n<p data-start=\"470\" data-end=\"521\">\ud83d\udeb6 Kytkeytyy automaattisesti p\u00e4\u00e4lle, kun liikett\u00e4 havaitaan<\/p>\n<p data-start=\"524\" data-end=\"581\">\ud83c\udf19 Kolme valotilaa: liiketunnistin, aina p\u00e4\u00e4ll\u00e4 ja pois p\u00e4\u00e4lt\u00e4<\/p>\n<p data-start=\"584\" data-end=\"620\">\ud83d\udca1 Pehme\u00e4 ja v\u00e4lkkym\u00e4t\u00f6n LED-valo<\/p>\n<p data-start=\"623\" data-end=\"668\">\ud83d\udd0b Ladattavissa USB:n kautta &#8211; paristoja ei tarvita<\/p>\n<p data-start=\"671\" data-end=\"725\">\ud83e\uddf2 Magneettinen takaosa, jossa on vahva liima helppoon setup<\/p>\n<p data-start=\"728\" data-end=\"783\">\ud83d\udee0\ufe0f Sopii erinomaisesti keitti\u00f6ihin, vaatekaappeihin, eteisiin ja muualle<\/p>\n<p data-start=\"728\" data-end=\"783\"><img decoding=\"async\" class=\"size-full wp-image-32967 aligncenter\" src=\"https:\/\/keluvo.com\/template\/wp-content\/uploads\/sites\/5\/2025\/08\/SENZOR_7-600x600-1.webp\" alt=\"\" \/><\/p>\n<h2 style=\"text-align: center;\" data-start=\"790\" data-end=\"810\">K\u00e4ytt\u00f6\u00f6notto \ud83d\udc47<\/h2>\n<ol data-start=\"812\" data-end=\"1065\">\n<li data-start=\"812\" data-end=\"862\">\n<p data-start=\"815\" data-end=\"862\">Lataa valo mukana tulevan USB-kaapelin avulla.<\/p>\n<\/li>\n<li data-start=\"863\" data-end=\"923\">\n<p data-start=\"866\" data-end=\"923\">Kiinnit\u00e4 se mihin tahansa sis\u00e4\u00e4nrakennetun magneetin tai liiman avulla.<\/p>\n<\/li>\n<li data-start=\"924\" data-end=\"980\">\n<p data-start=\"927\" data-end=\"980\">Valitse haluamasi tila yksinkertaisella painikkeen napautuksella.<\/p>\n<\/li>\n<li data-start=\"981\" data-end=\"1028\">\n<p data-start=\"984\" data-end=\"1028\">K\u00e4vele ohi aktivoidaksesi liiketunnistintilan.<\/p>\n<\/li>\n<li data-start=\"1029\" data-end=\"1065\">\n<p data-start=\"1032\" data-end=\"1065\">Irrota ja lataa tarvittaessa.<\/p>\n<\/li>\n<\/ol>\n<h2 style=\"text-align: center;\" data-start=\"1072\" data-end=\"1094\">Tuotetiedot \ud83d\udccc<\/h2>\n<ul data-start=\"1096\" data-end=\"1358\">\n<li data-start=\"1096\" data-end=\"1124\">\n<p data-start=\"1098\" data-end=\"1124\">Tunnistimen kantama: 3-5 metri\u00e4<\/p>\n<\/li>\n<li data-start=\"1125\" data-end=\"1183\">\n<p data-start=\"1127\" data-end=\"1183\">Valaistuksen viive: Automaattinen sammutus 20 sekunnin kuluttua, kun liikett\u00e4 ei ole tapahtunut<\/p>\n<\/li>\n<li data-start=\"1184\" data-end=\"1208\">\n<p data-start=\"1186\" data-end=\"1208\">Lataus: USB Type-C<\/p>\n<\/li>\n<li data-start=\"1209\" data-end=\"1244\">\n<p data-start=\"1211\" data-end=\"1244\">Moodit: ON \/ OFF \/ Liiketunnistin<\/p>\n<\/li>\n<li data-start=\"1245\" data-end=\"1287\">\n<p data-start=\"1247\" data-end=\"1287\">Asennus: Magneettinen + liimakiinnitys<\/p>\n<\/li>\n<li data-start=\"1288\" data-end=\"1330\">\n<p data-start=\"1290\" data-end=\"1330\">Koot: 20 cm, 30 cm, 40 cm, 50 cm<\/p>\n<\/li>\n<li data-start=\"1331\" data-end=\"1358\">\n<p data-start=\"1333\" data-end=\"1358\">V\u00e4ril\u00e4mp\u00f6tila: l\u00e4mmin valkoinen 3000k, luonnollinen valkoinen 4500k, viile\u00e4 valkoinen 6500k<\/p>\n<\/li>\n<li data-start=\"1331\" data-end=\"1358\">\n<p class=\"col-12\"><span dir=\"auto\">V\u00e4ritasot: 10%, 30%, 50%, 80%, 100%<\/span><\/p>\n<\/li>\n<\/ul>\n<h2 style=\"text-align: center;\" data-start=\"1365\" data-end=\"1388\">Pakkaus Sis\u00e4lt\u00e4\u00e4 \ud83d\udce6<\/h2>\n<ul data-start=\"1390\" data-end=\"1500\">\n<li data-start=\"1390\" data-end=\"1424\">\n<p data-start=\"1392\" data-end=\"1424\">1x liiketunnistimen LED-valo<\/p>\n<\/li>\n<li data-start=\"1425\" data-end=\"1450\">\n<p data-start=\"1427\" data-end=\"1450\">1x USB-latausjohto<\/p>\n<\/li>\n<li data-start=\"1451\" data-end=\"1469\">\n<p data-start=\"1453\" data-end=\"1469\">1x k\u00e4ytt\u00f6opas<\/p>\n<\/li>\n<li data-start=\"1470\" data-end=\"1500\">\n<p data-start=\"1472\" data-end=\"1500\">1x liimakiinnitysklipsi.<\/p>\n<\/li>\n<\/ul>\n","protected":false},"excerpt":{"rendered":"<p>Kirkasta Tilasi \u00c4lykk\u00e4\u00e4sti \ud83d\udca1\ud83d\udeb6 T\u00e4m\u00e4 liikkeell\u00e4 aktivoituva LED-tunnistinvalo syttyy heti, kun tarvitset sit\u00e4 &#8211; ei kytkimi\u00e4, ei vaivaa. Se sopii [&hellip;]<\/p>\n","protected":false},"featured_media":12817,"comment_status":"open","ping_status":"closed","template":"","meta":{"site-sidebar-layout":"default","site-content-layout":"","ast-site-content-layout":"default","site-content-style":"default","site-sidebar-style":"default","ast-global-header-display":"","ast-banner-title-visibility":"","ast-main-header-display":"","ast-hfb-above-header-display":"","ast-hfb-below-header-display":"","ast-hfb-mobile-header-display":"","site-post-title":"","ast-breadcrumbs-content":"","ast-featured-img":"","footer-sml-layout":"","theme-transparent-header-meta":"default","adv-header-id-meta":"","stick-header-meta":"","header-above-stick-meta":"","header-main-stick-meta":"","header-below-stick-meta":"","astra-migrate-meta-layouts":"set","ast-page-background-enabled":"default","ast-page-background-meta":{"desktop":{"background-color":"var(--ast-global-color-4)","background-image":"","background-repeat":"repeat","background-position":"center center","background-size":"auto","background-attachment":"scroll","background-type":"","background-media":"","overlay-type":"","overlay-color":"","overlay-opacity":"","overlay-gradient":""},"tablet":{"background-color":"","background-image":"","background-repeat":"repeat","background-position":"center center","background-size":"auto","background-attachment":"scroll","background-type":"","background-media":"","overlay-type":"","overlay-color":"","overlay-opacity":"","overlay-gradient":""},"mobile":{"background-color":"","background-image":"","background-repeat":"repeat","background-position":"center center","background-size":"auto","background-attachment":"scroll","background-type":"","background-media":"","overlay-type":"","overlay-color":"","overlay-opacity":"","overlay-gradient":""}},"ast-content-background-meta":{"desktop":{"background-color":"var(--ast-global-color-5)","background-image":"","background-repeat":"repeat","background-position":"center center","background-size":"auto","background-attachment":"scroll","background-type":"","background-media":"","overlay-type":"","overlay-color":"","overlay-opacity":"","overlay-gradient":""},"tablet":{"background-color":"var(--ast-global-color-5)","background-image":"","background-repeat":"repeat","background-position":"center center","background-size":"auto","background-attachment":"scroll","background-type":"","background-media":"","overlay-type":"","overlay-color":"","overlay-opacity":"","overlay-gradient":""},"mobile":{"background-color":"var(--ast-global-color-5)","background-image":"","background-repeat":"repeat","background-position":"center center","background-size":"auto","background-attachment":"scroll","background-type":"","background-media":"","overlay-type":"","overlay-color":"","overlay-opacity":"","overlay-gradient":""}}},"product_brand":[],"product_cat":[1001],"product_tag":[],"class_list":{"0":"post-12821","1":"product","2":"type-product","3":"status-publish","4":"has-post-thumbnail","6":"product_cat-household-goods","7":"pa_44972_b6lvxai0-20-cm","8":"pa_44972_b6lvxai0-30-cm","9":"pa_44972_b6lvxai0-40-cm","10":"pa_44972_b6lvxai0-50-cm","11":"desktop-align-left","12":"tablet-align-left","13":"mobile-align-left","15":"first","16":"instock","17":"shipping-taxable","18":"purchasable","19":"product-type-variable"},"_links":{"self":[{"href":"https:\/\/keluvo.com\/fi\/wp-json\/wp\/v2\/product\/12821","targetHints":{"allow":["GET"]}}],"collection":[{"href":"https:\/\/keluvo.com\/fi\/wp-json\/wp\/v2\/product"}],"about":[{"href":"https:\/\/keluvo.com\/fi\/wp-json\/wp\/v2\/types\/product"}],"replies":[{"embeddable":true,"href":"https:\/\/keluvo.com\/fi\/wp-json\/wp\/v2\/comments?post=12821"}],"wp:featuredmedia":[{"embeddable":true,"href":"https:\/\/keluvo.com\/fi\/wp-json\/wp\/v2\/media\/12817"}],"wp:attachment":[{"href":"https:\/\/keluvo.com\/fi\/wp-json\/wp\/v2\/media?parent=12821"}],"wp:term":[{"taxonomy":"product_brand","embeddable":true,"href":"https:\/\/keluvo.com\/fi\/wp-json\/wp\/v2\/product_brand?post=12821"},{"taxonomy":"product_cat","embeddable":true,"href":"https:\/\/keluvo.com\/fi\/wp-json\/wp\/v2\/product_cat?post=12821"},{"taxonomy":"product_tag","embeddable":true,"href":"https:\/\/keluvo.com\/fi\/wp-json\/wp\/v2\/product_tag?post=12821"}],"curies":[{"name":"wp","href":"https:\/\/api.w.org\/{rel}","templated":true}]}}