{"id":12801,"date":"2025-10-03T15:21:55","date_gmt":"2025-10-03T12:21:55","guid":{"rendered":"https:\/\/keluvo.com\/fi\/product\/kontuurimittari\/"},"modified":"2025-10-03T15:21:55","modified_gmt":"2025-10-03T12:21:55","slug":"kontuurimittari","status":"publish","type":"product","link":"https:\/\/keluvo.com\/fi\/product\/kontuurimittari\/","title":{"rendered":"Kontuurimittari"},"content":{"rendered":"<p style=\"text-align: center\" data-start=\"177\" data-end=\"233\"><strong>Kopioi Mik\u00e4 Tahansa Muoto T\u00e4ydellisell\u00e4 Tarkkuudella Sekunneissa \u270f\ufe0f\ud83d\udcd0<\/strong><\/p>\n<p style=\"text-align: center\" data-start=\"235\" data-end=\"474\">T\u00e4m\u00e4n eritt\u00e4in tarkan \u00e4\u00e4riviivamittarin avulla voit j\u00e4ljitt\u00e4\u00e4, merkit\u00e4 ja kopioida monimutkaisia reunoja ja k\u00e4yri\u00e4 helposti. Olitpa sitten laatoittamassa laattoja, leikkaamassa lattioita tai tekem\u00e4ss\u00e4 somistust\u00f6it\u00e4, se s\u00e4\u00e4st\u00e4\u00e4 aikaa ja takaa t\u00e4ydellisen sovituksen &#8211; joka kerta.<\/p>\n<p data-start=\"235\" data-end=\"474\"><img decoding=\"async\" class=\"size-full wp-image-32998 aligncenter\" src=\"https:\/\/keluvo.com\/template\/wp-content\/uploads\/sites\/5\/2025\/08\/913022651048395025ec9710f99bf42fcf0ec156.webp\" alt=\"\" \/><\/p>\n<h2 style=\"text-align: center\" data-start=\"481\" data-end=\"500\">T\u00e4rkeimm\u00e4t Edut \u2705<\/h2>\n<p data-start=\"504\" data-end=\"560\">\ud83e\uddf1 Monistaa mink\u00e4 tahansa muodon tai reunan nopeasti ja accurately<\/p>\n<p data-start=\"563\" data-end=\"612\">\u270f\ufe0f Tekee merkkaamisesta ja leikkaamisesta nopeampaa ja siistimp\u00e4\u00e4<\/p>\n<p data-start=\"615\" data-end=\"674\">\ud83d\udd27 Ihanteellinen lattianp\u00e4\u00e4llystykseen, puut\u00f6ihin, laatoitukseen, somistukseen ja muuhun<\/p>\n<p data-start=\"677\" data-end=\"740\">\ud83d\udd04 Toimii kulmissa, k\u00e4yr\u00e4t, oudot kulmat ja ep\u00e4s\u00e4\u00e4nn\u00f6lliset muodot<\/p>\n<p data-start=\"743\" data-end=\"784\">\ud83d\udcaa Vahva ABS-materiaali kest\u00e4\u00e4 k\u00e4ytt\u00f6\u00e4<\/p>\n<p data-start=\"787\" data-end=\"838\">\ud83e\uddf0 Kevyt ja helppo kuljettaa ty\u00f6kalulaukussa<\/p>\n<p data-start=\"787\" data-end=\"838\"><img decoding=\"async\" class=\"size-full wp-image-32999 aligncenter\" src=\"https:\/\/keluvo.com\/template\/wp-content\/uploads\/sites\/5\/2025\/08\/d92de13bbd0a03e7bbff4fdc015c1db1607022b0.gif\" alt=\"\" \/><\/p>\n<h2 style=\"text-align: center\" data-start=\"845\" data-end=\"865\">K\u00e4ytt\u00f6ohjeet \ud83d\udc47<\/h2>\n<ol data-start=\"867\" data-end=\"1136\">\n<li data-start=\"867\" data-end=\"932\">\n<p data-start=\"870\" data-end=\"932\">Paina ty\u00f6kalua sit\u00e4 esinett\u00e4 tai muotoa vasten, jonka haluat j\u00e4ljitt\u00e4\u00e4.<\/p>\n<\/li>\n<li data-start=\"933\" data-end=\"1005\">\n<p data-start=\"936\" data-end=\"1005\">Anna rullien mukautua pintaan kaaren tai kulman vangitsemiseksi.<\/p>\n<\/li>\n<li data-start=\"1006\" data-end=\"1034\">\n<p data-start=\"1009\" data-end=\"1034\">Lukitse muoto paikalleen.<\/p>\n<\/li>\n<li data-start=\"1035\" data-end=\"1087\">\n<p data-start=\"1038\" data-end=\"1087\">Siirr\u00e4 \u00e4\u00e4riviivat materiaaliin ja leikkaa.<\/p>\n<\/li>\n<li data-start=\"1088\" data-end=\"1136\">\n<p data-start=\"1091\" data-end=\"1136\">Valmis-t\u00e4ydellinen sovitus ilman arvailuja tai virheit\u00e4.<\/p>\n<\/li>\n<\/ol>\n<h2 style=\"text-align: center\" data-start=\"1143\" data-end=\"1165\">Tuotetiedot \ud83d\udccc<\/h2>\n<ul data-start=\"1167\" data-end=\"1463\">\n<li data-start=\"1167\" data-end=\"1200\">\n<p data-start=\"1169\" data-end=\"1200\">Materiaali: Kest\u00e4v\u00e4 ABS-muovi<\/p>\n<\/li>\n<li data-start=\"1201\" data-end=\"1247\">\n<p data-start=\"1203\" data-end=\"1247\">Toiminnot: J\u00e4ljitt\u00e4minen, merkitseminen, muodon kopiointi<\/p>\n<\/li>\n<li data-start=\"1248\" data-end=\"1306\">\n<p data-start=\"1250\" data-end=\"1306\">Ominaisuudet: Sis\u00e4\u00e4nrakennettu hihnapy\u00f6r\u00e4 + osoitin sujuvaan j\u00e4ljitt\u00e4miseen<\/p>\n<\/li>\n<li data-start=\"1307\" data-end=\"1369\">\n<p data-start=\"1309\" data-end=\"1369\">K\u00e4ytt\u00f6kohteet: Lattiat, putket, laatat, puuty\u00f6t, verhoilu jne<\/p>\n<\/li>\n<li data-start=\"1370\" data-end=\"1400\">\n<p data-start=\"1372\" data-end=\"1400\">Koko: Kompakti ja kannettava<\/p>\n<\/li>\n<li data-start=\"1401\" data-end=\"1463\">\n<p data-start=\"1403\" data-end=\"1463\">Soveltuu: DIYers, puusep\u00e4t, sisustajat ja rakentajat<\/p>\n<\/li>\n<\/ul>\n<h2 style=\"text-align: center\" data-start=\"1470\" data-end=\"1493\">Pakkaus Sis\u00e4lt\u00e4\u00e4 \ud83d\udce6<\/h2>\n<ul data-start=\"1495\" data-end=\"1560\">\n<li data-start=\"1495\" data-end=\"1542\">\n<p data-start=\"1497\" data-end=\"1542\">1x \u00e4\u00e4riviivamittari<\/p>\n<\/li>\n<li data-start=\"1495\" data-end=\"1542\">\n<p data-start=\"1497\" data-end=\"1542\">1x lyijykyn\u00e4<\/p>\n<\/li>\n<li data-start=\"1543\" data-end=\"1560\">\n<p data-start=\"1545\" data-end=\"1560\">1x k\u00e4ytt\u00f6ohje.<\/p>\n<\/li>\n<\/ul>\n","protected":false},"excerpt":{"rendered":"<p>Kopioi Mik\u00e4 Tahansa Muoto T\u00e4ydellisell\u00e4 Tarkkuudella Sekunneissa \u270f\ufe0f\ud83d\udcd0 T\u00e4m\u00e4n eritt\u00e4in tarkan \u00e4\u00e4riviivamittarin avulla voit j\u00e4ljitt\u00e4\u00e4, merkit\u00e4 ja kopioida monimutkaisia reunoja [&hellip;]<\/p>\n","protected":false},"featured_media":12797,"comment_status":"open","ping_status":"closed","template":"","meta":{"site-sidebar-layout":"default","site-content-layout":"","ast-site-content-layout":"default","site-content-style":"default","site-sidebar-style":"default","ast-global-header-display":"","ast-banner-title-visibility":"","ast-main-header-display":"","ast-hfb-above-header-display":"","ast-hfb-below-header-display":"","ast-hfb-mobile-header-display":"","site-post-title":"","ast-breadcrumbs-content":"","ast-featured-img":"","footer-sml-layout":"","theme-transparent-header-meta":"default","adv-header-id-meta":"","stick-header-meta":"","header-above-stick-meta":"","header-main-stick-meta":"","header-below-stick-meta":"","astra-migrate-meta-layouts":"set","ast-page-background-enabled":"default","ast-page-background-meta":{"desktop":{"background-color":"var(--ast-global-color-4)","background-image":"","background-repeat":"repeat","background-position":"center center","background-size":"auto","background-attachment":"scroll","background-type":"","background-media":"","overlay-type":"","overlay-color":"","overlay-opacity":"","overlay-gradient":""},"tablet":{"background-color":"","background-image":"","background-repeat":"repeat","background-position":"center center","background-size":"auto","background-attachment":"scroll","background-type":"","background-media":"","overlay-type":"","overlay-color":"","overlay-opacity":"","overlay-gradient":""},"mobile":{"background-color":"","background-image":"","background-repeat":"repeat","background-position":"center center","background-size":"auto","background-attachment":"scroll","background-type":"","background-media":"","overlay-type":"","overlay-color":"","overlay-opacity":"","overlay-gradient":""}},"ast-content-background-meta":{"desktop":{"background-color":"var(--ast-global-color-5)","background-image":"","background-repeat":"repeat","background-position":"center center","background-size":"auto","background-attachment":"scroll","background-type":"","background-media":"","overlay-type":"","overlay-color":"","overlay-opacity":"","overlay-gradient":""},"tablet":{"background-color":"var(--ast-global-color-5)","background-image":"","background-repeat":"repeat","background-position":"center center","background-size":"auto","background-attachment":"scroll","background-type":"","background-media":"","overlay-type":"","overlay-color":"","overlay-opacity":"","overlay-gradient":""},"mobile":{"background-color":"var(--ast-global-color-5)","background-image":"","background-repeat":"repeat","background-position":"center center","background-size":"auto","background-attachment":"scroll","background-type":"","background-media":"","overlay-type":"","overlay-color":"","overlay-opacity":"","overlay-gradient":""}}},"product_brand":[],"product_cat":[996],"product_tag":[],"class_list":{"0":"post-12801","1":"product","2":"type-product","3":"status-publish","4":"has-post-thumbnail","6":"product_cat-tools","7":"desktop-align-left","8":"tablet-align-left","9":"mobile-align-left","11":"first","12":"instock","13":"shipping-taxable","14":"purchasable","15":"product-type-simple"},"_links":{"self":[{"href":"https:\/\/keluvo.com\/fi\/wp-json\/wp\/v2\/product\/12801","targetHints":{"allow":["GET"]}}],"collection":[{"href":"https:\/\/keluvo.com\/fi\/wp-json\/wp\/v2\/product"}],"about":[{"href":"https:\/\/keluvo.com\/fi\/wp-json\/wp\/v2\/types\/product"}],"replies":[{"embeddable":true,"href":"https:\/\/keluvo.com\/fi\/wp-json\/wp\/v2\/comments?post=12801"}],"wp:featuredmedia":[{"embeddable":true,"href":"https:\/\/keluvo.com\/fi\/wp-json\/wp\/v2\/media\/12797"}],"wp:attachment":[{"href":"https:\/\/keluvo.com\/fi\/wp-json\/wp\/v2\/media?parent=12801"}],"wp:term":[{"taxonomy":"product_brand","embeddable":true,"href":"https:\/\/keluvo.com\/fi\/wp-json\/wp\/v2\/product_brand?post=12801"},{"taxonomy":"product_cat","embeddable":true,"href":"https:\/\/keluvo.com\/fi\/wp-json\/wp\/v2\/product_cat?post=12801"},{"taxonomy":"product_tag","embeddable":true,"href":"https:\/\/keluvo.com\/fi\/wp-json\/wp\/v2\/product_tag?post=12801"}],"curies":[{"name":"wp","href":"https:\/\/api.w.org\/{rel}","templated":true}]}}