{"id":12566,"date":"2025-09-25T15:17:08","date_gmt":"2025-09-25T12:17:08","guid":{"rendered":"https:\/\/keluvo.com\/fi\/product\/sailytyskori-2\/"},"modified":"2025-09-25T15:17:13","modified_gmt":"2025-09-25T12:17:13","slug":"sailytyskori-2","status":"publish","type":"product","link":"https:\/\/keluvo.com\/fi\/product\/sailytyskori-2\/","title":{"rendered":"S\u00e4ilytyskori"},"content":{"rendered":"<p style=\"text-align: center\" data-start=\"105\" data-end=\"165\"><strong>\ud83e\uddfa Lis\u00e4\u00e4 v\u00e4litt\u00f6m\u00e4sti ylim\u00e4\u00e4r\u00e4ist\u00e4 s\u00e4ilytystilaa \u2014 miss\u00e4 tahansa sit\u00e4 tarvitsetkin!<\/strong><\/p>\n<p style=\"text-align: center\" data-start=\"167\" data-end=\"314\">T\u00e4m\u00e4 verkkokori on t\u00e4ydellinen sotkuinen s\u00e4ilytyskori autoosi, keitti\u00f6\u00f6n, kylpyhuoneeseen tai toimistoon. Kiinnit\u00e4 se vain paikalleen ja aloita j\u00e4rjest\u00e4minen sekunneissa.<\/p>\n<p data-start=\"167\" data-end=\"314\"><img decoding=\"async\" class=\"size-full wp-image-26523 aligncenter\" src=\"https:\/\/keluvo.com\/template\/wp-content\/uploads\/sites\/5\/2025\/07\/07029-ezgif.com-video-to-webp-converter.webp\" alt=\"\" \/><\/p>\n<h2 style=\"text-align: center\" data-start=\"316\" data-end=\"336\"><strong>\u2705 T\u00e4rkeimm\u00e4t Edut<\/strong><\/h2>\n<p data-start=\"339\" data-end=\"387\">\ud83d\udccc Itsekiinnittyv\u00e4 muotoilu &#8211; ei poraamista, ei ty\u00f6kaluja!<\/p>\n<p data-start=\"390\" data-end=\"441\">\ud83e\uddfd S\u00e4ilytt\u00e4\u00e4 pyyhkeet, pyyhkeet, roskapussit, lelut ja paljon muuta<\/p>\n<p data-start=\"444\" data-end=\"499\">\ud83d\udcaa Kest\u00e4v\u00e4 elastinen verkko pit\u00e4\u00e4 tavarat turvallisesti paikoillaan<\/p>\n<p data-start=\"502\" data-end=\"558\">\ud83d\ude97 Ihanteellinen autoihin, asuntoautoihin, ty\u00f6p\u00f6ytiin, kaappeihin ja pieniin tiloihin<\/p>\n<p data-start=\"561\" data-end=\"609\">\ud83d\udd01 Uudelleenasennettava ja helppo asentaa seconds<\/p>\n<p data-start=\"561\" data-end=\"609\"><img decoding=\"async\" class=\"size-full wp-image-26524 aligncenter\" src=\"https:\/\/keluvo.com\/template\/wp-content\/uploads\/sites\/5\/2025\/07\/13c5ffaf-c3d0-4485-ac39-4c020d938c6d.webp\" alt=\"\" \/><\/p>\n<h2 style=\"text-align: center\" data-start=\"611\" data-end=\"630\"><strong>\ud83d\udee0\ufe0f K\u00e4ytt\u00f6ohjeet<\/strong><\/h2>\n<ol data-start=\"631\" data-end=\"775\">\n<li data-start=\"631\" data-end=\"679\">\n<p data-start=\"634\" data-end=\"679\">Puhdista pinta, johon haluat kiinnitt\u00e4\u00e4 sen.<\/p>\n<\/li>\n<li data-start=\"680\" data-end=\"713\">\n<p data-start=\"683\" data-end=\"713\">Irrota liimapohja.<\/p>\n<\/li>\n<li data-start=\"714\" data-end=\"754\">\n<p data-start=\"717\" data-end=\"754\">Paina verkkopussi tukevasti paikalleen.<\/p>\n<\/li>\n<li data-start=\"755\" data-end=\"775\">\n<p data-start=\"758\" data-end=\"775\">Aloita j\u00e4rjest\u00e4minen!<\/p>\n<\/li>\n<\/ol>\n<h2 style=\"text-align: center\" data-start=\"777\" data-end=\"800\"><strong>\ud83d\udcd0 Tuotetiedot<\/strong><\/h2>\n<ul data-start=\"801\" data-end=\"917\">\n<li data-start=\"801\" data-end=\"846\">\n<p data-start=\"803\" data-end=\"846\">Koko: 40&#215;25 cm<\/p>\n<\/li>\n<li data-start=\"847\" data-end=\"893\">\n<p data-start=\"849\" data-end=\"893\">Materiaali: Venyv\u00e4 verkko + vahva liima<\/p>\n<\/li>\n<li data-start=\"894\" data-end=\"917\">\n<p data-start=\"896\" data-end=\"917\">Pest\u00e4v\u00e4 ja uudelleenk\u00e4ytett\u00e4v\u00e4<\/p>\n<\/li>\n<\/ul>\n<h2 style=\"text-align: center\" data-start=\"919\" data-end=\"943\"><strong>\ud83d\udce6 Pakkaus Sis\u00e4lt\u00e4\u00e4<\/strong><\/h2>\n<ul data-start=\"944\" data-end=\"986\">\n<li data-start=\"944\" data-end=\"986\">\n<p data-start=\"946\" data-end=\"986\">3, 6x s\u00e4ilytyskoria (teipill\u00e4).<\/p>\n<\/li>\n<\/ul>\n","protected":false},"excerpt":{"rendered":"<p>\ud83e\uddfa Lis\u00e4\u00e4 v\u00e4litt\u00f6m\u00e4sti ylim\u00e4\u00e4r\u00e4ist\u00e4 s\u00e4ilytystilaa \u2014 miss\u00e4 tahansa sit\u00e4 tarvitsetkin! T\u00e4m\u00e4 verkkokori on t\u00e4ydellinen sotkuinen s\u00e4ilytyskori autoosi, keitti\u00f6\u00f6n, kylpyhuoneeseen tai [&hellip;]<\/p>\n","protected":false},"featured_media":12562,"comment_status":"open","ping_status":"closed","template":"","meta":{"site-sidebar-layout":"default","site-content-layout":"","ast-site-content-layout":"default","site-content-style":"default","site-sidebar-style":"default","ast-global-header-display":"","ast-banner-title-visibility":"","ast-main-header-display":"","ast-hfb-above-header-display":"","ast-hfb-below-header-display":"","ast-hfb-mobile-header-display":"","site-post-title":"","ast-breadcrumbs-content":"","ast-featured-img":"","footer-sml-layout":"","theme-transparent-header-meta":"default","adv-header-id-meta":"","stick-header-meta":"","header-above-stick-meta":"","header-main-stick-meta":"","header-below-stick-meta":"","astra-migrate-meta-layouts":"set","ast-page-background-enabled":"default","ast-page-background-meta":{"desktop":{"background-color":"var(--ast-global-color-4)","background-image":"","background-repeat":"repeat","background-position":"center center","background-size":"auto","background-attachment":"scroll","background-type":"","background-media":"","overlay-type":"","overlay-color":"","overlay-opacity":"","overlay-gradient":""},"tablet":{"background-color":"","background-image":"","background-repeat":"repeat","background-position":"center center","background-size":"auto","background-attachment":"scroll","background-type":"","background-media":"","overlay-type":"","overlay-color":"","overlay-opacity":"","overlay-gradient":""},"mobile":{"background-color":"","background-image":"","background-repeat":"repeat","background-position":"center center","background-size":"auto","background-attachment":"scroll","background-type":"","background-media":"","overlay-type":"","overlay-color":"","overlay-opacity":"","overlay-gradient":""}},"ast-content-background-meta":{"desktop":{"background-color":"var(--ast-global-color-5)","background-image":"","background-repeat":"repeat","background-position":"center center","background-size":"auto","background-attachment":"scroll","background-type":"","background-media":"","overlay-type":"","overlay-color":"","overlay-opacity":"","overlay-gradient":""},"tablet":{"background-color":"var(--ast-global-color-5)","background-image":"","background-repeat":"repeat","background-position":"center center","background-size":"auto","background-attachment":"scroll","background-type":"","background-media":"","overlay-type":"","overlay-color":"","overlay-opacity":"","overlay-gradient":""},"mobile":{"background-color":"var(--ast-global-color-5)","background-image":"","background-repeat":"repeat","background-position":"center center","background-size":"auto","background-attachment":"scroll","background-type":"","background-media":"","overlay-type":"","overlay-color":"","overlay-opacity":"","overlay-gradient":""}}},"product_brand":[],"product_cat":[1001],"product_tag":[],"class_list":{"0":"post-12566","1":"product","2":"type-product","3":"status-publish","4":"has-post-thumbnail","6":"product_cat-household-goods","7":"pa_19312_9nk23fgh-3-kpl","8":"pa_19312_9nk23fgh-6-kpl","9":"desktop-align-left","10":"tablet-align-left","11":"mobile-align-left","13":"first","14":"instock","15":"shipping-taxable","16":"purchasable","17":"product-type-variable"},"_links":{"self":[{"href":"https:\/\/keluvo.com\/fi\/wp-json\/wp\/v2\/product\/12566","targetHints":{"allow":["GET"]}}],"collection":[{"href":"https:\/\/keluvo.com\/fi\/wp-json\/wp\/v2\/product"}],"about":[{"href":"https:\/\/keluvo.com\/fi\/wp-json\/wp\/v2\/types\/product"}],"replies":[{"embeddable":true,"href":"https:\/\/keluvo.com\/fi\/wp-json\/wp\/v2\/comments?post=12566"}],"wp:featuredmedia":[{"embeddable":true,"href":"https:\/\/keluvo.com\/fi\/wp-json\/wp\/v2\/media\/12562"}],"wp:attachment":[{"href":"https:\/\/keluvo.com\/fi\/wp-json\/wp\/v2\/media?parent=12566"}],"wp:term":[{"taxonomy":"product_brand","embeddable":true,"href":"https:\/\/keluvo.com\/fi\/wp-json\/wp\/v2\/product_brand?post=12566"},{"taxonomy":"product_cat","embeddable":true,"href":"https:\/\/keluvo.com\/fi\/wp-json\/wp\/v2\/product_cat?post=12566"},{"taxonomy":"product_tag","embeddable":true,"href":"https:\/\/keluvo.com\/fi\/wp-json\/wp\/v2\/product_tag?post=12566"}],"curies":[{"name":"wp","href":"https:\/\/api.w.org\/{rel}","templated":true}]}}