{"id":12148,"date":"2025-09-15T16:15:46","date_gmt":"2025-09-15T13:15:46","guid":{"rendered":"https:\/\/keluvo.com\/fi\/product\/seinakello\/"},"modified":"2025-12-15T18:11:44","modified_gmt":"2025-12-15T16:11:44","slug":"seinakello","status":"publish","type":"product","link":"https:\/\/keluvo.com\/fi\/product\/seinakello\/","title":{"rendered":"Sein\u00e4kello"},"content":{"rendered":"<p style=\"text-align: center\" data-start=\"149\" data-end=\"191\"><strong>Sein\u00e4kello, Joka Tekee Ajasta Hauskaa \ud83d\udd52\ud83d\ude04<\/strong><\/p>\n<p style=\"text-align: center\" data-start=\"193\" data-end=\"338\">Hymyile tilallesi joka kerta, kun katsot kelloa! T\u00e4m\u00e4 iloinen sein\u00e4kellomuotoilu ei ole pelkk\u00e4 kello &#8211; se on keskustelun her\u00e4tt\u00e4j\u00e4. Olipa kyseess\u00e4 sitten olohuone, toimisto tai makuuhuone, t\u00e4m\u00e4 kello tuo leikkis\u00e4n ja modernin kosketuksen. Kest\u00e4v\u00e4st\u00e4 muovista valmistettu ja yhdell\u00e4 AA-paristolla toimiva kello on kevyt ja hiljainen &#8211; ei \u00e4rsytt\u00e4vi\u00e4 tikitys\u00e4\u00e4ni\u00e4!<\/p>\n<p data-start=\"193\" data-end=\"338\"><img decoding=\"async\" class=\"size-full wp-image-33147 aligncenter\" src=\"https:\/\/keluvo.com\/template\/wp-content\/uploads\/sites\/5\/2025\/08\/160016a8accd1d5214b2817b7f3c1392_480x480.webp\" alt=\"\" \/><\/p>\n<h2 style=\"text-align: center\">T\u00e4rkeimm\u00e4t Edut \ud83c\udf1f<\/h2>\n<p data-start=\"582\" data-end=\"638\">\ud83d\udd7a Ainutlaatuinen ja huomiota her\u00e4tt\u00e4v\u00e4 muotoilu, joka her\u00e4tt\u00e4\u00e4 huomiota<\/p>\n<p data-start=\"641\" data-end=\"690\">\ud83e\udd2b T\u00e4ysin \u00e4\u00e4net\u00f6n toiminta-ei tikityst\u00e4 noise<\/p>\n<p data-start=\"693\" data-end=\"759\">\ud83d\udecb\ufe0f T\u00e4ydellinen mihin tahansa huoneeseen: makuuhuoneeseen, olohuoneeseen, toimistoon tai ty\u00f6huoneeseen<\/p>\n<p data-start=\"762\" data-end=\"811\">\ud83d\udcaa Valmistettu laadukkaasta, pitk\u00e4ik\u00e4isest\u00e4 muovista<\/p>\n<p data-start=\"814\" data-end=\"864\">\ud83e\uddf1 Helppo ripustaa ja sopii kaikenlaiseen sisustukseen<\/p>\n<p data-start=\"867\" data-end=\"932\">\ud83c\udf81 Loistava lahjaidea tupaantuliaisiin, syntym\u00e4p\u00e4iville tai ihan vain siksi, ett\u00e4!<\/p>\n<p data-start=\"867\" data-end=\"932\"><img decoding=\"async\" class=\"size-full wp-image-33146 aligncenter\" src=\"https:\/\/keluvo.com\/template\/wp-content\/uploads\/sites\/5\/2025\/08\/5_5be56562-577f-4cf9-b80a-544c756eb7aa_480x480.webp\" alt=\"\" \/><\/p>\n<h2 style=\"text-align: center\">K\u00e4ytt\u00f6ohjeet \ud83d\udd27<\/h2>\n<ol data-start=\"960\" data-end=\"1155\">\n<li data-start=\"960\" data-end=\"1028\">\n<p data-start=\"963\" data-end=\"1028\">Asenna yksi AA-paristo kellon takaosaan (ei sis\u00e4lly).<\/p>\n<\/li>\n<li data-start=\"1029\" data-end=\"1090\">\n<p data-start=\"1032\" data-end=\"1090\">Ripusta kello haluamallesi sein\u00e4lle koukun tai naulan avulla.<\/p>\n<\/li>\n<li data-start=\"1091\" data-end=\"1155\">\n<p data-start=\"1094\" data-end=\"1155\">Nauti uuden sein\u00e4kellosi hauskasta ja hiljaisesta vieh\u00e4tyksest\u00e4!<\/p>\n<\/li>\n<\/ol>\n<h2 style=\"text-align: center\" data-start=\"1162\" data-end=\"1183\">Tuotetiedot \ud83d\udccf<\/h2>\n<ul data-start=\"1185\" data-end=\"1336\">\n<li data-start=\"1185\" data-end=\"1219\">\n<p data-start=\"1187\" data-end=\"1219\">Materiaali: Laadukas muovi<\/p>\n<\/li>\n<li data-start=\"1220\" data-end=\"1259\">\n<p data-start=\"1222\" data-end=\"1259\">Virta: 1x AA-paristo (ei sis\u00e4lly)<\/p>\n<\/li>\n<li data-start=\"1260\" data-end=\"1296\">\n<p data-start=\"1262\" data-end=\"1296\">Saatavilla olevat v\u00e4rit: Musta tai Valkoinen<\/p>\n<\/li>\n<li data-start=\"1297\" data-end=\"1314\">\n<p data-start=\"1299\" data-end=\"1314\">Paino: 260 g<\/p>\n<\/li>\n<li data-start=\"1315\" data-end=\"1336\">\n<p data-start=\"1317\" data-end=\"1336\">Koot: 25 cm x 25 cm<\/p>\n<\/li>\n<\/ul>\n<h2 style=\"text-align: center\" data-start=\"1343\" data-end=\"1365\">Pakkaus Sis\u00e4lt\u00e4\u00e4 \ud83d\udce6<\/h2>\n<ul data-start=\"1367\" data-end=\"1421\">\n<li data-start=\"1367\" data-end=\"1421\">\n<p data-start=\"1369\" data-end=\"1421\">1x sein\u00e4kello.<\/p>\n<\/li>\n<\/ul>\n","protected":false},"excerpt":{"rendered":"<p>Sein\u00e4kello, Joka Tekee Ajasta Hauskaa \ud83d\udd52\ud83d\ude04 Hymyile tilallesi joka kerta, kun katsot kelloa! T\u00e4m\u00e4 iloinen sein\u00e4kellomuotoilu ei ole pelkk\u00e4 kello [&hellip;]<\/p>\n","protected":false},"featured_media":12144,"comment_status":"open","ping_status":"closed","template":"","meta":{"site-sidebar-layout":"default","site-content-layout":"","ast-site-content-layout":"default","site-content-style":"default","site-sidebar-style":"default","ast-global-header-display":"","ast-banner-title-visibility":"","ast-main-header-display":"","ast-hfb-above-header-display":"","ast-hfb-below-header-display":"","ast-hfb-mobile-header-display":"","site-post-title":"","ast-breadcrumbs-content":"","ast-featured-img":"","footer-sml-layout":"","theme-transparent-header-meta":"default","adv-header-id-meta":"","stick-header-meta":"","header-above-stick-meta":"","header-main-stick-meta":"","header-below-stick-meta":"","astra-migrate-meta-layouts":"set","ast-page-background-enabled":"default","ast-page-background-meta":{"desktop":{"background-color":"var(--ast-global-color-4)","background-image":"","background-repeat":"repeat","background-position":"center center","background-size":"auto","background-attachment":"scroll","background-type":"","background-media":"","overlay-type":"","overlay-color":"","overlay-opacity":"","overlay-gradient":""},"tablet":{"background-color":"","background-image":"","background-repeat":"repeat","background-position":"center center","background-size":"auto","background-attachment":"scroll","background-type":"","background-media":"","overlay-type":"","overlay-color":"","overlay-opacity":"","overlay-gradient":""},"mobile":{"background-color":"","background-image":"","background-repeat":"repeat","background-position":"center center","background-size":"auto","background-attachment":"scroll","background-type":"","background-media":"","overlay-type":"","overlay-color":"","overlay-opacity":"","overlay-gradient":""}},"ast-content-background-meta":{"desktop":{"background-color":"var(--ast-global-color-5)","background-image":"","background-repeat":"repeat","background-position":"center center","background-size":"auto","background-attachment":"scroll","background-type":"","background-media":"","overlay-type":"","overlay-color":"","overlay-opacity":"","overlay-gradient":""},"tablet":{"background-color":"var(--ast-global-color-5)","background-image":"","background-repeat":"repeat","background-position":"center center","background-size":"auto","background-attachment":"scroll","background-type":"","background-media":"","overlay-type":"","overlay-color":"","overlay-opacity":"","overlay-gradient":""},"mobile":{"background-color":"var(--ast-global-color-5)","background-image":"","background-repeat":"repeat","background-position":"center center","background-size":"auto","background-attachment":"scroll","background-type":"","background-media":"","overlay-type":"","overlay-color":"","overlay-opacity":"","overlay-gradient":""}}},"product_brand":[],"product_cat":[1001],"product_tag":[],"class_list":{"0":"post-12148","1":"product","2":"type-product","3":"status-publish","4":"has-post-thumbnail","6":"product_cat-household-goods","7":"pa_21899_3oynwd3a-musta","8":"pa_21899_3oynwd3a-valkoinen","9":"desktop-align-left","10":"tablet-align-left","11":"mobile-align-left","13":"first","14":"instock","15":"shipping-taxable","16":"purchasable","17":"product-type-variable"},"_links":{"self":[{"href":"https:\/\/keluvo.com\/fi\/wp-json\/wp\/v2\/product\/12148","targetHints":{"allow":["GET"]}}],"collection":[{"href":"https:\/\/keluvo.com\/fi\/wp-json\/wp\/v2\/product"}],"about":[{"href":"https:\/\/keluvo.com\/fi\/wp-json\/wp\/v2\/types\/product"}],"replies":[{"embeddable":true,"href":"https:\/\/keluvo.com\/fi\/wp-json\/wp\/v2\/comments?post=12148"}],"wp:featuredmedia":[{"embeddable":true,"href":"https:\/\/keluvo.com\/fi\/wp-json\/wp\/v2\/media\/12144"}],"wp:attachment":[{"href":"https:\/\/keluvo.com\/fi\/wp-json\/wp\/v2\/media?parent=12148"}],"wp:term":[{"taxonomy":"product_brand","embeddable":true,"href":"https:\/\/keluvo.com\/fi\/wp-json\/wp\/v2\/product_brand?post=12148"},{"taxonomy":"product_cat","embeddable":true,"href":"https:\/\/keluvo.com\/fi\/wp-json\/wp\/v2\/product_cat?post=12148"},{"taxonomy":"product_tag","embeddable":true,"href":"https:\/\/keluvo.com\/fi\/wp-json\/wp\/v2\/product_tag?post=12148"}],"curies":[{"name":"wp","href":"https:\/\/api.w.org\/{rel}","templated":true}]}}