{"id":12117,"date":"2025-09-15T16:12:37","date_gmt":"2025-09-15T13:12:37","guid":{"rendered":"https:\/\/keluvo.com\/fi\/product\/viemarin-puhdistussarja\/"},"modified":"2025-09-22T18:55:47","modified_gmt":"2025-09-22T15:55:47","slug":"viemarin-puhdistussarja","status":"publish","type":"product","link":"https:\/\/keluvo.com\/fi\/product\/viemarin-puhdistussarja\/","title":{"rendered":"Viem\u00e4rin puhdistussarja"},"content":{"rendered":"<p style=\"text-align: center\" data-start=\"136\" data-end=\"192\"><strong data-start=\"136\" data-end=\"192\">Poista J\u00e4\u00e4kaapin Tukkeutuminen Nopeasti \u2014 Ei En\u00e4\u00e4 Vuotoja Tai Hajuja \ud83e\uddca<\/strong><\/p>\n<p style=\"text-align: center\" data-start=\"194\" data-end=\"419\">T\u00e4m\u00e4n j\u00e4\u00e4kaapin tyhjennys- ja puhdistussarjan avulla voit tyhjent\u00e4\u00e4 tukkeutuneet tyhjennysaukot ja poistaa kertym\u00e4t sekunneissa. Est\u00e4 vuodot, hajut ja homeen muodostuminen j\u00e4\u00e4kaapin tai pakastimen sis\u00e4lle t\u00e4m\u00e4n yksinkertaisen ja uudelleenk\u00e4ytett\u00e4v\u00e4n ty\u00f6kalun avulla.<\/p>\n<p data-start=\"194\" data-end=\"419\"><img decoding=\"async\" class=\"size-full wp-image-30361 aligncenter\" src=\"https:\/\/keluvo.com\/template\/wp-content\/uploads\/sites\/5\/2025\/08\/23e2ccf8c08a812525af243c34ec3551.webp\" alt=\"\" \/><\/p>\n<h2 style=\"text-align: center\" data-start=\"421\" data-end=\"440\">T\u00e4rkeimm\u00e4t Edut \ud83e\uddfc<\/h2>\n<p data-start=\"443\" data-end=\"495\">\ud83d\udca6 Puhdistaa nopeasti tukkeutuneet j\u00e4\u00e4kaapin tyhjennysputket<\/p>\n<p data-start=\"498\" data-end=\"554\">\ud83e\uddfc Ehk\u00e4isee veden kertymist\u00e4, hometta ja ep\u00e4miellytt\u00e4vi\u00e4 hajuja<\/p>\n<p data-start=\"557\" data-end=\"611\">\ud83c\udf00 Joustava ja tarpeeksi pitk\u00e4 ulottumaan syv\u00e4lle putkiin<\/p>\n<p data-start=\"614\" data-end=\"660\">\ud83d\udd01 Uudelleenk\u00e4ytett\u00e4v\u00e4 ja helppo puhdistaa jokaisen k\u00e4ytt\u00f6kerran j\u00e4lkeen<\/p>\n<p data-start=\"663\" data-end=\"730\">\ud83d\udee0\ufe0f K\u00e4ytt\u00f6kelpoinen my\u00f6s akvaarioletkujen, lavuaariputkien ja muiden putkien puhdistamiseen<\/p>\n<p data-start=\"663\" data-end=\"730\"><img decoding=\"async\" class=\"size-full wp-image-30362 aligncenter\" src=\"https:\/\/keluvo.com\/template\/wp-content\/uploads\/sites\/5\/2025\/08\/818c50def539e4d88eedd78c3b31efff_a08bd075-c8d8-475f-8269-a01b3b97455a.webp\" alt=\"\" \/><\/p>\n<h2 style=\"text-align: center\" data-start=\"732\" data-end=\"750\">K\u00e4ytt\u00f6kohteet \u2728<\/h2>\n<ol data-start=\"751\" data-end=\"909\">\n<li data-start=\"751\" data-end=\"808\">\n<p data-start=\"754\" data-end=\"808\">Sy\u00f6tt\u00e4k\u00e4\u00e4 harja tai letku tukkeutuneeseen tyhjennysaukkoon.<\/p>\n<\/li>\n<li data-start=\"809\" data-end=\"859\">\n<p data-start=\"812\" data-end=\"859\">Py\u00f6rit\u00e4 tai huuhtele varovasti ruiskuty\u00f6kalun avulla.<\/p>\n<\/li>\n<li data-start=\"860\" data-end=\"909\">\n<p data-start=\"863\" data-end=\"909\">Poista ja huuhtele k\u00e4yt\u00f6n j\u00e4lkeen &#8211; valmis sekunneissa.<\/p>\n<\/li>\n<\/ol>\n<h2 style=\"text-align: center\" data-start=\"911\" data-end=\"935\">Tuotetiedot \ud83d\udccb<\/h2>\n<ul data-start=\"936\" data-end=\"1158\">\n<li data-start=\"936\" data-end=\"989\">\n<p data-start=\"938\" data-end=\"989\">Materiaalit: Joustava ter\u00e4slanka + muovi + kumi<\/p>\n<\/li>\n<li data-start=\"990\" data-end=\"1039\">\n<p data-start=\"992\" data-end=\"1039\">Pituus: Noin 1,5 m taipuisa puhdistusharja<\/p>\n<\/li>\n<li data-start=\"1040\" data-end=\"1086\">\n<p data-start=\"1042\" data-end=\"1086\">Lis\u00e4varusteet: Sis\u00e4lt\u00e4\u00e4 ruiskuty\u00f6kalun huuhtelua varten<\/p>\n<\/li>\n<li data-start=\"1087\" data-end=\"1158\">\n<p data-start=\"1089\" data-end=\"1158\">Monik\u00e4ytt\u00f6inen: Toimii j\u00e4\u00e4kaappeihin, ilmastointilaitteisiin, akvaarioihin ja muuhun<\/p>\n<\/li>\n<\/ul>\n<h2 style=\"text-align: center\" data-start=\"1160\" data-end=\"1185\">Pakkaus Sis\u00e4lt\u00e4\u00e4 \ud83d\udce6<\/h2>\n<ul data-start=\"1186\" data-end=\"1268\">\n<li data-start=\"1186\" data-end=\"1213\">1x viem\u00e4rin puhdistussarja.<\/li>\n<\/ul>\n","protected":false},"excerpt":{"rendered":"<p>Poista J\u00e4\u00e4kaapin Tukkeutuminen Nopeasti \u2014 Ei En\u00e4\u00e4 Vuotoja Tai Hajuja \ud83e\uddca T\u00e4m\u00e4n j\u00e4\u00e4kaapin tyhjennys- ja puhdistussarjan avulla voit tyhjent\u00e4\u00e4 tukkeutuneet [&hellip;]<\/p>\n","protected":false},"featured_media":12113,"comment_status":"open","ping_status":"closed","template":"","meta":{"site-sidebar-layout":"default","site-content-layout":"","ast-site-content-layout":"default","site-content-style":"default","site-sidebar-style":"default","ast-global-header-display":"","ast-banner-title-visibility":"","ast-main-header-display":"","ast-hfb-above-header-display":"","ast-hfb-below-header-display":"","ast-hfb-mobile-header-display":"","site-post-title":"","ast-breadcrumbs-content":"","ast-featured-img":"","footer-sml-layout":"","theme-transparent-header-meta":"default","adv-header-id-meta":"","stick-header-meta":"","header-above-stick-meta":"","header-main-stick-meta":"","header-below-stick-meta":"","astra-migrate-meta-layouts":"set","ast-page-background-enabled":"default","ast-page-background-meta":{"desktop":{"background-color":"var(--ast-global-color-4)","background-image":"","background-repeat":"repeat","background-position":"center center","background-size":"auto","background-attachment":"scroll","background-type":"","background-media":"","overlay-type":"","overlay-color":"","overlay-opacity":"","overlay-gradient":""},"tablet":{"background-color":"","background-image":"","background-repeat":"repeat","background-position":"center center","background-size":"auto","background-attachment":"scroll","background-type":"","background-media":"","overlay-type":"","overlay-color":"","overlay-opacity":"","overlay-gradient":""},"mobile":{"background-color":"","background-image":"","background-repeat":"repeat","background-position":"center center","background-size":"auto","background-attachment":"scroll","background-type":"","background-media":"","overlay-type":"","overlay-color":"","overlay-opacity":"","overlay-gradient":""}},"ast-content-background-meta":{"desktop":{"background-color":"var(--ast-global-color-5)","background-image":"","background-repeat":"repeat","background-position":"center center","background-size":"auto","background-attachment":"scroll","background-type":"","background-media":"","overlay-type":"","overlay-color":"","overlay-opacity":"","overlay-gradient":""},"tablet":{"background-color":"var(--ast-global-color-5)","background-image":"","background-repeat":"repeat","background-position":"center center","background-size":"auto","background-attachment":"scroll","background-type":"","background-media":"","overlay-type":"","overlay-color":"","overlay-opacity":"","overlay-gradient":""},"mobile":{"background-color":"var(--ast-global-color-5)","background-image":"","background-repeat":"repeat","background-position":"center center","background-size":"auto","background-attachment":"scroll","background-type":"","background-media":"","overlay-type":"","overlay-color":"","overlay-opacity":"","overlay-gradient":""}}},"product_brand":[],"product_cat":[1001],"product_tag":[],"class_list":{"0":"post-12117","1":"product","2":"type-product","3":"status-publish","4":"has-post-thumbnail","6":"product_cat-household-goods","7":"desktop-align-left","8":"tablet-align-left","9":"mobile-align-left","11":"first","12":"instock","13":"shipping-taxable","14":"purchasable","15":"product-type-simple"},"_links":{"self":[{"href":"https:\/\/keluvo.com\/fi\/wp-json\/wp\/v2\/product\/12117","targetHints":{"allow":["GET"]}}],"collection":[{"href":"https:\/\/keluvo.com\/fi\/wp-json\/wp\/v2\/product"}],"about":[{"href":"https:\/\/keluvo.com\/fi\/wp-json\/wp\/v2\/types\/product"}],"replies":[{"embeddable":true,"href":"https:\/\/keluvo.com\/fi\/wp-json\/wp\/v2\/comments?post=12117"}],"wp:featuredmedia":[{"embeddable":true,"href":"https:\/\/keluvo.com\/fi\/wp-json\/wp\/v2\/media\/12113"}],"wp:attachment":[{"href":"https:\/\/keluvo.com\/fi\/wp-json\/wp\/v2\/media?parent=12117"}],"wp:term":[{"taxonomy":"product_brand","embeddable":true,"href":"https:\/\/keluvo.com\/fi\/wp-json\/wp\/v2\/product_brand?post=12117"},{"taxonomy":"product_cat","embeddable":true,"href":"https:\/\/keluvo.com\/fi\/wp-json\/wp\/v2\/product_cat?post=12117"},{"taxonomy":"product_tag","embeddable":true,"href":"https:\/\/keluvo.com\/fi\/wp-json\/wp\/v2\/product_tag?post=12117"}],"curies":[{"name":"wp","href":"https:\/\/api.w.org\/{rel}","templated":true}]}}