{"id":12103,"date":"2025-09-15T16:11:38","date_gmt":"2025-09-15T13:11:38","guid":{"rendered":"https:\/\/keluvo.com\/fi\/product\/lukitus\/"},"modified":"2025-09-22T18:55:32","modified_gmt":"2025-09-22T15:55:32","slug":"lukitus","status":"publish","type":"product","link":"https:\/\/keluvo.com\/fi\/product\/lukitus\/","title":{"rendered":"Lukitus"},"content":{"rendered":"<p style=\"text-align: center\" data-start=\"0\" data-end=\"79\"><strong data-start=\"0\" data-end=\"79\">Varmista Varusteesi Miss\u00e4 Tahansa T\u00e4ll\u00e4 Kest\u00e4v\u00e4ll\u00e4, S\u00e4\u00e4nkest\u00e4v\u00e4ll\u00e4 Yhdistelm\u00e4lukolla! \ud83d\udd10<\/strong><\/p>\n<p style=\"text-align: center\" data-start=\"81\" data-end=\"365\">Lukko on valmistettu lujasta ter\u00e4ksest\u00e4 ja 70 cm:n sis\u00e4\u00e4nvedett\u00e4v\u00e4st\u00e4 kaapelista, ja se tarjoaa tehokkaan suojan polkupy\u00f6rille, matkatavaroille tai matkavarusteille. S\u00e4\u00e4nkest\u00e4v\u00e4 rakenne, yksinkertainen yhdistelm\u00e4mekanismi ja kompakti muoto tekev\u00e4t siit\u00e4 t\u00e4ydellisen ulkok\u00e4ytt\u00f6\u00f6n, matkoille ja jokap\u00e4iv\u00e4iseen turvallisuuteen &#8211; avaimia ei tarvita!<\/p>\n<p data-start=\"81\" data-end=\"365\"><img decoding=\"async\" class=\"size-full wp-image-30222 aligncenter\" src=\"https:\/\/keluvo.com\/template\/wp-content\/uploads\/sites\/5\/2025\/08\/2a1bbf5f-efa1-4635-847d-90cc7b94cd8b.gif\" alt=\"\" \/><\/p>\n<h2 style=\"text-align: center\" data-start=\"372\" data-end=\"394\">\ud83c\udf1f T\u00e4rkeimm\u00e4t Edut<\/h2>\n<p data-start=\"397\" data-end=\"473\">\ud83d\udd10 Vahva turvallisuus &#8211; luja ter\u00e4svaijeri kest\u00e4\u00e4 viiltoja ja damage<\/p>\n<p data-start=\"476\" data-end=\"546\">\ud83c\udf26\ufe0f S\u00e4\u00e4nkest\u00e4v\u00e4 muotoilu &#8211; rakennettu kest\u00e4m\u00e4\u00e4n sadetta, kuumuutta tai lunta<\/p>\n<p data-start=\"549\" data-end=\"615\">\ud83d\udd22 Helppo yhdistelm\u00e4lukko &#8211; avaimia ei tarvita; nollattavissa oleva koodi<\/p>\n<p data-start=\"618\" data-end=\"688\">\ud83d\udeb4 Monipuolinen k\u00e4ytt\u00f6 &#8211; sopii erinomaisesti polkupy\u00f6riin, matkatavaroihin, lokeroihin ja more<\/p>\n<p data-start=\"691\" data-end=\"763\">\u2708\ufe0f Loistava matkalle &#8211; kevyt ja kompakti matkanvarrella olevaan turvallisuuteen<\/p>\n<p data-start=\"766\" data-end=\"826\">\ud83e\uddf0 Mutkaton &amp; sis\u00e4\u00e4nvedett\u00e4v\u00e4 &#8211; helppo s\u00e4ilytt\u00e4\u00e4 k\u00e4yt\u00f6n j\u00e4lkeen<\/p>\n<p data-start=\"766\" data-end=\"826\"><img decoding=\"async\" class=\"size-full wp-image-30223 aligncenter\" src=\"https:\/\/keluvo.com\/template\/wp-content\/uploads\/sites\/5\/2025\/08\/e40854e3-e53c-44c7-b336-dce40ef6e40f.gif\" alt=\"\" \/><\/p>\n<h2 style=\"text-align: center\" data-start=\"833\" data-end=\"852\">\ud83e\udded K\u00e4ytt\u00f6ohjeet<\/h2>\n<ol data-start=\"853\" data-end=\"1151\">\n<li data-start=\"853\" data-end=\"886\">\n<p data-start=\"856\" data-end=\"886\">Vakiokoodi on <strong data-start=\"876\" data-end=\"883\">000<\/strong>.<\/p>\n<\/li>\n<li data-start=\"887\" data-end=\"1020\">\n<p data-start=\"890\" data-end=\"910\">Uuden koodin asettaminen:<\/p>\n<ul data-start=\"914\" data-end=\"1020\">\n<li data-start=\"914\" data-end=\"942\">\n<p data-start=\"916\" data-end=\"942\">Paina lukituksen avauspainiketta.<\/p>\n<\/li>\n<li data-start=\"946\" data-end=\"982\">\n<p data-start=\"948\" data-end=\"982\">K\u00e4\u00e4nn\u00e4 s\u00e4\u00e4t\u00f6py\u00f6r\u00e4t uudelle koodillesi.<\/p>\n<\/li>\n<li data-start=\"986\" data-end=\"1020\">\n<p data-start=\"988\" data-end=\"1020\">Ved\u00e4 kaapeli ulos vahvistaaksesi.<\/p>\n<\/li>\n<\/ul>\n<\/li>\n<li data-start=\"1021\" data-end=\"1080\">\n<p data-start=\"1024\" data-end=\"1080\">Silmukoi ter\u00e4skaapeli sen esineen ymp\u00e4rille, jonka haluat lukita.<\/p>\n<\/li>\n<li data-start=\"1081\" data-end=\"1151\">\n<p data-start=\"1084\" data-end=\"1151\">Ty\u00f6nn\u00e4 kaapelin p\u00e4\u00e4 lukkorunkoon ja k\u00e4\u00e4nn\u00e4 s\u00e4\u00e4t\u00f6py\u00f6r\u00e4t lukitaksesi.<\/p>\n<\/li>\n<\/ol>\n<h2 style=\"text-align: center\" data-start=\"1158\" data-end=\"1182\">\ud83d\udccf Tuotetiedot<\/h2>\n<ul data-start=\"1183\" data-end=\"1442\">\n<li data-start=\"1183\" data-end=\"1216\">\n<p data-start=\"1185\" data-end=\"1216\">Materiaali: Lujitettu ter\u00e4s<\/p>\n<\/li>\n<li data-start=\"1217\" data-end=\"1240\">\n<p data-start=\"1219\" data-end=\"1240\">Vaijerin pituus: 70 cm<\/p>\n<\/li>\n<li data-start=\"1241\" data-end=\"1291\">\n<p data-start=\"1243\" data-end=\"1291\">Lukitustyyppi: Yhdistelm\u00e4lukko (ei tarvita avainta)<\/p>\n<\/li>\n<li data-start=\"1292\" data-end=\"1337\">\n<p data-start=\"1294\" data-end=\"1337\">Muotoilu: Sis\u00e4\u00e4nvedett\u00e4v\u00e4 ja s\u00e4\u00e4nkest\u00e4v\u00e4<\/p>\n<\/li>\n<li data-start=\"1338\" data-end=\"1374\">\n<p data-start=\"1340\" data-end=\"1374\">Keskim\u00e4\u00e4r\u00e4inen lukituksen avausaika: ~10 sekuntia<\/p>\n<\/li>\n<li data-start=\"1375\" data-end=\"1442\">\n<p data-start=\"1377\" data-end=\"1442\">Yhteensopivuus: Sopii useimpiin polkupy\u00f6riin, laukkuihin, matkatavaroihin ja ulkoiluvarusteisiin<\/p>\n<\/li>\n<\/ul>\n<h2 style=\"text-align: center\" data-start=\"1449\" data-end=\"1474\">\ud83d\udce6 Pakkaus Sis\u00e4lt\u00e4\u00e4<\/h2>\n<ul data-start=\"1475\" data-end=\"1527\">\n<li data-start=\"1475\" data-end=\"1527\">\n<p data-start=\"1477\" data-end=\"1527\">1x lukko.<\/p>\n<\/li>\n<\/ul>\n","protected":false},"excerpt":{"rendered":"<p>Varmista Varusteesi Miss\u00e4 Tahansa T\u00e4ll\u00e4 Kest\u00e4v\u00e4ll\u00e4, S\u00e4\u00e4nkest\u00e4v\u00e4ll\u00e4 Yhdistelm\u00e4lukolla! \ud83d\udd10 Lukko on valmistettu lujasta ter\u00e4ksest\u00e4 ja 70 cm:n sis\u00e4\u00e4nvedett\u00e4v\u00e4st\u00e4 kaapelista, ja [&hellip;]<\/p>\n","protected":false},"featured_media":12099,"comment_status":"open","ping_status":"closed","template":"","meta":{"site-sidebar-layout":"default","site-content-layout":"","ast-site-content-layout":"default","site-content-style":"default","site-sidebar-style":"default","ast-global-header-display":"","ast-banner-title-visibility":"","ast-main-header-display":"","ast-hfb-above-header-display":"","ast-hfb-below-header-display":"","ast-hfb-mobile-header-display":"","site-post-title":"","ast-breadcrumbs-content":"","ast-featured-img":"","footer-sml-layout":"","theme-transparent-header-meta":"default","adv-header-id-meta":"","stick-header-meta":"","header-above-stick-meta":"","header-main-stick-meta":"","header-below-stick-meta":"","astra-migrate-meta-layouts":"set","ast-page-background-enabled":"default","ast-page-background-meta":{"desktop":{"background-color":"var(--ast-global-color-4)","background-image":"","background-repeat":"repeat","background-position":"center center","background-size":"auto","background-attachment":"scroll","background-type":"","background-media":"","overlay-type":"","overlay-color":"","overlay-opacity":"","overlay-gradient":""},"tablet":{"background-color":"","background-image":"","background-repeat":"repeat","background-position":"center center","background-size":"auto","background-attachment":"scroll","background-type":"","background-media":"","overlay-type":"","overlay-color":"","overlay-opacity":"","overlay-gradient":""},"mobile":{"background-color":"","background-image":"","background-repeat":"repeat","background-position":"center center","background-size":"auto","background-attachment":"scroll","background-type":"","background-media":"","overlay-type":"","overlay-color":"","overlay-opacity":"","overlay-gradient":""}},"ast-content-background-meta":{"desktop":{"background-color":"var(--ast-global-color-5)","background-image":"","background-repeat":"repeat","background-position":"center center","background-size":"auto","background-attachment":"scroll","background-type":"","background-media":"","overlay-type":"","overlay-color":"","overlay-opacity":"","overlay-gradient":""},"tablet":{"background-color":"var(--ast-global-color-5)","background-image":"","background-repeat":"repeat","background-position":"center center","background-size":"auto","background-attachment":"scroll","background-type":"","background-media":"","overlay-type":"","overlay-color":"","overlay-opacity":"","overlay-gradient":""},"mobile":{"background-color":"var(--ast-global-color-5)","background-image":"","background-repeat":"repeat","background-position":"center center","background-size":"auto","background-attachment":"scroll","background-type":"","background-media":"","overlay-type":"","overlay-color":"","overlay-opacity":"","overlay-gradient":""}}},"product_brand":[],"product_cat":[1001,1000],"product_tag":[],"class_list":{"0":"post-12103","1":"product","2":"type-product","3":"status-publish","4":"has-post-thumbnail","6":"product_cat-household-goods","7":"product_cat-hiking-camping-and-leisure-goods","8":"pa_29664_7yckrbul-hopea","9":"pa_29664_7yckrbul-musta","10":"desktop-align-left","11":"tablet-align-left","12":"mobile-align-left","14":"first","15":"instock","16":"shipping-taxable","17":"purchasable","18":"product-type-variable"},"_links":{"self":[{"href":"https:\/\/keluvo.com\/fi\/wp-json\/wp\/v2\/product\/12103","targetHints":{"allow":["GET"]}}],"collection":[{"href":"https:\/\/keluvo.com\/fi\/wp-json\/wp\/v2\/product"}],"about":[{"href":"https:\/\/keluvo.com\/fi\/wp-json\/wp\/v2\/types\/product"}],"replies":[{"embeddable":true,"href":"https:\/\/keluvo.com\/fi\/wp-json\/wp\/v2\/comments?post=12103"}],"wp:featuredmedia":[{"embeddable":true,"href":"https:\/\/keluvo.com\/fi\/wp-json\/wp\/v2\/media\/12099"}],"wp:attachment":[{"href":"https:\/\/keluvo.com\/fi\/wp-json\/wp\/v2\/media?parent=12103"}],"wp:term":[{"taxonomy":"product_brand","embeddable":true,"href":"https:\/\/keluvo.com\/fi\/wp-json\/wp\/v2\/product_brand?post=12103"},{"taxonomy":"product_cat","embeddable":true,"href":"https:\/\/keluvo.com\/fi\/wp-json\/wp\/v2\/product_cat?post=12103"},{"taxonomy":"product_tag","embeddable":true,"href":"https:\/\/keluvo.com\/fi\/wp-json\/wp\/v2\/product_tag?post=12103"}],"curies":[{"name":"wp","href":"https:\/\/api.w.org\/{rel}","templated":true}]}}