{"id":12059,"date":"2025-09-15T16:09:05","date_gmt":"2025-09-15T13:09:05","guid":{"rendered":"https:\/\/keluvo.com\/fi\/product\/kulmakarvojen-leimasinsarja\/"},"modified":"2025-09-22T18:55:29","modified_gmt":"2025-09-22T15:55:29","slug":"kulmakarvojen-leimasinsarja","status":"publish","type":"product","link":"https:\/\/keluvo.com\/fi\/product\/kulmakarvojen-leimasinsarja\/","title":{"rendered":"Kulmakarvojen leimasinsarja"},"content":{"rendered":"<p style=\"text-align: center\" data-start=\"161\" data-end=\"404\"><strong data-start=\"161\" data-end=\"222\">Saat T\u00e4ydelliset Kulmakarvat Yhdess\u00e4 Sekunnissa &#8211; Ei Tarvita Meikkaustaitoja! \ud83e\ude84<\/strong><\/p>\n<p style=\"text-align: center\" data-start=\"161\" data-end=\"404\">V\u00e4synyt ep\u00e4tasaisiin kulmakarvoihin tai k\u00e4ytt\u00e4nyt liikaa aikaa niiden korjaamiseen? T\u00e4m\u00e4n sabluunan ja leimasimen avulla saat salonkikelpoiset kulmakarvat hetkess\u00e4, vaikka olisit t\u00e4ysin aloittelija. Vedenkest\u00e4v\u00e4, tahraton ja eritt\u00e4in helppok\u00e4ytt\u00f6inen &#8211; se on nopein tapa kehyst\u00e4\u00e4 kasvosi ja lis\u00e4t\u00e4 itseluottamustasi.<\/p>\n<p data-start=\"161\" data-end=\"404\"><img decoding=\"async\" class=\"size-full wp-image-29509 aligncenter\" src=\"https:\/\/keluvo.com\/template\/wp-content\/uploads\/sites\/5\/2025\/07\/458e93d62ce56bdd38e74fd4b1ba77f3.webp\" alt=\"\" \/><\/p>\n<h2 style=\"text-align: center\" data-section-id=\"1yxd79z\" data-start=\"527\" data-end=\"550\">T\u00e4rkeimm\u00e4t Edut \ud83d\udc81\u200d\u2640\ufe0f<\/h2>\n<p data-start=\"552\" data-end=\"998\">\ud83d\udd52 Kulmakarvat sekunneissa &#8211; Leimaa ja anna menn\u00e4! Saat t\u00e4ydellisen muodon joka kerta.<\/p>\n<p data-start=\"552\" data-end=\"998\">\ud83d\udca7 Vedenkest\u00e4v\u00e4 &amp; hikoilunkest\u00e4v\u00e4 &#8211; Pysyy paikallaan koko p\u00e4iv\u00e4n, oli mik\u00e4 oli.<\/p>\n<p data-start=\"552\" data-end=\"998\">\ud83d\udd04 Uudelleenk\u00e4ytett\u00e4v\u00e4t sabluunat &#8211; Mukana useita muotoja jokaiseen kasvotyyppiin.<\/p>\n<p data-start=\"552\" data-end=\"998\">\ud83c\udfaf Narrinkest\u00e4v\u00e4 muotoilu &#8211; Sopii erinomaisesti aloittelijoille, ammattilaisille tai nopeisiin korjauksiin.<\/p>\n<p data-start=\"552\" data-end=\"998\">\ud83c\udfa8 Luonnollinen lopputulos &#8211; Sekoitettavissa oleva pigmentti pehmeisiin, realistisiin kulmakarvoihin.<\/p>\n<p data-start=\"552\" data-end=\"998\">\ud83d\udcbc Kompakti &amp; matkustusyst\u00e4v\u00e4llinen &#8211; Uusi suosikki kauneusty\u00f6kalusi liikkeell\u00e4.<\/p>\n<p data-start=\"552\" data-end=\"998\"><img decoding=\"async\" class=\"size-full wp-image-29508 aligncenter\" src=\"https:\/\/keluvo.com\/template\/wp-content\/uploads\/sites\/5\/2025\/07\/96416e2408399c9b1c5083784f292eb4.jpeg\" alt=\"\" \/><\/p>\n<h2 style=\"text-align: center\" data-section-id=\"6p6jxq\" data-start=\"1005\" data-end=\"1022\">N\u00e4in K\u00e4yt\u00e4t \ud83e\ude9e<\/h2>\n<ol data-start=\"1024\" data-end=\"1284\">\n<li data-start=\"1024\" data-end=\"1063\">\n<p data-start=\"1027\" data-end=\"1063\">Valitse haluamasi muotoinen leima.<\/p>\n<\/li>\n<li data-start=\"1064\" data-end=\"1113\">\n<p data-start=\"1067\" data-end=\"1113\">Pid\u00e4 leima tukevasti kulmakarvojen alueella.<\/p>\n<\/li>\n<li data-start=\"1114\" data-end=\"1174\">\n<p data-start=\"1117\" data-end=\"1174\">Levit\u00e4 leimalla v\u00e4ri tasaisesti koko leiman alueelle.<\/p>\n<\/li>\n<li data-start=\"1175\" data-end=\"1235\">\n<p data-start=\"1178\" data-end=\"1235\">Poista leima ja harjaa l\u00e4pi mukana tulevalla spooliella.<\/p>\n<\/li>\n<li data-start=\"1236\" data-end=\"1284\">\n<p data-start=\"1239\" data-end=\"1284\">Nauti virheett\u00f6mist\u00e4, t\u00e4ytel\u00e4isist\u00e4 kulmakarvoista, jotka kest\u00e4v\u00e4t koko p\u00e4iv\u00e4n!<\/p>\n<\/li>\n<\/ol>\n<h2 style=\"text-align: center\" data-section-id=\"1uoa4jh\" data-start=\"1291\" data-end=\"1313\">Tuotetiedot \ud83d\udccf<\/h2>\n<ul data-start=\"1315\" data-end=\"1502\">\n<li data-start=\"1315\" data-end=\"1350\">\n<p data-start=\"1317\" data-end=\"1350\">Leiman koko: n. 8,5cm x 3cm<\/p>\n<\/li>\n<li data-start=\"1351\" data-end=\"1398\">\n<p data-start=\"1353\" data-end=\"1398\">Formula: Pitk\u00e4kestoinen, tahraton pigmentti<\/p>\n<\/li>\n<li data-start=\"1399\" data-end=\"1459\">\n<p data-start=\"1401\" data-end=\"1459\">Saatavilla olevat s\u00e4vyt: Toimii kaikille kulmatyypeille ja ihons\u00e4vyille<\/p>\n<\/li>\n<li data-start=\"1460\" data-end=\"1502\">\n<p data-start=\"1462\" data-end=\"1502\">Toimii kaikille otsatyypeille ja ihons\u00e4vyille<\/p>\n<\/li>\n<\/ul>\n<h2 style=\"text-align: center\" data-section-id=\"168ap4\" data-start=\"1509\" data-end=\"1532\">Pakkaus Sis\u00e4lt\u00e4\u00e4 \ud83d\udce6<\/h2>\n<ul data-start=\"1534\" data-end=\"1669\">\n<li data-start=\"1534\" data-end=\"1572\">1x kulmakarvapuuteri<\/li>\n<li data-start=\"1534\" data-end=\"1572\">2x spiraalimaiset kulmaharjat<\/li>\n<li data-start=\"1534\" data-end=\"1572\">10x kulmakarvakyn\u00e4t.<\/li>\n<\/ul>\n","protected":false},"excerpt":{"rendered":"<p>Saat T\u00e4ydelliset Kulmakarvat Yhdess\u00e4 Sekunnissa &#8211; Ei Tarvita Meikkaustaitoja! \ud83e\ude84 V\u00e4synyt ep\u00e4tasaisiin kulmakarvoihin tai k\u00e4ytt\u00e4nyt liikaa aikaa niiden korjaamiseen? T\u00e4m\u00e4n [&hellip;]<\/p>\n","protected":false},"featured_media":12055,"comment_status":"open","ping_status":"closed","template":"","meta":{"site-sidebar-layout":"default","site-content-layout":"","ast-site-content-layout":"default","site-content-style":"default","site-sidebar-style":"default","ast-global-header-display":"","ast-banner-title-visibility":"","ast-main-header-display":"","ast-hfb-above-header-display":"","ast-hfb-below-header-display":"","ast-hfb-mobile-header-display":"","site-post-title":"","ast-breadcrumbs-content":"","ast-featured-img":"","footer-sml-layout":"","theme-transparent-header-meta":"default","adv-header-id-meta":"","stick-header-meta":"","header-above-stick-meta":"","header-main-stick-meta":"","header-below-stick-meta":"","astra-migrate-meta-layouts":"set","ast-page-background-enabled":"default","ast-page-background-meta":{"desktop":{"background-color":"var(--ast-global-color-4)","background-image":"","background-repeat":"repeat","background-position":"center center","background-size":"auto","background-attachment":"scroll","background-type":"","background-media":"","overlay-type":"","overlay-color":"","overlay-opacity":"","overlay-gradient":""},"tablet":{"background-color":"","background-image":"","background-repeat":"repeat","background-position":"center center","background-size":"auto","background-attachment":"scroll","background-type":"","background-media":"","overlay-type":"","overlay-color":"","overlay-opacity":"","overlay-gradient":""},"mobile":{"background-color":"","background-image":"","background-repeat":"repeat","background-position":"center center","background-size":"auto","background-attachment":"scroll","background-type":"","background-media":"","overlay-type":"","overlay-color":"","overlay-opacity":"","overlay-gradient":""}},"ast-content-background-meta":{"desktop":{"background-color":"var(--ast-global-color-5)","background-image":"","background-repeat":"repeat","background-position":"center center","background-size":"auto","background-attachment":"scroll","background-type":"","background-media":"","overlay-type":"","overlay-color":"","overlay-opacity":"","overlay-gradient":""},"tablet":{"background-color":"var(--ast-global-color-5)","background-image":"","background-repeat":"repeat","background-position":"center center","background-size":"auto","background-attachment":"scroll","background-type":"","background-media":"","overlay-type":"","overlay-color":"","overlay-opacity":"","overlay-gradient":""},"mobile":{"background-color":"var(--ast-global-color-5)","background-image":"","background-repeat":"repeat","background-position":"center center","background-size":"auto","background-attachment":"scroll","background-type":"","background-media":"","overlay-type":"","overlay-color":"","overlay-opacity":"","overlay-gradient":""}}},"product_brand":[],"product_cat":[992],"product_tag":[],"class_list":{"0":"post-12059","1":"product","2":"type-product","3":"status-publish","4":"has-post-thumbnail","6":"product_cat-beauty-and-hygiene-products","7":"pa_20922_8houapxy-luonnonruskea","8":"pa_20922_8houapxy-pehmean-ruskea","9":"pa_20922_8houapxy-tummanruskea","10":"pa_20922_8houapxy-vaaleanruskea","11":"desktop-align-left","12":"tablet-align-left","13":"mobile-align-left","15":"first","16":"instock","17":"shipping-taxable","18":"purchasable","19":"product-type-variable"},"_links":{"self":[{"href":"https:\/\/keluvo.com\/fi\/wp-json\/wp\/v2\/product\/12059","targetHints":{"allow":["GET"]}}],"collection":[{"href":"https:\/\/keluvo.com\/fi\/wp-json\/wp\/v2\/product"}],"about":[{"href":"https:\/\/keluvo.com\/fi\/wp-json\/wp\/v2\/types\/product"}],"replies":[{"embeddable":true,"href":"https:\/\/keluvo.com\/fi\/wp-json\/wp\/v2\/comments?post=12059"}],"wp:featuredmedia":[{"embeddable":true,"href":"https:\/\/keluvo.com\/fi\/wp-json\/wp\/v2\/media\/12055"}],"wp:attachment":[{"href":"https:\/\/keluvo.com\/fi\/wp-json\/wp\/v2\/media?parent=12059"}],"wp:term":[{"taxonomy":"product_brand","embeddable":true,"href":"https:\/\/keluvo.com\/fi\/wp-json\/wp\/v2\/product_brand?post=12059"},{"taxonomy":"product_cat","embeddable":true,"href":"https:\/\/keluvo.com\/fi\/wp-json\/wp\/v2\/product_cat?post=12059"},{"taxonomy":"product_tag","embeddable":true,"href":"https:\/\/keluvo.com\/fi\/wp-json\/wp\/v2\/product_tag?post=12059"}],"curies":[{"name":"wp","href":"https:\/\/api.w.org\/{rel}","templated":true}]}}