{"id":12049,"date":"2025-09-15T16:08:03","date_gmt":"2025-09-15T13:08:03","guid":{"rendered":"https:\/\/keluvo.com\/fi\/product\/moottorisahan-teroitin-2\/"},"modified":"2025-09-22T18:53:53","modified_gmt":"2025-09-22T15:53:53","slug":"moottorisahan-teroitin-2","status":"publish","type":"product","link":"https:\/\/keluvo.com\/fi\/product\/moottorisahan-teroitin-2\/","title":{"rendered":"Moottorisahan teroitin"},"content":{"rendered":"<p style=\"text-align: center\" data-start=\"65\" data-end=\"119\"><strong data-start=\"65\" data-end=\"119\">Teroita Moottorisahasi Kuin Ammattilainen &#8211; Sekunneissa! \u26d3\ufe0f\u26a1<\/strong><\/p>\n<p style=\"text-align: center\" data-start=\"121\" data-end=\"323\">Ei en\u00e4\u00e4 tylsi\u00e4 ketjuja tai sotkuista manuaalista viilausta! T\u00e4m\u00e4 moottorisahan teroitin tekee moottorisahasi teroittamisesta nopeaa, helppoa ja eritt\u00e4in tarkkaa &#8211; jopa aloittelijoille. Kiinnit\u00e4 se vain hiomakoneeseesi ja olet valmis aloittamaan!<\/p>\n<p data-start=\"121\" data-end=\"323\"><img decoding=\"async\" class=\"size-full wp-image-29020 aligncenter\" src=\"https:\/\/keluvo.com\/template\/wp-content\/uploads\/sites\/5\/2025\/07\/07212-ezgif.com-video-to-webp-converter-1.webp\" alt=\"\" \/><\/p>\n<h2 style=\"text-align: center\" data-start=\"325\" data-end=\"346\">\ud83d\udd27 T\u00e4rkeimm\u00e4t edut<\/h2>\n<p data-start=\"349\" data-end=\"397\">\u2699\ufe0f Teroita moottorisahanter\u00e4t t\u00e4ydellisesti angles<\/p>\n<p data-start=\"400\" data-end=\"444\">\u23f1\ufe0f S\u00e4\u00e4st\u00e4 aikaa nopeilla, tasaisilla tuloksilla<\/p>\n<p data-start=\"447\" data-end=\"487\">\ud83d\udd12 Turvallisemmat leikkaukset ter\u00e4v\u00e4mpien ketjujen ansiosta<\/p>\n<p data-start=\"490\" data-end=\"536\">\ud83d\udcaa Toimii useimpien hiomakoneiden kanssa &#8211; plug &amp; sharpen<\/p>\n<p data-start=\"539\" data-end=\"581\">\ud83e\uddf0 Helppok\u00e4ytt\u00f6inen, vaikka et olisikaan pro<\/p>\n<p data-start=\"539\" data-end=\"581\"><img decoding=\"async\" class=\"size-full wp-image-29025 aligncenter\" src=\"https:\/\/keluvo.com\/template\/wp-content\/uploads\/sites\/5\/2025\/07\/GRINNEX25478-ezgif.com-video-to-webp-converter.webp\" alt=\"\" \/><\/p>\n<h2 style=\"text-align: center\" data-start=\"583\" data-end=\"602\">\ud83d\udee0\ufe0f K\u00e4ytt\u00f6ohje<\/h2>\n<ol data-start=\"603\" data-end=\"770\">\n<li data-start=\"603\" data-end=\"645\">\n<p data-start=\"606\" data-end=\"645\">Kiinnit\u00e4 ty\u00f6kalu kulmahiomakoneeseesi.<\/p>\n<\/li>\n<li data-start=\"646\" data-end=\"681\">\n<p data-start=\"649\" data-end=\"681\">Aseta se moottorisahan ter\u00e4n p\u00e4\u00e4lle.<\/p>\n<\/li>\n<li data-start=\"682\" data-end=\"733\">\n<p data-start=\"685\" data-end=\"733\">Seuraa ohjetta ja teroita jokainen hammas tasaisesti.<\/p>\n<\/li>\n<li data-start=\"734\" data-end=\"770\">\n<p data-start=\"737\" data-end=\"770\">Valmis muutamassa minuutissa &#8211; ei arvailuja!<\/p>\n<\/li>\n<\/ol>\n<h2 style=\"text-align: center\" data-start=\"772\" data-end=\"795\">\ud83d\udccf Tuotetiedot<\/h2>\n<ul data-start=\"796\" data-end=\"937\">\n<li data-start=\"847\" data-end=\"895\">\n<p data-start=\"849\" data-end=\"895\">Yhteensopiva useimpien tavallisten kulmahiomakoneiden kanssa<\/p>\n<\/li>\n<li data-start=\"896\" data-end=\"937\">\n<p data-start=\"898\" data-end=\"937\">Suunniteltu tarkkuutta ja kest\u00e4vyytt\u00e4 varten<\/p>\n<\/li>\n<\/ul>\n<h2 style=\"text-align: center\" data-start=\"939\" data-end=\"963\">\ud83d\udce6 Pakkaus Sis\u00e4lt\u00e4\u00e4<\/h2>\n<ul data-start=\"964\" data-end=\"1061\">\n<li data-start=\"964\" data-end=\"993\">\n<p data-start=\"966\" data-end=\"993\">1x erikoisty\u00f6kalu moottorisahojen hiontaan<\/p>\n<\/li>\n<li data-start=\"964\" data-end=\"993\">\n<p data-start=\"966\" data-end=\"993\">3x hiontatikkuja<\/p>\n<\/li>\n<li data-start=\"964\" data-end=\"993\">\n<p data-start=\"966\" data-end=\"993\">1x jakoavain + s\u00e4hk\u00f6hionta.<\/p>\n<\/li>\n<\/ul>\n","protected":false},"excerpt":{"rendered":"<p>Teroita Moottorisahasi Kuin Ammattilainen &#8211; Sekunneissa! \u26d3\ufe0f\u26a1 Ei en\u00e4\u00e4 tylsi\u00e4 ketjuja tai sotkuista manuaalista viilausta! T\u00e4m\u00e4 moottorisahan teroitin tekee moottorisahasi [&hellip;]<\/p>\n","protected":false},"featured_media":12045,"comment_status":"open","ping_status":"closed","template":"","meta":{"site-sidebar-layout":"default","site-content-layout":"","ast-site-content-layout":"default","site-content-style":"default","site-sidebar-style":"default","ast-global-header-display":"","ast-banner-title-visibility":"","ast-main-header-display":"","ast-hfb-above-header-display":"","ast-hfb-below-header-display":"","ast-hfb-mobile-header-display":"","site-post-title":"","ast-breadcrumbs-content":"","ast-featured-img":"","footer-sml-layout":"","theme-transparent-header-meta":"default","adv-header-id-meta":"","stick-header-meta":"","header-above-stick-meta":"","header-main-stick-meta":"","header-below-stick-meta":"","astra-migrate-meta-layouts":"set","ast-page-background-enabled":"default","ast-page-background-meta":{"desktop":{"background-color":"var(--ast-global-color-4)","background-image":"","background-repeat":"repeat","background-position":"center center","background-size":"auto","background-attachment":"scroll","background-type":"","background-media":"","overlay-type":"","overlay-color":"","overlay-opacity":"","overlay-gradient":""},"tablet":{"background-color":"","background-image":"","background-repeat":"repeat","background-position":"center center","background-size":"auto","background-attachment":"scroll","background-type":"","background-media":"","overlay-type":"","overlay-color":"","overlay-opacity":"","overlay-gradient":""},"mobile":{"background-color":"","background-image":"","background-repeat":"repeat","background-position":"center center","background-size":"auto","background-attachment":"scroll","background-type":"","background-media":"","overlay-type":"","overlay-color":"","overlay-opacity":"","overlay-gradient":""}},"ast-content-background-meta":{"desktop":{"background-color":"var(--ast-global-color-5)","background-image":"","background-repeat":"repeat","background-position":"center center","background-size":"auto","background-attachment":"scroll","background-type":"","background-media":"","overlay-type":"","overlay-color":"","overlay-opacity":"","overlay-gradient":""},"tablet":{"background-color":"var(--ast-global-color-5)","background-image":"","background-repeat":"repeat","background-position":"center center","background-size":"auto","background-attachment":"scroll","background-type":"","background-media":"","overlay-type":"","overlay-color":"","overlay-opacity":"","overlay-gradient":""},"mobile":{"background-color":"var(--ast-global-color-5)","background-image":"","background-repeat":"repeat","background-position":"center center","background-size":"auto","background-attachment":"scroll","background-type":"","background-media":"","overlay-type":"","overlay-color":"","overlay-opacity":"","overlay-gradient":""}}},"product_brand":[],"product_cat":[996],"product_tag":[],"class_list":{"0":"post-12049","1":"product","2":"type-product","3":"status-publish","4":"has-post-thumbnail","6":"product_cat-tools","7":"desktop-align-left","8":"tablet-align-left","9":"mobile-align-left","11":"first","12":"instock","13":"shipping-taxable","14":"purchasable","15":"product-type-simple"},"_links":{"self":[{"href":"https:\/\/keluvo.com\/fi\/wp-json\/wp\/v2\/product\/12049","targetHints":{"allow":["GET"]}}],"collection":[{"href":"https:\/\/keluvo.com\/fi\/wp-json\/wp\/v2\/product"}],"about":[{"href":"https:\/\/keluvo.com\/fi\/wp-json\/wp\/v2\/types\/product"}],"replies":[{"embeddable":true,"href":"https:\/\/keluvo.com\/fi\/wp-json\/wp\/v2\/comments?post=12049"}],"wp:featuredmedia":[{"embeddable":true,"href":"https:\/\/keluvo.com\/fi\/wp-json\/wp\/v2\/media\/12045"}],"wp:attachment":[{"href":"https:\/\/keluvo.com\/fi\/wp-json\/wp\/v2\/media?parent=12049"}],"wp:term":[{"taxonomy":"product_brand","embeddable":true,"href":"https:\/\/keluvo.com\/fi\/wp-json\/wp\/v2\/product_brand?post=12049"},{"taxonomy":"product_cat","embeddable":true,"href":"https:\/\/keluvo.com\/fi\/wp-json\/wp\/v2\/product_cat?post=12049"},{"taxonomy":"product_tag","embeddable":true,"href":"https:\/\/keluvo.com\/fi\/wp-json\/wp\/v2\/product_tag?post=12049"}],"curies":[{"name":"wp","href":"https:\/\/api.w.org\/{rel}","templated":true}]}}