{"id":11992,"date":"2025-09-15T16:06:31","date_gmt":"2025-09-15T13:06:31","guid":{"rendered":"https:\/\/keluvo.com\/fi\/product\/naarmunpoistokyna\/"},"modified":"2025-10-07T15:32:08","modified_gmt":"2025-10-07T12:32:08","slug":"naarmunpoistokyna","status":"publish","type":"product","link":"https:\/\/keluvo.com\/fi\/product\/naarmunpoistokyna\/","title":{"rendered":"Naarmunpoistokyn\u00e4"},"content":{"rendered":"<p style=\"text-align: center\" data-start=\"88\" data-end=\"127\"><strong>\ud83d\ude97 Sano Hyv\u00e4stit Naarmuille Muutamassa Sekunnissa!<\/strong><\/p>\n<p style=\"text-align: center\" data-start=\"129\" data-end=\"260\">T\u00e4m\u00e4n auton naarmunpoistokyn\u00e4n avulla voit nopeasti peitt\u00e4\u00e4 kevyet naarmut, naarmut ja maalij\u00e4ljet &#8211; ilman matkaa autoliikkeeseen!<\/p>\n<p data-start=\"129\" data-end=\"260\"><img decoding=\"async\" class=\"size-full wp-image-28562 aligncenter\" src=\"https:\/\/keluvo.com\/template\/wp-content\/uploads\/sites\/5\/2025\/07\/da761849630cafdb8566d3da1025336c70e1d297.webp\" alt=\"\" \/><\/p>\n<h2 style=\"text-align: center\" data-start=\"262\" data-end=\"282\">\u2705 T\u00e4rkeimm\u00e4t Edut<\/h2>\n<p data-start=\"285\" data-end=\"339\">\ud83c\udfa8 Saatavana 8 v\u00e4ri\u00e4, jotka sopivat autoosi perfectly<\/p>\n<p data-start=\"342\" data-end=\"398\">\ud83d\udd8a\ufe0f Helppok\u00e4ytt\u00f6inen kyn\u00e4n muotoilu &#8211; levit\u00e4 ja anna kuivua<\/p>\n<p data-start=\"401\" data-end=\"464\">\ud83d\udcaa Laadukas koostumus takaa pitk\u00e4kestoisen, vedenpit\u00e4v\u00e4n korjauksen<\/p>\n<p data-start=\"467\" data-end=\"523\">\ud83e\uddfd Peitt\u00e4\u00e4 maalivauriot ja pienet pintak\u00e4sittelyt imperfections<\/p>\n<p data-start=\"526\" data-end=\"567\">\ud83d\udee1\ufe0f Turvallinen kaikille maalityypeille ja surfaces<\/p>\n<p data-start=\"526\" data-end=\"567\"><img decoding=\"async\" class=\"size-full wp-image-28561 aligncenter\" src=\"https:\/\/keluvo.com\/template\/wp-content\/uploads\/sites\/5\/2025\/07\/9_800x_7a9ced30-30d2-49a2-82ea-61d9eec1ac1b.webp\" alt=\"\" \/><\/p>\n<h2 style=\"text-align: center\" data-start=\"569\" data-end=\"588\">\ud83d\udee0\ufe0f K\u00e4ytt\u00f6ohje<\/h2>\n<ol data-start=\"589\" data-end=\"717\">\n<li data-start=\"589\" data-end=\"634\">\n<p data-start=\"592\" data-end=\"634\">Puhdista naarmuuntunut alue ja anna kuivua.<\/p>\n<\/li>\n<li data-start=\"635\" data-end=\"684\">\n<p data-start=\"638\" data-end=\"684\">Ravista kyn\u00e4\u00e4 ja levit\u00e4 liuosta tasaisesti.<\/p>\n<\/li>\n<li data-start=\"685\" data-end=\"717\">\n<p data-start=\"688\" data-end=\"717\">Anna kuivua kokonaan &#8211; valmis!<\/p>\n<\/li>\n<\/ol>\n<h2 style=\"text-align: center\" data-start=\"719\" data-end=\"742\">\ud83d\udccf Tuotetiedot<\/h2>\n<ul data-start=\"743\" data-end=\"872\">\n<li data-start=\"743\" data-end=\"760\">\n<p data-start=\"745\" data-end=\"760\">Tilavuus: 12 ml<\/p>\n<\/li>\n<li data-start=\"761\" data-end=\"811\">\n<p data-start=\"763\" data-end=\"811\">Ruiskutusalue: 0.08 m\u00b2 (noin k\u00e4mmenen kokoinen)<\/p>\n<\/li>\n<li data-start=\"812\" data-end=\"835\">\n<p data-start=\"814\" data-end=\"835\">S\u00e4ilyvyys: 3 vuotta<\/p>\n<\/li>\n<li data-start=\"836\" data-end=\"872\">\n<p data-start=\"838\" data-end=\"872\">Koostumus: V\u00e4riaine + orgaaninen liuotin<\/p>\n<\/li>\n<\/ul>\n<h2 style=\"text-align: center\" data-start=\"874\" data-end=\"898\">\ud83d\udce6 Pakkaus Sis\u00e4lt\u00e4\u00e4<\/h2>\n<ul data-start=\"899\" data-end=\"945\">\n<li data-start=\"899\" data-end=\"945\">\n<p data-start=\"901\" data-end=\"945\">1, 2, 4x naarmunpoistokyn\u00e4n.<\/p>\n<\/li>\n<\/ul>\n","protected":false},"excerpt":{"rendered":"<p>\ud83d\ude97 Sano Hyv\u00e4stit Naarmuille Muutamassa Sekunnissa! T\u00e4m\u00e4n auton naarmunpoistokyn\u00e4n avulla voit nopeasti peitt\u00e4\u00e4 kevyet naarmut, naarmut ja maalij\u00e4ljet &#8211; ilman [&hellip;]<\/p>\n","protected":false},"featured_media":11988,"comment_status":"open","ping_status":"closed","template":"","meta":{"site-sidebar-layout":"default","site-content-layout":"","ast-site-content-layout":"default","site-content-style":"default","site-sidebar-style":"default","ast-global-header-display":"","ast-banner-title-visibility":"","ast-main-header-display":"","ast-hfb-above-header-display":"","ast-hfb-below-header-display":"","ast-hfb-mobile-header-display":"","site-post-title":"","ast-breadcrumbs-content":"","ast-featured-img":"","footer-sml-layout":"","theme-transparent-header-meta":"default","adv-header-id-meta":"","stick-header-meta":"","header-above-stick-meta":"","header-main-stick-meta":"","header-below-stick-meta":"","astra-migrate-meta-layouts":"set","ast-page-background-enabled":"default","ast-page-background-meta":{"desktop":{"background-color":"var(--ast-global-color-4)","background-image":"","background-repeat":"repeat","background-position":"center center","background-size":"auto","background-attachment":"scroll","background-type":"","background-media":"","overlay-type":"","overlay-color":"","overlay-opacity":"","overlay-gradient":""},"tablet":{"background-color":"","background-image":"","background-repeat":"repeat","background-position":"center center","background-size":"auto","background-attachment":"scroll","background-type":"","background-media":"","overlay-type":"","overlay-color":"","overlay-opacity":"","overlay-gradient":""},"mobile":{"background-color":"","background-image":"","background-repeat":"repeat","background-position":"center center","background-size":"auto","background-attachment":"scroll","background-type":"","background-media":"","overlay-type":"","overlay-color":"","overlay-opacity":"","overlay-gradient":""}},"ast-content-background-meta":{"desktop":{"background-color":"var(--ast-global-color-5)","background-image":"","background-repeat":"repeat","background-position":"center center","background-size":"auto","background-attachment":"scroll","background-type":"","background-media":"","overlay-type":"","overlay-color":"","overlay-opacity":"","overlay-gradient":""},"tablet":{"background-color":"var(--ast-global-color-5)","background-image":"","background-repeat":"repeat","background-position":"center center","background-size":"auto","background-attachment":"scroll","background-type":"","background-media":"","overlay-type":"","overlay-color":"","overlay-opacity":"","overlay-gradient":""},"mobile":{"background-color":"var(--ast-global-color-5)","background-image":"","background-repeat":"repeat","background-position":"center center","background-size":"auto","background-attachment":"scroll","background-type":"","background-media":"","overlay-type":"","overlay-color":"","overlay-opacity":"","overlay-gradient":""}}},"product_brand":[],"product_cat":[998],"product_tag":[],"class_list":{"0":"post-11992","1":"product","2":"type-product","3":"status-publish","4":"has-post-thumbnail","6":"product_cat-automotive-products","7":"pa_40071_oixjj1uj-helmi-valkoinen","8":"pa_40071_oixjj1uj-hopea","9":"pa_40071_oixjj1uj-hopeanharmaa","10":"pa_40071_oixjj1uj-musta","11":"pa_40071_oixjj1uj-punainen","12":"pa_40071_oixjj1uj-samppanjan-kulta","13":"pa_40071_oixjj1uj-sininen","14":"pa_40071_oixjj1uj-valkoinen","15":"pa_40071_vxk5jp2v-1-kpl","16":"pa_40071_vxk5jp2v-2-kpl","17":"pa_40071_vxk5jp2v-4-kpl","18":"desktop-align-left","19":"tablet-align-left","20":"mobile-align-left","22":"first","23":"instock","24":"shipping-taxable","25":"purchasable","26":"product-type-variable","27":"has-default-attributes"},"_links":{"self":[{"href":"https:\/\/keluvo.com\/fi\/wp-json\/wp\/v2\/product\/11992","targetHints":{"allow":["GET"]}}],"collection":[{"href":"https:\/\/keluvo.com\/fi\/wp-json\/wp\/v2\/product"}],"about":[{"href":"https:\/\/keluvo.com\/fi\/wp-json\/wp\/v2\/types\/product"}],"replies":[{"embeddable":true,"href":"https:\/\/keluvo.com\/fi\/wp-json\/wp\/v2\/comments?post=11992"}],"wp:featuredmedia":[{"embeddable":true,"href":"https:\/\/keluvo.com\/fi\/wp-json\/wp\/v2\/media\/11988"}],"wp:attachment":[{"href":"https:\/\/keluvo.com\/fi\/wp-json\/wp\/v2\/media?parent=11992"}],"wp:term":[{"taxonomy":"product_brand","embeddable":true,"href":"https:\/\/keluvo.com\/fi\/wp-json\/wp\/v2\/product_brand?post=11992"},{"taxonomy":"product_cat","embeddable":true,"href":"https:\/\/keluvo.com\/fi\/wp-json\/wp\/v2\/product_cat?post=11992"},{"taxonomy":"product_tag","embeddable":true,"href":"https:\/\/keluvo.com\/fi\/wp-json\/wp\/v2\/product_tag?post=11992"}],"curies":[{"name":"wp","href":"https:\/\/api.w.org\/{rel}","templated":true}]}}