{"id":11938,"date":"2025-09-15T12:21:32","date_gmt":"2025-09-15T09:21:32","guid":{"rendered":"https:\/\/keluvo.com\/fi\/product\/ruosteenpoistosuihke\/"},"modified":"2025-09-15T12:21:38","modified_gmt":"2025-09-15T09:21:38","slug":"ruosteenpoistosuihke","status":"publish","type":"product","link":"https:\/\/keluvo.com\/fi\/product\/ruosteenpoistosuihke\/","title":{"rendered":"Ruosteenpoistosuihke"},"content":{"rendered":"<p style=\"text-align: center\" data-start=\"95\" data-end=\"139\"><strong data-start=\"95\" data-end=\"139\">Tee Vanteistasi Taas Kiilt\u00e4v\u00e4t Kuin Uudet! \ud83d\ude97\u2728<\/strong><\/p>\n<p style=\"text-align: center\" data-start=\"141\" data-end=\"315\">Hyv\u00e4sti ruma ruoste ja palauta tehtaan tuore kiilto. T\u00e4m\u00e4 ruosteenpoistoaine on salainen aseesi, jolla puhdistat, suojaat ja muutat vanteesi ja maalipintasi muutamassa minuutissa!<\/p>\n<p data-start=\"141\" data-end=\"315\"><img decoding=\"async\" class=\"size-full wp-image-26856 aligncenter\" src=\"https:\/\/keluvo.com\/template\/wp-content\/uploads\/sites\/5\/2025\/07\/16923331924593.webp\" alt=\"\" \/><\/p>\n<h2 style=\"text-align: center\" data-start=\"317\" data-end=\"338\"><strong>T\u00e4rkeimm\u00e4t Edut<\/strong><\/h2>\n<p data-start=\"341\" data-end=\"394\">\ud83e\uddfc Poistaa ruosteen nopeasti vanteista ja maalatuista pinnoista<\/p>\n<p data-start=\"397\" data-end=\"435\">\u2728 Palauttaa kiillon ja alkuper\u00e4isen finish<\/p>\n<p data-start=\"438\" data-end=\"494\">\ud83d\udee1\ufe0f J\u00e4tt\u00e4\u00e4 suojakerroksen est\u00e4m\u00e4\u00e4n tulevaa ruostumista<\/p>\n<p data-start=\"497\" data-end=\"548\">\ud83e\uddf4 Hell\u00e4varainen kaikentyyppisille autojen maalipinnoille ja materiaaleille<\/p>\n<p data-start=\"551\" data-end=\"600\">\ud83d\udd27 Sopii t\u00e4ydellisesti niin autojen yst\u00e4ville, tee-se-itse-itse-rakentajille kuin ammattilaisillakin<\/p>\n<p data-start=\"551\" data-end=\"600\"><img decoding=\"async\" class=\"size-full wp-image-26858 aligncenter\" src=\"https:\/\/keluvo.com\/template\/wp-content\/uploads\/sites\/5\/2025\/07\/a670559b-643e-425e-8ec4-cc026d1d91ba.webp\" alt=\"\" \/><\/p>\n<h2 style=\"text-align: center\" data-start=\"602\" data-end=\"620\"><strong>K\u00e4ytt\u00f6ohjeet<\/strong><\/h2>\n<ol data-start=\"621\" data-end=\"776\">\n<li data-start=\"621\" data-end=\"652\">\n<p data-start=\"624\" data-end=\"652\">Puhdista ja kuivaa pinta.<\/p>\n<\/li>\n<li data-start=\"653\" data-end=\"708\">\n<p data-start=\"656\" data-end=\"708\">Suihkuta ruosteenpoistoainetta suoraan vaurioituneille alueille.<\/p>\n<\/li>\n<li data-start=\"709\" data-end=\"743\">\n<p data-start=\"712\" data-end=\"743\">Anna vaikuttaa muutaman minuutin ajan.<\/p>\n<\/li>\n<li data-start=\"744\" data-end=\"776\">\n<p data-start=\"747\" data-end=\"776\">Pyyhi puhtaaksi liinalla &#8211; valmis!<\/p>\n<\/li>\n<\/ol>\n<h2 style=\"text-align: center\" data-start=\"778\" data-end=\"801\"><strong>Tuotetiedot<\/strong><\/h2>\n<ul data-start=\"802\" data-end=\"886\">\n<li data-start=\"802\" data-end=\"817\">\n<p data-start=\"804\" data-end=\"817\">Tyyppi: Spray<\/p>\n<\/li>\n<li data-start=\"818\" data-end=\"835\">\n<p data-start=\"820\" data-end=\"835\">Content: 50ml<\/p>\n<\/li>\n<li data-start=\"836\" data-end=\"886\">\n<p data-start=\"838\" data-end=\"886\">Turvallinen vanteille, maalille ja useimmille auton materiaaleille<\/p>\n<\/li>\n<\/ul>\n<h2 style=\"text-align: center\" data-start=\"888\" data-end=\"912\"><strong>Pakkaus Sis\u00e4lt\u00e4\u00e4<\/strong><\/h2>\n<ul data-start=\"913\" data-end=\"974\">\n<li data-start=\"913\" data-end=\"974\">\n<p data-start=\"915\" data-end=\"974\">1, 2, 3x pulloa ruosteenpoistoaineita.<\/p>\n<\/li>\n<\/ul>\n","protected":false},"excerpt":{"rendered":"<p>Tee Vanteistasi Taas Kiilt\u00e4v\u00e4t Kuin Uudet! \ud83d\ude97\u2728 Hyv\u00e4sti ruma ruoste ja palauta tehtaan tuore kiilto. T\u00e4m\u00e4 ruosteenpoistoaine on salainen aseesi, [&hellip;]<\/p>\n","protected":false},"featured_media":11934,"comment_status":"open","ping_status":"closed","template":"","meta":{"site-sidebar-layout":"default","site-content-layout":"","ast-site-content-layout":"default","site-content-style":"default","site-sidebar-style":"default","ast-global-header-display":"","ast-banner-title-visibility":"","ast-main-header-display":"","ast-hfb-above-header-display":"","ast-hfb-below-header-display":"","ast-hfb-mobile-header-display":"","site-post-title":"","ast-breadcrumbs-content":"","ast-featured-img":"","footer-sml-layout":"","theme-transparent-header-meta":"default","adv-header-id-meta":"","stick-header-meta":"","header-above-stick-meta":"","header-main-stick-meta":"","header-below-stick-meta":"","astra-migrate-meta-layouts":"set","ast-page-background-enabled":"default","ast-page-background-meta":{"desktop":{"background-color":"var(--ast-global-color-4)","background-image":"","background-repeat":"repeat","background-position":"center center","background-size":"auto","background-attachment":"scroll","background-type":"","background-media":"","overlay-type":"","overlay-color":"","overlay-opacity":"","overlay-gradient":""},"tablet":{"background-color":"","background-image":"","background-repeat":"repeat","background-position":"center center","background-size":"auto","background-attachment":"scroll","background-type":"","background-media":"","overlay-type":"","overlay-color":"","overlay-opacity":"","overlay-gradient":""},"mobile":{"background-color":"","background-image":"","background-repeat":"repeat","background-position":"center center","background-size":"auto","background-attachment":"scroll","background-type":"","background-media":"","overlay-type":"","overlay-color":"","overlay-opacity":"","overlay-gradient":""}},"ast-content-background-meta":{"desktop":{"background-color":"var(--ast-global-color-5)","background-image":"","background-repeat":"repeat","background-position":"center center","background-size":"auto","background-attachment":"scroll","background-type":"","background-media":"","overlay-type":"","overlay-color":"","overlay-opacity":"","overlay-gradient":""},"tablet":{"background-color":"var(--ast-global-color-5)","background-image":"","background-repeat":"repeat","background-position":"center center","background-size":"auto","background-attachment":"scroll","background-type":"","background-media":"","overlay-type":"","overlay-color":"","overlay-opacity":"","overlay-gradient":""},"mobile":{"background-color":"var(--ast-global-color-5)","background-image":"","background-repeat":"repeat","background-position":"center center","background-size":"auto","background-attachment":"scroll","background-type":"","background-media":"","overlay-type":"","overlay-color":"","overlay-opacity":"","overlay-gradient":""}}},"product_brand":[],"product_cat":[998],"product_tag":[],"class_list":{"0":"post-11938","1":"product","2":"type-product","3":"status-publish","4":"has-post-thumbnail","6":"product_cat-automotive-products","7":"pa_27968_9a6rw9uw-1-kpl","8":"pa_27968_9a6rw9uw-2-kpl","9":"pa_27968_9a6rw9uw-3-kpl","10":"desktop-align-left","11":"tablet-align-left","12":"mobile-align-left","14":"first","15":"instock","16":"shipping-taxable","17":"purchasable","18":"product-type-variable"},"_links":{"self":[{"href":"https:\/\/keluvo.com\/fi\/wp-json\/wp\/v2\/product\/11938","targetHints":{"allow":["GET"]}}],"collection":[{"href":"https:\/\/keluvo.com\/fi\/wp-json\/wp\/v2\/product"}],"about":[{"href":"https:\/\/keluvo.com\/fi\/wp-json\/wp\/v2\/types\/product"}],"replies":[{"embeddable":true,"href":"https:\/\/keluvo.com\/fi\/wp-json\/wp\/v2\/comments?post=11938"}],"wp:featuredmedia":[{"embeddable":true,"href":"https:\/\/keluvo.com\/fi\/wp-json\/wp\/v2\/media\/11934"}],"wp:attachment":[{"href":"https:\/\/keluvo.com\/fi\/wp-json\/wp\/v2\/media?parent=11938"}],"wp:term":[{"taxonomy":"product_brand","embeddable":true,"href":"https:\/\/keluvo.com\/fi\/wp-json\/wp\/v2\/product_brand?post=11938"},{"taxonomy":"product_cat","embeddable":true,"href":"https:\/\/keluvo.com\/fi\/wp-json\/wp\/v2\/product_cat?post=11938"},{"taxonomy":"product_tag","embeddable":true,"href":"https:\/\/keluvo.com\/fi\/wp-json\/wp\/v2\/product_tag?post=11938"}],"curies":[{"name":"wp","href":"https:\/\/api.w.org\/{rel}","templated":true}]}}