{"id":11911,"date":"2025-09-15T12:19:22","date_gmt":"2025-09-15T09:19:22","guid":{"rendered":"https:\/\/keluvo.com\/fi\/product\/levyleikkuri\/"},"modified":"2025-09-22T18:53:55","modified_gmt":"2025-09-22T15:53:55","slug":"levyleikkuri","status":"publish","type":"product","link":"https:\/\/keluvo.com\/fi\/product\/levyleikkuri\/","title":{"rendered":"Levyleikkuri"},"content":{"rendered":"<p style=\"text-align: center\" data-start=\"102\" data-end=\"166\"><strong>\u2699\ufe0f Tee Porastasi Tarkkuusmetallileikkuri \u2013 Vaivattomasti!<\/strong><\/p>\n<p style=\"text-align: center\" data-start=\"168\" data-end=\"321\">T\u00e4m\u00e4 ohutlevyleikkuri muuttaa mink\u00e4 tahansa tavallisen poran tehokkaaksi ohutlevyleikkuriksi. Puhtaat, tasaiset leikkaukset joka kerta &#8211; ei purseita, kipin\u00f6it\u00e4 tai rasitusta!<\/p>\n<p data-start=\"168\" data-end=\"321\"><img fetchpriority=\"high\" decoding=\"async\" class=\" wp-image-26580 aligncenter\" src=\"https:\/\/keluvo.com\/template\/wp-content\/uploads\/sites\/5\/2025\/07\/9199f098abd1be52e9016bce7b2a6b2e7cc7e325.webp\" alt=\"\" width=\"417\" height=\"521\" \/><\/p>\n<h2 style=\"text-align: center\" data-start=\"323\" data-end=\"344\">\ud83e\uddf0 T\u00e4rkeimm\u00e4t edut<\/h2>\n<p data-start=\"347\" data-end=\"408\">\u2702\ufe0f Leikkaa pelti\u00e4, rautaa, kuparia, alumiinia ja paljon muuta<\/p>\n<p data-start=\"411\" data-end=\"477\">\ud83d\udd27 Sopii useimpiin akku- tai s\u00e4hk\u00f6porakoneisiin (ei tarvita erikoisty\u00f6kaluja)<\/p>\n<p data-start=\"480\" data-end=\"527\">\ud83d\udca8 Nopeat, purskeettomat leikkaukset ilman melua tai kipin\u00f6it\u00e4<\/p>\n<p data-start=\"480\" data-end=\"527\">\ud83e\udded Tarkka kaareva ja suora leikkaus on tehty helpoksi<\/p>\n<p data-start=\"581\" data-end=\"639\">\ud83d\udcaa Kest\u00e4v\u00e4 ja pitk\u00e4ik\u00e4inen &#8211; t\u00e4ydellinen ammattilaisille ja DIYers<\/p>\n<p data-start=\"581\" data-end=\"639\"><img decoding=\"async\" class=\" wp-image-26579 aligncenter\" src=\"https:\/\/keluvo.com\/template\/wp-content\/uploads\/sites\/5\/2025\/07\/9bd77a750b6a26f597e5c86658e5329a7e0951b3.webp\" alt=\"\" width=\"418\" height=\"583\" \/><\/p>\n<h2 style=\"text-align: center\" data-start=\"641\" data-end=\"660\">\ud83d\udee0\ufe0f K\u00e4ytt\u00f6ohjeet<\/h2>\n<ol data-start=\"661\" data-end=\"794\">\n<li data-start=\"661\" data-end=\"702\">\n<p data-start=\"664\" data-end=\"702\">Kiinnit\u00e4 sovitinp\u00e4\u00e4 porakoneeseesi.<\/p>\n<\/li>\n<li data-start=\"703\" data-end=\"740\">\n<p data-start=\"706\" data-end=\"740\">Aseta se metallipinnalle.<\/p>\n<\/li>\n<li data-start=\"741\" data-end=\"794\">\n<p data-start=\"744\" data-end=\"794\">Paina liipaisinta ja ohjaa leikkaus &#8211; siin\u00e4 kaikki!<\/p>\n<\/li>\n<\/ol>\n<h2 style=\"text-align: center\" data-start=\"796\" data-end=\"819\">\ud83d\udcd0 Tuotetiedot<\/h2>\n<ul data-start=\"820\" data-end=\"934\">\n<li data-start=\"820\" data-end=\"849\">\n<p data-start=\"822\" data-end=\"849\">Yhteensopiva useimpien porien kanssa<\/p>\n<\/li>\n<li data-start=\"850\" data-end=\"884\">\n<p data-start=\"852\" data-end=\"884\">Seikkaa materiaalin paksuuden: 0,8\u20132mm<\/p>\n<\/li>\n<li data-start=\"885\" data-end=\"934\">\n<p data-start=\"887\" data-end=\"934\">Sis\u00e4lt\u00e4\u00e4 leikkuup\u00e4\u00e4n, jakoavaimen ja k\u00e4ytt\u00f6ohjeet<\/p>\n<\/li>\n<\/ul>\n<h2 style=\"text-align: center\" data-start=\"936\" data-end=\"960\">\ud83d\udce6 Pakkaus Sis\u00e4lt\u00e4\u00e4<\/h2>\n<ul data-start=\"961\" data-end=\"1017\">\n<li data-start=\"961\" data-end=\"987\">\n<p data-start=\"963\" data-end=\"987\">1x ohutlevyleikkuri<\/p>\n<\/li>\n<li data-start=\"961\" data-end=\"987\">\n<p data-start=\"963\" data-end=\"987\">1x k\u00e4ytt\u00f6ohjeet<\/p>\n<\/li>\n<li data-start=\"961\" data-end=\"987\">Liit\u00e4nt\u00e4v\u00e4lineet<\/li>\n<\/ul>\n","protected":false},"excerpt":{"rendered":"<p>\u2699\ufe0f Tee Porastasi Tarkkuusmetallileikkuri \u2013 Vaivattomasti! T\u00e4m\u00e4 ohutlevyleikkuri muuttaa mink\u00e4 tahansa tavallisen poran tehokkaaksi ohutlevyleikkuriksi. Puhtaat, tasaiset leikkaukset joka kerta [&hellip;]<\/p>\n","protected":false},"featured_media":11907,"comment_status":"open","ping_status":"closed","template":"","meta":{"site-sidebar-layout":"default","site-content-layout":"","ast-site-content-layout":"default","site-content-style":"default","site-sidebar-style":"default","ast-global-header-display":"","ast-banner-title-visibility":"","ast-main-header-display":"","ast-hfb-above-header-display":"","ast-hfb-below-header-display":"","ast-hfb-mobile-header-display":"","site-post-title":"","ast-breadcrumbs-content":"","ast-featured-img":"","footer-sml-layout":"","theme-transparent-header-meta":"default","adv-header-id-meta":"","stick-header-meta":"","header-above-stick-meta":"","header-main-stick-meta":"","header-below-stick-meta":"","astra-migrate-meta-layouts":"set","ast-page-background-enabled":"default","ast-page-background-meta":{"desktop":{"background-color":"var(--ast-global-color-4)","background-image":"","background-repeat":"repeat","background-position":"center center","background-size":"auto","background-attachment":"scroll","background-type":"","background-media":"","overlay-type":"","overlay-color":"","overlay-opacity":"","overlay-gradient":""},"tablet":{"background-color":"","background-image":"","background-repeat":"repeat","background-position":"center center","background-size":"auto","background-attachment":"scroll","background-type":"","background-media":"","overlay-type":"","overlay-color":"","overlay-opacity":"","overlay-gradient":""},"mobile":{"background-color":"","background-image":"","background-repeat":"repeat","background-position":"center center","background-size":"auto","background-attachment":"scroll","background-type":"","background-media":"","overlay-type":"","overlay-color":"","overlay-opacity":"","overlay-gradient":""}},"ast-content-background-meta":{"desktop":{"background-color":"var(--ast-global-color-5)","background-image":"","background-repeat":"repeat","background-position":"center center","background-size":"auto","background-attachment":"scroll","background-type":"","background-media":"","overlay-type":"","overlay-color":"","overlay-opacity":"","overlay-gradient":""},"tablet":{"background-color":"var(--ast-global-color-5)","background-image":"","background-repeat":"repeat","background-position":"center center","background-size":"auto","background-attachment":"scroll","background-type":"","background-media":"","overlay-type":"","overlay-color":"","overlay-opacity":"","overlay-gradient":""},"mobile":{"background-color":"var(--ast-global-color-5)","background-image":"","background-repeat":"repeat","background-position":"center center","background-size":"auto","background-attachment":"scroll","background-type":"","background-media":"","overlay-type":"","overlay-color":"","overlay-opacity":"","overlay-gradient":""}}},"product_brand":[],"product_cat":[996],"product_tag":[],"class_list":{"0":"post-11911","1":"product","2":"type-product","3":"status-publish","4":"has-post-thumbnail","6":"product_cat-tools","7":"desktop-align-left","8":"tablet-align-left","9":"mobile-align-left","11":"first","12":"instock","13":"shipping-taxable","14":"purchasable","15":"product-type-simple"},"_links":{"self":[{"href":"https:\/\/keluvo.com\/fi\/wp-json\/wp\/v2\/product\/11911","targetHints":{"allow":["GET"]}}],"collection":[{"href":"https:\/\/keluvo.com\/fi\/wp-json\/wp\/v2\/product"}],"about":[{"href":"https:\/\/keluvo.com\/fi\/wp-json\/wp\/v2\/types\/product"}],"replies":[{"embeddable":true,"href":"https:\/\/keluvo.com\/fi\/wp-json\/wp\/v2\/comments?post=11911"}],"wp:featuredmedia":[{"embeddable":true,"href":"https:\/\/keluvo.com\/fi\/wp-json\/wp\/v2\/media\/11907"}],"wp:attachment":[{"href":"https:\/\/keluvo.com\/fi\/wp-json\/wp\/v2\/media?parent=11911"}],"wp:term":[{"taxonomy":"product_brand","embeddable":true,"href":"https:\/\/keluvo.com\/fi\/wp-json\/wp\/v2\/product_brand?post=11911"},{"taxonomy":"product_cat","embeddable":true,"href":"https:\/\/keluvo.com\/fi\/wp-json\/wp\/v2\/product_cat?post=11911"},{"taxonomy":"product_tag","embeddable":true,"href":"https:\/\/keluvo.com\/fi\/wp-json\/wp\/v2\/product_tag?post=11911"}],"curies":[{"name":"wp","href":"https:\/\/api.w.org\/{rel}","templated":true}]}}