{"id":11873,"date":"2025-09-15T12:17:30","date_gmt":"2025-09-15T09:17:30","guid":{"rendered":"https:\/\/keluvo.com\/fi\/product\/kuulokkeet\/"},"modified":"2025-12-15T18:11:46","modified_gmt":"2025-12-15T16:11:46","slug":"kuulokkeet","status":"publish","type":"product","link":"https:\/\/keluvo.com\/fi\/product\/kuulokkeet\/","title":{"rendered":"Kuulokkeet"},"content":{"rendered":"<p style=\"text-align: center\" data-start=\"111\" data-end=\"192\"><strong>\ud83c\udfa7 Uudenlaiset langattomat kuulokkeet &#8211; turvalliset, vedenpit\u00e4v\u00e4t ja liikkumiseen suunnitellut!<\/strong><\/p>\n<p style=\"text-align: center\" data-start=\"194\" data-end=\"383\">Aktiiviseen el\u00e4m\u00e4ntyyliin suunnitellut kuulokkeet pysyv\u00e4t tukevasti paikoillaan ja tuottavat kristallinkirkkaan \u00e4\u00e4nen, syv\u00e4n basson ja pitk\u00e4kestoisen mukavuuden &#8211; ei liukumista, ei johtoja, ei rajoituksia.<\/p>\n<p data-start=\"194\" data-end=\"383\"><img decoding=\"async\" class=\"size-full wp-image-26405 aligncenter\" src=\"https:\/\/keluvo.com\/template\/wp-content\/uploads\/sites\/5\/2025\/07\/cfdc9332d07fd6a83da8c0e98a71182d0639347a.webp\" alt=\"\" \/><\/p>\n<h2 style=\"text-align: center\" data-start=\"385\" data-end=\"406\"><strong>\ud83d\udd25 T\u00e4rkeimm\u00e4t Edut<\/strong><\/h2>\n<p data-start=\"409\" data-end=\"468\">\ud83d\udc42 Wrap-around-korvakoukkumuotoilu pysyy tukevasti paikoillaan treenien aikana<\/p>\n<p data-start=\"471\" data-end=\"539\">\ud83d\udca6 Vedenpit\u00e4v\u00e4 ja hike\u00e4 kest\u00e4v\u00e4 &#8211; t\u00e4ydellinen sateeseen tai kuntosaliharjoituksiin<\/p>\n<p data-start=\"542\" data-end=\"589\">\ud83d\udd0b Pitk\u00e4 akun kesto jopa 18 tunnin k\u00e4ytt\u00f6ajalla<\/p>\n<p data-start=\"592\" data-end=\"640\">\ud83c\udfb5 HD-\u00e4\u00e4ni, jossa on vahva basso ja melua isolation<\/p>\n<p data-start=\"643\" data-end=\"698\">\u261d\ufe0f Helppo yhden sormen ohjaus puheluille, musiikille ja \u00e4\u00e4nenvoimakkuudelle<\/p>\n<p data-start=\"643\" data-end=\"698\"><img decoding=\"async\" class=\"size-full wp-image-26404 aligncenter\" src=\"https:\/\/keluvo.com\/template\/wp-content\/uploads\/sites\/5\/2025\/07\/dc35c943bf496d2f84d21fc1f95255ef71a62f9b100ba0c1d1df2552c3900890_480x480.webp\" alt=\"\" \/><\/p>\n<h2 style=\"text-align: center\" data-start=\"700\" data-end=\"718\"><strong>\ud83c\udfa7 K\u00e4ytt\u00f6<\/strong><\/h2>\n<ol data-start=\"719\" data-end=\"862\">\n<li data-start=\"719\" data-end=\"767\">\n<p data-start=\"722\" data-end=\"767\">Pariliitos Bluetoothin v\u00e4lityksell\u00e4 puhelimenne tai laitteenne kanssa.<\/p>\n<\/li>\n<li data-start=\"768\" data-end=\"814\">\n<p data-start=\"771\" data-end=\"814\">Kiinnit\u00e4 korvillesi ja s\u00e4\u00e4d\u00e4 mukavaksi.<\/p>\n<\/li>\n<li data-start=\"815\" data-end=\"862\">\n<p data-start=\"818\" data-end=\"862\">Hallitse musiikkia ja puheluita yhdell\u00e4 kosketuksella.<\/p>\n<\/li>\n<\/ol>\n<h2 style=\"text-align: center\" data-start=\"864\" data-end=\"887\"><strong>\ud83d\udcd0 Tuotetiedot<\/strong><\/h2>\n<ul data-start=\"888\" data-end=\"993\">\n<li data-start=\"888\" data-end=\"912\">\n<p data-start=\"890\" data-end=\"912\">Bluetooth-versio: 5.1<\/p>\n<\/li>\n<li data-start=\"913\" data-end=\"936\">\n<p data-start=\"915\" data-end=\"936\">Soittoaika: 15-18 tuntia<\/p>\n<\/li>\n<li data-start=\"937\" data-end=\"962\">\n<p data-start=\"939\" data-end=\"962\">Vedenkest\u00e4vyysluokitus: IPX7<\/p>\n<\/li>\n<li data-start=\"963\" data-end=\"993\">\n<p data-start=\"965\" data-end=\"993\">Lataus: USB-C-pikalataus<\/p>\n<\/li>\n<\/ul>\n<h2 style=\"text-align: center\" data-start=\"995\" data-end=\"1019\"><strong>\ud83d\udce6 Pakkaus Sis\u00e4lt\u00e4\u00e4<\/strong><\/h2>\n<ul data-start=\"1020\" data-end=\"1089\">\n<li data-start=\"1020\" data-end=\"1052\">\n<p data-start=\"1022\" data-end=\"1052\">1x kuulokkeet<\/p>\n<\/li>\n<li data-start=\"1053\" data-end=\"1072\">\n<p data-start=\"1055\" data-end=\"1072\">1x latauskaapeli<\/p>\n<\/li>\n<li data-start=\"1073\" data-end=\"1089\">\n<p data-start=\"1075\" data-end=\"1089\">1x k\u00e4ytt\u00f6ohje.<\/p>\n<\/li>\n<\/ul>\n","protected":false},"excerpt":{"rendered":"<p>\ud83c\udfa7 Uudenlaiset langattomat kuulokkeet &#8211; turvalliset, vedenpit\u00e4v\u00e4t ja liikkumiseen suunnitellut! Aktiiviseen el\u00e4m\u00e4ntyyliin suunnitellut kuulokkeet pysyv\u00e4t tukevasti paikoillaan ja tuottavat kristallinkirkkaan [&hellip;]<\/p>\n","protected":false},"featured_media":11869,"comment_status":"open","ping_status":"closed","template":"","meta":{"site-sidebar-layout":"default","site-content-layout":"","ast-site-content-layout":"default","site-content-style":"default","site-sidebar-style":"default","ast-global-header-display":"","ast-banner-title-visibility":"","ast-main-header-display":"","ast-hfb-above-header-display":"","ast-hfb-below-header-display":"","ast-hfb-mobile-header-display":"","site-post-title":"","ast-breadcrumbs-content":"","ast-featured-img":"","footer-sml-layout":"","theme-transparent-header-meta":"default","adv-header-id-meta":"","stick-header-meta":"","header-above-stick-meta":"","header-main-stick-meta":"","header-below-stick-meta":"","astra-migrate-meta-layouts":"set","ast-page-background-enabled":"default","ast-page-background-meta":{"desktop":{"background-color":"var(--ast-global-color-4)","background-image":"","background-repeat":"repeat","background-position":"center center","background-size":"auto","background-attachment":"scroll","background-type":"","background-media":"","overlay-type":"","overlay-color":"","overlay-opacity":"","overlay-gradient":""},"tablet":{"background-color":"","background-image":"","background-repeat":"repeat","background-position":"center center","background-size":"auto","background-attachment":"scroll","background-type":"","background-media":"","overlay-type":"","overlay-color":"","overlay-opacity":"","overlay-gradient":""},"mobile":{"background-color":"","background-image":"","background-repeat":"repeat","background-position":"center center","background-size":"auto","background-attachment":"scroll","background-type":"","background-media":"","overlay-type":"","overlay-color":"","overlay-opacity":"","overlay-gradient":""}},"ast-content-background-meta":{"desktop":{"background-color":"var(--ast-global-color-5)","background-image":"","background-repeat":"repeat","background-position":"center center","background-size":"auto","background-attachment":"scroll","background-type":"","background-media":"","overlay-type":"","overlay-color":"","overlay-opacity":"","overlay-gradient":""},"tablet":{"background-color":"var(--ast-global-color-5)","background-image":"","background-repeat":"repeat","background-position":"center center","background-size":"auto","background-attachment":"scroll","background-type":"","background-media":"","overlay-type":"","overlay-color":"","overlay-opacity":"","overlay-gradient":""},"mobile":{"background-color":"var(--ast-global-color-5)","background-image":"","background-repeat":"repeat","background-position":"center center","background-size":"auto","background-attachment":"scroll","background-type":"","background-media":"","overlay-type":"","overlay-color":"","overlay-opacity":"","overlay-gradient":""}}},"product_brand":[],"product_cat":[15],"product_tag":[],"class_list":{"0":"post-11873","1":"product","2":"type-product","3":"status-publish","4":"has-post-thumbnail","6":"product_cat-uncategorized","7":"pa_37282_ba2c2imh-musta","8":"pa_37282_ba2c2imh-punainen","9":"pa_37282_ba2c2imh-sininen","10":"pa_37282_ba2c2imh-vaaleanpunainen","11":"desktop-align-left","12":"tablet-align-left","13":"mobile-align-left","15":"first","16":"instock","17":"shipping-taxable","18":"purchasable","19":"product-type-variable"},"_links":{"self":[{"href":"https:\/\/keluvo.com\/fi\/wp-json\/wp\/v2\/product\/11873","targetHints":{"allow":["GET"]}}],"collection":[{"href":"https:\/\/keluvo.com\/fi\/wp-json\/wp\/v2\/product"}],"about":[{"href":"https:\/\/keluvo.com\/fi\/wp-json\/wp\/v2\/types\/product"}],"replies":[{"embeddable":true,"href":"https:\/\/keluvo.com\/fi\/wp-json\/wp\/v2\/comments?post=11873"}],"wp:featuredmedia":[{"embeddable":true,"href":"https:\/\/keluvo.com\/fi\/wp-json\/wp\/v2\/media\/11869"}],"wp:attachment":[{"href":"https:\/\/keluvo.com\/fi\/wp-json\/wp\/v2\/media?parent=11873"}],"wp:term":[{"taxonomy":"product_brand","embeddable":true,"href":"https:\/\/keluvo.com\/fi\/wp-json\/wp\/v2\/product_brand?post=11873"},{"taxonomy":"product_cat","embeddable":true,"href":"https:\/\/keluvo.com\/fi\/wp-json\/wp\/v2\/product_cat?post=11873"},{"taxonomy":"product_tag","embeddable":true,"href":"https:\/\/keluvo.com\/fi\/wp-json\/wp\/v2\/product_tag?post=11873"}],"curies":[{"name":"wp","href":"https:\/\/api.w.org\/{rel}","templated":true}]}}