{"id":11860,"date":"2025-09-15T12:16:38","date_gmt":"2025-09-15T09:16:38","guid":{"rendered":"https:\/\/keluvo.com\/fi\/product\/avaimen-poistosarja\/"},"modified":"2025-09-22T18:55:23","modified_gmt":"2025-09-22T15:55:23","slug":"avaimen-poistosarja","status":"publish","type":"product","link":"https:\/\/keluvo.com\/fi\/product\/avaimen-poistosarja\/","title":{"rendered":"Avaimen poistosarja"},"content":{"rendered":"<p style=\"text-align: center\" data-start=\"97\" data-end=\"156\"><strong>\ud83d\udd11 Avain Jumissa Lukossa? T\u00e4ll\u00e4 Ty\u00f6kalulla Saat Sen Irti Sekunneissa!<\/strong><\/p>\n<p style=\"text-align: center\" data-start=\"158\" data-end=\"282\">Rikkin\u00e4isen avaimen irrotussarjan avulla irrotat turvallisesti ja helposti katkenneen tai jumissa olevan avaimen mist\u00e4 tahansa lukosta &#8211; lukkosepp\u00e4\u00e4 ei tarvita!<\/p>\n<p data-start=\"158\" data-end=\"282\"><img decoding=\"async\" class=\"size-full wp-image-26341 aligncenter\" src=\"https:\/\/keluvo.com\/template\/wp-content\/uploads\/sites\/5\/2025\/07\/ae3194848b7be8f1a792fa5ca47e7f51.jpg\" alt=\"\" \/><\/p>\n<h2 style=\"text-align: center\" data-start=\"284\" data-end=\"305\">\ud83e\uddf0 T\u00e4rkeimm\u00e4t Edut<\/h2>\n<p data-start=\"308\" data-end=\"362\">\ud83d\udd13 Poistaa 95 % rikkoutuneista avaimista lukoista ja sylintereist\u00e4<\/p>\n<p data-start=\"365\" data-end=\"406\">\ud83d\udcaa Kest\u00e4v\u00e4t ter\u00e4sk\u00e4rjet eiv\u00e4t taivu tai break<\/p>\n<p data-start=\"409\" data-end=\"457\">\ud83d\udd90\ufe0f Mukava ergonominen ote helpottaa k\u00e4sittely\u00e4<\/p>\n<p data-start=\"460\" data-end=\"507\">\ud83e\uddff Toimii ovissa, kaapeissa, riippulukoissa ja muualla<\/p>\n<p data-start=\"510\" data-end=\"559\">\ud83d\udce6 Tulee t\u00e4ydellisen\u00e4 12-osainen setti kaikkiin avaimiin types<\/p>\n<p data-start=\"510\" data-end=\"559\"><img decoding=\"async\" class=\"size-full wp-image-26340 aligncenter\" src=\"https:\/\/keluvo.com\/template\/wp-content\/uploads\/sites\/5\/2025\/07\/9104e8de3656dc62a895ba248f9def97-1.jpg\" alt=\"\" \/><\/p>\n<h2 style=\"text-align: center\" data-start=\"561\" data-end=\"580\">\ud83d\udee0\ufe0f K\u00e4ytt\u00f6ohje<\/h2>\n<ol data-start=\"581\" data-end=\"718\">\n<li data-start=\"581\" data-end=\"626\">\n<p data-start=\"584\" data-end=\"626\">Valitse oikea koukun muoto lukkoosi.<\/p>\n<\/li>\n<li data-start=\"627\" data-end=\"681\">\n<p data-start=\"630\" data-end=\"681\">Ty\u00f6nn\u00e4 se avaimenreik\u00e4\u00e4n ja koukista rikkin\u00e4inen avain.<\/p>\n<\/li>\n<li data-start=\"682\" data-end=\"718\">\n<p data-start=\"685\" data-end=\"718\">Ved\u00e4 rikkin\u00e4inen osa varovasti ulos.<\/p>\n<\/li>\n<\/ol>\n<h2 style=\"text-align: center\" data-start=\"720\" data-end=\"743\">\ud83d\udcd0 Tuotetiedot<\/h2>\n<ul data-start=\"744\" data-end=\"902\">\n<li data-start=\"744\" data-end=\"788\">\n<p data-start=\"746\" data-end=\"788\">Tarvike sis\u00e4lt\u00e4\u00e4 12 erilaista tarkkuuskoukkuty\u00f6kalua<\/p>\n<\/li>\n<li data-start=\"789\" data-end=\"825\">\n<p data-start=\"791\" data-end=\"825\">Valmistettu lujatekoisesta rautaseoksesta<\/p>\n<\/li>\n<li data-start=\"826\" data-end=\"863\">\n<p data-start=\"828\" data-end=\"863\">Liukumattomat k\u00e4densijat parempaan hallintaan<\/p>\n<\/li>\n<li data-start=\"864\" data-end=\"902\">\n<p data-start=\"866\" data-end=\"902\">Kompakti ja kannettava h\u00e4t\u00e4tilanteita varten<\/p>\n<\/li>\n<\/ul>\n<h2 style=\"text-align: center\" data-start=\"904\" data-end=\"928\">\ud83d\udce6 Pakkaus Sis\u00e4lt\u00e4\u00e4<\/h2>\n<ul data-start=\"929\" data-end=\"975\">\n<li data-start=\"929\" data-end=\"975\">\n<p data-start=\"931\" data-end=\"975\">1x avainten irrotussarjan.<\/p>\n<\/li>\n<\/ul>\n","protected":false},"excerpt":{"rendered":"<p>\ud83d\udd11 Avain Jumissa Lukossa? T\u00e4ll\u00e4 Ty\u00f6kalulla Saat Sen Irti Sekunneissa! Rikkin\u00e4isen avaimen irrotussarjan avulla irrotat turvallisesti ja helposti katkenneen tai [&hellip;]<\/p>\n","protected":false},"featured_media":11856,"comment_status":"open","ping_status":"closed","template":"","meta":{"site-sidebar-layout":"default","site-content-layout":"","ast-site-content-layout":"default","site-content-style":"default","site-sidebar-style":"default","ast-global-header-display":"","ast-banner-title-visibility":"","ast-main-header-display":"","ast-hfb-above-header-display":"","ast-hfb-below-header-display":"","ast-hfb-mobile-header-display":"","site-post-title":"","ast-breadcrumbs-content":"","ast-featured-img":"","footer-sml-layout":"","theme-transparent-header-meta":"default","adv-header-id-meta":"","stick-header-meta":"","header-above-stick-meta":"","header-main-stick-meta":"","header-below-stick-meta":"","astra-migrate-meta-layouts":"set","ast-page-background-enabled":"default","ast-page-background-meta":{"desktop":{"background-color":"var(--ast-global-color-4)","background-image":"","background-repeat":"repeat","background-position":"center center","background-size":"auto","background-attachment":"scroll","background-type":"","background-media":"","overlay-type":"","overlay-color":"","overlay-opacity":"","overlay-gradient":""},"tablet":{"background-color":"","background-image":"","background-repeat":"repeat","background-position":"center center","background-size":"auto","background-attachment":"scroll","background-type":"","background-media":"","overlay-type":"","overlay-color":"","overlay-opacity":"","overlay-gradient":""},"mobile":{"background-color":"","background-image":"","background-repeat":"repeat","background-position":"center center","background-size":"auto","background-attachment":"scroll","background-type":"","background-media":"","overlay-type":"","overlay-color":"","overlay-opacity":"","overlay-gradient":""}},"ast-content-background-meta":{"desktop":{"background-color":"var(--ast-global-color-5)","background-image":"","background-repeat":"repeat","background-position":"center center","background-size":"auto","background-attachment":"scroll","background-type":"","background-media":"","overlay-type":"","overlay-color":"","overlay-opacity":"","overlay-gradient":""},"tablet":{"background-color":"var(--ast-global-color-5)","background-image":"","background-repeat":"repeat","background-position":"center center","background-size":"auto","background-attachment":"scroll","background-type":"","background-media":"","overlay-type":"","overlay-color":"","overlay-opacity":"","overlay-gradient":""},"mobile":{"background-color":"var(--ast-global-color-5)","background-image":"","background-repeat":"repeat","background-position":"center center","background-size":"auto","background-attachment":"scroll","background-type":"","background-media":"","overlay-type":"","overlay-color":"","overlay-opacity":"","overlay-gradient":""}}},"product_brand":[],"product_cat":[1001,996],"product_tag":[],"class_list":{"0":"post-11860","1":"product","2":"type-product","3":"status-publish","4":"has-post-thumbnail","6":"product_cat-household-goods","7":"product_cat-tools","8":"desktop-align-left","9":"tablet-align-left","10":"mobile-align-left","12":"first","13":"instock","14":"shipping-taxable","15":"purchasable","16":"product-type-simple"},"_links":{"self":[{"href":"https:\/\/keluvo.com\/fi\/wp-json\/wp\/v2\/product\/11860","targetHints":{"allow":["GET"]}}],"collection":[{"href":"https:\/\/keluvo.com\/fi\/wp-json\/wp\/v2\/product"}],"about":[{"href":"https:\/\/keluvo.com\/fi\/wp-json\/wp\/v2\/types\/product"}],"replies":[{"embeddable":true,"href":"https:\/\/keluvo.com\/fi\/wp-json\/wp\/v2\/comments?post=11860"}],"wp:featuredmedia":[{"embeddable":true,"href":"https:\/\/keluvo.com\/fi\/wp-json\/wp\/v2\/media\/11856"}],"wp:attachment":[{"href":"https:\/\/keluvo.com\/fi\/wp-json\/wp\/v2\/media?parent=11860"}],"wp:term":[{"taxonomy":"product_brand","embeddable":true,"href":"https:\/\/keluvo.com\/fi\/wp-json\/wp\/v2\/product_brand?post=11860"},{"taxonomy":"product_cat","embeddable":true,"href":"https:\/\/keluvo.com\/fi\/wp-json\/wp\/v2\/product_cat?post=11860"},{"taxonomy":"product_tag","embeddable":true,"href":"https:\/\/keluvo.com\/fi\/wp-json\/wp\/v2\/product_tag?post=11860"}],"curies":[{"name":"wp","href":"https:\/\/api.w.org\/{rel}","templated":true}]}}