{"id":11803,"date":"2025-09-15T12:15:03","date_gmt":"2025-09-15T09:15:03","guid":{"rendered":"https:\/\/keluvo.com\/fi\/product\/silmalasien-kahvat\/"},"modified":"2025-09-30T11:18:01","modified_gmt":"2025-09-30T08:18:01","slug":"silmalasien-kahvat","status":"publish","type":"product","link":"https:\/\/keluvo.com\/fi\/product\/silmalasien-kahvat\/","title":{"rendered":"Silm\u00e4lasien kahvat"},"content":{"rendered":"<p style=\"text-align: center\" data-start=\"73\" data-end=\"240\"><strong>\ud83d\udc53 Lopeta Silm\u00e4lasien Liukuminen Alas Nen\u00e4st\u00e4si!<\/strong><\/p>\n<p style=\"text-align: center\" data-start=\"73\" data-end=\"240\">N\u00e4m\u00e4 pehme\u00e4t lasikahvat pit\u00e4v\u00e4t silm\u00e4lasit mukavasti paikoillaan &#8211; ei en\u00e4\u00e4 lasien s\u00e4\u00e4t\u00e4mist\u00e4, liukumista tai putoamista. T\u00e4ydellinen urheiluun, ty\u00f6h\u00f6n tai jokap\u00e4iv\u00e4iseen k\u00e4ytt\u00f6\u00f6n!<\/p>\n<p data-start=\"73\" data-end=\"240\"><img fetchpriority=\"high\" decoding=\"async\" class=\" wp-image-25993 aligncenter\" src=\"https:\/\/keluvo.com\/template\/wp-content\/uploads\/sites\/5\/2025\/07\/0111011_480x480.webp\" alt=\"\" width=\"450\" height=\"450\" \/><\/p>\n<h2 style=\"text-align: center\" data-start=\"287\" data-end=\"308\">\u2728 T\u00e4rkeimm\u00e4t Edut<\/h2>\n<p data-start=\"311\" data-end=\"353\">\ud83e\uddf2 Turvallinen luistamaton pito korvien takana<\/p>\n<p data-start=\"356\" data-end=\"403\">\ud83d\ude0c Pehme\u00e4 silikonimateriaali takaa mukavuuden koko p\u00e4iv\u00e4ksi<\/p>\n<p data-start=\"406\" data-end=\"449\">\ud83d\udd76 Sopii useimpiin silm\u00e4laseihin ja aurinkolaseihin frames<\/p>\n<p data-start=\"452\" data-end=\"505\">\ud83c\udfc3\u200d\u2642\ufe0f Loistava aktiivik\u00e4ytt\u00f6\u00f6n &#8211; juoksuun, py\u00f6r\u00e4ilyyn tai kuntosalille<\/p>\n<p data-start=\"508\" data-end=\"556\">\ud83d\udc40 Huomaamaton muotoilu, l\u00e4hes n\u00e4kym\u00e4t\u00f6n, kun sit\u00e4 k\u00e4ytet\u00e4\u00e4n<\/p>\n<p data-start=\"508\" data-end=\"556\"><img decoding=\"async\" class=\" wp-image-25992 aligncenter\" src=\"https:\/\/keluvo.com\/template\/wp-content\/uploads\/sites\/5\/2025\/07\/03333_480x480.webp\" alt=\"\" width=\"451\" height=\"451\" \/><\/p>\n<h2 style=\"text-align: center\" data-start=\"558\" data-end=\"577\">\ud83d\udd27 K\u00e4ytt\u00f6ohjeet<\/h2>\n<ol data-start=\"578\" data-end=\"733\">\n<li data-start=\"578\" data-end=\"629\">\n<p data-start=\"581\" data-end=\"629\">Siirr\u00e4 pidikkeet silm\u00e4lasien molempiin varsiin.<\/p>\n<\/li>\n<li data-start=\"630\" data-end=\"678\">\n<p data-start=\"633\" data-end=\"678\">S\u00e4\u00e4d\u00e4 niin, ett\u00e4 ne istuvat mukavasti korviesi takana.<\/p>\n<\/li>\n<li data-start=\"679\" data-end=\"733\">\n<p data-start=\"682\" data-end=\"733\">K\u00e4yt\u00e4 laseja koko p\u00e4iv\u00e4n &#8211; ei liukastumista taatusti!<\/p>\n<\/li>\n<\/ol>\n<h2 style=\"text-align: center\" data-start=\"735\" data-end=\"759\">\ud83d\udccf Tuotetiedot<\/h2>\n<ul data-start=\"760\" data-end=\"900\">\n<li data-start=\"760\" data-end=\"801\">\n<p data-start=\"762\" data-end=\"801\">Materiaali: Joustava liukastumista est\u00e4v\u00e4 silikoni<\/p>\n<\/li>\n<li data-start=\"802\" data-end=\"833\">\n<p data-start=\"804\" data-end=\"833\">Sopii jopa 12mm leveisiin kehyksiin<\/p>\n<\/li>\n<li data-start=\"867\" data-end=\"900\">\n<p data-start=\"869\" data-end=\"900\">Eritt\u00e4in kevyt ja kest\u00e4v\u00e4<\/p>\n<\/li>\n<\/ul>\n<h2 style=\"text-align: center\" data-start=\"902\" data-end=\"927\">\ud83d\udce6 Pakkaus Sis\u00e4lt\u00e4\u00e4<\/h2>\n<ul data-start=\"928\" data-end=\"964\">\n<li style=\"list-style-type: none\">\n<ul data-start=\"928\" data-end=\"964\">\n<li data-start=\"928\" data-end=\"964\">\n<p data-start=\"930\" data-end=\"964\">1, 2, 3x paria silm\u00e4lasikahvoja.<\/p>\n<\/li>\n<\/ul>\n<\/li>\n<\/ul>\n","protected":false},"excerpt":{"rendered":"<p>\ud83d\udc53 Lopeta Silm\u00e4lasien Liukuminen Alas Nen\u00e4st\u00e4si! N\u00e4m\u00e4 pehme\u00e4t lasikahvat pit\u00e4v\u00e4t silm\u00e4lasit mukavasti paikoillaan &#8211; ei en\u00e4\u00e4 lasien s\u00e4\u00e4t\u00e4mist\u00e4, liukumista tai [&hellip;]<\/p>\n","protected":false},"featured_media":11799,"comment_status":"open","ping_status":"closed","template":"","meta":{"site-sidebar-layout":"default","site-content-layout":"","ast-site-content-layout":"default","site-content-style":"default","site-sidebar-style":"default","ast-global-header-display":"","ast-banner-title-visibility":"","ast-main-header-display":"","ast-hfb-above-header-display":"","ast-hfb-below-header-display":"","ast-hfb-mobile-header-display":"","site-post-title":"","ast-breadcrumbs-content":"","ast-featured-img":"","footer-sml-layout":"","theme-transparent-header-meta":"default","adv-header-id-meta":"","stick-header-meta":"","header-above-stick-meta":"","header-main-stick-meta":"","header-below-stick-meta":"","astra-migrate-meta-layouts":"set","ast-page-background-enabled":"default","ast-page-background-meta":{"desktop":{"background-color":"var(--ast-global-color-4)","background-image":"","background-repeat":"repeat","background-position":"center center","background-size":"auto","background-attachment":"scroll","background-type":"","background-media":"","overlay-type":"","overlay-color":"","overlay-opacity":"","overlay-gradient":""},"tablet":{"background-color":"","background-image":"","background-repeat":"repeat","background-position":"center center","background-size":"auto","background-attachment":"scroll","background-type":"","background-media":"","overlay-type":"","overlay-color":"","overlay-opacity":"","overlay-gradient":""},"mobile":{"background-color":"","background-image":"","background-repeat":"repeat","background-position":"center center","background-size":"auto","background-attachment":"scroll","background-type":"","background-media":"","overlay-type":"","overlay-color":"","overlay-opacity":"","overlay-gradient":""}},"ast-content-background-meta":{"desktop":{"background-color":"var(--ast-global-color-5)","background-image":"","background-repeat":"repeat","background-position":"center center","background-size":"auto","background-attachment":"scroll","background-type":"","background-media":"","overlay-type":"","overlay-color":"","overlay-opacity":"","overlay-gradient":""},"tablet":{"background-color":"var(--ast-global-color-5)","background-image":"","background-repeat":"repeat","background-position":"center center","background-size":"auto","background-attachment":"scroll","background-type":"","background-media":"","overlay-type":"","overlay-color":"","overlay-opacity":"","overlay-gradient":""},"mobile":{"background-color":"var(--ast-global-color-5)","background-image":"","background-repeat":"repeat","background-position":"center center","background-size":"auto","background-attachment":"scroll","background-type":"","background-media":"","overlay-type":"","overlay-color":"","overlay-opacity":"","overlay-gradient":""}}},"product_brand":[],"product_cat":[993],"product_tag":[],"class_list":{"0":"post-11803","1":"product","2":"type-product","3":"status-publish","4":"has-post-thumbnail","6":"product_cat-footwear-accessories","7":"pa_33506_ggwe9ocj-laivastonsininen","8":"pa_33506_ggwe9ocj-lapinakyva","9":"pa_33506_ggwe9ocj-musta","10":"pa_33506_ggwe9ocj-punainen","11":"pa_33506_ggwe9ocj-ruskea","12":"pa_33506_ggwe9ocj-taivaansininen","13":"pa_33506_ggwe9ocj-vihrea","14":"pa_33506_ggwe9ocj-violetti","15":"pa_33506_ps03clmx-1-pari","16":"pa_33506_ps03clmx-2-paria","17":"pa_33506_ps03clmx-3-paria","18":"desktop-align-left","19":"tablet-align-left","20":"mobile-align-left","22":"first","23":"instock","24":"shipping-taxable","25":"purchasable","26":"product-type-variable","27":"has-default-attributes"},"_links":{"self":[{"href":"https:\/\/keluvo.com\/fi\/wp-json\/wp\/v2\/product\/11803","targetHints":{"allow":["GET"]}}],"collection":[{"href":"https:\/\/keluvo.com\/fi\/wp-json\/wp\/v2\/product"}],"about":[{"href":"https:\/\/keluvo.com\/fi\/wp-json\/wp\/v2\/types\/product"}],"replies":[{"embeddable":true,"href":"https:\/\/keluvo.com\/fi\/wp-json\/wp\/v2\/comments?post=11803"}],"wp:featuredmedia":[{"embeddable":true,"href":"https:\/\/keluvo.com\/fi\/wp-json\/wp\/v2\/media\/11799"}],"wp:attachment":[{"href":"https:\/\/keluvo.com\/fi\/wp-json\/wp\/v2\/media?parent=11803"}],"wp:term":[{"taxonomy":"product_brand","embeddable":true,"href":"https:\/\/keluvo.com\/fi\/wp-json\/wp\/v2\/product_brand?post=11803"},{"taxonomy":"product_cat","embeddable":true,"href":"https:\/\/keluvo.com\/fi\/wp-json\/wp\/v2\/product_cat?post=11803"},{"taxonomy":"product_tag","embeddable":true,"href":"https:\/\/keluvo.com\/fi\/wp-json\/wp\/v2\/product_tag?post=11803"}],"curies":[{"name":"wp","href":"https:\/\/api.w.org\/{rel}","templated":true}]}}