{"id":11760,"date":"2025-09-15T12:09:58","date_gmt":"2025-09-15T09:09:58","guid":{"rendered":"https:\/\/keluvo.com\/fi\/product\/kirjonta-setti\/"},"modified":"2025-09-22T18:54:50","modified_gmt":"2025-09-22T15:54:50","slug":"kirjonta-setti","status":"publish","type":"product","link":"https:\/\/keluvo.com\/fi\/product\/kirjonta-setti\/","title":{"rendered":"Kirjonta setti"},"content":{"rendered":"<h2 style=\"text-align: center\">Her\u00e4t\u00e4 luovuutesi henkiin &#8211; yksi ommel kerrallaan! \ud83e\uddf5\ud83c\udf3c<\/h2>\n<p style=\"text-align: center\">T\u00e4m\u00e4n k\u00e4sinkirjonta-setin avulla niin aloittelijoiden kuin ammattilaistenkin on helppo luoda kauniita, persoonallisia malleja vaatteisiin, laukkuihin ja muuhun. Korjaatpa sitten vanhoja farkkuja tai lis\u00e4\u00e4t vieh\u00e4tyst\u00e4 lahjoihin, se on t\u00e4ydellinen DIY-ty\u00f6kalu rentoutumiseen ja luovuuteen!<\/p>\n<p><img fetchpriority=\"high\" decoding=\"async\" class=\"alignnone wp-image-24773 aligncenter\" src=\"https:\/\/keluvo.com\/template\/wp-content\/uploads\/sites\/5\/2025\/06\/e6a0ed90-7643-4b01-bb51-b8e7e60418a8-ezgif.com-video-to-webp-converter.webp\" alt=\"\" width=\"498\" height=\"498\" \/><\/p>\n<h2 style=\"text-align: center\">T\u00e4rkeimm\u00e4t edut \u2728<\/h2>\n<p>\ud83e\uddf7 Helppo k\u00e4ytt\u00e4\u00e4-kuori, liimaa ja ompele<\/p>\n<p>\ud83c\udfa8 Sis\u00e4lt\u00e4\u00e4 runsaita kuvioita ja kukkakuvioita<\/p>\n<p>\ud83d\udc55 Sopii erinomaisesti vanhojen vaatteiden kierr\u00e4tt\u00e4miseen tai lahjojen muokkaamiseen<\/p>\n<p>\ud83d\udca1 Peseytyy pois ompelun j\u00e4lkeen, j\u00e4tt\u00e4en j\u00e4ljelle vain suunnittelemasi kuvion<\/p>\n<p>\ud83d\udc4c T\u00e4ydellinen kaikille taitotasoille &#8211; kokemusta ei tarvita<\/p>\n<p><img decoding=\"async\" class=\"alignnone size-full wp-image-24785 aligncenter\" src=\"https:\/\/keluvo.com\/template\/wp-content\/uploads\/sites\/5\/2025\/06\/c59efde7-835f-4cb3-beb4-7d5128b05165.webp\" alt=\"\" \/><\/p>\n<h2 style=\"text-align: center\">Miten k\u00e4ytt\u00e4\u00e4 \ud83e\udea1<\/h2>\n<ol>\n<li>Leikkaa kuvio ja kuori taustalevy pois<\/li>\n<li>Tarraa se haluamallesi kankaalle<\/li>\n<li>Ompele kuvion p\u00e4\u00e4lle viivoja noudattaen<\/li>\n<li>Huuhtele l\u00e4mpim\u00e4ll\u00e4 vedell\u00e4 ja paljasta lopullinen ulkoasu!<\/li>\n<\/ol>\n<p><img decoding=\"async\" class=\"alignnone size-full wp-image-24784 aligncenter\" src=\"https:\/\/keluvo.com\/template\/wp-content\/uploads\/sites\/5\/2025\/06\/df54e7be-3352-4e82-b649-1af977acaeab.webp\" alt=\"\" \/><\/p>\n<h2 style=\"text-align: center\">Tuotetiedot \ud83d\udccb<\/h2>\n<ul>\n<li>Sis\u00e4lt\u00e4\u00e4 siirrett\u00e4vi\u00e4 kukka- ja luontoaiheisia kuvioita<\/li>\n<li>Materiaali: liukeneva stabilointiaine puhtaaseen ja tasaiseen lopputulokseen<\/li>\n<\/ul>\n<h2 style=\"text-align: center\">Pakkaus sis\u00e4lt\u00e4\u00e4 \ud83d\udce6<\/h2>\n<ul>\n<li>1x k\u00e4sinkiristyssetti (ei sis\u00e4ll\u00e4 ty\u00f6kaluja).<\/li>\n<\/ul>\n","protected":false},"excerpt":{"rendered":"<p>Her\u00e4t\u00e4 luovuutesi henkiin &#8211; yksi ommel kerrallaan! \ud83e\uddf5\ud83c\udf3c T\u00e4m\u00e4n k\u00e4sinkirjonta-setin avulla niin aloittelijoiden kuin ammattilaistenkin on helppo luoda kauniita, persoonallisia [&hellip;]<\/p>\n","protected":false},"featured_media":11756,"comment_status":"open","ping_status":"closed","template":"","meta":{"site-sidebar-layout":"default","site-content-layout":"","ast-site-content-layout":"default","site-content-style":"default","site-sidebar-style":"default","ast-global-header-display":"","ast-banner-title-visibility":"","ast-main-header-display":"","ast-hfb-above-header-display":"","ast-hfb-below-header-display":"","ast-hfb-mobile-header-display":"","site-post-title":"","ast-breadcrumbs-content":"","ast-featured-img":"","footer-sml-layout":"","theme-transparent-header-meta":"default","adv-header-id-meta":"","stick-header-meta":"","header-above-stick-meta":"","header-main-stick-meta":"","header-below-stick-meta":"","astra-migrate-meta-layouts":"set","ast-page-background-enabled":"default","ast-page-background-meta":{"desktop":{"background-color":"var(--ast-global-color-4)","background-image":"","background-repeat":"repeat","background-position":"center center","background-size":"auto","background-attachment":"scroll","background-type":"","background-media":"","overlay-type":"","overlay-color":"","overlay-opacity":"","overlay-gradient":""},"tablet":{"background-color":"","background-image":"","background-repeat":"repeat","background-position":"center center","background-size":"auto","background-attachment":"scroll","background-type":"","background-media":"","overlay-type":"","overlay-color":"","overlay-opacity":"","overlay-gradient":""},"mobile":{"background-color":"","background-image":"","background-repeat":"repeat","background-position":"center center","background-size":"auto","background-attachment":"scroll","background-type":"","background-media":"","overlay-type":"","overlay-color":"","overlay-opacity":"","overlay-gradient":""}},"ast-content-background-meta":{"desktop":{"background-color":"var(--ast-global-color-5)","background-image":"","background-repeat":"repeat","background-position":"center center","background-size":"auto","background-attachment":"scroll","background-type":"","background-media":"","overlay-type":"","overlay-color":"","overlay-opacity":"","overlay-gradient":""},"tablet":{"background-color":"var(--ast-global-color-5)","background-image":"","background-repeat":"repeat","background-position":"center center","background-size":"auto","background-attachment":"scroll","background-type":"","background-media":"","overlay-type":"","overlay-color":"","overlay-opacity":"","overlay-gradient":""},"mobile":{"background-color":"var(--ast-global-color-5)","background-image":"","background-repeat":"repeat","background-position":"center center","background-size":"auto","background-attachment":"scroll","background-type":"","background-media":"","overlay-type":"","overlay-color":"","overlay-opacity":"","overlay-gradient":""}}},"product_brand":[],"product_cat":[1001],"product_tag":[],"class_list":{"0":"post-11760","1":"product","2":"type-product","3":"status-publish","4":"has-post-thumbnail","6":"product_cat-household-goods","7":"pa_37618_5edt02or-a","8":"pa_37618_5edt02or-b","9":"pa_37618_5edt02or-c","10":"pa_37618_5edt02or-d","11":"pa_37618_5edt02or-e","12":"desktop-align-left","13":"tablet-align-left","14":"mobile-align-left","16":"first","17":"instock","18":"shipping-taxable","19":"purchasable","20":"product-type-variable"},"_links":{"self":[{"href":"https:\/\/keluvo.com\/fi\/wp-json\/wp\/v2\/product\/11760","targetHints":{"allow":["GET"]}}],"collection":[{"href":"https:\/\/keluvo.com\/fi\/wp-json\/wp\/v2\/product"}],"about":[{"href":"https:\/\/keluvo.com\/fi\/wp-json\/wp\/v2\/types\/product"}],"replies":[{"embeddable":true,"href":"https:\/\/keluvo.com\/fi\/wp-json\/wp\/v2\/comments?post=11760"}],"wp:featuredmedia":[{"embeddable":true,"href":"https:\/\/keluvo.com\/fi\/wp-json\/wp\/v2\/media\/11756"}],"wp:attachment":[{"href":"https:\/\/keluvo.com\/fi\/wp-json\/wp\/v2\/media?parent=11760"}],"wp:term":[{"taxonomy":"product_brand","embeddable":true,"href":"https:\/\/keluvo.com\/fi\/wp-json\/wp\/v2\/product_brand?post=11760"},{"taxonomy":"product_cat","embeddable":true,"href":"https:\/\/keluvo.com\/fi\/wp-json\/wp\/v2\/product_cat?post=11760"},{"taxonomy":"product_tag","embeddable":true,"href":"https:\/\/keluvo.com\/fi\/wp-json\/wp\/v2\/product_tag?post=11760"}],"curies":[{"name":"wp","href":"https:\/\/api.w.org\/{rel}","templated":true}]}}