{"id":11751,"date":"2025-09-15T12:09:13","date_gmt":"2025-09-15T09:09:13","guid":{"rendered":"https:\/\/keluvo.com\/fi\/product\/virityshaarukka\/"},"modified":"2025-09-22T18:55:24","modified_gmt":"2025-09-22T15:55:24","slug":"virityshaarukka","status":"publish","type":"product","link":"https:\/\/keluvo.com\/fi\/product\/virityshaarukka\/","title":{"rendered":"Virityshaarukka"},"content":{"rendered":"<p style=\"text-align: center\"><strong>\u2728 Tunne paranemisen taajuus t\u00e4m\u00e4n 128 Hz:n parantavan instrumentin avulla!<\/strong><\/p>\n<p style=\"text-align: center\">T\u00e4m\u00e4 helppok\u00e4ytt\u00f6inen virityshaarukka on suunniteltu auttamaan kehosi rentoutumisessa, parantamaan verenkiertoa ja v\u00e4hent\u00e4m\u00e4\u00e4n lihasj\u00e4nnityst\u00e4 &#8211; kaikki lempeiden \u00e4\u00e4niv\u00e4r\u00e4htelyjen avulla. Olitpa sitten kipe\u00e4, stressaantunut tai kaipaat vain hetken rauhaa, t\u00e4m\u00e4 ty\u00f6kalu sopii t\u00e4ydellisesti itsehoitoon kotona.<\/p>\n<p><img fetchpriority=\"high\" decoding=\"async\" class=\"alignnone wp-image-24700 aligncenter\" src=\"https:\/\/keluvo.com\/template\/wp-content\/uploads\/sites\/5\/2025\/06\/128-.gif\" alt=\"\" width=\"481\" height=\"481\" \/><\/p>\n<h2 style=\"text-align: center\">\ud83c\udf1f T\u00e4rkeimm\u00e4t Hy\u00f6dyt<\/h2>\n<p>\ud83c\udfb5 Toimittaa rentouttavia 128 hz:n \u00e4\u00e4niaaltoja suoraan osoitteeseen body<\/p>\n<p>\ud83d\udc86\u200d\u2640\ufe0f Auttaa v\u00e4hent\u00e4m\u00e4\u00e4n kipua, j\u00e4ykkyytt\u00e4 ja inflammation<\/p>\n<p>\ud83e\uddd8\u200d\u2642\ufe0f Edist\u00e4\u00e4 syv\u00e4\u00e4 rentoutumista ja stressin lievitt\u00e4mist\u00e4<\/p>\n<p>\ud83e\ude7a Tukee kehosi luonnollista paranemisprosessia<\/p>\n<p>\ud83d\udc42 Voi jopa auttaa korvan- ja kuulohoidossa<\/p>\n<p><img decoding=\"async\" class=\"size-full wp-image-24701\" src=\"https:\/\/keluvo.com\/template\/wp-content\/uploads\/sites\/5\/2025\/06\/Healing-instrument-cetvrta-slika.jpg\" alt=\"\" \/><\/p>\n<h2 style=\"text-align: center\">\u2705 K\u00e4ytt\u00f6ohjeet<\/h2>\n<ol>\n<li>Iske virityshaarukkaa varovasti kumisella aktivaattorilla.<\/li>\n<li>Aseta v\u00e4r\u00e4htelev\u00e4 haarukka alueelle, jonka haluat parantaa tai rentouttaa.<\/li>\n<li>30-60 sekuntia. Toista tarpeen mukaan.<\/li>\n<\/ol>\n<p><img decoding=\"async\" class=\"size-full wp-image-24699\" src=\"https:\/\/keluvo.com\/template\/wp-content\/uploads\/sites\/5\/2025\/06\/Healing-instrument-zadnja-slika.jpg\" alt=\"\" \/><\/p>\n<h2 style=\"text-align: center\">\ud83d\udce6 Tuotetiedot<\/h2>\n<ul>\n<li>Taajuus: 128 hz<\/li>\n<li>Pakkaus sis\u00e4lt\u00e4\u00e4: alumiininen virityshaarukka, kuminen aktivaattori, s\u00e4ilytyspussi<\/li>\n<li>Kest\u00e4v\u00e4 ja kevyt &#8211; t\u00e4ydellinen koti- tai matkak\u00e4ytt\u00f6\u00f6n<\/li>\n<\/ul>\n<h2 style=\"text-align: center\">\ud83d\udcec Pakkaus Sis\u00e4lt\u00e4\u00e4<\/h2>\n<ul>\n<li>1x 128 hz:n virityshaarukka<\/li>\n<li>1x kuminen ly\u00f6j\u00e4<\/li>\n<li>1x suojapussi<\/li>\n<\/ul>\n","protected":false},"excerpt":{"rendered":"<p>\u2728 Tunne paranemisen taajuus t\u00e4m\u00e4n 128 Hz:n parantavan instrumentin avulla! T\u00e4m\u00e4 helppok\u00e4ytt\u00f6inen virityshaarukka on suunniteltu auttamaan kehosi rentoutumisessa, parantamaan verenkiertoa [&hellip;]<\/p>\n","protected":false},"featured_media":11747,"comment_status":"open","ping_status":"closed","template":"","meta":{"site-sidebar-layout":"default","site-content-layout":"","ast-site-content-layout":"default","site-content-style":"default","site-sidebar-style":"default","ast-global-header-display":"","ast-banner-title-visibility":"","ast-main-header-display":"","ast-hfb-above-header-display":"","ast-hfb-below-header-display":"","ast-hfb-mobile-header-display":"","site-post-title":"","ast-breadcrumbs-content":"","ast-featured-img":"","footer-sml-layout":"","theme-transparent-header-meta":"default","adv-header-id-meta":"","stick-header-meta":"","header-above-stick-meta":"","header-main-stick-meta":"","header-below-stick-meta":"","astra-migrate-meta-layouts":"set","ast-page-background-enabled":"default","ast-page-background-meta":{"desktop":{"background-color":"var(--ast-global-color-4)","background-image":"","background-repeat":"repeat","background-position":"center center","background-size":"auto","background-attachment":"scroll","background-type":"","background-media":"","overlay-type":"","overlay-color":"","overlay-opacity":"","overlay-gradient":""},"tablet":{"background-color":"","background-image":"","background-repeat":"repeat","background-position":"center center","background-size":"auto","background-attachment":"scroll","background-type":"","background-media":"","overlay-type":"","overlay-color":"","overlay-opacity":"","overlay-gradient":""},"mobile":{"background-color":"","background-image":"","background-repeat":"repeat","background-position":"center center","background-size":"auto","background-attachment":"scroll","background-type":"","background-media":"","overlay-type":"","overlay-color":"","overlay-opacity":"","overlay-gradient":""}},"ast-content-background-meta":{"desktop":{"background-color":"var(--ast-global-color-5)","background-image":"","background-repeat":"repeat","background-position":"center center","background-size":"auto","background-attachment":"scroll","background-type":"","background-media":"","overlay-type":"","overlay-color":"","overlay-opacity":"","overlay-gradient":""},"tablet":{"background-color":"var(--ast-global-color-5)","background-image":"","background-repeat":"repeat","background-position":"center center","background-size":"auto","background-attachment":"scroll","background-type":"","background-media":"","overlay-type":"","overlay-color":"","overlay-opacity":"","overlay-gradient":""},"mobile":{"background-color":"var(--ast-global-color-5)","background-image":"","background-repeat":"repeat","background-position":"center center","background-size":"auto","background-attachment":"scroll","background-type":"","background-media":"","overlay-type":"","overlay-color":"","overlay-opacity":"","overlay-gradient":""}}},"product_brand":[],"product_cat":[991],"product_tag":[],"class_list":{"0":"post-11751","1":"product","2":"type-product","3":"status-publish","4":"has-post-thumbnail","6":"product_cat-health-care-supplies","7":"desktop-align-left","8":"tablet-align-left","9":"mobile-align-left","11":"first","12":"instock","13":"shipping-taxable","14":"purchasable","15":"product-type-simple"},"_links":{"self":[{"href":"https:\/\/keluvo.com\/fi\/wp-json\/wp\/v2\/product\/11751","targetHints":{"allow":["GET"]}}],"collection":[{"href":"https:\/\/keluvo.com\/fi\/wp-json\/wp\/v2\/product"}],"about":[{"href":"https:\/\/keluvo.com\/fi\/wp-json\/wp\/v2\/types\/product"}],"replies":[{"embeddable":true,"href":"https:\/\/keluvo.com\/fi\/wp-json\/wp\/v2\/comments?post=11751"}],"wp:featuredmedia":[{"embeddable":true,"href":"https:\/\/keluvo.com\/fi\/wp-json\/wp\/v2\/media\/11747"}],"wp:attachment":[{"href":"https:\/\/keluvo.com\/fi\/wp-json\/wp\/v2\/media?parent=11751"}],"wp:term":[{"taxonomy":"product_brand","embeddable":true,"href":"https:\/\/keluvo.com\/fi\/wp-json\/wp\/v2\/product_brand?post=11751"},{"taxonomy":"product_cat","embeddable":true,"href":"https:\/\/keluvo.com\/fi\/wp-json\/wp\/v2\/product_cat?post=11751"},{"taxonomy":"product_tag","embeddable":true,"href":"https:\/\/keluvo.com\/fi\/wp-json\/wp\/v2\/product_tag?post=11751"}],"curies":[{"name":"wp","href":"https:\/\/api.w.org\/{rel}","templated":true}]}}