{"id":11556,"date":"2025-09-11T17:28:00","date_gmt":"2025-09-11T14:28:00","guid":{"rendered":"https:\/\/keluvo.com\/fi\/product\/jousituksen-erotustyokalu\/"},"modified":"2025-09-15T17:30:25","modified_gmt":"2025-09-15T14:30:25","slug":"jousituksen-erotustyokalu","status":"publish","type":"product","link":"https:\/\/keluvo.com\/fi\/product\/jousituksen-erotustyokalu\/","title":{"rendered":"Jousituksen erotusty\u00f6kalu"},"content":{"rendered":"<p style=\"text-align: center\"><b>\ud83d\udee0 Vahva apuri helppoon jousijousity\u00f6h\u00f6n \ud83d\udcaa\ud83c\udffb<\/b><\/p>\n<p style=\"text-align: center\"><span style=\"font-weight: 400\">T\u00e4m\u00e4 ty\u00f6kalu auttaa sinua irrottamaan ja asentamaan jousijouset irrottamatta napaa. S\u00e4\u00e4st\u00e4\u00e4 aikaa, vaivaa ja vaivaa.<\/span><\/p>\n<p><img decoding=\"async\" class=\"size-full wp-image-15740 aligncenter\" src=\"https:\/\/keluvo.com\/template\/wp-content\/uploads\/sites\/5\/2025\/01\/suspension-ezgif.com-video-to-webp-converter.webp\" alt=\"\" \/><\/p>\n<h2 style=\"text-align: center\">Pit\u00e4\u00e4 Jousitusnavat Auki Helppoa Ty\u00f6skentely\u00e4 Varten<\/h2>\n<p><span style=\"font-weight: 400\">\u2714 Kaksip\u00e4inen &#8211; toimii yl\u00e4- ja alanavojen kanssa<\/span><\/p>\n<p><span style=\"font-weight: 400\"> \u2714 Vahva ter\u00e4srakenne &#8211; sitke\u00e4 ja pitk\u00e4ik\u00e4inen<\/span><\/p>\n<p><span style=\"font-weight: 400\"> \u2714 Sopii monille automerkeille, kuten Audi, BMW, Ford, Peugeot, Volkswagen, Citro\u00ebn ja monet muut<\/span><\/p>\n<p><span style=\"font-weight: 400\"> \u2714 Helppok\u00e4ytt\u00f6inen 10 mm:n k\u00e4sity\u00f6kalujen kanssa<\/span><\/p>\n<p><span style=\"font-weight: 400\"> \u2714 Kulutusta kest\u00e4v\u00e4 ja suunniteltu p\u00e4ivitt\u00e4iseen k\u00e4ytt\u00f6\u00f6n<\/span><\/p>\n<p><img decoding=\"async\" class=\"alignnone size-medium wp-image-10123 aligncenter\" src=\"https:\/\/keluvo.com\/template\/wp-content\/uploads\/sites\/5\/2025\/01\/Sd4c43a258a9747bb8feacabcc434c366s.jpeg\" alt=\"\" \/><\/p>\n<h2 style=\"text-align: center\">Jokainen Mekaanikko Tarvitsee T\u00e4t\u00e4<\/h2>\n<p style=\"text-align: center\"><span style=\"font-weight: 400\">T\u00e4m\u00e4 jousituslevitin on tehty tekem\u00e4\u00e4n autojen ty\u00f6st\u00e4 sujuvampaa ja nopeampaa. Se on t\u00e4ydellinen mekaanikoille ja DIY-autojen yst\u00e4ville. K\u00e4yt\u00e4 sit\u00e4 vain navan turvalliseen erottamiseen irrottamatta sit\u00e4. Se on pienikokoinen, vahva ja rakennettu hoitamaan ty\u00f6n.<\/span><\/p>\n<h2 style=\"text-align: center\">Kuinka Sit\u00e4 K\u00e4ytet\u00e4\u00e4n?<\/h2>\n<p style=\"text-align: center\"><b><\/b><span style=\"font-weight: 400\">Aseta ty\u00f6kalu navan kohdalle, johon haluat levitt\u00e4\u00e4. K\u00e4yt\u00e4 10mm k\u00e4sity\u00f6kalua k\u00e4\u00e4nt\u00e4miseen varovasti (maksimiv\u00e4\u00e4nt\u00f6momentti 13nm). Pid\u00e4 kierteet puhtaina ja hieman \u00f6ljyttyin\u00e4 sujuvan k\u00e4yt\u00f6n varmistamiseksi.<\/span><\/p>\n<h2 style=\"text-align: center\">Pakkaus Sis\u00e4lt\u00e4\u00e4:<\/h2>\n<ul>\n<li><b><\/b><span style=\"font-weight: 400\">1 jousituksen irrotusty\u00f6kalu<\/span><\/li>\n<\/ul>\n","protected":false},"excerpt":{"rendered":"<p>\ud83d\udee0 Vahva apuri helppoon jousijousity\u00f6h\u00f6n \ud83d\udcaa\ud83c\udffb T\u00e4m\u00e4 ty\u00f6kalu auttaa sinua irrottamaan ja asentamaan jousijouset irrottamatta napaa. S\u00e4\u00e4st\u00e4\u00e4 aikaa, vaivaa ja [&hellip;]<\/p>\n","protected":false},"featured_media":11552,"comment_status":"open","ping_status":"closed","template":"","meta":{"site-sidebar-layout":"default","site-content-layout":"","ast-site-content-layout":"default","site-content-style":"default","site-sidebar-style":"default","ast-global-header-display":"","ast-banner-title-visibility":"","ast-main-header-display":"","ast-hfb-above-header-display":"","ast-hfb-below-header-display":"","ast-hfb-mobile-header-display":"","site-post-title":"","ast-breadcrumbs-content":"","ast-featured-img":"","footer-sml-layout":"","theme-transparent-header-meta":"default","adv-header-id-meta":"","stick-header-meta":"","header-above-stick-meta":"","header-main-stick-meta":"","header-below-stick-meta":"","astra-migrate-meta-layouts":"set","ast-page-background-enabled":"default","ast-page-background-meta":{"desktop":{"background-color":"var(--ast-global-color-4)","background-image":"","background-repeat":"repeat","background-position":"center center","background-size":"auto","background-attachment":"scroll","background-type":"","background-media":"","overlay-type":"","overlay-color":"","overlay-opacity":"","overlay-gradient":""},"tablet":{"background-color":"","background-image":"","background-repeat":"repeat","background-position":"center center","background-size":"auto","background-attachment":"scroll","background-type":"","background-media":"","overlay-type":"","overlay-color":"","overlay-opacity":"","overlay-gradient":""},"mobile":{"background-color":"","background-image":"","background-repeat":"repeat","background-position":"center center","background-size":"auto","background-attachment":"scroll","background-type":"","background-media":"","overlay-type":"","overlay-color":"","overlay-opacity":"","overlay-gradient":""}},"ast-content-background-meta":{"desktop":{"background-color":"var(--ast-global-color-5)","background-image":"","background-repeat":"repeat","background-position":"center center","background-size":"auto","background-attachment":"scroll","background-type":"","background-media":"","overlay-type":"","overlay-color":"","overlay-opacity":"","overlay-gradient":""},"tablet":{"background-color":"var(--ast-global-color-5)","background-image":"","background-repeat":"repeat","background-position":"center center","background-size":"auto","background-attachment":"scroll","background-type":"","background-media":"","overlay-type":"","overlay-color":"","overlay-opacity":"","overlay-gradient":""},"mobile":{"background-color":"var(--ast-global-color-5)","background-image":"","background-repeat":"repeat","background-position":"center center","background-size":"auto","background-attachment":"scroll","background-type":"","background-media":"","overlay-type":"","overlay-color":"","overlay-opacity":"","overlay-gradient":""}}},"product_brand":[],"product_cat":[996],"product_tag":[],"class_list":{"0":"post-11556","1":"product","2":"type-product","3":"status-publish","4":"has-post-thumbnail","6":"product_cat-tools","7":"desktop-align-left","8":"tablet-align-left","9":"mobile-align-left","11":"first","12":"instock","13":"shipping-taxable","14":"purchasable","15":"product-type-simple"},"_links":{"self":[{"href":"https:\/\/keluvo.com\/fi\/wp-json\/wp\/v2\/product\/11556","targetHints":{"allow":["GET"]}}],"collection":[{"href":"https:\/\/keluvo.com\/fi\/wp-json\/wp\/v2\/product"}],"about":[{"href":"https:\/\/keluvo.com\/fi\/wp-json\/wp\/v2\/types\/product"}],"replies":[{"embeddable":true,"href":"https:\/\/keluvo.com\/fi\/wp-json\/wp\/v2\/comments?post=11556"}],"wp:featuredmedia":[{"embeddable":true,"href":"https:\/\/keluvo.com\/fi\/wp-json\/wp\/v2\/media\/11552"}],"wp:attachment":[{"href":"https:\/\/keluvo.com\/fi\/wp-json\/wp\/v2\/media?parent=11556"}],"wp:term":[{"taxonomy":"product_brand","embeddable":true,"href":"https:\/\/keluvo.com\/fi\/wp-json\/wp\/v2\/product_brand?post=11556"},{"taxonomy":"product_cat","embeddable":true,"href":"https:\/\/keluvo.com\/fi\/wp-json\/wp\/v2\/product_cat?post=11556"},{"taxonomy":"product_tag","embeddable":true,"href":"https:\/\/keluvo.com\/fi\/wp-json\/wp\/v2\/product_tag?post=11556"}],"curies":[{"name":"wp","href":"https:\/\/api.w.org\/{rel}","templated":true}]}}