{"id":11517,"date":"2025-09-11T17:26:12","date_gmt":"2025-09-11T14:26:12","guid":{"rendered":"https:\/\/keluvo.com\/fi\/product\/lintu-tuulikello\/"},"modified":"2025-09-12T13:02:11","modified_gmt":"2025-09-12T10:02:11","slug":"lintu-tuulikello","status":"publish","type":"product","link":"https:\/\/keluvo.com\/fi\/product\/lintu-tuulikello\/","title":{"rendered":"Lintu tuulikello"},"content":{"rendered":"<h2 style=\"text-align: center\">\ud83d\udc26 Lis\u00e4\u00e4 iloisia \u00e4\u00e4ni\u00e4 tiloihisi!<\/h2>\n<p style=\"text-align: center\"><span style=\"font-weight: 400\">Tuo luonnon suloiset \u00e4\u00e4net kotiisi lintujen tuulikellon avulla. Se ei ole pelkk\u00e4 koriste, vaan pieni pala onnea, joka laulaa tuulen mukana.<\/span><\/p>\n<p><img decoding=\"async\" class=\"size-full wp-image-14432 aligncenter\" src=\"https:\/\/keluvo.com\/template\/wp-content\/uploads\/sites\/5\/2025\/01\/birdwindchimvideo-ezgif.com-gif-to-webp-converter.webp\" alt=\"\" \/><\/p>\n<h2 style=\"text-align: center\">\ud83c\udf1f Miksi tulet rakastamaan sit\u00e4<\/h2>\n<ul>\n<li style=\"font-weight: 400\"><b>K\u00e4sity\u00f6n\u00e4 tehty kauneus<\/b><span style=\"font-weight: 400\">: Jokainen lintu on valmistettu huolellisesti k\u00e4sity\u00f6n\u00e4, mik\u00e4 tekee jokaisesta kellosta erityisen.<\/span><\/li>\n<li style=\"font-weight: 400\"><b>Kirkas ja v\u00e4rik\u00e4s<\/b><span style=\"font-weight: 400\">: Ymp\u00e4rist\u00f6yst\u00e4v\u00e4llisest\u00e4 hartsista valmistetut v\u00e4rit pysyv\u00e4t eloisina ja iloisina.<\/span><\/li>\n<li style=\"font-weight: 400\"><b>Rauhoittavat \u00e4\u00e4net<\/b><span style=\"font-weight: 400\">: Kun tuuli puhaltaa, se luo pehme\u00e4t, rauhoittavat \u00e4\u00e4net, jotka rentouttavat mielt\u00e4si.<\/span><\/li>\n<li style=\"font-weight: 400\"><b>Sopii minne tahansa<\/b><span style=\"font-weight: 400\">: T\u00e4ydellinen parvekkeelle, ikkunaan, puutarhaan tai jopa lastenhuoneeseen.<\/span><\/li>\n<li><b>Loistava lahjaidea<\/b><span style=\"font-weight: 400\">: Huomaavainen lahja yst\u00e4ville ja perheelle rakkauden osoittamiseksi ja hymyn tuomiseksi huulille.<\/span><\/li>\n<\/ul>\n<p><img decoding=\"async\" class=\"size-full wp-image-14435 aligncenter\" src=\"https:\/\/keluvo.com\/template\/wp-content\/uploads\/sites\/5\/2025\/01\/92a5ae56-3f93-4f72-9f64-1670384e0f9e-1.webp\" alt=\"\" \/><\/p>\n<h2 style=\"text-align: center\">\ud83d\udee0\ufe0f Tuotetiedot<\/h2>\n<ul>\n<li style=\"font-weight: 400\"><b>Materiaali<\/b><span style=\"font-weight: 400\">: Kest\u00e4v\u00e4, ymp\u00e4rist\u00f6yst\u00e4v\u00e4llinen hartsi.<\/span><\/li>\n<li style=\"font-weight: 400\"><b>Muotoilu<\/b><span style=\"font-weight: 400\">: Kest\u00e4v\u00e4, ymp\u00e4rist\u00f6yst\u00e4v\u00e4llinen hartsi: <\/span><\/li>\n<li><b>K\u00e4ytt\u00f6<\/b><span style=\"font-weight: 400\">: Sis\u00e4- tai ulkokoristeena mihin tahansa vuodenaikaan.<\/span><\/li>\n<\/ul>\n<p><img decoding=\"async\" class=\"size-full wp-image-14434 aligncenter\" src=\"https:\/\/keluvo.com\/template\/wp-content\/uploads\/sites\/5\/2025\/01\/194463a8-57e8-48c8-8ba4-5ef5bf2eaae9-1.webp\" alt=\"\" \/><\/p>\n<p style=\"text-align: center\"><span style=\"font-weight: 400\">Anna t\u00e4m\u00e4n vieh\u00e4tt\u00e4v\u00e4n tuulikellon tuoda rauhaa ja iloa p\u00e4iv\u00e4\u00e4si.<\/span><\/p>\n<p style=\"text-align: center\"><b>Lis\u00e4\u00e4 ostoskoriin<\/b><span style=\"font-weight: 400\"> ja nauti onnen melodiasta!<\/span><\/p>\n","protected":false},"excerpt":{"rendered":"<p>\ud83d\udc26 Lis\u00e4\u00e4 iloisia \u00e4\u00e4ni\u00e4 tiloihisi! Tuo luonnon suloiset \u00e4\u00e4net kotiisi lintujen tuulikellon avulla. Se ei ole pelkk\u00e4 koriste, vaan pieni [&hellip;]<\/p>\n","protected":false},"featured_media":11512,"comment_status":"open","ping_status":"closed","template":"","meta":{"site-sidebar-layout":"default","site-content-layout":"","ast-site-content-layout":"default","site-content-style":"default","site-sidebar-style":"default","ast-global-header-display":"","ast-banner-title-visibility":"","ast-main-header-display":"","ast-hfb-above-header-display":"","ast-hfb-below-header-display":"","ast-hfb-mobile-header-display":"","site-post-title":"","ast-breadcrumbs-content":"","ast-featured-img":"","footer-sml-layout":"","theme-transparent-header-meta":"default","adv-header-id-meta":"","stick-header-meta":"","header-above-stick-meta":"","header-main-stick-meta":"","header-below-stick-meta":"","astra-migrate-meta-layouts":"set","ast-page-background-enabled":"default","ast-page-background-meta":{"desktop":{"background-color":"var(--ast-global-color-4)","background-image":"","background-repeat":"repeat","background-position":"center center","background-size":"auto","background-attachment":"scroll","background-type":"","background-media":"","overlay-type":"","overlay-color":"","overlay-opacity":"","overlay-gradient":""},"tablet":{"background-color":"","background-image":"","background-repeat":"repeat","background-position":"center center","background-size":"auto","background-attachment":"scroll","background-type":"","background-media":"","overlay-type":"","overlay-color":"","overlay-opacity":"","overlay-gradient":""},"mobile":{"background-color":"","background-image":"","background-repeat":"repeat","background-position":"center center","background-size":"auto","background-attachment":"scroll","background-type":"","background-media":"","overlay-type":"","overlay-color":"","overlay-opacity":"","overlay-gradient":""}},"ast-content-background-meta":{"desktop":{"background-color":"var(--ast-global-color-5)","background-image":"","background-repeat":"repeat","background-position":"center center","background-size":"auto","background-attachment":"scroll","background-type":"","background-media":"","overlay-type":"","overlay-color":"","overlay-opacity":"","overlay-gradient":""},"tablet":{"background-color":"var(--ast-global-color-5)","background-image":"","background-repeat":"repeat","background-position":"center center","background-size":"auto","background-attachment":"scroll","background-type":"","background-media":"","overlay-type":"","overlay-color":"","overlay-opacity":"","overlay-gradient":""},"mobile":{"background-color":"var(--ast-global-color-5)","background-image":"","background-repeat":"repeat","background-position":"center center","background-size":"auto","background-attachment":"scroll","background-type":"","background-media":"","overlay-type":"","overlay-color":"","overlay-opacity":"","overlay-gradient":""}}},"product_brand":[],"product_cat":[993],"product_tag":[],"class_list":{"0":"post-11517","1":"product","2":"type-product","3":"status-publish","4":"has-post-thumbnail","6":"product_cat-footwear-accessories","7":"pa_38151_07q2dhst-beige","8":"pa_38151_07q2dhst-keltainen","9":"pa_38151_07q2dhst-punainen","10":"pa_38151_07q2dhst-sininen","11":"pa_38151_07q2dhst-valkoinen","12":"pa_38151_07q2dhst-vihrea","13":"desktop-align-left","14":"tablet-align-left","15":"mobile-align-left","17":"first","18":"instock","19":"shipping-taxable","20":"purchasable","21":"product-type-variable"},"_links":{"self":[{"href":"https:\/\/keluvo.com\/fi\/wp-json\/wp\/v2\/product\/11517","targetHints":{"allow":["GET"]}}],"collection":[{"href":"https:\/\/keluvo.com\/fi\/wp-json\/wp\/v2\/product"}],"about":[{"href":"https:\/\/keluvo.com\/fi\/wp-json\/wp\/v2\/types\/product"}],"replies":[{"embeddable":true,"href":"https:\/\/keluvo.com\/fi\/wp-json\/wp\/v2\/comments?post=11517"}],"wp:featuredmedia":[{"embeddable":true,"href":"https:\/\/keluvo.com\/fi\/wp-json\/wp\/v2\/media\/11512"}],"wp:attachment":[{"href":"https:\/\/keluvo.com\/fi\/wp-json\/wp\/v2\/media?parent=11517"}],"wp:term":[{"taxonomy":"product_brand","embeddable":true,"href":"https:\/\/keluvo.com\/fi\/wp-json\/wp\/v2\/product_brand?post=11517"},{"taxonomy":"product_cat","embeddable":true,"href":"https:\/\/keluvo.com\/fi\/wp-json\/wp\/v2\/product_cat?post=11517"},{"taxonomy":"product_tag","embeddable":true,"href":"https:\/\/keluvo.com\/fi\/wp-json\/wp\/v2\/product_tag?post=11517"}],"curies":[{"name":"wp","href":"https:\/\/api.w.org\/{rel}","templated":true}]}}