{"id":11504,"date":"2025-09-11T17:25:19","date_gmt":"2025-09-11T14:25:19","guid":{"rendered":"https:\/\/keluvo.com\/fi\/product\/luonnollinen-hiusnaamio\/"},"modified":"2025-09-15T17:30:22","modified_gmt":"2025-09-15T14:30:22","slug":"luonnollinen-hiusnaamio","status":"publish","type":"product","link":"https:\/\/keluvo.com\/fi\/product\/luonnollinen-hiusnaamio\/","title":{"rendered":"Luonnollinen hiusnaamio"},"content":{"rendered":"<h2 style=\"text-align: center\" data-start=\"103\" data-end=\"300\">\ud83c\udf1f Superhelppo hiusnaamio &#8211; tee hiuksesi onnelliseksi! \ud83c\udf1f<\/h2>\n<p class=\"\" style=\"text-align: center\" data-start=\"56\" data-end=\"175\"><span class=\"relative -mx-px my-[-0.2rem] rounded px-px py-[0.2rem] transition-colors duration-100 ease-in-out\">Tervehdys pehmeille, kiilt\u00e4ville ja vahvoille hiuksille luonnollisen hiusnaamion avulla!<\/span> <span class=\"relative -mx-px my-[-0.2rem] rounded px-px py-[0.2rem] transition-colors duration-100 ease-in-out\">Se on kuin herkullinen herkku hiuksillesi, joka tekee ihmeit\u00e4 vain muutamassa minuutissa.<\/span><\/p>\n<p class=\"\" style=\"text-align: center\" data-start=\"56\" data-end=\"175\"><img decoding=\"async\" class=\"alignnone size-full wp-image-14416\" src=\"https:\/\/keluvo.com\/template\/wp-content\/uploads\/sites\/5\/2025\/04\/98a18e06-b23c-4dc4-b46e-2c2b02b7afbb-ezgif.com-gif-to-webp-converter.webp\" alt=\"\" \/>\u200b<\/p>\n<h2 style=\"text-align: center\" data-start=\"182\" data-end=\"208\">\ud83d\udc96 Miksi tulet rakastamaan sit\u00e4:<\/h2>\n<ul data-start=\"210\" data-end=\"633\">\n<li class=\"\" data-start=\"210\" data-end=\"313\">\n<p class=\"\" data-start=\"212\" data-end=\"313\"><strong data-start=\"212\" data-end=\"230\">Korjaa Kuivia Hiuksia<\/strong>: <span class=\"relative -mx-px my-[-0.2rem] rounded px-px py-[0.2rem] transition-colors duration-100 ease-in-out\">Keratiini ja muut luonnolliset \u00f6ljyuutteet antavat hiuksillesi ison ryypyn kosteutta, mik\u00e4 tekee niist\u00e4 pehme\u00e4t ja sile\u00e4t.<\/span>\u200b<\/p>\n<\/li>\n<li class=\"\" data-start=\"314\" data-end=\"417\">\n<p class=\"\" data-start=\"316\" data-end=\"417\"><strong data-start=\"316\" data-end=\"334\">Pys\u00e4ytt\u00e4\u00e4 Katkeilun<\/strong>: <span class=\"relative -mx-px my-[-0.2rem] rounded px-px py-[0.2rem] transition-colors duration-100 ease-in-out\">Kollageenin ansiosta se auttaa hiuksiasi pysym\u00e4\u00e4n vahvoina, joten ne eiv\u00e4t katkea helposti.<\/span>\u200b<\/p>\n<\/li>\n<li class=\"\" data-start=\"418\" data-end=\"523\">\n<p class=\"\" data-start=\"420\" data-end=\"523\"><strong data-start=\"420\" data-end=\"440\">Kiilt\u00e4v\u00e4 Ja Hehkuva<\/strong>: <span class=\"relative -mx-px my-[-0.2rem] rounded px-px py-[0.2rem] transition-colors duration-100 ease-in-out\">Saa hiuksesi n\u00e4ytt\u00e4m\u00e4\u00e4n kiilt\u00e4vilt\u00e4 ja elinvoimaisilta.<\/span>\u200b<\/p>\n<\/li>\n<li class=\"\" data-start=\"524\" data-end=\"633\">\n<p class=\"\" data-start=\"526\" data-end=\"633\"><strong data-start=\"526\" data-end=\"548\">Toimii Kaikille<\/strong>: Sopii kaikille hiustyypeille &#8211; kuiville, rasvoittuville, normaaleille tai vaurioituneille.<\/p>\n<\/li>\n<\/ul>\n<p><img decoding=\"async\" class=\"size-full wp-image-14492 aligncenter\" src=\"https:\/\/keluvo.com\/template\/wp-content\/uploads\/sites\/5\/2025\/04\/Sceede64ad56847bc8d6932bcd513e805D.avif\" alt=\"\" \/><\/p>\n<h2 style=\"text-align: center\" data-start=\"640\" data-end=\"662\">\ud83d\udee0\ufe0f Sis\u00e4lt\u00f6:<\/h2>\n<ul data-start=\"664\" data-end=\"966\">\n<li class=\"\" data-start=\"664\" data-end=\"761\">\n<p class=\"\" data-start=\"666\" data-end=\"761\"><strong data-start=\"666\" data-end=\"674\">Koko<\/strong>: <span class=\"relative -mx-px my-[-0.2rem] rounded px-px py-[0.2rem] transition-colors duration-100 ease-in-out\">100 g hiuksia rakastavaa hyvyytt\u00e4.<\/span><\/p>\n<\/li>\n<li class=\"\" data-start=\"664\" data-end=\"761\">\n<p class=\"\" data-start=\"666\" data-end=\"761\"><strong>Ingredients<\/strong>: Keratiini, kollageeni, glyseriini, kookos\u00f6ljy, Maca-uute\u200b<\/p>\n<\/li>\n<li class=\"\" data-start=\"762\" data-end=\"865\">\n<p class=\"\" data-start=\"764\" data-end=\"865\"><strong data-start=\"764\" data-end=\"778\">S\u00e4ilyvyysaika<\/strong>: <span class=\"relative -mx-px my-[-0.2rem] rounded px-px py-[0.2rem] transition-colors duration-100 ease-in-out\">Kest\u00e4\u00e4 jopa 3 vuotta &#8211; runsaasti aikaa nauttia!<\/span><\/p>\n<\/li>\n<li class=\"\" data-start=\"866\" data-end=\"966\">\n<p class=\"\" data-start=\"868\" data-end=\"966\"><strong data-start=\"868\" data-end=\"879\">S\u00e4ilytys<\/strong>: <span class=\"relative -mx-px my-[-0.2rem] rounded px-px py-[0.2rem] transition-colors duration-100 ease-in-out\">S\u00e4ilyt\u00e4 viile\u00e4ss\u00e4, kuivassa paikassa.<\/span><\/p>\n<p><img decoding=\"async\" class=\"size-full wp-image-14488 aligncenter\" src=\"https:\/\/keluvo.com\/template\/wp-content\/uploads\/sites\/5\/2025\/04\/main-image-3-3.jpeg\" alt=\"\" \/><\/li>\n<\/ul>\n<h2 style=\"text-align: center\" data-start=\"973\" data-end=\"991\">\ud83e\uddf4 K\u00e4ytt\u00f6ohjeet:<\/h2>\n<ol data-start=\"993\" data-end=\"1423\">\n<li class=\"\" data-start=\"993\" data-end=\"1101\">\n<p class=\"\" data-start=\"996\" data-end=\"1101\"><strong data-start=\"996\" data-end=\"1014\">Pese Hiuksesi<\/strong>: <span class=\"relative -mx-px my-[-0.2rem] rounded px-px py-[0.2rem] transition-colors duration-100 ease-in-out\">Puhdista hiukset shampoolla ja purista varovasti ylim\u00e4\u00e4r\u00e4inen vesi pois.<\/span>\u200b<\/p>\n<\/li>\n<li class=\"\" data-start=\"1102\" data-end=\"1210\">\n<p class=\"\" data-start=\"1105\" data-end=\"1210\"><strong data-start=\"1105\" data-end=\"1123\">Levit\u00e4 Naamio<\/strong>: <span class=\"relative -mx-px my-[-0.2rem] rounded px-px py-[0.2rem] transition-colors duration-100 ease-in-out\">Ota hieman naamiota ja levit\u00e4 sit\u00e4 kosteisiin hiuksiisi, aloittaen hieman p\u00e4\u00e4nahasta poisp\u00e4in ja kulkien kohti latvoja.<\/span>\u200b<\/p>\n<\/li>\n<li class=\"\" data-start=\"1211\" data-end=\"1319\">\n<p class=\"\" data-start=\"1214\" data-end=\"1319\"><strong data-start=\"1214\" data-end=\"1232\">Hieronta Kevyesti<\/strong>: <span class=\"relative -mx-px my-[-0.2rem] rounded px-px py-[0.2rem] transition-colors duration-100 ease-in-out\">Hieronta sit\u00e4 pehme\u00e4sti 3-5 minuutin ajan, jotta se voi tehd\u00e4 taikojaan.<\/span>\u200b<\/p>\n<\/li>\n<li class=\"\" data-start=\"1320\" data-end=\"1423\">\n<p class=\"\" data-start=\"1323\" data-end=\"1423\"><strong data-start=\"1323\" data-end=\"1336\">Huuhtele Pois<\/strong>: <span class=\"relative -mx-px my-[-0.2rem] rounded px-px py-[0.2rem] transition-colors duration-100 ease-in-out\">Pese se pois l\u00e4mpim\u00e4ll\u00e4 vedell\u00e4 ja tunne pehmeys!<\/span><\/p>\n<\/li>\n<\/ol>\n<p class=\"\" data-start=\"868\" data-end=\"966\">\u200b<\/p>\n","protected":false},"excerpt":{"rendered":"<p>\ud83c\udf1f Superhelppo hiusnaamio &#8211; tee hiuksesi onnelliseksi! \ud83c\udf1f Tervehdys pehmeille, kiilt\u00e4ville ja vahvoille hiuksille luonnollisen hiusnaamion avulla! Se on kuin [&hellip;]<\/p>\n","protected":false},"featured_media":11500,"comment_status":"open","ping_status":"closed","template":"","meta":{"site-sidebar-layout":"default","site-content-layout":"","ast-site-content-layout":"default","site-content-style":"default","site-sidebar-style":"default","ast-global-header-display":"","ast-banner-title-visibility":"","ast-main-header-display":"","ast-hfb-above-header-display":"","ast-hfb-below-header-display":"","ast-hfb-mobile-header-display":"","site-post-title":"","ast-breadcrumbs-content":"","ast-featured-img":"","footer-sml-layout":"","theme-transparent-header-meta":"default","adv-header-id-meta":"","stick-header-meta":"","header-above-stick-meta":"","header-main-stick-meta":"","header-below-stick-meta":"","astra-migrate-meta-layouts":"set","ast-page-background-enabled":"default","ast-page-background-meta":{"desktop":{"background-color":"var(--ast-global-color-4)","background-image":"","background-repeat":"repeat","background-position":"center center","background-size":"auto","background-attachment":"scroll","background-type":"","background-media":"","overlay-type":"","overlay-color":"","overlay-opacity":"","overlay-gradient":""},"tablet":{"background-color":"","background-image":"","background-repeat":"repeat","background-position":"center center","background-size":"auto","background-attachment":"scroll","background-type":"","background-media":"","overlay-type":"","overlay-color":"","overlay-opacity":"","overlay-gradient":""},"mobile":{"background-color":"","background-image":"","background-repeat":"repeat","background-position":"center center","background-size":"auto","background-attachment":"scroll","background-type":"","background-media":"","overlay-type":"","overlay-color":"","overlay-opacity":"","overlay-gradient":""}},"ast-content-background-meta":{"desktop":{"background-color":"var(--ast-global-color-5)","background-image":"","background-repeat":"repeat","background-position":"center center","background-size":"auto","background-attachment":"scroll","background-type":"","background-media":"","overlay-type":"","overlay-color":"","overlay-opacity":"","overlay-gradient":""},"tablet":{"background-color":"var(--ast-global-color-5)","background-image":"","background-repeat":"repeat","background-position":"center center","background-size":"auto","background-attachment":"scroll","background-type":"","background-media":"","overlay-type":"","overlay-color":"","overlay-opacity":"","overlay-gradient":""},"mobile":{"background-color":"var(--ast-global-color-5)","background-image":"","background-repeat":"repeat","background-position":"center center","background-size":"auto","background-attachment":"scroll","background-type":"","background-media":"","overlay-type":"","overlay-color":"","overlay-opacity":"","overlay-gradient":""}}},"product_brand":[],"product_cat":[992],"product_tag":[],"class_list":{"0":"post-11504","1":"product","2":"type-product","3":"status-publish","4":"has-post-thumbnail","6":"product_cat-beauty-and-hygiene-products","7":"desktop-align-left","8":"tablet-align-left","9":"mobile-align-left","11":"first","12":"instock","13":"shipping-taxable","14":"purchasable","15":"product-type-simple"},"_links":{"self":[{"href":"https:\/\/keluvo.com\/fi\/wp-json\/wp\/v2\/product\/11504","targetHints":{"allow":["GET"]}}],"collection":[{"href":"https:\/\/keluvo.com\/fi\/wp-json\/wp\/v2\/product"}],"about":[{"href":"https:\/\/keluvo.com\/fi\/wp-json\/wp\/v2\/types\/product"}],"replies":[{"embeddable":true,"href":"https:\/\/keluvo.com\/fi\/wp-json\/wp\/v2\/comments?post=11504"}],"wp:featuredmedia":[{"embeddable":true,"href":"https:\/\/keluvo.com\/fi\/wp-json\/wp\/v2\/media\/11500"}],"wp:attachment":[{"href":"https:\/\/keluvo.com\/fi\/wp-json\/wp\/v2\/media?parent=11504"}],"wp:term":[{"taxonomy":"product_brand","embeddable":true,"href":"https:\/\/keluvo.com\/fi\/wp-json\/wp\/v2\/product_brand?post=11504"},{"taxonomy":"product_cat","embeddable":true,"href":"https:\/\/keluvo.com\/fi\/wp-json\/wp\/v2\/product_cat?post=11504"},{"taxonomy":"product_tag","embeddable":true,"href":"https:\/\/keluvo.com\/fi\/wp-json\/wp\/v2\/product_tag?post=11504"}],"curies":[{"name":"wp","href":"https:\/\/api.w.org\/{rel}","templated":true}]}}