{"id":11491,"date":"2025-09-11T17:23:52","date_gmt":"2025-09-11T14:23:52","guid":{"rendered":"https:\/\/keluvo.com\/fi\/product\/regina-tiskiharja\/"},"modified":"2025-09-15T17:30:20","modified_gmt":"2025-09-15T14:30:20","slug":"regina-tiskiharja","status":"publish","type":"product","link":"https:\/\/keluvo.com\/fi\/product\/regina-tiskiharja\/","title":{"rendered":"Regina tiskiharja"},"content":{"rendered":"<h2 style=\"text-align: center\" data-start=\"0\" data-end=\"66\">\ud83e\uddfd Tee astianpesusta nopeaa, puhdasta ja helppoa!<\/h2>\n<p class=\"\" style=\"text-align: center\" data-start=\"68\" data-end=\"319\">Olet kyll\u00e4stynyt sotkuisiin sieniin ja saippuan tuhlaamiseen?<\/p>\n<p class=\"\" style=\"text-align: center\" data-start=\"68\" data-end=\"319\">Regina-astianpesuharja on t\u00e4\u00e4ll\u00e4 s\u00e4\u00e4st\u00e4m\u00e4ss\u00e4 aikaasi ja pit\u00e4m\u00e4ss\u00e4 keitti\u00f6si puhtaampana. Sis\u00e4\u00e4nrakennetun saippua-annostelijan, s\u00e4ilytystelineen ja pehmeiden mutta sitkeiden harjaksia ansiosta tiskaamisesta tulee nopeampaa ja miellytt\u00e4v\u00e4mp\u00e4\u00e4.<\/p>\n<p data-start=\"68\" data-end=\"319\"><img decoding=\"async\" class=\"size-full wp-image-14681 aligncenter\" src=\"https:\/\/keluvo.com\/template\/wp-content\/uploads\/sites\/5\/2025\/01\/reginadishwashvideo-ezgif.com-gif-to-webp-converter.webp\" alt=\"\" \/><\/p>\n<h2 style=\"text-align: center\">Kuinka sit\u00e4 k\u00e4ytet\u00e4\u00e4n:<\/h2>\n<p style=\"text-align: center\">Regina-astianpesuharja tekee siivoamisesta helppoa sis\u00e4\u00e4nrakennetun saippua-annostelijan ansiosta. Paina vain painiketta, jotta voit vapauttaa oikean m\u00e4\u00e4r\u00e4n saippuaa hankauksen aikana. T\u00e4m\u00e4 s\u00e4\u00e4st\u00e4\u00e4 aikaa ja v\u00e4hent\u00e4\u00e4 ylim\u00e4\u00e4r\u00e4isten saippuapullojen tarvetta keitti\u00f6ss\u00e4.<\/p>\n<p><img decoding=\"async\" class=\"alignnone size-medium wp-image-10169 aligncenter\" src=\"https:\/\/keluvo.com\/template\/wp-content\/uploads\/sites\/5\/2025\/01\/S5912607a1bf343ab8fd80875042f03f8U.jpg_960x960q75.jpg_.jpeg\" alt=\"\" \/><\/p>\n<h2 style=\"text-align: center\" data-start=\"326\" data-end=\"351\">\u2705 Miksi tulet rakastamaan sit\u00e4:<\/h2>\n<ul data-start=\"353\" data-end=\"1147\">\n<li class=\"\" data-start=\"353\" data-end=\"525\">\n<p class=\"\" data-start=\"355\" data-end=\"525\"><strong data-start=\"355\" data-end=\"380\">All-In-One Saippuaharja: <\/strong>T\u00e4yt\u00e4 se vain kerran astianpesuaineella ja paina yl\u00e4osassa olevaa pehme\u00e4\u00e4 painiketta vapauttaaksesi saippuaa samalla, kun kuuraat. Ei en\u00e4\u00e4 pys\u00e4hdyksi\u00e4 pullon nappaamiseksi!<\/p>\n<\/li>\n<li class=\"\" data-start=\"527\" data-end=\"701\">\n<p class=\"\" data-start=\"529\" data-end=\"701\"><strong data-start=\"529\" data-end=\"555\">Mukana S\u00e4ilytysteline: <\/strong>Mukana oma pidike, joka pit\u00e4\u00e4 harjan pystyss\u00e4 ja kuivana. Pienet rei\u00e4t lokerossa ker\u00e4\u00e4v\u00e4t vett\u00e4, ja se voidaan irrottaa helppoa puhdistusta varten.<\/p>\n<\/li>\n<li class=\"\" data-start=\"703\" data-end=\"871\">\n<p class=\"\" data-start=\"705\" data-end=\"871\"><strong data-start=\"705\" data-end=\"740\">Kova Rasvalle, Hell\u00e4varainen Pannuille: <\/strong>Nylonharjakset poistavat lian ja rasvan naarmuttamatta tarttumattomia pintoja. Turvallinen kattiloille, pannuille, lautasille, liesitasoille ja muullekin.<\/p>\n<\/li>\n<li class=\"\" data-start=\"873\" data-end=\"1025\">\n<p class=\"\" data-start=\"875\" data-end=\"1025\"><strong data-start=\"875\" data-end=\"898\">Mukava Pit\u00e4\u00e4 K\u00e4dess\u00e4: <\/strong>Ergonominen silikoninen ote tuntuu hyv\u00e4lt\u00e4 k\u00e4dess\u00e4si, vaikka se olisi m\u00e4rk\u00e4. Pieni koko sopii t\u00e4ydellisesti k\u00e4mmenelle helppoa hankausta varten.<\/p>\n<\/li>\n<li class=\"\" data-start=\"1027\" data-end=\"1147\">\n<p class=\"\" data-start=\"1029\" data-end=\"1147\"><strong data-start=\"1029\" data-end=\"1055\">Vaihdettava Harjanp\u00e4\u00e4: <\/strong>Kun harjakset kuluvat loppuun, kierr\u00e4 ja vaihda vain. Yksinkertainen, puhdas ja budjettiyst\u00e4v\u00e4llinen.<\/p>\n<\/li>\n<\/ul>\n<h2 style=\"text-align: center\" data-start=\"1154\" data-end=\"1187\">\ud83d\udce6 Mit\u00e4 pakkauksessa on:<\/h2>\n<p><img decoding=\"async\" class=\"size-full wp-image-14682 aligncenter\" src=\"https:\/\/keluvo.com\/template\/wp-content\/uploads\/sites\/5\/2025\/01\/ff4b3198-99a9-4185-a10f-b1b2f7b6feeb.webp\" alt=\"\" \/><\/p>\n<ul data-start=\"1189\" data-end=\"1311\">\n<li class=\"\" data-start=\"1189\" data-end=\"1230\">\n<p class=\"\" data-start=\"1191\" data-end=\"1230\">1 x Regina saippuaa annosteleva tiskiharja<\/p>\n<\/li>\n<li class=\"\" data-start=\"1231\" data-end=\"1267\">\n<p class=\"\" data-start=\"1233\" data-end=\"1267\">1 x s\u00e4ilytysteline, jossa on tippalautanen<\/p>\n<\/li>\n<\/ul>\n<h2 style=\"text-align: center\"><\/h2>\n","protected":false},"excerpt":{"rendered":"<p>\ud83e\uddfd Tee astianpesusta nopeaa, puhdasta ja helppoa! Olet kyll\u00e4stynyt sotkuisiin sieniin ja saippuan tuhlaamiseen? Regina-astianpesuharja on t\u00e4\u00e4ll\u00e4 s\u00e4\u00e4st\u00e4m\u00e4ss\u00e4 aikaasi ja [&hellip;]<\/p>\n","protected":false},"featured_media":11487,"comment_status":"open","ping_status":"closed","template":"","meta":{"site-sidebar-layout":"default","site-content-layout":"","ast-site-content-layout":"default","site-content-style":"default","site-sidebar-style":"default","ast-global-header-display":"","ast-banner-title-visibility":"","ast-main-header-display":"","ast-hfb-above-header-display":"","ast-hfb-below-header-display":"","ast-hfb-mobile-header-display":"","site-post-title":"","ast-breadcrumbs-content":"","ast-featured-img":"","footer-sml-layout":"","theme-transparent-header-meta":"default","adv-header-id-meta":"","stick-header-meta":"","header-above-stick-meta":"","header-main-stick-meta":"","header-below-stick-meta":"","astra-migrate-meta-layouts":"set","ast-page-background-enabled":"default","ast-page-background-meta":{"desktop":{"background-color":"var(--ast-global-color-4)","background-image":"","background-repeat":"repeat","background-position":"center center","background-size":"auto","background-attachment":"scroll","background-type":"","background-media":"","overlay-type":"","overlay-color":"","overlay-opacity":"","overlay-gradient":""},"tablet":{"background-color":"","background-image":"","background-repeat":"repeat","background-position":"center center","background-size":"auto","background-attachment":"scroll","background-type":"","background-media":"","overlay-type":"","overlay-color":"","overlay-opacity":"","overlay-gradient":""},"mobile":{"background-color":"","background-image":"","background-repeat":"repeat","background-position":"center center","background-size":"auto","background-attachment":"scroll","background-type":"","background-media":"","overlay-type":"","overlay-color":"","overlay-opacity":"","overlay-gradient":""}},"ast-content-background-meta":{"desktop":{"background-color":"var(--ast-global-color-5)","background-image":"","background-repeat":"repeat","background-position":"center center","background-size":"auto","background-attachment":"scroll","background-type":"","background-media":"","overlay-type":"","overlay-color":"","overlay-opacity":"","overlay-gradient":""},"tablet":{"background-color":"var(--ast-global-color-5)","background-image":"","background-repeat":"repeat","background-position":"center center","background-size":"auto","background-attachment":"scroll","background-type":"","background-media":"","overlay-type":"","overlay-color":"","overlay-opacity":"","overlay-gradient":""},"mobile":{"background-color":"var(--ast-global-color-5)","background-image":"","background-repeat":"repeat","background-position":"center center","background-size":"auto","background-attachment":"scroll","background-type":"","background-media":"","overlay-type":"","overlay-color":"","overlay-opacity":"","overlay-gradient":""}}},"product_brand":[],"product_cat":[1001],"product_tag":[],"class_list":{"0":"post-11491","1":"product","2":"type-product","3":"status-publish","4":"has-post-thumbnail","6":"product_cat-household-goods","7":"pa_41800_uay6aqta-harmaa","8":"pa_41800_uay6aqta-vihrea","9":"desktop-align-left","10":"tablet-align-left","11":"mobile-align-left","13":"first","14":"instock","15":"shipping-taxable","16":"purchasable","17":"product-type-variable"},"_links":{"self":[{"href":"https:\/\/keluvo.com\/fi\/wp-json\/wp\/v2\/product\/11491","targetHints":{"allow":["GET"]}}],"collection":[{"href":"https:\/\/keluvo.com\/fi\/wp-json\/wp\/v2\/product"}],"about":[{"href":"https:\/\/keluvo.com\/fi\/wp-json\/wp\/v2\/types\/product"}],"replies":[{"embeddable":true,"href":"https:\/\/keluvo.com\/fi\/wp-json\/wp\/v2\/comments?post=11491"}],"wp:featuredmedia":[{"embeddable":true,"href":"https:\/\/keluvo.com\/fi\/wp-json\/wp\/v2\/media\/11487"}],"wp:attachment":[{"href":"https:\/\/keluvo.com\/fi\/wp-json\/wp\/v2\/media?parent=11491"}],"wp:term":[{"taxonomy":"product_brand","embeddable":true,"href":"https:\/\/keluvo.com\/fi\/wp-json\/wp\/v2\/product_brand?post=11491"},{"taxonomy":"product_cat","embeddable":true,"href":"https:\/\/keluvo.com\/fi\/wp-json\/wp\/v2\/product_cat?post=11491"},{"taxonomy":"product_tag","embeddable":true,"href":"https:\/\/keluvo.com\/fi\/wp-json\/wp\/v2\/product_tag?post=11491"}],"curies":[{"name":"wp","href":"https:\/\/api.w.org\/{rel}","templated":true}]}}