{"id":11463,"date":"2025-09-11T17:22:36","date_gmt":"2025-09-11T14:22:36","guid":{"rendered":"https:\/\/keluvo.com\/fi\/product\/auton-katon-tahti-valo\/"},"modified":"2025-09-15T17:30:41","modified_gmt":"2025-09-15T14:30:41","slug":"auton-katon-tahti-valo","status":"publish","type":"product","link":"https:\/\/keluvo.com\/fi\/product\/auton-katon-tahti-valo\/","title":{"rendered":"Auton katon t\u00e4hti valo"},"content":{"rendered":"<h2 style=\"text-align: center\">Upea T\u00e4htitaivaan Vaikutus<\/h2>\n<p style=\"text-align: center\">Auton katon t\u00e4htivalo luo maagisen tunnelman punaisella, sinisell\u00e4 ja violetilla t\u00e4htitaivaan heijastuksella. Nauti romanttisesta ja tyylikk\u00e4\u00e4st\u00e4 visuaalisesta kokemuksesta, joka valaisee autosi sis\u00e4tilat. T\u00e4ydellinen y\u00f6ajojen tehostamiseen tai ainutlaatuisen tunnelman luomiseen.<\/p>\n<p><img decoding=\"async\" class=\"alignnone size-medium wp-image-4689 aligncenter\" src=\"https:\/\/keluvo.com\/template\/wp-content\/uploads\/sites\/5\/2024\/12\/LED-Car-Roof-Star-Night-Light-Interior-Decor-Light-For-Hyundai-Elantra-I30-Tucson-Accent-I10.jpg_960x960q75.jpg_-2.webp\" alt=\"\" \/><\/p>\n<h2 style=\"text-align: center\">S\u00e4\u00e4dett\u00e4v\u00e4 Ja Monipuolinen Muotoilu<\/h2>\n<p style=\"text-align: center\">S\u00e4\u00e4dett\u00e4v\u00e4ll\u00e4 kannattimella varustettu auton kattot\u00e4htivalo mahdollistaa 90 asteen k\u00e4\u00e4nt\u00e4misen r\u00e4\u00e4t\u00e4l\u00f6ity\u00e4 valaistusta varten. Sen kompaktin ja kevyen rakenteen ansiosta sit\u00e4 on helppo k\u00e4ytt\u00e4\u00e4 autoissa, tietokoneissa tai miss\u00e4 tahansa USB-virtaa k\u00e4ytt\u00e4v\u00e4ss\u00e4 laitteessa. Sopii erilaisiin sovelluksiin sisustuksesta h\u00e4t\u00e4valaistukseen.<\/p>\n<p><img decoding=\"async\" class=\"alignnone size-medium wp-image-4692 aligncenter\" src=\"https:\/\/keluvo.com\/template\/wp-content\/uploads\/sites\/5\/2024\/12\/S37676da78eb74c8a8a9cc6ea6c5aedceA.webp\" alt=\"\" data-wp-editing=\"1\" \/><\/p>\n","protected":false},"excerpt":{"rendered":"<p>Upea T\u00e4htitaivaan Vaikutus Auton katon t\u00e4htivalo luo maagisen tunnelman punaisella, sinisell\u00e4 ja violetilla t\u00e4htitaivaan heijastuksella. Nauti romanttisesta ja tyylikk\u00e4\u00e4st\u00e4 visuaalisesta [&hellip;]<\/p>\n","protected":false},"featured_media":11459,"comment_status":"open","ping_status":"closed","template":"","meta":{"site-sidebar-layout":"default","site-content-layout":"","ast-site-content-layout":"default","site-content-style":"default","site-sidebar-style":"default","ast-global-header-display":"","ast-banner-title-visibility":"","ast-main-header-display":"","ast-hfb-above-header-display":"","ast-hfb-below-header-display":"","ast-hfb-mobile-header-display":"","site-post-title":"","ast-breadcrumbs-content":"","ast-featured-img":"","footer-sml-layout":"","theme-transparent-header-meta":"default","adv-header-id-meta":"","stick-header-meta":"","header-above-stick-meta":"","header-main-stick-meta":"","header-below-stick-meta":"","astra-migrate-meta-layouts":"set","ast-page-background-enabled":"default","ast-page-background-meta":{"desktop":{"background-color":"var(--ast-global-color-4)","background-image":"","background-repeat":"repeat","background-position":"center center","background-size":"auto","background-attachment":"scroll","background-type":"","background-media":"","overlay-type":"","overlay-color":"","overlay-opacity":"","overlay-gradient":""},"tablet":{"background-color":"","background-image":"","background-repeat":"repeat","background-position":"center center","background-size":"auto","background-attachment":"scroll","background-type":"","background-media":"","overlay-type":"","overlay-color":"","overlay-opacity":"","overlay-gradient":""},"mobile":{"background-color":"","background-image":"","background-repeat":"repeat","background-position":"center center","background-size":"auto","background-attachment":"scroll","background-type":"","background-media":"","overlay-type":"","overlay-color":"","overlay-opacity":"","overlay-gradient":""}},"ast-content-background-meta":{"desktop":{"background-color":"var(--ast-global-color-5)","background-image":"","background-repeat":"repeat","background-position":"center center","background-size":"auto","background-attachment":"scroll","background-type":"","background-media":"","overlay-type":"","overlay-color":"","overlay-opacity":"","overlay-gradient":""},"tablet":{"background-color":"var(--ast-global-color-5)","background-image":"","background-repeat":"repeat","background-position":"center center","background-size":"auto","background-attachment":"scroll","background-type":"","background-media":"","overlay-type":"","overlay-color":"","overlay-opacity":"","overlay-gradient":""},"mobile":{"background-color":"var(--ast-global-color-5)","background-image":"","background-repeat":"repeat","background-position":"center center","background-size":"auto","background-attachment":"scroll","background-type":"","background-media":"","overlay-type":"","overlay-color":"","overlay-opacity":"","overlay-gradient":""}}},"product_brand":[],"product_cat":[998],"product_tag":[],"class_list":{"0":"post-11463","1":"product","2":"type-product","3":"status-publish","4":"has-post-thumbnail","6":"product_cat-automotive-products","7":"pa_32104_kfj1y1xj-punainen","8":"pa_32104_kfj1y1xj-violetti","9":"desktop-align-left","10":"tablet-align-left","11":"mobile-align-left","13":"first","14":"instock","15":"shipping-taxable","16":"purchasable","17":"product-type-variable"},"_links":{"self":[{"href":"https:\/\/keluvo.com\/fi\/wp-json\/wp\/v2\/product\/11463","targetHints":{"allow":["GET"]}}],"collection":[{"href":"https:\/\/keluvo.com\/fi\/wp-json\/wp\/v2\/product"}],"about":[{"href":"https:\/\/keluvo.com\/fi\/wp-json\/wp\/v2\/types\/product"}],"replies":[{"embeddable":true,"href":"https:\/\/keluvo.com\/fi\/wp-json\/wp\/v2\/comments?post=11463"}],"wp:featuredmedia":[{"embeddable":true,"href":"https:\/\/keluvo.com\/fi\/wp-json\/wp\/v2\/media\/11459"}],"wp:attachment":[{"href":"https:\/\/keluvo.com\/fi\/wp-json\/wp\/v2\/media?parent=11463"}],"wp:term":[{"taxonomy":"product_brand","embeddable":true,"href":"https:\/\/keluvo.com\/fi\/wp-json\/wp\/v2\/product_brand?post=11463"},{"taxonomy":"product_cat","embeddable":true,"href":"https:\/\/keluvo.com\/fi\/wp-json\/wp\/v2\/product_cat?post=11463"},{"taxonomy":"product_tag","embeddable":true,"href":"https:\/\/keluvo.com\/fi\/wp-json\/wp\/v2\/product_tag?post=11463"}],"curies":[{"name":"wp","href":"https:\/\/api.w.org\/{rel}","templated":true}]}}