{"id":11273,"date":"2025-09-08T09:13:01","date_gmt":"2025-09-08T06:13:01","guid":{"rendered":"https:\/\/keluvo.com\/fi\/product\/juoma-annostelija\/"},"modified":"2025-09-15T17:29:27","modified_gmt":"2025-09-15T14:29:27","slug":"juoma-annostelija","status":"publish","type":"product","link":"https:\/\/keluvo.com\/fi\/product\/juoma-annostelija\/","title":{"rendered":"Juoma-annostelija"},"content":{"rendered":"<h2 style=\"text-align: center\" data-start=\"0\" data-end=\"27\"><strong>Helppo Juomien Annostelu<\/strong><\/h2>\n<p class=\"\" style=\"text-align: center\" data-start=\"28\" data-end=\"273\">Juoma-annostelijan avulla voit kaataa juomia vaivattomasti yksinkertaisella painalluksella. Se toimii hyvin hiilihapollisten ja hiilihapottomien juomien kanssa, joten se sopii t\u00e4ydellisesti perhekokouksiin tai juhliin. Painavia pulloja ei tarvitse nostaa &#8211; paina vain ja nauti!<\/p>\n<p data-start=\"28\" data-end=\"273\"><img decoding=\"async\" class=\"alignnone size-medium wp-image-13395 aligncenter\" src=\"https:\/\/keluvo.com\/template\/wp-content\/uploads\/sites\/5\/2025\/04\/Sb6eeec70552546fba00104b5e3fa5fa0n.jpg_960x960q75.jpg_.jpeg\" alt=\"\" \/><\/p>\n<h2 style=\"text-align: center\" data-start=\"275\" data-end=\"299\"><strong>Pit\u00e4\u00e4 Juomat Raikkaina<\/strong><\/h2>\n<p class=\"\" style=\"text-align: center\" data-start=\"300\" data-end=\"532\">T\u00e4m\u00e4 juoma-annostelija on suunniteltu pit\u00e4m\u00e4\u00e4n juomat kuohkeina ja raikkaina, ja se est\u00e4\u00e4 roiskeet ja j\u00e4tteet. Se sulkeutuu tiiviisti hiilihapotuksen s\u00e4ilytt\u00e4miseksi, joten soodasi pysyy kuplivana pidemp\u00e4\u00e4n. Sopii erinomaisesti sotkun v\u00e4hent\u00e4miseen ja juomien pit\u00e4miseen parhaimmillaan.<\/p>\n<p data-start=\"300\" data-end=\"532\"><img decoding=\"async\" class=\"alignnone size-medium wp-image-13392 aligncenter\" src=\"https:\/\/keluvo.com\/template\/wp-content\/uploads\/sites\/5\/2025\/04\/S62dfeb2204d24735bb4ee3f1b17e5dbfz.jpg_960x960q75.jpg_.jpeg\" alt=\"\" \/><\/p>\n","protected":false},"excerpt":{"rendered":"<p>Helppo Juomien Annostelu Juoma-annostelijan avulla voit kaataa juomia vaivattomasti yksinkertaisella painalluksella. Se toimii hyvin hiilihapollisten ja hiilihapottomien juomien kanssa, joten [&hellip;]<\/p>\n","protected":false},"featured_media":11269,"comment_status":"open","ping_status":"closed","template":"","meta":{"site-sidebar-layout":"default","site-content-layout":"","ast-site-content-layout":"default","site-content-style":"default","site-sidebar-style":"default","ast-global-header-display":"","ast-banner-title-visibility":"","ast-main-header-display":"","ast-hfb-above-header-display":"","ast-hfb-below-header-display":"","ast-hfb-mobile-header-display":"","site-post-title":"","ast-breadcrumbs-content":"","ast-featured-img":"","footer-sml-layout":"","theme-transparent-header-meta":"default","adv-header-id-meta":"","stick-header-meta":"","header-above-stick-meta":"","header-main-stick-meta":"","header-below-stick-meta":"","astra-migrate-meta-layouts":"set","ast-page-background-enabled":"default","ast-page-background-meta":{"desktop":{"background-color":"var(--ast-global-color-4)","background-image":"","background-repeat":"repeat","background-position":"center center","background-size":"auto","background-attachment":"scroll","background-type":"","background-media":"","overlay-type":"","overlay-color":"","overlay-opacity":"","overlay-gradient":""},"tablet":{"background-color":"","background-image":"","background-repeat":"repeat","background-position":"center center","background-size":"auto","background-attachment":"scroll","background-type":"","background-media":"","overlay-type":"","overlay-color":"","overlay-opacity":"","overlay-gradient":""},"mobile":{"background-color":"","background-image":"","background-repeat":"repeat","background-position":"center center","background-size":"auto","background-attachment":"scroll","background-type":"","background-media":"","overlay-type":"","overlay-color":"","overlay-opacity":"","overlay-gradient":""}},"ast-content-background-meta":{"desktop":{"background-color":"var(--ast-global-color-5)","background-image":"","background-repeat":"repeat","background-position":"center center","background-size":"auto","background-attachment":"scroll","background-type":"","background-media":"","overlay-type":"","overlay-color":"","overlay-opacity":"","overlay-gradient":""},"tablet":{"background-color":"var(--ast-global-color-5)","background-image":"","background-repeat":"repeat","background-position":"center center","background-size":"auto","background-attachment":"scroll","background-type":"","background-media":"","overlay-type":"","overlay-color":"","overlay-opacity":"","overlay-gradient":""},"mobile":{"background-color":"var(--ast-global-color-5)","background-image":"","background-repeat":"repeat","background-position":"center center","background-size":"auto","background-attachment":"scroll","background-type":"","background-media":"","overlay-type":"","overlay-color":"","overlay-opacity":"","overlay-gradient":""}}},"product_brand":[],"product_cat":[993],"product_tag":[],"class_list":{"0":"post-11273","1":"product","2":"type-product","3":"status-publish","4":"has-post-thumbnail","6":"product_cat-footwear-accessories","7":"desktop-align-left","8":"tablet-align-left","9":"mobile-align-left","11":"first","12":"instock","13":"shipping-taxable","14":"purchasable","15":"product-type-simple"},"_links":{"self":[{"href":"https:\/\/keluvo.com\/fi\/wp-json\/wp\/v2\/product\/11273","targetHints":{"allow":["GET"]}}],"collection":[{"href":"https:\/\/keluvo.com\/fi\/wp-json\/wp\/v2\/product"}],"about":[{"href":"https:\/\/keluvo.com\/fi\/wp-json\/wp\/v2\/types\/product"}],"replies":[{"embeddable":true,"href":"https:\/\/keluvo.com\/fi\/wp-json\/wp\/v2\/comments?post=11273"}],"wp:featuredmedia":[{"embeddable":true,"href":"https:\/\/keluvo.com\/fi\/wp-json\/wp\/v2\/media\/11269"}],"wp:attachment":[{"href":"https:\/\/keluvo.com\/fi\/wp-json\/wp\/v2\/media?parent=11273"}],"wp:term":[{"taxonomy":"product_brand","embeddable":true,"href":"https:\/\/keluvo.com\/fi\/wp-json\/wp\/v2\/product_brand?post=11273"},{"taxonomy":"product_cat","embeddable":true,"href":"https:\/\/keluvo.com\/fi\/wp-json\/wp\/v2\/product_cat?post=11273"},{"taxonomy":"product_tag","embeddable":true,"href":"https:\/\/keluvo.com\/fi\/wp-json\/wp\/v2\/product_tag?post=11273"}],"curies":[{"name":"wp","href":"https:\/\/api.w.org\/{rel}","templated":true}]}}